{"id":1063,"date":"2024-07-01T06:40:07","date_gmt":"2024-07-01T06:40:07","guid":{"rendered":"http:\/\/road-bike-rental-japan.local\/?page_id=1063"},"modified":"2025-07-23T10:20:25","modified_gmt":"2025-07-23T01:20:25","slug":"sobre-rbrj","status":"publish","type":"page","link":"https:\/\/roadbikerentaljapan.com\/es\/about-rbrj\/","title":{"rendered":"Acerca de Road Bike Rental Japan"},"content":{"rendered":"<div class=\"wp-block-group alignfull is-content-justification-center is-layout-constrained wp-container-core-group-is-layout-df757ecc wp-block-group-is-layout-constrained\" style=\"margin-top:0;margin-bottom:0;padding-top:calc( 0.5 * var(--wp--style--root--padding-right, var(--wp--custom--gap--horizontal)));padding-right:var(--wp--style--root--padding-right, var(--wp--custom--gap--horizontal));padding-bottom:calc( 0.5 * var(--wp--style--root--padding-right, var(--wp--custom--gap--horizontal)));padding-left:var(--wp--style--root--padding-left, var(--wp--custom--gap--horizontal))\">\n<div style=\"height:calc( 0.25 * var(--wp--style--root--padding-right, var(--wp--custom--gap--horizontal)))\" aria-hidden=\"true\" class=\"wp-block-spacer\"><\/div>\n\n\n\n<div class=\"wp-block-cover alignfull is-light wp-duotone-grayscale\" style=\"margin-top:0;margin-bottom:0;padding-top:3%;padding-right:0%;padding-bottom:10%;padding-left:5%;min-height:600px;aspect-ratio:unset;\"><img loading=\"lazy\" decoding=\"async\" width=\"768\" height=\"1024\" class=\"wp-block-cover__image-background wp-image-758 size-large\" alt=\"Alquiler de bicicletas en Jap\u00f3n\" src=\"https:\/\/roadbikerentaljapan.com\/wp-content\/uploads\/2024\/05\/DavidChin3-768x1024.jpg\" data-object-fit=\"cover\" srcset=\"https:\/\/roadbikerentaljapan.com\/wp-content\/uploads\/2024\/05\/DavidChin3-768x1024.jpg 768w, https:\/\/roadbikerentaljapan.com\/wp-content\/uploads\/2024\/05\/DavidChin3-600x800.jpg 600w, https:\/\/roadbikerentaljapan.com\/wp-content\/uploads\/2024\/05\/DavidChin3-225x300.jpg 225w, https:\/\/roadbikerentaljapan.com\/wp-content\/uploads\/2024\/05\/DavidChin3-1152x1536.jpg 1152w, https:\/\/roadbikerentaljapan.com\/wp-content\/uploads\/2024\/05\/DavidChin3.jpg 1536w\" sizes=\"auto, (max-width: 768px) 100vw, 768px\" \/><span aria-hidden=\"true\" class=\"wp-block-cover__background has-background-dim\" style=\"background-color:#898889\"><\/span><div class=\"wp-block-cover__inner-container is-layout-flow wp-container-core-cover-is-layout-afcb1702 wp-block-cover-is-layout-flow\">\n<h1 class=\"wp-block-heading has-ast-global-color-5-color has-text-color has-link-color wp-elements-8d1eb285613495f9dc1da12a0a3a3807\" id=\"h-about-rbrj\">Acerca de RBRJ<\/h1>\n\n\n\n<p class=\"has-ast-global-color-5-color has-text-color has-link-color wp-elements-027130817c13b650f086a1cc794025be\">RBRJ naci\u00f3 del deseo de acercar la experiencia del ciclismo en Jap\u00f3n a todo el mundo.<\/p>\n<\/div><\/div>\n\n\n\n<div style=\"height:calc( 0.25 * var(--wp--style--root--padding-right, var(--wp--custom--gap--horizontal)))\" aria-hidden=\"true\" class=\"wp-block-spacer\"><\/div>\n<\/div>\n\n\n\n<p>Road Bike Rental Japan (antes Globalwheels) es una empresa apasionada por el ciclismo, Jap\u00f3n y la exploraci\u00f3n. El negocio naci\u00f3 del deseo de acercar la experiencia del ciclismo en Jap\u00f3n a todo el mundo. Valoramos la libertad en la carretera y le animamos a crear su propia aventura \u00fanica.<\/p>\n\n\n\n<figure class=\"wp-block-image alignleft size-large is-resized\"><img loading=\"lazy\" decoding=\"async\" width=\"775\" height=\"1677\" src=\"https:\/\/roadbikerentaljapan.com\/wp-content\/uploads\/2024\/11\/RBRJ-owner-edited.jpeg\" alt=\"Propietario de Road Bike Rental Japan en Mt Fuji\" class=\"wp-image-1984\" style=\"width:262px;height:auto\" srcset=\"https:\/\/roadbikerentaljapan.com\/wp-content\/uploads\/2024\/11\/RBRJ-owner-edited.jpeg 775w, https:\/\/roadbikerentaljapan.com\/wp-content\/uploads\/2024\/11\/RBRJ-owner-edited-139x300.jpeg 139w, https:\/\/roadbikerentaljapan.com\/wp-content\/uploads\/2024\/11\/RBRJ-owner-edited-473x1024.jpeg 473w, https:\/\/roadbikerentaljapan.com\/wp-content\/uploads\/2024\/11\/RBRJ-owner-edited-768x1662.jpeg 768w, https:\/\/roadbikerentaljapan.com\/wp-content\/uploads\/2024\/11\/RBRJ-owner-edited-710x1536.jpeg 710w, https:\/\/roadbikerentaljapan.com\/wp-content\/uploads\/2024\/11\/RBRJ-owner-edited-6x12.jpeg 6w, https:\/\/roadbikerentaljapan.com\/wp-content\/uploads\/2024\/11\/RBRJ-owner-edited-600x1298.jpeg 600w\" sizes=\"auto, (max-width: 775px) 100vw, 775px\" \/><\/figure>\n\n\n\n<h2 class=\"wp-block-heading\" id=\"h-the-globalwheels-experiment\">El experimento \"Globalwheels <\/h2>\n\n\n\n<p class=\"has-text-align-left\">Road Bike Rental Japan fue fundada originalmente como Globawheels en 2016 en Osaka por amigos, yo (Gareth-izquierda) e Ian. A los dos nos encantaba el ciclismo y explorar Jap\u00f3n y sent\u00edamos que faltaba un servicio de alquiler de bicicletas de carretera y de turismo de calidad que ofreciera cobertura nacional. Mientras trabaj\u00e1bamos en nuestros empleos principales, empezamos a formular un plan.<\/p>\n\n\n\n<p class=\"has-text-align-left\">Cuando empec\u00e9 a montar en bicicleta en 2012, se me ocurri\u00f3 la idea de crear un negocio de alquiler de bicicletas de carretera durante un paseo por el r\u00edo Yodo. Al principio fue solo una \"idea luminosa\". Sin embargo, el \"picor\" fue en aumento y, con el deseo de compartir la sensaci\u00f3n del ciclismo en Jap\u00f3n con otras personas, comenz\u00f3 el experimento de Globalwheels.<\/p>\n\n\n\n<p>Comenzando Globalwheels Road Bike Rental con dos bicicletas de carretera, tres bicicletas de turismo y un sitio web, comenzamos a trabajar desde la parte trasera de mi casa hasta mudarnos a nuestra sede en Sakuranomiya en 2018. Con el aumento de la demanda y la popularidad mundial de Kioto, decidimos abrir una segunda tienda en Kioto en oto\u00f1o de 2019. Las cosas iban bien y, con la Copa Mundial de Rugby de 2019 en Jap\u00f3n, nos pidieron que proporcion\u00e1ramos bicicletas a las familias de <a href=\"https:\/\/edition.cnn.com\/2019\/09\/26\/sport\/rugby-world-cup-bike-to-tokyo-james-owens-ron-rutland-spt-intl\/index.html\">los ciclistas, que tra\u00edan el silbato del partido inaugural desde Londres<\/a>. Los Juegos Ol\u00edmpicos de Tokio 2020 estaban a la vuelta de la esquina y esper\u00e1bamos con impaciencia su comienzo.<\/p>\n\n\n\n<p>No funcion\u00f3 como esper\u00e1bamos. Con el inicio de la pandemia de COVID-19 y el cierre de fronteras, nos vimos obligados a cerrar nuestra tienda original de Kioto. M\u00e1s tarde, Ian tuvo que dejar el negocio. Como no quer\u00eda rendirme, continu\u00e9 con \"el viaje\" en solitario hasta que volvieron a abrir las fronteras.<\/p>\n\n\n\n<p><\/p>\n\n\n\n<p>Siga a Gareth@ Road Bike Rental Japan en <a href=\"https:\/\/www.strava.com\/athletes\/15190815\">Strava<\/a> y <a href=\"https:\/\/www.linkedin.com\/in\/gareth-mccready-2a48571\/\">LinkedIn<\/a>.<\/p>\n\n\n\n<h2 class=\"wp-block-heading\" id=\"h-the-rbrj-rebrand\">El cambio de marca de RBRJ<\/h2>\n\n\n\n<p>Reconstruimos el negocio tras la pandemia, empezamos de cero cambiando el nombre y, a continuaci\u00f3n, abrimos <a href=\"https:\/\/roadbikerentaljapan.com\/es\/locations\/contact-access-road-bike-rental-japan-kyoto\/\">Alquiler de bicicletas de carretera Jap\u00f3n (Kioto)<\/a> en 2024 para ofrecer m\u00e1s alquiler de bicicletas de carretera y <a href=\"https:\/\/roadbikerentaljapan.com\/es\/tours\/kyoto-area-tours\/\">Opciones de cicloturismo<\/a> en la ciudad y la prefectura de Kioto.  <\/p>\n\n\n\n<div class=\"wp-block-uagb-advanced-heading uagb-block-a503582b\"><h2 class=\"uagb-heading-text\">Logotipo RBRJ<\/h2><\/div>\n\n\n\n<p><\/p>\n\n\n\n<p class=\"has-text-align-left has-ast-global-color-6-background-color has-background\">Quer\u00edamos que el logotipo de la RBRJ simbolizara la sensaci\u00f3n de aventura y evasi\u00f3n que experimentan los ciclistas en sus viajes con nosotros. En esencia, quer\u00edamos que reflejara lo que creemos que es la verdadera belleza de Jap\u00f3n, su campo y sus zonas rurales. Pedalear por estas zonas menos conocidas puede dar a los ciclistas una sensaci\u00f3n de libertad, la misma que inspir\u00f3 a Gareth para fundar RBRJ.<\/p>\n\n\n\n<p>Road Bike Rental Japan es una marca registrada bajo <a href=\"https:\/\/www.j-platpat.inpit.go.jp\/c1801\/TR\/JP-2024-055099\/40\/en\">Clase 39 (Organizaci\u00f3n de viajes y alquiler de bicicletas)<\/a> en la Oficina Japonesa de Patentes.<\/p>\n\n\n\n<div class=\"wp-block-uagb-image uagb-block-09c4d5cc wp-block-uagb-image--layout-default wp-block-uagb-image--effect-static wp-block-uagb-image--align-none\"><figure class=\"wp-block-uagb-image__figure\"><img decoding=\"async\" srcset=\"https:\/\/roadbikerentaljapan.com\/wp-content\/uploads\/2025\/02\/RBRJ-Registered-trademark-1024x284.png ,https:\/\/roadbikerentaljapan.com\/wp-content\/uploads\/2025\/02\/RBRJ-Registered-trademark.png 780w, https:\/\/roadbikerentaljapan.com\/wp-content\/uploads\/2025\/02\/RBRJ-Registered-trademark.png 360w\" sizes=\"auto, (max-width: 480px) 150px\" src=\"https:\/\/roadbikerentaljapan.com\/wp-content\/uploads\/2025\/02\/RBRJ-Registered-trademark-1024x284.png\" alt=\"Logotipo de Road Bike Rental Japan\" class=\"uag-image-2289\" width=\"1024\" height=\"284\" title=\"RBRJ - Marca registrada\" loading=\"lazy\" role=\"img\"\/><\/figure><\/div>\n\n\n\n<p><\/p>\n\n\n\n<p><\/p>\n\n\n\n<div class=\"wp-block-uagb-advanced-heading uagb-block-ad9ab6c7\"><h2 class=\"uagb-heading-text\">En colaboraci\u00f3n con:<\/h2><\/div>\n\n\n\n<p><\/p>\n\n\n\n<p>Asociaciones<\/p>\n\n\n\n<p><a href=\"https:\/\/www.osaka.cci.or.jp\/e\/\">C\u00e1mara de Comercio de Osaka<\/a>      <\/p>\n\n\n\n<p><a href=\"https:\/\/www.kyokanko.or.jp\/\">DMO Kioto<\/a>                <\/p>\n\n\n\n<p><a href=\"https:\/\/kyoto-bicycle.com\/\">Asociaci\u00f3n de alquiler de bicicletas de la ciudad de Kioto<\/a><\/p>\n\n\n\n<div class=\"wp-block-group alignfull is-content-justification-center is-layout-constrained wp-container-core-group-is-layout-df757ecc wp-block-group-is-layout-constrained\" style=\"margin-top:0;margin-bottom:0;padding-top:calc( 0.5 * var(--wp--style--root--padding-right, var(--wp--custom--gap--horizontal)));padding-right:var(--wp--style--root--padding-right, var(--wp--custom--gap--horizontal));padding-bottom:calc( 0.5 * var(--wp--style--root--padding-right, var(--wp--custom--gap--horizontal)));padding-left:var(--wp--style--root--padding-left, var(--wp--custom--gap--horizontal))\">\n<div style=\"height:calc( 0.25 * var(--wp--style--root--padding-right, var(--wp--custom--gap--horizontal)))\" aria-hidden=\"true\" class=\"wp-block-spacer\"><\/div>\n\n\n\n<div style=\"height:calc( 0.25 * var(--wp--style--root--padding-right, var(--wp--custom--gap--horizontal)))\" aria-hidden=\"true\" class=\"wp-block-spacer\"><\/div>\n<\/div>\n\n\n\n<p><a href=\"https:\/\/octb.osaka-info.jp\/\">Oficina de Turismo y Congresos de Osaka<\/a><\/p>\n\n\n\n<p><\/p>","protected":false},"excerpt":{"rendered":"<p>Road Bike Rental Japan (previously Globalwheels) is passionate about cycling, Japan and exploration. The business was born out of a [&hellip;]<\/p>\n","protected":false},"author":1,"featured_media":155,"parent":0,"menu_order":9,"comment_status":"closed","ping_status":"closed","template":"","meta":{"content-type":"","_uag_custom_page_level_css":"","site-sidebar-layout":"default","site-content-layout":"","ast-site-content-layout":"","site-content-style":"default","site-sidebar-style":"default","ast-global-header-display":"","ast-banner-title-visibility":"","ast-main-header-display":"","ast-hfb-above-header-display":"","ast-hfb-below-header-display":"","ast-hfb-mobile-header-display":"","site-post-title":"disabled","ast-breadcrumbs-content":"","ast-featured-img":"disabled","footer-sml-layout":"","ast-disable-related-posts":"","theme-transparent-header-meta":"","adv-header-id-meta":"","stick-header-meta":"","header-above-stick-meta":"","header-main-stick-meta":"","header-below-stick-meta":"","astra-migrate-meta-layouts":"default","ast-page-background-enabled":"default","ast-page-background-meta":{"desktop":{"background-color":"var(--ast-global-color-4)","background-image":"","background-repeat":"repeat","background-position":"center center","background-size":"auto","background-attachment":"scroll","background-type":"","background-media":"","overlay-type":"","overlay-color":"","overlay-opacity":"","overlay-gradient":""},"tablet":{"background-color":"","background-image":"","background-repeat":"repeat","background-position":"center center","background-size":"auto","background-attachment":"scroll","background-type":"","background-media":"","overlay-type":"","overlay-color":"","overlay-opacity":"","overlay-gradient":""},"mobile":{"background-color":"","background-image":"","background-repeat":"repeat","background-position":"center center","background-size":"auto","background-attachment":"scroll","background-type":"","background-media":"","overlay-type":"","overlay-color":"","overlay-opacity":"","overlay-gradient":""}},"ast-content-background-meta":{"desktop":{"background-color":"var(--ast-global-color-5)","background-image":"","background-repeat":"repeat","background-position":"center center","background-size":"auto","background-attachment":"scroll","background-type":"","background-media":"","overlay-type":"","overlay-color":"","overlay-opacity":"","overlay-gradient":""},"tablet":{"background-color":"var(--ast-global-color-5)","background-image":"","background-repeat":"repeat","background-position":"center center","background-size":"auto","background-attachment":"scroll","background-type":"","background-media":"","overlay-type":"","overlay-color":"","overlay-opacity":"","overlay-gradient":""},"mobile":{"background-color":"var(--ast-global-color-5)","background-image":"","background-repeat":"repeat","background-position":"center center","background-size":"auto","background-attachment":"scroll","background-type":"","background-media":"","overlay-type":"","overlay-color":"","overlay-opacity":"","overlay-gradient":""}},"footnotes":""},"class_list":["post-1063","page","type-page","status-publish","has-post-thumbnail","hentry"],"yoast_head":"<!-- This site is optimized with the Yoast SEO Premium plugin v27.5 (Yoast SEO v27.5) - https:\/\/yoast.com\/product\/yoast-seo-premium-wordpress\/ -->\n<title>About Road Bike Rental Japan - Road Bike Rental Japan<\/title>\n<meta name=\"description\" content=\"Find more information about the company Road Bike Rental Japan and its partners here. RBRJ is passionate about cycling and exploring in Japan.\" \/>\n<meta name=\"robots\" content=\"index, follow, max-snippet:-1, max-image-preview:large, max-video-preview:-1\" \/>\n<link rel=\"canonical\" href=\"https:\/\/roadbikerentaljapan.com\/es\/sobre-rbrj\/\" \/>\n<meta property=\"og:locale\" content=\"es_ES\" \/>\n<meta property=\"og:type\" content=\"article\" \/>\n<meta property=\"og:title\" content=\"About Road Bike Rental Japan\" \/>\n<meta property=\"og:description\" content=\"Find more information about the company Road Bike Rental Japan and its partners here. RBRJ is passionate about cycling and exploring in Japan.\" \/>\n<meta property=\"og:url\" content=\"https:\/\/roadbikerentaljapan.com\/es\/sobre-rbrj\/\" \/>\n<meta property=\"og:site_name\" content=\"Road Bike Rental Japan\" \/>\n<meta property=\"article:publisher\" content=\"https:\/\/www.facebook.com\/roadbikerentalJPN\" \/>\n<meta property=\"article:modified_time\" content=\"2025-07-23T01:20:25+00:00\" \/>\n<meta property=\"og:image\" content=\"https:\/\/roadbikerentaljapan.com\/wp-content\/uploads\/2024\/05\/Road_Bike_Rental_Square_Logo.png\" \/>\n\t<meta property=\"og:image:width\" content=\"512\" \/>\n\t<meta property=\"og:image:height\" content=\"512\" \/>\n\t<meta property=\"og:image:type\" content=\"image\/png\" \/>\n<meta name=\"twitter:card\" content=\"summary_large_image\" \/>\n<meta name=\"twitter:site\" content=\"@cyclinginjpn\" \/>\n<meta name=\"twitter:label1\" content=\"Tiempo de lectura\" \/>\n\t<meta name=\"twitter:data1\" content=\"3 minutos\" \/>\n<script type=\"application\/ld+json\" class=\"yoast-schema-graph\">{\"@context\":\"https:\\\/\\\/schema.org\",\"@graph\":[{\"@type\":\"WebPage\",\"@id\":\"https:\\\/\\\/roadbikerentaljapan.com\\\/about-rbrj\\\/\",\"url\":\"https:\\\/\\\/roadbikerentaljapan.com\\\/about-rbrj\\\/\",\"name\":\"About Road Bike Rental Japan - Road Bike Rental Japan\",\"isPartOf\":{\"@id\":\"https:\\\/\\\/roadbikerentaljapan.com\\\/#website\"},\"primaryImageOfPage\":{\"@id\":\"https:\\\/\\\/roadbikerentaljapan.com\\\/about-rbrj\\\/#primaryimage\"},\"image\":{\"@id\":\"https:\\\/\\\/roadbikerentaljapan.com\\\/about-rbrj\\\/#primaryimage\"},\"thumbnailUrl\":\"https:\\\/\\\/roadbikerentaljapan.com\\\/wp-content\\\/uploads\\\/2024\\\/05\\\/Road_Bike_Rental_Square_Logo.png\",\"datePublished\":\"2024-07-01T06:40:07+00:00\",\"dateModified\":\"2025-07-23T01:20:25+00:00\",\"description\":\"Find more information about the company Road Bike Rental Japan and its partners here. RBRJ is passionate about cycling and exploring in Japan.\",\"breadcrumb\":{\"@id\":\"https:\\\/\\\/roadbikerentaljapan.com\\\/about-rbrj\\\/#breadcrumb\"},\"inLanguage\":\"es\",\"potentialAction\":[{\"@type\":\"ReadAction\",\"target\":[\"https:\\\/\\\/roadbikerentaljapan.com\\\/about-rbrj\\\/\"]}]},{\"@type\":\"ImageObject\",\"inLanguage\":\"es\",\"@id\":\"https:\\\/\\\/roadbikerentaljapan.com\\\/about-rbrj\\\/#primaryimage\",\"url\":\"https:\\\/\\\/roadbikerentaljapan.com\\\/wp-content\\\/uploads\\\/2024\\\/05\\\/Road_Bike_Rental_Square_Logo.png\",\"contentUrl\":\"https:\\\/\\\/roadbikerentaljapan.com\\\/wp-content\\\/uploads\\\/2024\\\/05\\\/Road_Bike_Rental_Square_Logo.png\",\"width\":512,\"height\":512},{\"@type\":\"BreadcrumbList\",\"@id\":\"https:\\\/\\\/roadbikerentaljapan.com\\\/about-rbrj\\\/#breadcrumb\",\"itemListElement\":[{\"@type\":\"ListItem\",\"position\":1,\"name\":\"Home\",\"item\":\"https:\\\/\\\/roadbikerentaljapan.com\\\/\"},{\"@type\":\"ListItem\",\"position\":2,\"name\":\"About Road Bike Rental Japan\"}]},{\"@type\":\"WebSite\",\"@id\":\"https:\\\/\\\/roadbikerentaljapan.com\\\/#website\",\"url\":\"https:\\\/\\\/roadbikerentaljapan.com\\\/\",\"name\":\"Road Bike Rental Japan\",\"description\":\"Cycling in Japan\",\"publisher\":{\"@id\":\"https:\\\/\\\/roadbikerentaljapan.com\\\/#organization\"},\"alternateName\":\"RBRJ\",\"potentialAction\":[{\"@type\":\"SearchAction\",\"target\":{\"@type\":\"EntryPoint\",\"urlTemplate\":\"https:\\\/\\\/roadbikerentaljapan.com\\\/?s={search_term_string}\"},\"query-input\":{\"@type\":\"PropertyValueSpecification\",\"valueRequired\":true,\"valueName\":\"search_term_string\"}}],\"inLanguage\":\"es\"},{\"@type\":\"Organization\",\"@id\":\"https:\\\/\\\/roadbikerentaljapan.com\\\/#organization\",\"name\":\"Road Bike Rental Japan LLC\",\"alternateName\":\"Road Bike Rental Japan LLC\",\"url\":\"https:\\\/\\\/roadbikerentaljapan.com\\\/\",\"logo\":{\"@type\":\"ImageObject\",\"inLanguage\":\"es\",\"@id\":\"https:\\\/\\\/roadbikerentaljapan.com\\\/#\\\/schema\\\/logo\\\/image\\\/\",\"url\":\"https:\\\/\\\/roadbikerentaljapan.com\\\/wp-content\\\/uploads\\\/2024\\\/08\\\/cropped-HiRez-Web-Banner-2024-300-x-100-px.png\",\"contentUrl\":\"https:\\\/\\\/roadbikerentaljapan.com\\\/wp-content\\\/uploads\\\/2024\\\/08\\\/cropped-HiRez-Web-Banner-2024-300-x-100-px.png\",\"width\":300,\"height\":100,\"caption\":\"Road Bike Rental Japan LLC\"},\"image\":{\"@id\":\"https:\\\/\\\/roadbikerentaljapan.com\\\/#\\\/schema\\\/logo\\\/image\\\/\"},\"sameAs\":[\"https:\\\/\\\/www.facebook.com\\\/roadbikerentalJPN\",\"https:\\\/\\\/x.com\\\/cyclinginjpn\",\"https:\\\/\\\/www.youtube.com\\\/@cyclinginjpn\"],\"email\":\"info@roadbikerentaljapan.com\",\"telephone\":\"+815017228801\",\"legalName\":\"\u5408\u540c\u4f1a\u793e\u30ed\u30fc\u30c9\u30d0\u30a4\u30af\u30ec\u30f3\u30bf\u30eb\u30b8\u30e3\u30d1\u30f3\",\"foundingDate\":\"2022-12-19\",\"numberOfEmployees\":{\"@type\":\"QuantitativeValue\",\"minValue\":\"1\",\"maxValue\":\"10\"}}]}<\/script>\n<!-- \/ Yoast SEO Premium plugin. -->","yoast_head_json":{"title":"Acerca de Road Bike Rental Japan - Alquiler de bicicletas de carretera en Jap\u00f3n","description":"M\u00e1s informaci\u00f3n sobre la empresa Road Bike Rental Japan y sus socios aqu\u00ed. A RBRJ le apasiona el ciclismo y explorar Jap\u00f3n.","robots":{"index":"index","follow":"follow","max-snippet":"max-snippet:-1","max-image-preview":"max-image-preview:large","max-video-preview":"max-video-preview:-1"},"canonical":"https:\/\/roadbikerentaljapan.com\/es\/sobre-rbrj\/","og_locale":"es_ES","og_type":"article","og_title":"About Road Bike Rental Japan","og_description":"Find more information about the company Road Bike Rental Japan and its partners here. RBRJ is passionate about cycling and exploring in Japan.","og_url":"https:\/\/roadbikerentaljapan.com\/es\/sobre-rbrj\/","og_site_name":"Road Bike Rental Japan","article_publisher":"https:\/\/www.facebook.com\/roadbikerentalJPN","article_modified_time":"2025-07-23T01:20:25+00:00","og_image":[{"width":512,"height":512,"url":"https:\/\/roadbikerentaljapan.com\/wp-content\/uploads\/2024\/05\/Road_Bike_Rental_Square_Logo.png","type":"image\/png"}],"twitter_card":"summary_large_image","twitter_site":"@cyclinginjpn","twitter_misc":{"Tiempo de lectura":"3 minutos"},"schema":{"@context":"https:\/\/schema.org","@graph":[{"@type":"WebPage","@id":"https:\/\/roadbikerentaljapan.com\/about-rbrj\/","url":"https:\/\/roadbikerentaljapan.com\/about-rbrj\/","name":"Acerca de Road Bike Rental Japan - Alquiler de bicicletas de carretera en Jap\u00f3n","isPartOf":{"@id":"https:\/\/roadbikerentaljapan.com\/#website"},"primaryImageOfPage":{"@id":"https:\/\/roadbikerentaljapan.com\/about-rbrj\/#primaryimage"},"image":{"@id":"https:\/\/roadbikerentaljapan.com\/about-rbrj\/#primaryimage"},"thumbnailUrl":"https:\/\/roadbikerentaljapan.com\/wp-content\/uploads\/2024\/05\/Road_Bike_Rental_Square_Logo.png","datePublished":"2024-07-01T06:40:07+00:00","dateModified":"2025-07-23T01:20:25+00:00","description":"M\u00e1s informaci\u00f3n sobre la empresa Road Bike Rental Japan y sus socios aqu\u00ed. A RBRJ le apasiona el ciclismo y explorar Jap\u00f3n.","breadcrumb":{"@id":"https:\/\/roadbikerentaljapan.com\/about-rbrj\/#breadcrumb"},"inLanguage":"es","potentialAction":[{"@type":"ReadAction","target":["https:\/\/roadbikerentaljapan.com\/about-rbrj\/"]}]},{"@type":"ImageObject","inLanguage":"es","@id":"https:\/\/roadbikerentaljapan.com\/about-rbrj\/#primaryimage","url":"https:\/\/roadbikerentaljapan.com\/wp-content\/uploads\/2024\/05\/Road_Bike_Rental_Square_Logo.png","contentUrl":"https:\/\/roadbikerentaljapan.com\/wp-content\/uploads\/2024\/05\/Road_Bike_Rental_Square_Logo.png","width":512,"height":512},{"@type":"BreadcrumbList","@id":"https:\/\/roadbikerentaljapan.com\/about-rbrj\/#breadcrumb","itemListElement":[{"@type":"ListItem","position":1,"name":"Home","item":"https:\/\/roadbikerentaljapan.com\/"},{"@type":"ListItem","position":2,"name":"About Road Bike Rental Japan"}]},{"@type":"WebSite","@id":"https:\/\/roadbikerentaljapan.com\/#website","url":"https:\/\/roadbikerentaljapan.com\/","name":"Alquiler de bicicletas de carretera Jap\u00f3n","description":"Ciclismo en Jap\u00f3n","publisher":{"@id":"https:\/\/roadbikerentaljapan.com\/#organization"},"alternateName":"RBRJ","potentialAction":[{"@type":"SearchAction","target":{"@type":"EntryPoint","urlTemplate":"https:\/\/roadbikerentaljapan.com\/?s={search_term_string}"},"query-input":{"@type":"PropertyValueSpecification","valueRequired":true,"valueName":"search_term_string"}}],"inLanguage":"es"},{"@type":"Organization","@id":"https:\/\/roadbikerentaljapan.com\/#organization","name":"Road Bike Rental Japan LLC","alternateName":"Road Bike Rental Japan LLC","url":"https:\/\/roadbikerentaljapan.com\/","logo":{"@type":"ImageObject","inLanguage":"es","@id":"https:\/\/roadbikerentaljapan.com\/#\/schema\/logo\/image\/","url":"https:\/\/roadbikerentaljapan.com\/wp-content\/uploads\/2024\/08\/cropped-HiRez-Web-Banner-2024-300-x-100-px.png","contentUrl":"https:\/\/roadbikerentaljapan.com\/wp-content\/uploads\/2024\/08\/cropped-HiRez-Web-Banner-2024-300-x-100-px.png","width":300,"height":100,"caption":"Road Bike Rental Japan LLC"},"image":{"@id":"https:\/\/roadbikerentaljapan.com\/#\/schema\/logo\/image\/"},"sameAs":["https:\/\/www.facebook.com\/roadbikerentalJPN","https:\/\/x.com\/cyclinginjpn","https:\/\/www.youtube.com\/@cyclinginjpn"],"email":"info@roadbikerentaljapan.com","telephone":"+815017228801","legalName":"\u5408\u540c\u4f1a\u793e\u30ed\u30fc\u30c9\u30d0\u30a4\u30af\u30ec\u30f3\u30bf\u30eb\u30b8\u30e3\u30d1\u30f3","foundingDate":"2022-12-19","numberOfEmployees":{"@type":"QuantitativeValue","minValue":"1","maxValue":"10"}}]}},"uagb_featured_image_src":{"full":["https:\/\/roadbikerentaljapan.com\/wp-content\/uploads\/2024\/05\/Road_Bike_Rental_Square_Logo.png",512,512,false],"thumbnail":["https:\/\/roadbikerentaljapan.com\/wp-content\/uploads\/2024\/05\/Road_Bike_Rental_Square_Logo-150x150.png",150,150,true],"medium":["https:\/\/roadbikerentaljapan.com\/wp-content\/uploads\/2024\/05\/Road_Bike_Rental_Square_Logo-300x300.png",300,300,true],"medium_large":["https:\/\/roadbikerentaljapan.com\/wp-content\/uploads\/2024\/05\/Road_Bike_Rental_Square_Logo.png",512,512,false],"large":["https:\/\/roadbikerentaljapan.com\/wp-content\/uploads\/2024\/05\/Road_Bike_Rental_Square_Logo.png",512,512,false],"1536x1536":["https:\/\/roadbikerentaljapan.com\/wp-content\/uploads\/2024\/05\/Road_Bike_Rental_Square_Logo.png",512,512,false],"2048x2048":["https:\/\/roadbikerentaljapan.com\/wp-content\/uploads\/2024\/05\/Road_Bike_Rental_Square_Logo.png",512,512,false],"trp-custom-language-flag":["https:\/\/roadbikerentaljapan.com\/wp-content\/uploads\/2024\/05\/Road_Bike_Rental_Square_Logo.png",12,12,false]},"uagb_author_info":{"display_name":"rbrj2024","author_link":"https:\/\/roadbikerentaljapan.com\/es\/author\/rbrj2024\/"},"uagb_comment_info":0,"uagb_excerpt":"Road Bike Rental Japan (previously Globalwheels) is passionate about cycling, Japan and exploration. The business was born out of a [&hellip;]","_links":{"self":[{"href":"https:\/\/roadbikerentaljapan.com\/es\/wp-json\/wp\/v2\/pages\/1063","targetHints":{"allow":["GET"]}}],"collection":[{"href":"https:\/\/roadbikerentaljapan.com\/es\/wp-json\/wp\/v2\/pages"}],"about":[{"href":"https:\/\/roadbikerentaljapan.com\/es\/wp-json\/wp\/v2\/types\/page"}],"author":[{"embeddable":true,"href":"https:\/\/roadbikerentaljapan.com\/es\/wp-json\/wp\/v2\/users\/1"}],"replies":[{"embeddable":true,"href":"https:\/\/roadbikerentaljapan.com\/es\/wp-json\/wp\/v2\/comments?post=1063"}],"version-history":[{"count":0,"href":"https:\/\/roadbikerentaljapan.com\/es\/wp-json\/wp\/v2\/pages\/1063\/revisions"}],"wp:featuredmedia":[{"embeddable":true,"href":"https:\/\/roadbikerentaljapan.com\/es\/wp-json\/wp\/v2\/media\/155"}],"wp:attachment":[{"href":"https:\/\/roadbikerentaljapan.com\/es\/wp-json\/wp\/v2\/media?parent=1063"}],"curies":[{"name":"wp","href":"https:\/\/api.w.org\/{rel}","templated":true}]}}