{"id":1154,"date":"2024-07-05T03:06:16","date_gmt":"2024-07-05T03:06:16","guid":{"rendered":"http:\/\/road-bike-rental-japan.local\/?page_id=1154"},"modified":"2026-01-30T16:17:38","modified_gmt":"2026-01-30T07:17:38","slug":"rentals","status":"publish","type":"page","link":"https:\/\/roadbikerentaljapan.com\/es\/rentals\/","title":{"rendered":"Alquileres"},"content":{"rendered":"<div class=\"wp-block-group alignfull is-content-justification-center is-layout-constrained wp-container-core-group-is-layout-df757ecc wp-block-group-is-layout-constrained\" style=\"margin-top:0;margin-bottom:0;padding-top:calc( 0.5 * var(--wp--style--root--padding-right, var(--wp--custom--gap--horizontal)));padding-right:var(--wp--style--root--padding-right, var(--wp--custom--gap--horizontal));padding-bottom:calc( 0.5 * var(--wp--style--root--padding-right, var(--wp--custom--gap--horizontal)));padding-left:var(--wp--style--root--padding-left, var(--wp--custom--gap--horizontal))\">\n<div style=\"height:calc( 0.25 * var(--wp--style--root--padding-right, var(--wp--custom--gap--horizontal)))\" aria-hidden=\"true\" class=\"wp-block-spacer\"><\/div>\n\n\n\n<div class=\"wp-block-cover alignfull wp-duotone-grayscale\" style=\"margin-top:0;margin-bottom:0;padding-top:3%;padding-right:0%;padding-bottom:10%;padding-left:5%;min-height:450px;aspect-ratio:unset;\"><img loading=\"lazy\" decoding=\"async\" width=\"600\" height=\"402\" class=\"wp-block-cover__image-background wp-image-1053 size-full\" alt=\"Alquiler de bicicletas Jap\u00f3n\" src=\"https:\/\/roadbikerentaljapan.com\/wp-content\/uploads\/2024\/06\/image-18.jpeg\" style=\"object-position:51% 18%\" data-object-fit=\"cover\" data-object-position=\"51% 18%\" srcset=\"https:\/\/roadbikerentaljapan.com\/wp-content\/uploads\/2024\/06\/image-18.jpeg 600w, https:\/\/roadbikerentaljapan.com\/wp-content\/uploads\/2024\/06\/image-18-300x201.jpeg 300w\" sizes=\"auto, (max-width: 600px) 100vw, 600px\" \/><span aria-hidden=\"true\" class=\"wp-block-cover__background has-background-dim\" style=\"background-color:#807f74\"><\/span><div class=\"wp-block-cover__inner-container is-layout-flow wp-container-core-cover-is-layout-afcb1702 wp-block-cover-is-layout-flow\">\n<h1 class=\"wp-block-heading has-ast-global-color-5-color has-text-color has-link-color wp-elements-85df56ccb183721a20077e0d63e575be\" id=\"h-bike-rental-in-japan\"><strong>Alquiler de bicicletas en Jap\u00f3n<\/strong><\/h1>\n\n\n\n<p class=\"has-ast-global-color-5-color has-text-color has-link-color wp-elements-04e4adc2fff058d05b260605f368b611\">Disfrute de la libertad del ciclismo en Jap\u00f3n con RBRJ.<\/p>\n<\/div><\/div>\n\n\n\n<div class=\"wp-block-uagb-container uagb-layout-flex uagb-block-0f1e91c2 alignwide uagb-is-root-container\">\n<div class=\"wp-block-uagb-image aligncenter uagb-block-40379abc wp-block-uagb-image--layout-overlay wp-block-uagb-image--effect-static wp-block-uagb-image--align-center\"><figure class=\"wp-block-uagb-image__figure\"><a class=\"\" href=\"https:\/\/roadbikerentaljapan.com\/es\/rentals\/osaka-bike-rental-options\/\" target=\"\" rel=\"noopener\"><img decoding=\"async\" srcset=\"https:\/\/roadbikerentaljapan.com\/wp-content\/uploads\/2024\/06\/RBRJ_OSAKA_Square_Icon.webp ,https:\/\/roadbikerentaljapan.com\/wp-content\/uploads\/2024\/06\/RBRJ_OSAKA_Square_Icon.webp 780w, https:\/\/roadbikerentaljapan.com\/wp-content\/uploads\/2024\/06\/RBRJ_OSAKA_Square_Icon.webp 360w\" sizes=\"auto, (max-width: 480px) 150px\" src=\"https:\/\/roadbikerentaljapan.com\/wp-content\/uploads\/2024\/06\/RBRJ_OSAKA_Square_Icon.webp\" alt=\"Alquilar una bicicleta en la tienda RBRJ de Osaka\" class=\"uag-image-1029\" width=\"400\" height=\"400\" title=\"RBRJ_OSAKA_Icono_cuadrado\" loading=\"lazy\" role=\"img\"\/><\/a><div class=\"wp-block-uagb-image--layout-overlay__color-wrapper\"><\/div><div class=\"wp-block-uagb-image--layout-overlay__inner center-center\"><a class=\"wp-block-uagb-image--layout-overlay-link\" href=\"https:\/\/roadbikerentaljapan.com\/es\/rentals\/osaka-bike-rental-options\/\" target=\"\" rel=\"noopener\"><\/a><h2 class=\"uagb-image-heading\"><strong>Alquiler de bicicletas en Osaka<\/strong><\/h2><figcaption class=\"uagb-image-caption\">Alquilar una bicicleta en la tienda RBRJ Osaka<\/figcaption><\/div><\/figure><\/div>\n\n\n\n<div class=\"wp-block-uagb-image aligncenter uagb-block-7081e424 wp-block-uagb-image--layout-overlay wp-block-uagb-image--effect-static wp-block-uagb-image--align-center\"><figure class=\"wp-block-uagb-image__figure\"><a class=\"\" href=\"https:\/\/roadbikerentaljapan.com\/es\/rentals\/kyoto-bike-rental-options\/\" target=\"\" rel=\"noopener\"><img decoding=\"async\" srcset=\"https:\/\/roadbikerentaljapan.com\/wp-content\/uploads\/2024\/06\/RBRJ_KYOTO_Square_Icon.webp ,https:\/\/roadbikerentaljapan.com\/wp-content\/uploads\/2024\/06\/RBRJ_KYOTO_Square_Icon.webp 780w, https:\/\/roadbikerentaljapan.com\/wp-content\/uploads\/2024\/06\/RBRJ_KYOTO_Square_Icon.webp 360w\" sizes=\"auto, (max-width: 480px) 150px\" src=\"https:\/\/roadbikerentaljapan.com\/wp-content\/uploads\/2024\/06\/RBRJ_KYOTO_Square_Icon.webp\" alt=\"Alquilar una bicicleta en la tienda RBRJ de Kioto\" class=\"uag-image-1025\" width=\"400\" height=\"400\" title=\"RBRJ_KYOTO_Icono_cuadrado\" loading=\"lazy\" role=\"img\"\/><\/a><div class=\"wp-block-uagb-image--layout-overlay__color-wrapper\"><\/div><div class=\"wp-block-uagb-image--layout-overlay__inner center-center\"><a class=\"wp-block-uagb-image--layout-overlay-link\" href=\"https:\/\/roadbikerentaljapan.com\/es\/rentals\/kyoto-bike-rental-options\/\" target=\"\" rel=\"noopener\"><\/a><h2 class=\"uagb-image-heading\"><strong>Alquiler de bicicletas en Kioto<\/strong><\/h2><figcaption class=\"uagb-image-caption\">Alquilar una bicicleta en la tienda RBRJ de Kioto<\/figcaption><\/div><\/figure><\/div>\n\n\n\n<div class=\"wp-block-uagb-image aligncenter uagb-block-cc863042 wp-block-uagb-image--layout-overlay wp-block-uagb-image--effect-static wp-block-uagb-image--align-center\"><figure class=\"wp-block-uagb-image__figure\"><a class=\"\" href=\"https:\/\/roadbikerentaljapan.com\/es\/alquiler-de-bicicletas-de-carretera-en-onomichi\/\" target=\"\" rel=\"noopener\"><img decoding=\"async\" srcset=\"https:\/\/roadbikerentaljapan.com\/wp-content\/uploads\/2025\/09\/RBRJ-Tours-Square-Icon-400.png ,https:\/\/roadbikerentaljapan.com\/wp-content\/uploads\/2025\/09\/RBRJ-Tours-Square-Icon-400.png 780w, https:\/\/roadbikerentaljapan.com\/wp-content\/uploads\/2025\/09\/RBRJ-Tours-Square-Icon-400.png 360w\" sizes=\"auto, (max-width: 480px) 150px\" src=\"https:\/\/roadbikerentaljapan.com\/wp-content\/uploads\/2025\/09\/RBRJ-Tours-Square-Icon-400.png\" alt=\"Explore Kansai con un gu\u00eda de RBRJ\" class=\"uag-image-2849\" width=\"400\" height=\"400\" title=\"RBRJ Tours Square Icon 400\" loading=\"lazy\" role=\"img\"\/><\/a><div class=\"wp-block-uagb-image--layout-overlay__color-wrapper\"><\/div><div class=\"wp-block-uagb-image--layout-overlay__inner center-center\"><a class=\"wp-block-uagb-image--layout-overlay-link\" href=\"https:\/\/roadbikerentaljapan.com\/es\/alquiler-de-bicicletas-de-carretera-en-onomichi\/\" target=\"\" rel=\"noopener\"><\/a><h2 class=\"uagb-image-heading\"><strong>Alquiler de bicicletas en Onomichi<\/strong><\/h2><figcaption class=\"uagb-image-caption\">Alquilar una bicicleta en RBRJ Onomichi<\/figcaption><\/div><\/figure><\/div>\n<\/div>\n\n\n\n<div style=\"height:calc( 0.25 * var(--wp--style--root--padding-right, var(--wp--custom--gap--horizontal)))\" aria-hidden=\"true\" class=\"wp-block-spacer\"><\/div>\n<\/div>\n\n\n\n<div class=\"wp-block-uagb-advanced-heading uagb-block-206f5e89\"><h3 class=\"uagb-heading-text\">\u00bfNo est\u00e1 seguro de la talla de su bicicleta de carretera o de paseo, o tiene otras preguntas sobre c\u00f3mo hacer un alquiler?<br><a href=\"https:\/\/roadbikerentaljapan.com\/es\/rentals\/how-to-rent-with-rbrj\/\">Compru\u00e9belo aqu\u00ed.<\/a><\/h3><\/div>\n\n\n\n<div class=\"wp-block-uagb-separator uagb-block-e2374817\"><div class=\"wp-block-uagb-separator__inner\" style=\"--my-background-image:\"><\/div><\/div>\n\n\n\n<div class=\"wp-block-uagb-testimonial uagb-slick-carousel uagb-tm__arrow-outside uagb-block-6a3f433c\"><div class=\"is-carousel uagb-tm__columns-1 uagb-tm__items\"><div class=\"uagb-testimonial__wrap  uagb-tm__imgicon-style-circle uagb-tm__image-position-bottom uagb-tm__bg-type-none\"><div class=\"uagb-tm__content\"><div class=\"uagb-tm__overlay\"><\/div><div class=\"uagb-tm__text-wrap\"><div class=\"uagb-tm__desc\">Road Bike Rental es la mejor opci\u00f3n que hemos encontrado para alquilar bicicletas de carretera y bicicletas h\u00edbridas durante nuestra estancia en Jap\u00f3n. Son profesionales y es f\u00e1cil trabajar con ellos. Ten\u00edamos un grupo de 5 ciclistas haciendo un viaje de una semana que inclu\u00eda el Shimanami Kaido y montar en Kyushu despu\u00e9s de eso. RBR nos prepar\u00f3 con el equipo que necesit\u00e1bamos, incluyendo el alquiler de alforjas para nuestro viaje en bicicleta, y tambi\u00e9n bolsas rinko que son necesarias para llevar las bicicletas en el tren. Fueron muy comunicativos y serviciales durante todo el viaje a trav\u00e9s de WhatsApp. Incluso organizaron una recogida de bicicletas al final de nuestro viaje, aunque eso significaba que el propietario de RBRJ ten\u00eda que levantarse muy temprano por la ma\u00f1ana para que funcionara. Gracias, \u00a1os apreciamos!<\/div><div class=\"uagb-tm__meta-inner\"><div class=\"uagb-testimonial-details\"><span class=\"uagb-tm__author-name\">Emily <\/span><span class=\"uagb-tm__company\"><a href=\"https:\/\/maps.app.goo.gl\/NRkd3bYM31m3Mp5o6\">Google Review for RBRJ Osaka<\/a><\/span><\/div><\/div><\/div><\/div><\/div><div class=\"uagb-testimonial__wrap  uagb-tm__imgicon-style-circle uagb-tm__image-position-bottom uagb-tm__bg-type-none\"><div class=\"uagb-tm__content\"><div class=\"uagb-tm__overlay\"><\/div><div class=\"uagb-tm__text-wrap\"><div class=\"uagb-tm__desc\">Alquilamos 2 bicicletas para ir de Tokio a Kioto y tuvimos una experiencia incre\u00edble con Road Bike Rental. Se tomaron el tiempo necesario para entender nuestras necesidades y se esforzaron al m\u00e1ximo para asegurarse de que la bicicleta se entregaba correctamente en nuestra direcci\u00f3n de Tokio, con los complementos adecuados para que nuestro viaje fuera lo m\u00e1s c\u00f3modo posible. Y cuando terminamos teniendo algunos problemas en la carretera cerca de Kyoto - nos ayudaron a encontrar algunas buenas alternativas para que pudi\u00e9ramos entregar las bicicletas de forma segura a su ubicaci\u00f3n. 10\/10 muy recomendable.<\/div><div class=\"uagb-tm__meta-inner\"><div class=\"uagb-testimonial-details\"><span class=\"uagb-tm__author-name\">Jordan <\/span><span class=\"uagb-tm__company\"><a href=\"https:\/\/maps.app.goo.gl\/HVs5nqnRCdUgCr2UA\">Opini\u00f3n de Google sobre RBRJ Kyoto<\/a><\/span><\/div><\/div><\/div><\/div><\/div><div class=\"uagb-testimonial__wrap  uagb-tm__imgicon-style-circle uagb-tm__image-position-bottom uagb-tm__bg-type-none\"><div class=\"uagb-tm__content\"><div class=\"uagb-tm__overlay\"><\/div><div class=\"uagb-tm__text-wrap\"><div class=\"uagb-tm__desc\">\u00a1Tuve una experiencia incre\u00edble al alquilar una bonita bicicleta de carretera de RBRJ! Gareth respondi\u00f3 muy bien a mis preguntas y vino desde Osaka a Kioto para entregarme personalmente la bicicleta. La bicicleta lleg\u00f3 lista para salir con luces y una c\u00e1mara de repuesto. Funcionaba muy bien e incluso me sugiri\u00f3 una bonita ruta por las monta\u00f1as. Recomiendo encarecidamente este sitio y espero volver a utilizarlo la pr\u00f3xima vez que visite Osaka o Kioto.<\/div><div class=\"uagb-tm__meta-inner\"><div class=\"uagb-testimonial-details\"><span class=\"uagb-tm__author-name\">Chad <\/span><span class=\"uagb-tm__company\"><a href=\"https:\/\/maps.app.goo.gl\/nj1EyJdrcyuDHQhw8\">Opini\u00f3n de Google sobre RBRJ Kyoto<\/a><\/span><\/div><\/div><\/div><\/div><\/div><\/div><\/div>","protected":false},"excerpt":{"rendered":"<p>Si no est\u00e1 seguro de la talla de su bicicleta de carretera o de paseo, o si tiene alguna pregunta sobre c\u00f3mo alquilar una bicicleta, consulte aqu\u00ed.<\/p>","protected":false},"author":1,"featured_media":0,"parent":0,"menu_order":2,"comment_status":"closed","ping_status":"closed","template":"","meta":{"content-type":"","_uag_custom_page_level_css":"","site-sidebar-layout":"default","site-content-layout":"","ast-site-content-layout":"default","site-content-style":"default","site-sidebar-style":"default","ast-global-header-display":"","ast-banner-title-visibility":"","ast-main-header-display":"","ast-hfb-above-header-display":"","ast-hfb-below-header-display":"","ast-hfb-mobile-header-display":"","site-post-title":"disabled","ast-breadcrumbs-content":"","ast-featured-img":"","footer-sml-layout":"","ast-disable-related-posts":"","theme-transparent-header-meta":"","adv-header-id-meta":"","stick-header-meta":"","header-above-stick-meta":"","header-main-stick-meta":"","header-below-stick-meta":"","astra-migrate-meta-layouts":"default","ast-page-background-enabled":"default","ast-page-background-meta":{"desktop":{"background-color":"var(--ast-global-color-4)","background-image":"","background-repeat":"repeat","background-position":"center center","background-size":"auto","background-attachment":"scroll","background-type":"","background-media":"","overlay-type":"","overlay-color":"","overlay-opacity":"","overlay-gradient":""},"tablet":{"background-color":"","background-image":"","background-repeat":"repeat","background-position":"center center","background-size":"auto","background-attachment":"scroll","background-type":"","background-media":"","overlay-type":"","overlay-color":"","overlay-opacity":"","overlay-gradient":""},"mobile":{"background-color":"","background-image":"","background-repeat":"repeat","background-position":"center center","background-size":"auto","background-attachment":"scroll","background-type":"","background-media":"","overlay-type":"","overlay-color":"","overlay-opacity":"","overlay-gradient":""}},"ast-content-background-meta":{"desktop":{"background-color":"var(--ast-global-color-5)","background-image":"","background-repeat":"repeat","background-position":"center center","background-size":"auto","background-attachment":"scroll","background-type":"","background-media":"","overlay-type":"","overlay-color":"","overlay-opacity":"","overlay-gradient":""},"tablet":{"background-color":"var(--ast-global-color-5)","background-image":"","background-repeat":"repeat","background-position":"center center","background-size":"auto","background-attachment":"scroll","background-type":"","background-media":"","overlay-type":"","overlay-color":"","overlay-opacity":"","overlay-gradient":""},"mobile":{"background-color":"var(--ast-global-color-5)","background-image":"","background-repeat":"repeat","background-position":"center center","background-size":"auto","background-attachment":"scroll","background-type":"","background-media":"","overlay-type":"","overlay-color":"","overlay-opacity":"","overlay-gradient":""}},"footnotes":""},"class_list":["post-1154","page","type-page","status-publish","hentry"],"yoast_head":"<!-- This site is optimized with the Yoast SEO Premium plugin v27.2 (Yoast SEO v27.2) - https:\/\/yoast.com\/product\/yoast-seo-premium-wordpress\/ -->\n<title>Rent Road and Tour Bikes - Road Bike Rental Japan<\/title>\n<meta name=\"description\" content=\"Ready to rent a road or tour bike in Japan? Choose your rental location and select from Road and Tour Bikes for your Japan cycling adventure.\" \/>\n<meta name=\"robots\" content=\"index, follow, max-snippet:-1, max-image-preview:large, max-video-preview:-1\" \/>\n<link rel=\"canonical\" href=\"https:\/\/roadbikerentaljapan.com\/es\/rentals\/\" \/>\n<meta property=\"og:locale\" content=\"es_ES\" \/>\n<meta property=\"og:type\" content=\"article\" \/>\n<meta property=\"og:title\" content=\"Rentals\" \/>\n<meta property=\"og:description\" content=\"Ready to rent a road or tour bike in Japan? Choose your rental location and select from Road and Tour Bikes for your Japan cycling adventure.\" \/>\n<meta property=\"og:url\" content=\"https:\/\/roadbikerentaljapan.com\/es\/rentals\/\" \/>\n<meta property=\"og:site_name\" content=\"Road Bike Rental Japan\" \/>\n<meta property=\"article:publisher\" content=\"https:\/\/www.facebook.com\/roadbikerentalJPN\" \/>\n<meta property=\"article:modified_time\" content=\"2026-01-30T07:17:38+00:00\" \/>\n<meta property=\"og:image\" content=\"https:\/\/roadbikerentaljapan.com\/wp-content\/uploads\/2024\/06\/image-18.jpeg\" \/>\n\t<meta property=\"og:image:width\" content=\"600\" \/>\n\t<meta property=\"og:image:height\" content=\"402\" \/>\n\t<meta property=\"og:image:type\" content=\"image\/jpeg\" \/>\n<meta name=\"twitter:card\" content=\"summary_large_image\" \/>\n<meta name=\"twitter:site\" content=\"@cyclinginjpn\" \/>\n<meta name=\"twitter:label1\" content=\"Tiempo de lectura\" \/>\n\t<meta name=\"twitter:data1\" content=\"3 minutos\" \/>\n<script type=\"application\/ld+json\" class=\"yoast-schema-graph\">{\"@context\":\"https:\/\/schema.org\",\"@graph\":[{\"@type\":\"WebPage\",\"@id\":\"https:\/\/roadbikerentaljapan.com\/rentals\/\",\"url\":\"https:\/\/roadbikerentaljapan.com\/rentals\/\",\"name\":\"Rent Road and Tour Bikes - Road Bike Rental Japan\",\"isPartOf\":{\"@id\":\"https:\/\/roadbikerentaljapan.com\/#website\"},\"primaryImageOfPage\":{\"@id\":\"https:\/\/roadbikerentaljapan.com\/rentals\/#primaryimage\"},\"image\":{\"@id\":\"https:\/\/roadbikerentaljapan.com\/rentals\/#primaryimage\"},\"thumbnailUrl\":\"https:\/\/roadbikerentaljapan.com\/wp-content\/uploads\/2024\/06\/image-18.jpeg\",\"datePublished\":\"2024-07-05T03:06:16+00:00\",\"dateModified\":\"2026-01-30T07:17:38+00:00\",\"description\":\"Ready to rent a road or tour bike in Japan? Choose your rental location and select from Road and Tour Bikes for your Japan cycling adventure.\",\"breadcrumb\":{\"@id\":\"https:\/\/roadbikerentaljapan.com\/rentals\/#breadcrumb\"},\"inLanguage\":\"es\",\"potentialAction\":[{\"@type\":\"ReadAction\",\"target\":[\"https:\/\/roadbikerentaljapan.com\/rentals\/\"]}]},{\"@type\":\"ImageObject\",\"inLanguage\":\"es\",\"@id\":\"https:\/\/roadbikerentaljapan.com\/rentals\/#primaryimage\",\"url\":\"https:\/\/roadbikerentaljapan.com\/wp-content\/uploads\/2024\/06\/image-18.jpeg\",\"contentUrl\":\"https:\/\/roadbikerentaljapan.com\/wp-content\/uploads\/2024\/06\/image-18.jpeg\"},{\"@type\":\"BreadcrumbList\",\"@id\":\"https:\/\/roadbikerentaljapan.com\/rentals\/#breadcrumb\",\"itemListElement\":[{\"@type\":\"ListItem\",\"position\":1,\"name\":\"Home\",\"item\":\"https:\/\/roadbikerentaljapan.com\/\"},{\"@type\":\"ListItem\",\"position\":2,\"name\":\"Rentals\"}]},{\"@type\":\"WebSite\",\"@id\":\"https:\/\/roadbikerentaljapan.com\/#website\",\"url\":\"https:\/\/roadbikerentaljapan.com\/\",\"name\":\"Road Bike Rental Japan\",\"description\":\"Cycling in Japan\",\"publisher\":{\"@id\":\"https:\/\/roadbikerentaljapan.com\/#organization\"},\"alternateName\":\"RBRJ\",\"potentialAction\":[{\"@type\":\"SearchAction\",\"target\":{\"@type\":\"EntryPoint\",\"urlTemplate\":\"https:\/\/roadbikerentaljapan.com\/?s={search_term_string}\"},\"query-input\":{\"@type\":\"PropertyValueSpecification\",\"valueRequired\":true,\"valueName\":\"search_term_string\"}}],\"inLanguage\":\"es\"},{\"@type\":\"Organization\",\"@id\":\"https:\/\/roadbikerentaljapan.com\/#organization\",\"name\":\"Road Bike Rental Japan LLC\",\"alternateName\":\"Road Bike Rental Japan LLC\",\"url\":\"https:\/\/roadbikerentaljapan.com\/\",\"logo\":{\"@type\":\"ImageObject\",\"inLanguage\":\"es\",\"@id\":\"https:\/\/roadbikerentaljapan.com\/#\/schema\/logo\/image\/\",\"url\":\"https:\/\/roadbikerentaljapan.com\/wp-content\/uploads\/2024\/08\/cropped-HiRez-Web-Banner-2024-300-x-100-px.png\",\"contentUrl\":\"https:\/\/roadbikerentaljapan.com\/wp-content\/uploads\/2024\/08\/cropped-HiRez-Web-Banner-2024-300-x-100-px.png\",\"width\":300,\"height\":100,\"caption\":\"Road Bike Rental Japan LLC\"},\"image\":{\"@id\":\"https:\/\/roadbikerentaljapan.com\/#\/schema\/logo\/image\/\"},\"sameAs\":[\"https:\/\/www.facebook.com\/roadbikerentalJPN\",\"https:\/\/x.com\/cyclinginjpn\",\"https:\/\/www.youtube.com\/@cyclinginjpn\"],\"email\":\"info@roadbikerentaljapan.com\",\"telephone\":\"+815017228801\",\"legalName\":\"\u5408\u540c\u4f1a\u793e\u30ed\u30fc\u30c9\u30d0\u30a4\u30af\u30ec\u30f3\u30bf\u30eb\u30b8\u30e3\u30d1\u30f3\",\"foundingDate\":\"2022-12-19\",\"numberOfEmployees\":{\"@type\":\"QuantitativeValue\",\"minValue\":\"1\",\"maxValue\":\"10\"}}]}<\/script>\n<!-- \/ Yoast SEO Premium plugin. -->","yoast_head_json":{"title":"Alquiler de bicicletas de carretera y de paseo - Road Bike Rental Japan","description":"\u00bfListo para alquilar una bicicleta de carretera o de paseo en Jap\u00f3n? Elija su lugar de alquiler y seleccione entre bicicletas de carretera y de paseo para su aventura ciclista en Jap\u00f3n.","robots":{"index":"index","follow":"follow","max-snippet":"max-snippet:-1","max-image-preview":"max-image-preview:large","max-video-preview":"max-video-preview:-1"},"canonical":"https:\/\/roadbikerentaljapan.com\/es\/rentals\/","og_locale":"es_ES","og_type":"article","og_title":"Rentals","og_description":"Ready to rent a road or tour bike in Japan? Choose your rental location and select from Road and Tour Bikes for your Japan cycling adventure.","og_url":"https:\/\/roadbikerentaljapan.com\/es\/rentals\/","og_site_name":"Road Bike Rental Japan","article_publisher":"https:\/\/www.facebook.com\/roadbikerentalJPN","article_modified_time":"2026-01-30T07:17:38+00:00","og_image":[{"width":600,"height":402,"url":"https:\/\/roadbikerentaljapan.com\/wp-content\/uploads\/2024\/06\/image-18.jpeg","type":"image\/jpeg"}],"twitter_card":"summary_large_image","twitter_site":"@cyclinginjpn","twitter_misc":{"Tiempo de lectura":"3 minutos"},"schema":{"@context":"https:\/\/schema.org","@graph":[{"@type":"WebPage","@id":"https:\/\/roadbikerentaljapan.com\/rentals\/","url":"https:\/\/roadbikerentaljapan.com\/rentals\/","name":"Alquiler de bicicletas de carretera y de paseo - Road Bike Rental Japan","isPartOf":{"@id":"https:\/\/roadbikerentaljapan.com\/#website"},"primaryImageOfPage":{"@id":"https:\/\/roadbikerentaljapan.com\/rentals\/#primaryimage"},"image":{"@id":"https:\/\/roadbikerentaljapan.com\/rentals\/#primaryimage"},"thumbnailUrl":"https:\/\/roadbikerentaljapan.com\/wp-content\/uploads\/2024\/06\/image-18.jpeg","datePublished":"2024-07-05T03:06:16+00:00","dateModified":"2026-01-30T07:17:38+00:00","description":"\u00bfListo para alquilar una bicicleta de carretera o de paseo en Jap\u00f3n? Elija su lugar de alquiler y seleccione entre bicicletas de carretera y de paseo para su aventura ciclista en Jap\u00f3n.","breadcrumb":{"@id":"https:\/\/roadbikerentaljapan.com\/rentals\/#breadcrumb"},"inLanguage":"es","potentialAction":[{"@type":"ReadAction","target":["https:\/\/roadbikerentaljapan.com\/rentals\/"]}]},{"@type":"ImageObject","inLanguage":"es","@id":"https:\/\/roadbikerentaljapan.com\/rentals\/#primaryimage","url":"https:\/\/roadbikerentaljapan.com\/wp-content\/uploads\/2024\/06\/image-18.jpeg","contentUrl":"https:\/\/roadbikerentaljapan.com\/wp-content\/uploads\/2024\/06\/image-18.jpeg"},{"@type":"BreadcrumbList","@id":"https:\/\/roadbikerentaljapan.com\/rentals\/#breadcrumb","itemListElement":[{"@type":"ListItem","position":1,"name":"Home","item":"https:\/\/roadbikerentaljapan.com\/"},{"@type":"ListItem","position":2,"name":"Rentals"}]},{"@type":"WebSite","@id":"https:\/\/roadbikerentaljapan.com\/#website","url":"https:\/\/roadbikerentaljapan.com\/","name":"Alquiler de bicicletas de carretera Jap\u00f3n","description":"Ciclismo en Jap\u00f3n","publisher":{"@id":"https:\/\/roadbikerentaljapan.com\/#organization"},"alternateName":"RBRJ","potentialAction":[{"@type":"SearchAction","target":{"@type":"EntryPoint","urlTemplate":"https:\/\/roadbikerentaljapan.com\/?s={search_term_string}"},"query-input":{"@type":"PropertyValueSpecification","valueRequired":true,"valueName":"search_term_string"}}],"inLanguage":"es"},{"@type":"Organization","@id":"https:\/\/roadbikerentaljapan.com\/#organization","name":"Road Bike Rental Japan LLC","alternateName":"Road Bike Rental Japan LLC","url":"https:\/\/roadbikerentaljapan.com\/","logo":{"@type":"ImageObject","inLanguage":"es","@id":"https:\/\/roadbikerentaljapan.com\/#\/schema\/logo\/image\/","url":"https:\/\/roadbikerentaljapan.com\/wp-content\/uploads\/2024\/08\/cropped-HiRez-Web-Banner-2024-300-x-100-px.png","contentUrl":"https:\/\/roadbikerentaljapan.com\/wp-content\/uploads\/2024\/08\/cropped-HiRez-Web-Banner-2024-300-x-100-px.png","width":300,"height":100,"caption":"Road Bike Rental Japan LLC"},"image":{"@id":"https:\/\/roadbikerentaljapan.com\/#\/schema\/logo\/image\/"},"sameAs":["https:\/\/www.facebook.com\/roadbikerentalJPN","https:\/\/x.com\/cyclinginjpn","https:\/\/www.youtube.com\/@cyclinginjpn"],"email":"info@roadbikerentaljapan.com","telephone":"+815017228801","legalName":"\u5408\u540c\u4f1a\u793e\u30ed\u30fc\u30c9\u30d0\u30a4\u30af\u30ec\u30f3\u30bf\u30eb\u30b8\u30e3\u30d1\u30f3","foundingDate":"2022-12-19","numberOfEmployees":{"@type":"QuantitativeValue","minValue":"1","maxValue":"10"}}]}},"uagb_featured_image_src":{"full":false,"thumbnail":false,"medium":false,"medium_large":false,"large":false,"1536x1536":false,"2048x2048":false,"trp-custom-language-flag":false},"uagb_author_info":{"display_name":"rbrj2024","author_link":"https:\/\/roadbikerentaljapan.com\/es\/author\/rbrj2024\/"},"uagb_comment_info":0,"uagb_excerpt":"Unsure of your Road or Tour Bike size, or have other questions about how to make a rental?Check here!","_links":{"self":[{"href":"https:\/\/roadbikerentaljapan.com\/es\/wp-json\/wp\/v2\/pages\/1154","targetHints":{"allow":["GET"]}}],"collection":[{"href":"https:\/\/roadbikerentaljapan.com\/es\/wp-json\/wp\/v2\/pages"}],"about":[{"href":"https:\/\/roadbikerentaljapan.com\/es\/wp-json\/wp\/v2\/types\/page"}],"author":[{"embeddable":true,"href":"https:\/\/roadbikerentaljapan.com\/es\/wp-json\/wp\/v2\/users\/1"}],"replies":[{"embeddable":true,"href":"https:\/\/roadbikerentaljapan.com\/es\/wp-json\/wp\/v2\/comments?post=1154"}],"version-history":[{"count":0,"href":"https:\/\/roadbikerentaljapan.com\/es\/wp-json\/wp\/v2\/pages\/1154\/revisions"}],"wp:attachment":[{"href":"https:\/\/roadbikerentaljapan.com\/es\/wp-json\/wp\/v2\/media?parent=1154"}],"curies":[{"name":"wp","href":"https:\/\/api.w.org\/{rel}","templated":true}]}}