{"id":1719,"date":"2024-07-20T01:51:48","date_gmt":"2024-07-20T01:51:48","guid":{"rendered":"http:\/\/road-bike-rental-japan.local\/?page_id=1719"},"modified":"2025-12-30T14:36:32","modified_gmt":"2025-12-30T05:36:32","slug":"rbrj-deed","status":"publish","type":"page","link":"https:\/\/roadbikerentaljapan.com\/es\/rbrj-deed\/","title":{"rendered":"Escritura de Reconocimiento, Exenci\u00f3n de Responsabilidad y Asunci\u00f3n Voluntaria de Riesgos (\"DEED\")"},"content":{"rendered":"<p class=\"has-medium-font-size\">Al utilizar las bicicletas de alquiler, el equipo y los servicios de Road Bike Rental Japan, usted acepta y est\u00e1 de acuerdo con la Escritura de Reconocimiento y Exenci\u00f3n de Responsabilidad de RBRJ, y la Asunci\u00f3n Voluntaria de Riesgos ('DEED').<\/p>\n\n\n\n<p class=\"has-medium-font-size\">Al utilizar las bicicletas de alquiler, el equipo y los servicios de Road Bike Rental Japan, usted<br>aceptan y est\u00e1n de acuerdo con la Escritura de Reconocimiento de Road Bike Rental Japan y<br>Exenci\u00f3n de responsabilidad y asunci\u00f3n voluntaria de riesgos (\u2018DEED\u2019).<br>A petici\u00f3n m\u00eda, Road Bike Rental Japan (en adelante \u201cRBRJ\u201d me permitir\u00e1<br>alquilar una bicicleta suministrada por la RBRJ y el equipo asociado. Si mi solicitud de alquiler<br>acepto los t\u00e9rminos y condiciones de uso y el efecto de las mismas.<br>de esta Escritura de Reconocimiento y Exoneraci\u00f3n de Responsabilidad, y Voluntario<br>Asunci\u00f3n de Riesgos (la \u2018Escritura\u2019).<br>Reconozco que:<\/p>\n\n\n\n<p class=\"has-medium-font-size\">Comprendo, garantizo, estoy de acuerdo y acepto que existen riesgos inherentes a<br>lesiones derivadas del uso del equipo alquilado y, en caso de que se produzcan dichas lesiones, me comprometo a<br>indemnizar y mantener indemnizados a RBRJ, sus empleados, afiliados y agentes<br>de todas las acciones, demandas, reclamaciones por da\u00f1os y demandas por da\u00f1os personales,<br>p\u00e9rdidas o da\u00f1os sufridos por m\u00ed o por cualquier persona mencionada en las presentes condiciones y<br>condiciones o cualquier tercero (3\u00aa).<\/p>\n\n\n\n<p>Soy competente para realizar un control de seguridad, y realizar\u00e9 personalmente un<br>comprobaci\u00f3n de seguridad de la bicicleta alquilada antes de mi viaje. Este control de seguridad incluye<br>(entre otros):<br>i. Compruebe que las pastillas de freno no est\u00e9n desgastadas ni rocen con la rueda o el neum\u00e1tico.<br>ii. Compruebe que el desbloqueo del freno est\u00e1 en posici\u00f3n baja.<br>iii. Compruebe que las marchas y las palancas de freno est\u00e1n en buen estado y funcionan correctamente.<br>iv. Compruebe la presi\u00f3n de aire y el estado de los neum\u00e1ticos.<br>v. Comprobar que las ruedas est\u00e1n en buen estado.<br>vi. Compruebe que el cierre r\u00e1pido de la rueda est\u00e1 bloqueado.<br>vii. Compruebe que la cadena y el engranaje se mueven correctamente.<br>viii. Compruebe que el sill\u00edn y la tija est\u00e9n bien sujetos.<br>ix. Compruebe que los cables no est\u00e9n deshilachados.<br>x. Compruebe que las luces delanteras y traseras est\u00e1n encendidas antes de circular.<br>xi. Comprobar que el casco est\u00e1 en buenas condiciones y correctamente colocado.<\/p>\n\n\n\n<p>Soy competente para conducir con seguridad la bicicleta alquilada por carreteras japonesas y en un<br>entorno urbano. Utilizar\u00e9 la bicicleta y el equipo de forma segura, s\u00f3lo para su<br>uso previsto, estrictamente de acuerdo con el c\u00f3digo de circulaci\u00f3n y cualquier otro<br>la legislaci\u00f3n aplicable y de acuerdo con las instrucciones de<br>RBRJ o suministrado con la bicicleta o el equipo.<\/p>\n\n\n\n<p>Llevar\u00e9 en todo momento el equipo de seguridad adecuado, incluida la bicicleta.<br>casco. No utilizar\u00e9 c\u00e1maras, aparatos port\u00e1tiles de m\u00fasica, tel\u00e9fonos o buscapersonas.<br>mientras conduzco mi moto de alquiler. Utilizar\u00e9 las luces delanteras y traseras suministradas durante mi<br>paseo.<\/p>\n\n\n\n<p>Asumo toda la responsabilidad del mantenimiento y la seguridad del alquiler.<br>la bicicleta y el equipo durante el alquiler de la bicicleta, incluido el per\u00edodo de recogida<br>durante y despu\u00e9s de mi periodo de alquiler. Autorizo a RBRJ a cargar mi<br>tarjeta de cr\u00e9dito nominada para recuperar los costes asociados a la p\u00e9rdida, robo o<br>da\u00f1os del material alquilado a los precios de venta al p\u00fablico recomendados en Jap\u00f3n.<\/p>\n\n\n\n<p>Comprendo y reconozco los peligros asociados a la<br>consumo de alcohol o de cualquier sustancia que altere la mente antes o durante cualquier<br>actividad ciclista. No estoy bajo los efectos del alcohol o las drogas. Me encuentro en buen<br>salud y no padecen ninguna enfermedad cardiovascular, respiratoria, musculoesquel\u00e9tica<br>u otras afecciones m\u00e9dicas que puedan verse afectadas por la conducci\u00f3n de una bicicleta.<\/p>\n\n\n\n<p>Soy mayor de 18 a\u00f1os.<\/p>\n\n\n\n<p>Mido m\u00e1s de 120 cm y mi peso corporal est\u00e1 por debajo del m\u00e1ximo aconsejado.<br>l\u00edmite para la moto que he elegido alquilar.<\/p>\n\n\n\n<p>Que esta Escritura sirva de advertencia de que el ciclismo es una actividad intr\u00ednsecamente peligrosa.<br>actividad recreativa, presentando un gran n\u00famero de riesgos, como el riesgo de<br>ca\u00eddas, colisiones con otros motoristas o veh\u00edculos, obst\u00e1culos ocultos o<br>terreno variable, o el riesgo de lesiones o muerte por cualquier fallo de la bicicleta o<br>cualquiera de sus componentes.<\/p>\n\n\n\n<p>Al firmar esta Escritura, acepto que asumo voluntaria y expresamente todas las<br>riesgos asociados al alquiler y uso de la bicicleta y a los<br>equipos y servicios suministrados por RBRJ, incluido el riesgo de lesiones graves<br>o la muerte.<\/p>\n\n\n\n<p class=\"has-medium-font-size\"><a href=\"https:\/\/cdn.shopify.com\/s\/files\/1\/0027\/0909\/4464\/files\/DEED.pdf?v=1661215106\" target=\"_blank\" rel=\"noreferrer noopener\">RBRJ - \u514d\u8cac\u6761\u9805\u304a\u3088\u3073\u5371\u967a\u306e\u5f15\u304d\u53d7\u3051\u306b\u3064\u3044\u3066\u306e\u8a93\u7d04\u66f8<\/a>&nbsp;(Japon\u00e9s)<\/p>","protected":false},"excerpt":{"rendered":"<p>By using Road Bike Rental Japan\u2019s hire bikes, equipment and services you accept and agree to RBRJ&#8217;s&nbsp;Deed of Acknowledgment &amp; [&hellip;]<\/p>\n","protected":false},"author":1,"featured_media":0,"parent":0,"menu_order":10,"comment_status":"closed","ping_status":"closed","template":"","meta":{"content-type":"","_uag_custom_page_level_css":"","site-sidebar-layout":"default","site-content-layout":"","ast-site-content-layout":"default","site-content-style":"default","site-sidebar-style":"default","ast-global-header-display":"","ast-banner-title-visibility":"","ast-main-header-display":"","ast-hfb-above-header-display":"","ast-hfb-below-header-display":"","ast-hfb-mobile-header-display":"","site-post-title":"","ast-breadcrumbs-content":"","ast-featured-img":"","footer-sml-layout":"","ast-disable-related-posts":"","theme-transparent-header-meta":"","adv-header-id-meta":"","stick-header-meta":"","header-above-stick-meta":"","header-main-stick-meta":"","header-below-stick-meta":"","astra-migrate-meta-layouts":"default","ast-page-background-enabled":"default","ast-page-background-meta":{"desktop":{"background-color":"var(--ast-global-color-4)","background-image":"","background-repeat":"repeat","background-position":"center center","background-size":"auto","background-attachment":"scroll","background-type":"","background-media":"","overlay-type":"","overlay-color":"","overlay-opacity":"","overlay-gradient":""},"tablet":{"background-color":"","background-image":"","background-repeat":"repeat","background-position":"center center","background-size":"auto","background-attachment":"scroll","background-type":"","background-media":"","overlay-type":"","overlay-color":"","overlay-opacity":"","overlay-gradient":""},"mobile":{"background-color":"","background-image":"","background-repeat":"repeat","background-position":"center center","background-size":"auto","background-attachment":"scroll","background-type":"","background-media":"","overlay-type":"","overlay-color":"","overlay-opacity":"","overlay-gradient":""}},"ast-content-background-meta":{"desktop":{"background-color":"var(--ast-global-color-5)","background-image":"","background-repeat":"repeat","background-position":"center center","background-size":"auto","background-attachment":"scroll","background-type":"","background-media":"","overlay-type":"","overlay-color":"","overlay-opacity":"","overlay-gradient":""},"tablet":{"background-color":"var(--ast-global-color-5)","background-image":"","background-repeat":"repeat","background-position":"center center","background-size":"auto","background-attachment":"scroll","background-type":"","background-media":"","overlay-type":"","overlay-color":"","overlay-opacity":"","overlay-gradient":""},"mobile":{"background-color":"var(--ast-global-color-5)","background-image":"","background-repeat":"repeat","background-position":"center center","background-size":"auto","background-attachment":"scroll","background-type":"","background-media":"","overlay-type":"","overlay-color":"","overlay-opacity":"","overlay-gradient":""}},"footnotes":""},"class_list":["post-1719","page","type-page","status-publish","hentry"],"yoast_head":"<!-- This site is optimized with the Yoast SEO Premium plugin v27.5 (Yoast SEO v27.5) - https:\/\/yoast.com\/product\/yoast-seo-premium-wordpress\/ -->\n<title>RBRJ&#039;s DEED - Road Bike Rental Japan<\/title>\n<meta name=\"description\" content=\"Read RBRJ&#039;s\u00a0Deed of Acknowledgment &amp; Waiver\u00a0of\u00a0Liability,\u00a0and\u00a0Voluntary Assumption of\u00a0Risk\u00a0(\u2018DEED\u2019) here.\" \/>\n<meta name=\"robots\" content=\"index, follow, max-snippet:-1, max-image-preview:large, max-video-preview:-1\" \/>\n<link rel=\"canonical\" href=\"https:\/\/roadbikerentaljapan.com\/es\/rbrj-deed\/\" \/>\n<meta property=\"og:locale\" content=\"es_ES\" \/>\n<meta property=\"og:type\" content=\"article\" \/>\n<meta property=\"og:title\" content=\"Deed of Acknowledgment, Waiver of Liability and Voluntary Assumption of Risk (\u2018DEED\u2019)\" \/>\n<meta property=\"og:description\" content=\"Read RBRJ&#039;s\u00a0Deed of Acknowledgment &amp; Waiver\u00a0of\u00a0Liability,\u00a0and\u00a0Voluntary Assumption of\u00a0Risk\u00a0(\u2018DEED\u2019) here.\" \/>\n<meta property=\"og:url\" content=\"https:\/\/roadbikerentaljapan.com\/es\/rbrj-deed\/\" \/>\n<meta property=\"og:site_name\" content=\"Road Bike Rental Japan\" \/>\n<meta property=\"article:publisher\" content=\"https:\/\/www.facebook.com\/roadbikerentalJPN\" \/>\n<meta property=\"article:modified_time\" content=\"2025-12-30T05:36:32+00:00\" \/>\n<meta name=\"twitter:card\" content=\"summary_large_image\" \/>\n<meta name=\"twitter:site\" content=\"@cyclinginjpn\" \/>\n<meta name=\"twitter:label1\" content=\"Tiempo de lectura\" \/>\n\t<meta name=\"twitter:data1\" content=\"3 minutos\" \/>\n<script type=\"application\/ld+json\" class=\"yoast-schema-graph\">{\"@context\":\"https:\\\/\\\/schema.org\",\"@graph\":[{\"@type\":\"WebPage\",\"@id\":\"https:\\\/\\\/roadbikerentaljapan.com\\\/rbrj-deed\\\/\",\"url\":\"https:\\\/\\\/roadbikerentaljapan.com\\\/rbrj-deed\\\/\",\"name\":\"RBRJ's DEED - Road Bike Rental Japan\",\"isPartOf\":{\"@id\":\"https:\\\/\\\/roadbikerentaljapan.com\\\/#website\"},\"datePublished\":\"2024-07-20T01:51:48+00:00\",\"dateModified\":\"2025-12-30T05:36:32+00:00\",\"description\":\"Read RBRJ's\u00a0Deed of Acknowledgment & Waiver\u00a0of\u00a0Liability,\u00a0and\u00a0Voluntary Assumption of\u00a0Risk\u00a0(\u2018DEED\u2019) here.\",\"breadcrumb\":{\"@id\":\"https:\\\/\\\/roadbikerentaljapan.com\\\/rbrj-deed\\\/#breadcrumb\"},\"inLanguage\":\"es\",\"potentialAction\":[{\"@type\":\"ReadAction\",\"target\":[\"https:\\\/\\\/roadbikerentaljapan.com\\\/rbrj-deed\\\/\"]}]},{\"@type\":\"BreadcrumbList\",\"@id\":\"https:\\\/\\\/roadbikerentaljapan.com\\\/rbrj-deed\\\/#breadcrumb\",\"itemListElement\":[{\"@type\":\"ListItem\",\"position\":1,\"name\":\"Home\",\"item\":\"https:\\\/\\\/roadbikerentaljapan.com\\\/\"},{\"@type\":\"ListItem\",\"position\":2,\"name\":\"Deed of Acknowledgment, Waiver of Liability and Voluntary Assumption of Risk (\u2018DEED\u2019)\"}]},{\"@type\":\"WebSite\",\"@id\":\"https:\\\/\\\/roadbikerentaljapan.com\\\/#website\",\"url\":\"https:\\\/\\\/roadbikerentaljapan.com\\\/\",\"name\":\"Road Bike Rental Japan\",\"description\":\"Cycling in Japan\",\"publisher\":{\"@id\":\"https:\\\/\\\/roadbikerentaljapan.com\\\/#organization\"},\"alternateName\":\"RBRJ\",\"potentialAction\":[{\"@type\":\"SearchAction\",\"target\":{\"@type\":\"EntryPoint\",\"urlTemplate\":\"https:\\\/\\\/roadbikerentaljapan.com\\\/?s={search_term_string}\"},\"query-input\":{\"@type\":\"PropertyValueSpecification\",\"valueRequired\":true,\"valueName\":\"search_term_string\"}}],\"inLanguage\":\"es\"},{\"@type\":\"Organization\",\"@id\":\"https:\\\/\\\/roadbikerentaljapan.com\\\/#organization\",\"name\":\"Road Bike Rental Japan LLC\",\"alternateName\":\"Road Bike Rental Japan LLC\",\"url\":\"https:\\\/\\\/roadbikerentaljapan.com\\\/\",\"logo\":{\"@type\":\"ImageObject\",\"inLanguage\":\"es\",\"@id\":\"https:\\\/\\\/roadbikerentaljapan.com\\\/#\\\/schema\\\/logo\\\/image\\\/\",\"url\":\"https:\\\/\\\/roadbikerentaljapan.com\\\/wp-content\\\/uploads\\\/2024\\\/08\\\/cropped-HiRez-Web-Banner-2024-300-x-100-px.png\",\"contentUrl\":\"https:\\\/\\\/roadbikerentaljapan.com\\\/wp-content\\\/uploads\\\/2024\\\/08\\\/cropped-HiRez-Web-Banner-2024-300-x-100-px.png\",\"width\":300,\"height\":100,\"caption\":\"Road Bike Rental Japan LLC\"},\"image\":{\"@id\":\"https:\\\/\\\/roadbikerentaljapan.com\\\/#\\\/schema\\\/logo\\\/image\\\/\"},\"sameAs\":[\"https:\\\/\\\/www.facebook.com\\\/roadbikerentalJPN\",\"https:\\\/\\\/x.com\\\/cyclinginjpn\",\"https:\\\/\\\/www.youtube.com\\\/@cyclinginjpn\"],\"email\":\"info@roadbikerentaljapan.com\",\"telephone\":\"+815017228801\",\"legalName\":\"\u5408\u540c\u4f1a\u793e\u30ed\u30fc\u30c9\u30d0\u30a4\u30af\u30ec\u30f3\u30bf\u30eb\u30b8\u30e3\u30d1\u30f3\",\"foundingDate\":\"2022-12-19\",\"numberOfEmployees\":{\"@type\":\"QuantitativeValue\",\"minValue\":\"1\",\"maxValue\":\"10\"}}]}<\/script>\n<!-- \/ Yoast SEO Premium plugin. -->","yoast_head_json":{"title":"DEED de RBRJ - Alquiler de bicicletas de carretera en Jap\u00f3n","description":"Lea la Escritura de reconocimiento y exenci\u00f3n de responsabilidad y asunci\u00f3n voluntaria de riesgos (\"DEED\") de RBRJ aqu\u00ed.","robots":{"index":"index","follow":"follow","max-snippet":"max-snippet:-1","max-image-preview":"max-image-preview:large","max-video-preview":"max-video-preview:-1"},"canonical":"https:\/\/roadbikerentaljapan.com\/es\/rbrj-deed\/","og_locale":"es_ES","og_type":"article","og_title":"Deed of Acknowledgment, Waiver of Liability and Voluntary Assumption of Risk (\u2018DEED\u2019)","og_description":"Read RBRJ's\u00a0Deed of Acknowledgment & Waiver\u00a0of\u00a0Liability,\u00a0and\u00a0Voluntary Assumption of\u00a0Risk\u00a0(\u2018DEED\u2019) here.","og_url":"https:\/\/roadbikerentaljapan.com\/es\/rbrj-deed\/","og_site_name":"Road Bike Rental Japan","article_publisher":"https:\/\/www.facebook.com\/roadbikerentalJPN","article_modified_time":"2025-12-30T05:36:32+00:00","twitter_card":"summary_large_image","twitter_site":"@cyclinginjpn","twitter_misc":{"Tiempo de lectura":"3 minutos"},"schema":{"@context":"https:\/\/schema.org","@graph":[{"@type":"WebPage","@id":"https:\/\/roadbikerentaljapan.com\/rbrj-deed\/","url":"https:\/\/roadbikerentaljapan.com\/rbrj-deed\/","name":"DEED de RBRJ - Alquiler de bicicletas de carretera en Jap\u00f3n","isPartOf":{"@id":"https:\/\/roadbikerentaljapan.com\/#website"},"datePublished":"2024-07-20T01:51:48+00:00","dateModified":"2025-12-30T05:36:32+00:00","description":"Lea la Escritura de reconocimiento y exenci\u00f3n de responsabilidad y asunci\u00f3n voluntaria de riesgos (\"DEED\") de RBRJ aqu\u00ed.","breadcrumb":{"@id":"https:\/\/roadbikerentaljapan.com\/rbrj-deed\/#breadcrumb"},"inLanguage":"es","potentialAction":[{"@type":"ReadAction","target":["https:\/\/roadbikerentaljapan.com\/rbrj-deed\/"]}]},{"@type":"BreadcrumbList","@id":"https:\/\/roadbikerentaljapan.com\/rbrj-deed\/#breadcrumb","itemListElement":[{"@type":"ListItem","position":1,"name":"Home","item":"https:\/\/roadbikerentaljapan.com\/"},{"@type":"ListItem","position":2,"name":"Deed of Acknowledgment, Waiver of Liability and Voluntary Assumption of Risk (\u2018DEED\u2019)"}]},{"@type":"WebSite","@id":"https:\/\/roadbikerentaljapan.com\/#website","url":"https:\/\/roadbikerentaljapan.com\/","name":"Alquiler de bicicletas de carretera Jap\u00f3n","description":"Ciclismo en Jap\u00f3n","publisher":{"@id":"https:\/\/roadbikerentaljapan.com\/#organization"},"alternateName":"RBRJ","potentialAction":[{"@type":"SearchAction","target":{"@type":"EntryPoint","urlTemplate":"https:\/\/roadbikerentaljapan.com\/?s={search_term_string}"},"query-input":{"@type":"PropertyValueSpecification","valueRequired":true,"valueName":"search_term_string"}}],"inLanguage":"es"},{"@type":"Organization","@id":"https:\/\/roadbikerentaljapan.com\/#organization","name":"Road Bike Rental Japan LLC","alternateName":"Road Bike Rental Japan LLC","url":"https:\/\/roadbikerentaljapan.com\/","logo":{"@type":"ImageObject","inLanguage":"es","@id":"https:\/\/roadbikerentaljapan.com\/#\/schema\/logo\/image\/","url":"https:\/\/roadbikerentaljapan.com\/wp-content\/uploads\/2024\/08\/cropped-HiRez-Web-Banner-2024-300-x-100-px.png","contentUrl":"https:\/\/roadbikerentaljapan.com\/wp-content\/uploads\/2024\/08\/cropped-HiRez-Web-Banner-2024-300-x-100-px.png","width":300,"height":100,"caption":"Road Bike Rental Japan LLC"},"image":{"@id":"https:\/\/roadbikerentaljapan.com\/#\/schema\/logo\/image\/"},"sameAs":["https:\/\/www.facebook.com\/roadbikerentalJPN","https:\/\/x.com\/cyclinginjpn","https:\/\/www.youtube.com\/@cyclinginjpn"],"email":"info@roadbikerentaljapan.com","telephone":"+815017228801","legalName":"\u5408\u540c\u4f1a\u793e\u30ed\u30fc\u30c9\u30d0\u30a4\u30af\u30ec\u30f3\u30bf\u30eb\u30b8\u30e3\u30d1\u30f3","foundingDate":"2022-12-19","numberOfEmployees":{"@type":"QuantitativeValue","minValue":"1","maxValue":"10"}}]}},"uagb_featured_image_src":{"full":false,"thumbnail":false,"medium":false,"medium_large":false,"large":false,"1536x1536":false,"2048x2048":false,"trp-custom-language-flag":false},"uagb_author_info":{"display_name":"rbrj2024","author_link":"https:\/\/roadbikerentaljapan.com\/es\/author\/rbrj2024\/"},"uagb_comment_info":0,"uagb_excerpt":"By using Road Bike Rental Japan\u2019s hire bikes, equipment and services you accept and agree to RBRJ&#8217;s&nbsp;Deed of Acknowledgment &amp; [&hellip;]","_links":{"self":[{"href":"https:\/\/roadbikerentaljapan.com\/es\/wp-json\/wp\/v2\/pages\/1719","targetHints":{"allow":["GET"]}}],"collection":[{"href":"https:\/\/roadbikerentaljapan.com\/es\/wp-json\/wp\/v2\/pages"}],"about":[{"href":"https:\/\/roadbikerentaljapan.com\/es\/wp-json\/wp\/v2\/types\/page"}],"author":[{"embeddable":true,"href":"https:\/\/roadbikerentaljapan.com\/es\/wp-json\/wp\/v2\/users\/1"}],"replies":[{"embeddable":true,"href":"https:\/\/roadbikerentaljapan.com\/es\/wp-json\/wp\/v2\/comments?post=1719"}],"version-history":[{"count":0,"href":"https:\/\/roadbikerentaljapan.com\/es\/wp-json\/wp\/v2\/pages\/1719\/revisions"}],"wp:attachment":[{"href":"https:\/\/roadbikerentaljapan.com\/es\/wp-json\/wp\/v2\/media?parent=1719"}],"curies":[{"name":"wp","href":"https:\/\/api.w.org\/{rel}","templated":true}]}}