{"id":1721,"date":"2024-07-20T01:56:45","date_gmt":"2024-07-20T01:56:45","guid":{"rendered":"http:\/\/road-bike-rental-japan.local\/?page_id=1721"},"modified":"2024-11-27T15:24:30","modified_gmt":"2024-11-27T06:24:30","slug":"third-party-insurance-with-road-bike-rental-japan","status":"publish","type":"page","link":"https:\/\/roadbikerentaljapan.com\/es\/faq\/third-party-insurance-with-road-bike-rental-japan\/","title":{"rendered":"Seguro a terceros con Road Bike Rental Japan"},"content":{"rendered":"<h3 class=\"wp-block-heading has-text-align-center\">Tranquilidad mientras exploras Jap\u00f3n.<\/h3>\n\n\n\n<div class=\"wp-block-group is-layout-constrained wp-block-group-is-layout-constrained\">\n<p class=\"has-medium-font-size\">El 1 de julio de 2016 entr\u00f3 en vigor en la prefectura de Osaka una nueva ordenanza que obliga a todos los propietarios de bicicletas a tener un seguro de responsabilidad civil para bicicletas. Aunque el ciclismo en Jap\u00f3n es generalmente seguro, siempre hay riesgos asociados al ciclismo, por lo que estar cubierto te dar\u00e1 un extra de tranquilidad durante tu aventura.<\/p>\n\n\n\n<p class=\"has-medium-font-size\">Cada moto RBRJ es inspeccionada y cubierta anualmente por el TS Mark Scheme. Encontrar\u00e1 m\u00e1s informaci\u00f3n sobre la cobertura y la indemnizaci\u00f3n del TS Mark Scheme en&nbsp;<a href=\"https:\/\/tsmark.jp\/tsmark\/\" target=\"_blank\" rel=\"noreferrer noopener\">aqu\u00ed<\/a>.&nbsp;<\/p>\n\n\n\n<p class=\"has-medium-font-size\">En 2023, tambi\u00e9n a\u00f1adimos una capa adicional de seguro de responsabilidad civil y empresarial a trav\u00e9s de la&nbsp;<a href=\"https:\/\/bsc.hprtsa.jp\/rental.php\" target=\"_blank\" rel=\"noreferrer noopener\">Consejo de Seguridad de la Bicicleta<\/a>&nbsp;(japon\u00e9s).<\/p>\n\n\n\n<p class=\"has-medium-font-size\">Para los viajeros al extranjero, recomendamos que confirmen que su seguro de viaje cubre tambi\u00e9n actividades como el ciclismo para a\u00f1adir una capa adicional de protecci\u00f3n.<\/p>\n\n\n\n<p class=\"has-medium-font-size\">&nbsp;<a href=\"https:\/\/kyoto-bicycle.com\/rulemanner\" target=\"_blank\" rel=\"noreferrer noopener\">Modales ciclistas en Kioto<\/a><\/p>\n<\/div>","protected":false},"excerpt":{"rendered":"<p>Peace of mind while exploring Japan. On July 1st, 2016, in Osaka Prefecture, a new ordinance came into effect that [&hellip;]<\/p>\n","protected":false},"author":1,"featured_media":155,"parent":905,"menu_order":3,"comment_status":"closed","ping_status":"closed","template":"","meta":{"content-type":"","_uag_custom_page_level_css":"","site-sidebar-layout":"default","site-content-layout":"","ast-site-content-layout":"default","site-content-style":"default","site-sidebar-style":"default","ast-global-header-display":"","ast-banner-title-visibility":"","ast-main-header-display":"","ast-hfb-above-header-display":"","ast-hfb-below-header-display":"","ast-hfb-mobile-header-display":"","site-post-title":"","ast-breadcrumbs-content":"","ast-featured-img":"disabled","footer-sml-layout":"","ast-disable-related-posts":"","theme-transparent-header-meta":"","adv-header-id-meta":"","stick-header-meta":"","header-above-stick-meta":"","header-main-stick-meta":"","header-below-stick-meta":"","astra-migrate-meta-layouts":"default","ast-page-background-enabled":"default","ast-page-background-meta":{"desktop":{"background-color":"var(--ast-global-color-4)","background-image":"","background-repeat":"repeat","background-position":"center center","background-size":"auto","background-attachment":"scroll","background-type":"","background-media":"","overlay-type":"","overlay-color":"","overlay-opacity":"","overlay-gradient":""},"tablet":{"background-color":"","background-image":"","background-repeat":"repeat","background-position":"center center","background-size":"auto","background-attachment":"scroll","background-type":"","background-media":"","overlay-type":"","overlay-color":"","overlay-opacity":"","overlay-gradient":""},"mobile":{"background-color":"","background-image":"","background-repeat":"repeat","background-position":"center center","background-size":"auto","background-attachment":"scroll","background-type":"","background-media":"","overlay-type":"","overlay-color":"","overlay-opacity":"","overlay-gradient":""}},"ast-content-background-meta":{"desktop":{"background-color":"var(--ast-global-color-5)","background-image":"","background-repeat":"repeat","background-position":"center center","background-size":"auto","background-attachment":"scroll","background-type":"","background-media":"","overlay-type":"","overlay-color":"","overlay-opacity":"","overlay-gradient":""},"tablet":{"background-color":"var(--ast-global-color-5)","background-image":"","background-repeat":"repeat","background-position":"center center","background-size":"auto","background-attachment":"scroll","background-type":"","background-media":"","overlay-type":"","overlay-color":"","overlay-opacity":"","overlay-gradient":""},"mobile":{"background-color":"var(--ast-global-color-5)","background-image":"","background-repeat":"repeat","background-position":"center center","background-size":"auto","background-attachment":"scroll","background-type":"","background-media":"","overlay-type":"","overlay-color":"","overlay-opacity":"","overlay-gradient":""}},"footnotes":""},"class_list":["post-1721","page","type-page","status-publish","has-post-thumbnail","hentry"],"yoast_head":"<!-- This site is optimized with the Yoast SEO Premium plugin v27.4 (Yoast SEO v27.4) - https:\/\/yoast.com\/product\/yoast-seo-premium-wordpress\/ -->\n<title>Third Party Insurance with Road Bike Rental Japan - Road Bike Rental Japan<\/title>\n<meta name=\"description\" content=\"Read more information about insurance coverage and the layers of protection when renting with Road Bike Rental Japan.\" \/>\n<meta name=\"robots\" content=\"index, follow, max-snippet:-1, max-image-preview:large, max-video-preview:-1\" \/>\n<link rel=\"canonical\" href=\"https:\/\/roadbikerentaljapan.com\/es\/faq\/third-party-insurance-with-road-bike-rental-japan\/\" \/>\n<meta property=\"og:locale\" content=\"es_ES\" \/>\n<meta property=\"og:type\" content=\"article\" \/>\n<meta property=\"og:title\" content=\"Third Party Insurance with Road Bike Rental Japan\" \/>\n<meta property=\"og:description\" content=\"Read more information about insurance coverage and the layers of protection when renting with Road Bike Rental Japan.\" \/>\n<meta property=\"og:url\" content=\"https:\/\/roadbikerentaljapan.com\/es\/faq\/third-party-insurance-with-road-bike-rental-japan\/\" \/>\n<meta property=\"og:site_name\" content=\"Road Bike Rental Japan\" \/>\n<meta property=\"article:publisher\" content=\"https:\/\/www.facebook.com\/roadbikerentalJPN\" \/>\n<meta property=\"article:modified_time\" content=\"2024-11-27T06:24:30+00:00\" \/>\n<meta property=\"og:image\" content=\"https:\/\/roadbikerentaljapan.com\/wp-content\/uploads\/2024\/05\/Road_Bike_Rental_Square_Logo.png\" \/>\n\t<meta property=\"og:image:width\" content=\"512\" \/>\n\t<meta property=\"og:image:height\" content=\"512\" \/>\n\t<meta property=\"og:image:type\" content=\"image\/png\" \/>\n<meta name=\"twitter:card\" content=\"summary_large_image\" \/>\n<meta name=\"twitter:site\" content=\"@cyclinginjpn\" \/>\n<meta name=\"twitter:label1\" content=\"Tiempo de lectura\" \/>\n\t<meta name=\"twitter:data1\" content=\"1 minuto\" \/>\n<script type=\"application\/ld+json\" class=\"yoast-schema-graph\">{\"@context\":\"https:\\\/\\\/schema.org\",\"@graph\":[{\"@type\":\"WebPage\",\"@id\":\"https:\\\/\\\/roadbikerentaljapan.com\\\/faq\\\/third-party-insurance-with-road-bike-rental-japan\\\/\",\"url\":\"https:\\\/\\\/roadbikerentaljapan.com\\\/faq\\\/third-party-insurance-with-road-bike-rental-japan\\\/\",\"name\":\"Third Party Insurance with Road Bike Rental Japan - Road Bike Rental Japan\",\"isPartOf\":{\"@id\":\"https:\\\/\\\/roadbikerentaljapan.com\\\/#website\"},\"primaryImageOfPage\":{\"@id\":\"https:\\\/\\\/roadbikerentaljapan.com\\\/faq\\\/third-party-insurance-with-road-bike-rental-japan\\\/#primaryimage\"},\"image\":{\"@id\":\"https:\\\/\\\/roadbikerentaljapan.com\\\/faq\\\/third-party-insurance-with-road-bike-rental-japan\\\/#primaryimage\"},\"thumbnailUrl\":\"https:\\\/\\\/roadbikerentaljapan.com\\\/wp-content\\\/uploads\\\/2024\\\/05\\\/Road_Bike_Rental_Square_Logo.png\",\"datePublished\":\"2024-07-20T01:56:45+00:00\",\"dateModified\":\"2024-11-27T06:24:30+00:00\",\"description\":\"Read more information about insurance coverage and the layers of protection when renting with Road Bike Rental Japan.\",\"breadcrumb\":{\"@id\":\"https:\\\/\\\/roadbikerentaljapan.com\\\/faq\\\/third-party-insurance-with-road-bike-rental-japan\\\/#breadcrumb\"},\"inLanguage\":\"es\",\"potentialAction\":[{\"@type\":\"ReadAction\",\"target\":[\"https:\\\/\\\/roadbikerentaljapan.com\\\/faq\\\/third-party-insurance-with-road-bike-rental-japan\\\/\"]}]},{\"@type\":\"ImageObject\",\"inLanguage\":\"es\",\"@id\":\"https:\\\/\\\/roadbikerentaljapan.com\\\/faq\\\/third-party-insurance-with-road-bike-rental-japan\\\/#primaryimage\",\"url\":\"https:\\\/\\\/roadbikerentaljapan.com\\\/wp-content\\\/uploads\\\/2024\\\/05\\\/Road_Bike_Rental_Square_Logo.png\",\"contentUrl\":\"https:\\\/\\\/roadbikerentaljapan.com\\\/wp-content\\\/uploads\\\/2024\\\/05\\\/Road_Bike_Rental_Square_Logo.png\",\"width\":512,\"height\":512},{\"@type\":\"BreadcrumbList\",\"@id\":\"https:\\\/\\\/roadbikerentaljapan.com\\\/faq\\\/third-party-insurance-with-road-bike-rental-japan\\\/#breadcrumb\",\"itemListElement\":[{\"@type\":\"ListItem\",\"position\":1,\"name\":\"Home\",\"item\":\"https:\\\/\\\/roadbikerentaljapan.com\\\/\"},{\"@type\":\"ListItem\",\"position\":2,\"name\":\"FAQ\",\"item\":\"https:\\\/\\\/roadbikerentaljapan.com\\\/faq\\\/\"},{\"@type\":\"ListItem\",\"position\":3,\"name\":\"Third Party Insurance with Road Bike Rental Japan\"}]},{\"@type\":\"WebSite\",\"@id\":\"https:\\\/\\\/roadbikerentaljapan.com\\\/#website\",\"url\":\"https:\\\/\\\/roadbikerentaljapan.com\\\/\",\"name\":\"Road Bike Rental Japan\",\"description\":\"Cycling in Japan\",\"publisher\":{\"@id\":\"https:\\\/\\\/roadbikerentaljapan.com\\\/#organization\"},\"alternateName\":\"RBRJ\",\"potentialAction\":[{\"@type\":\"SearchAction\",\"target\":{\"@type\":\"EntryPoint\",\"urlTemplate\":\"https:\\\/\\\/roadbikerentaljapan.com\\\/?s={search_term_string}\"},\"query-input\":{\"@type\":\"PropertyValueSpecification\",\"valueRequired\":true,\"valueName\":\"search_term_string\"}}],\"inLanguage\":\"es\"},{\"@type\":\"Organization\",\"@id\":\"https:\\\/\\\/roadbikerentaljapan.com\\\/#organization\",\"name\":\"Road Bike Rental Japan LLC\",\"alternateName\":\"Road Bike Rental Japan LLC\",\"url\":\"https:\\\/\\\/roadbikerentaljapan.com\\\/\",\"logo\":{\"@type\":\"ImageObject\",\"inLanguage\":\"es\",\"@id\":\"https:\\\/\\\/roadbikerentaljapan.com\\\/#\\\/schema\\\/logo\\\/image\\\/\",\"url\":\"https:\\\/\\\/roadbikerentaljapan.com\\\/wp-content\\\/uploads\\\/2024\\\/08\\\/cropped-HiRez-Web-Banner-2024-300-x-100-px.png\",\"contentUrl\":\"https:\\\/\\\/roadbikerentaljapan.com\\\/wp-content\\\/uploads\\\/2024\\\/08\\\/cropped-HiRez-Web-Banner-2024-300-x-100-px.png\",\"width\":300,\"height\":100,\"caption\":\"Road Bike Rental Japan LLC\"},\"image\":{\"@id\":\"https:\\\/\\\/roadbikerentaljapan.com\\\/#\\\/schema\\\/logo\\\/image\\\/\"},\"sameAs\":[\"https:\\\/\\\/www.facebook.com\\\/roadbikerentalJPN\",\"https:\\\/\\\/x.com\\\/cyclinginjpn\",\"https:\\\/\\\/www.youtube.com\\\/@cyclinginjpn\"],\"email\":\"info@roadbikerentaljapan.com\",\"telephone\":\"+815017228801\",\"legalName\":\"\u5408\u540c\u4f1a\u793e\u30ed\u30fc\u30c9\u30d0\u30a4\u30af\u30ec\u30f3\u30bf\u30eb\u30b8\u30e3\u30d1\u30f3\",\"foundingDate\":\"2022-12-19\",\"numberOfEmployees\":{\"@type\":\"QuantitativeValue\",\"minValue\":\"1\",\"maxValue\":\"10\"}}]}<\/script>\n<!-- \/ Yoast SEO Premium plugin. -->","yoast_head_json":{"title":"Seguro a terceros con Road Bike Rental Japan - Road Bike Rental Japan","description":"Lea m\u00e1s informaci\u00f3n sobre la cobertura del seguro y los niveles de protecci\u00f3n al alquilar con Road Bike Rental Japan.","robots":{"index":"index","follow":"follow","max-snippet":"max-snippet:-1","max-image-preview":"max-image-preview:large","max-video-preview":"max-video-preview:-1"},"canonical":"https:\/\/roadbikerentaljapan.com\/es\/faq\/third-party-insurance-with-road-bike-rental-japan\/","og_locale":"es_ES","og_type":"article","og_title":"Third Party Insurance with Road Bike Rental Japan","og_description":"Read more information about insurance coverage and the layers of protection when renting with Road Bike Rental Japan.","og_url":"https:\/\/roadbikerentaljapan.com\/es\/faq\/third-party-insurance-with-road-bike-rental-japan\/","og_site_name":"Road Bike Rental Japan","article_publisher":"https:\/\/www.facebook.com\/roadbikerentalJPN","article_modified_time":"2024-11-27T06:24:30+00:00","og_image":[{"width":512,"height":512,"url":"https:\/\/roadbikerentaljapan.com\/wp-content\/uploads\/2024\/05\/Road_Bike_Rental_Square_Logo.png","type":"image\/png"}],"twitter_card":"summary_large_image","twitter_site":"@cyclinginjpn","twitter_misc":{"Tiempo de lectura":"1 minuto"},"schema":{"@context":"https:\/\/schema.org","@graph":[{"@type":"WebPage","@id":"https:\/\/roadbikerentaljapan.com\/faq\/third-party-insurance-with-road-bike-rental-japan\/","url":"https:\/\/roadbikerentaljapan.com\/faq\/third-party-insurance-with-road-bike-rental-japan\/","name":"Seguro a terceros con Road Bike Rental Japan - Road Bike Rental Japan","isPartOf":{"@id":"https:\/\/roadbikerentaljapan.com\/#website"},"primaryImageOfPage":{"@id":"https:\/\/roadbikerentaljapan.com\/faq\/third-party-insurance-with-road-bike-rental-japan\/#primaryimage"},"image":{"@id":"https:\/\/roadbikerentaljapan.com\/faq\/third-party-insurance-with-road-bike-rental-japan\/#primaryimage"},"thumbnailUrl":"https:\/\/roadbikerentaljapan.com\/wp-content\/uploads\/2024\/05\/Road_Bike_Rental_Square_Logo.png","datePublished":"2024-07-20T01:56:45+00:00","dateModified":"2024-11-27T06:24:30+00:00","description":"Lea m\u00e1s informaci\u00f3n sobre la cobertura del seguro y los niveles de protecci\u00f3n al alquilar con Road Bike Rental Japan.","breadcrumb":{"@id":"https:\/\/roadbikerentaljapan.com\/faq\/third-party-insurance-with-road-bike-rental-japan\/#breadcrumb"},"inLanguage":"es","potentialAction":[{"@type":"ReadAction","target":["https:\/\/roadbikerentaljapan.com\/faq\/third-party-insurance-with-road-bike-rental-japan\/"]}]},{"@type":"ImageObject","inLanguage":"es","@id":"https:\/\/roadbikerentaljapan.com\/faq\/third-party-insurance-with-road-bike-rental-japan\/#primaryimage","url":"https:\/\/roadbikerentaljapan.com\/wp-content\/uploads\/2024\/05\/Road_Bike_Rental_Square_Logo.png","contentUrl":"https:\/\/roadbikerentaljapan.com\/wp-content\/uploads\/2024\/05\/Road_Bike_Rental_Square_Logo.png","width":512,"height":512},{"@type":"BreadcrumbList","@id":"https:\/\/roadbikerentaljapan.com\/faq\/third-party-insurance-with-road-bike-rental-japan\/#breadcrumb","itemListElement":[{"@type":"ListItem","position":1,"name":"Home","item":"https:\/\/roadbikerentaljapan.com\/"},{"@type":"ListItem","position":2,"name":"FAQ","item":"https:\/\/roadbikerentaljapan.com\/faq\/"},{"@type":"ListItem","position":3,"name":"Third Party Insurance with Road Bike Rental Japan"}]},{"@type":"WebSite","@id":"https:\/\/roadbikerentaljapan.com\/#website","url":"https:\/\/roadbikerentaljapan.com\/","name":"Alquiler de bicicletas de carretera Jap\u00f3n","description":"Ciclismo en Jap\u00f3n","publisher":{"@id":"https:\/\/roadbikerentaljapan.com\/#organization"},"alternateName":"RBRJ","potentialAction":[{"@type":"SearchAction","target":{"@type":"EntryPoint","urlTemplate":"https:\/\/roadbikerentaljapan.com\/?s={search_term_string}"},"query-input":{"@type":"PropertyValueSpecification","valueRequired":true,"valueName":"search_term_string"}}],"inLanguage":"es"},{"@type":"Organization","@id":"https:\/\/roadbikerentaljapan.com\/#organization","name":"Road Bike Rental Japan LLC","alternateName":"Road Bike Rental Japan LLC","url":"https:\/\/roadbikerentaljapan.com\/","logo":{"@type":"ImageObject","inLanguage":"es","@id":"https:\/\/roadbikerentaljapan.com\/#\/schema\/logo\/image\/","url":"https:\/\/roadbikerentaljapan.com\/wp-content\/uploads\/2024\/08\/cropped-HiRez-Web-Banner-2024-300-x-100-px.png","contentUrl":"https:\/\/roadbikerentaljapan.com\/wp-content\/uploads\/2024\/08\/cropped-HiRez-Web-Banner-2024-300-x-100-px.png","width":300,"height":100,"caption":"Road Bike Rental Japan LLC"},"image":{"@id":"https:\/\/roadbikerentaljapan.com\/#\/schema\/logo\/image\/"},"sameAs":["https:\/\/www.facebook.com\/roadbikerentalJPN","https:\/\/x.com\/cyclinginjpn","https:\/\/www.youtube.com\/@cyclinginjpn"],"email":"info@roadbikerentaljapan.com","telephone":"+815017228801","legalName":"\u5408\u540c\u4f1a\u793e\u30ed\u30fc\u30c9\u30d0\u30a4\u30af\u30ec\u30f3\u30bf\u30eb\u30b8\u30e3\u30d1\u30f3","foundingDate":"2022-12-19","numberOfEmployees":{"@type":"QuantitativeValue","minValue":"1","maxValue":"10"}}]}},"uagb_featured_image_src":{"full":["https:\/\/roadbikerentaljapan.com\/wp-content\/uploads\/2024\/05\/Road_Bike_Rental_Square_Logo.png",512,512,false],"thumbnail":["https:\/\/roadbikerentaljapan.com\/wp-content\/uploads\/2024\/05\/Road_Bike_Rental_Square_Logo-150x150.png",150,150,true],"medium":["https:\/\/roadbikerentaljapan.com\/wp-content\/uploads\/2024\/05\/Road_Bike_Rental_Square_Logo-300x300.png",300,300,true],"medium_large":["https:\/\/roadbikerentaljapan.com\/wp-content\/uploads\/2024\/05\/Road_Bike_Rental_Square_Logo.png",512,512,false],"large":["https:\/\/roadbikerentaljapan.com\/wp-content\/uploads\/2024\/05\/Road_Bike_Rental_Square_Logo.png",512,512,false],"1536x1536":["https:\/\/roadbikerentaljapan.com\/wp-content\/uploads\/2024\/05\/Road_Bike_Rental_Square_Logo.png",512,512,false],"2048x2048":["https:\/\/roadbikerentaljapan.com\/wp-content\/uploads\/2024\/05\/Road_Bike_Rental_Square_Logo.png",512,512,false],"trp-custom-language-flag":["https:\/\/roadbikerentaljapan.com\/wp-content\/uploads\/2024\/05\/Road_Bike_Rental_Square_Logo.png",12,12,false]},"uagb_author_info":{"display_name":"rbrj2024","author_link":"https:\/\/roadbikerentaljapan.com\/es\/author\/rbrj2024\/"},"uagb_comment_info":0,"uagb_excerpt":"Peace of mind while exploring Japan. On July 1st, 2016, in Osaka Prefecture, a new ordinance came into effect that [&hellip;]","_links":{"self":[{"href":"https:\/\/roadbikerentaljapan.com\/es\/wp-json\/wp\/v2\/pages\/1721","targetHints":{"allow":["GET"]}}],"collection":[{"href":"https:\/\/roadbikerentaljapan.com\/es\/wp-json\/wp\/v2\/pages"}],"about":[{"href":"https:\/\/roadbikerentaljapan.com\/es\/wp-json\/wp\/v2\/types\/page"}],"author":[{"embeddable":true,"href":"https:\/\/roadbikerentaljapan.com\/es\/wp-json\/wp\/v2\/users\/1"}],"replies":[{"embeddable":true,"href":"https:\/\/roadbikerentaljapan.com\/es\/wp-json\/wp\/v2\/comments?post=1721"}],"version-history":[{"count":0,"href":"https:\/\/roadbikerentaljapan.com\/es\/wp-json\/wp\/v2\/pages\/1721\/revisions"}],"up":[{"embeddable":true,"href":"https:\/\/roadbikerentaljapan.com\/es\/wp-json\/wp\/v2\/pages\/905"}],"wp:featuredmedia":[{"embeddable":true,"href":"https:\/\/roadbikerentaljapan.com\/es\/wp-json\/wp\/v2\/media\/155"}],"wp:attachment":[{"href":"https:\/\/roadbikerentaljapan.com\/es\/wp-json\/wp\/v2\/media?parent=1721"}],"curies":[{"name":"wp","href":"https:\/\/api.w.org\/{rel}","templated":true}]}}