{"id":9,"date":"2024-05-19T05:33:53","date_gmt":"2024-05-19T05:33:53","guid":{"rendered":"http:\/\/road-bike-rental-japan.local\/?page_id=9"},"modified":"2025-09-08T11:46:45","modified_gmt":"2025-09-08T02:46:45","slug":"privacy-policy","status":"publish","type":"page","link":"https:\/\/roadbikerentaljapan.com\/es\/privacy-policy\/","title":{"rendered":"Pol\u00edtica de privacidad"},"content":{"rendered":"<p>\u00daltima actualizaci\u00f3n: 25 de agosto de 2025<\/p>\n\n\n\n<p>Nuestra empresa (Road Bike Rental Japan) (\"RBRJ\", \"nos\", \"nosotros\", o \"nuestro\") opera&nbsp;<a href=\"https:\/\/roadbikerentaljapan.com\/es\/\" target=\"_blank\" rel=\"noreferrer noopener\">http:\/\/roadbikerentaljapan.com<\/a>&nbsp;(el \"Sitio\"). Esta p\u00e1gina le informa de nuestras pol\u00edticas relativas a la recogida, uso y divulgaci\u00f3n de la Informaci\u00f3n Personal que recibimos de los usuarios del Sitio.&nbsp;<\/p>\n\n\n\n<p>Utilizamos su Informaci\u00f3n Personal \u00fanicamente para proporcionar y mejorar el Sitio y nuestros servicios. Al utilizar el Sitio, usted acepta la recopilaci\u00f3n y el uso de la informaci\u00f3n de acuerdo con esta pol\u00edtica.  Si no da su consentimiento, le rogamos que no acceda al Servicio ni lo utilice.<\/p>\n\n\n\n<h2 class=\"wp-block-heading\" id=\"h-personal-information-we-collect\">Informaci\u00f3n personal que recopilamos<\/h2>\n\n\n\n<p>Cuando visita el Sitio, recopilamos autom\u00e1ticamente cierta informaci\u00f3n sobre su dispositivo, incluida informaci\u00f3n sobre su navegador web, direcci\u00f3n IP, zona horaria y algunas de las cookies instaladas en su dispositivo. Adem\u00e1s, a medida que navega por el sitio, recopilamos informaci\u00f3n sobre las p\u00e1ginas web o productos que visita, qu\u00e9 sitios web o t\u00e9rminos de b\u00fasqueda le han remitido al sitio e informaci\u00f3n sobre c\u00f3mo interact\u00faa con el sitio. Nos referimos a esta informaci\u00f3n recopilada autom\u00e1ticamente como \"Informaci\u00f3n del dispositivo\".<br><br>Recopilamos informaci\u00f3n sobre dispositivos utilizando las siguientes tecnolog\u00edas:<br>- Las \"cookies\" son archivos de datos que se colocan en su dispositivo u ordenador y suelen incluir un identificador \u00fanico an\u00f3nimo. Para obtener m\u00e1s informaci\u00f3n sobre las cookies y c\u00f3mo desactivarlas, visite http:\/\/www.allaboutcookies.org.<br>- Los \"archivos de registro\" rastrean las acciones que se producen en el sitio y recopilan datos como su direcci\u00f3n IP, tipo de navegador, proveedor de servicios de Internet, p\u00e1ginas de referencia\/salida y sellos de fecha\/hora.<br>- Las \"balizas web\", \"etiquetas\" y \"p\u00edxeles\" son archivos electr\u00f3nicos que se utilizan para registrar informaci\u00f3n sobre su navegaci\u00f3n por el sitio.<\/p>\n\n\n\n<p>Para obtener m\u00e1s informaci\u00f3n sobre c\u00f3mo las utilizamos y sus opciones en relaci\u00f3n con estas tecnolog\u00edas de rastreo, consulte nuestro&nbsp;<a href=\"https:\/\/roadbikerentaljapan.com\/es\/rbrj-cookie-policy\/\">Pol\u00edtica de cookies.<\/a><br><\/p>\n\n\n\n<p>Adem\u00e1s, cuando realiza una compra o intenta realizar una compra a trav\u00e9s del Sitio, recopilamos determinada informaci\u00f3n sobre usted, como su nombre, direcci\u00f3n de facturaci\u00f3n, direcci\u00f3n de env\u00edo (si utiliza nuestro servicio de entrega), informaci\u00f3n de pago (incluidos los n\u00fameros de tarjeta de cr\u00e9dito y los datos de PayPal), direcci\u00f3n de correo electr\u00f3nico y n\u00famero de tel\u00e9fono. Nos referimos a esta informaci\u00f3n como \"Informaci\u00f3n del pedido\".<br><br>Cuando hablamos de \"Datos Personales\" en esta Pol\u00edtica de Privacidad, nos referimos tanto a los Datos del Dispositivo como a los Datos del Pedido.<\/p>\n\n\n\n<h2 class=\"wp-block-heading\" id=\"h-how-do-we-use-your-personal-information\">\u00bfC\u00f3mo utilizamos su informaci\u00f3n personal?<\/h2>\n\n\n\n<p>Utilizamos la Informaci\u00f3n de pedido que recopilamos generalmente para cumplir con cualquier pedido realizado a trav\u00e9s del Sitio (incluido el procesamiento de su informaci\u00f3n de pago, la organizaci\u00f3n del env\u00edo y el env\u00edo de facturas y\/o confirmaciones de pedido).<\/p>\n\n\n\n<p>Adem\u00e1s, utilizamos esta Informaci\u00f3n de Pedido para:<br>- Comunicarnos con usted y con las partes acordadas;<br>- Examinar nuestros pedidos para detectar posibles riesgos o fraudes; y<br>- Cuando est\u00e9 en consonancia con las preferencias que haya compartido con nosotros, proporcionarle informaci\u00f3n o publicidad relacionada con nuestros productos o servicios; <br><br>Utilizamos la Informaci\u00f3n del dispositivo que recopilamos para ayudarnos a detectar posibles riesgos y fraudes (en particular, su direcci\u00f3n IP) y, de forma m\u00e1s general, para mejorar y optimizar nuestro Sitio (por ejemplo, generando an\u00e1lisis sobre c\u00f3mo nuestros clientes navegan e interact\u00faan con el Sitio, y para evaluar el \u00e9xito de nuestras campa\u00f1as de marketing y publicidad).<br><br>Podemos utilizar la Informaci\u00f3n del dispositivo para ayudarnos a crear campa\u00f1as publicitarias m\u00e1s eficaces.<\/p>\n\n\n\n<p>Si queremos utilizar su informaci\u00f3n para cualquier otro fin, le pediremos su consentimiento y utilizaremos su informaci\u00f3n s\u00f3lo cuando recibamos su consentimiento y, en ese caso, s\u00f3lo para el fin o fines para los que otorgamos el consentimiento, a menos que la ley nos obligue a hacer otra cosa.<\/p>\n\n\n\n<h2 class=\"wp-block-heading\" id=\"h-sharing-your-personal-information\">Compartir su informaci\u00f3n personal<\/h2>\n\n\n\n<p>Compartimos sus Datos Personales con terceros para que nos ayuden a utilizarlos, tal como se ha descrito anteriormente. Por ejemplo, utilizamos <a href=\"https:\/\/rezdy.com\/\">Rezdy<\/a> para alimentar nuestro sistema de reservas y <a href=\"https:\/\/woocommerce.com\/\">WooCommerce<\/a> para gestionar nuestra tienda en l\u00ednea. <\/p>\n\n\n\n<p>Tambi\u00e9n utilizamos Google Analytics para ayudarnos a comprender c\u00f3mo utilizan el Sitio nuestros clientes. Puede obtener m\u00e1s informaci\u00f3n sobre c\u00f3mo utiliza Google su informaci\u00f3n personal aqu\u00ed: <a href=\"https:\/\/www.google.com\/intl\/en\/policies\/privacy\/\">https:\/\/www.google.com\/intl\/en\/policies\/privacy\/<\/a>. <\/p>\n\n\n\n<p>Tambi\u00e9n puede darse de baja de Google Analytics aqu\u00ed: <a href=\"https:\/\/tools.google.com\/dlpage\/gaoptout\">https:\/\/tools.google.com\/dlpage\/gaoptout<\/a>.<br><br>Por \u00faltimo, tambi\u00e9n podemos compartir sus Datos Personales para cumplir las leyes y normativas aplicables, para responder a una citaci\u00f3n, orden de registro u otra solicitud legal de informaci\u00f3n que recibamos, o para proteger de otro modo nuestros derechos. <\/p>\n\n\n\n<p> Si el Servicio o nuestra empresa se fusionan o adquieren con otra empresa, su informaci\u00f3n ser\u00e1 uno de los activos que se transfieran al nuevo propietario.<\/p>\n\n\n\n<h2 class=\"wp-block-heading\" id=\"h-behavioral-advertising\">Publicidad comportamental<\/h2>\n\n\n\n<p>Tal y como se ha descrito anteriormente, podemos utilizar sus Datos Personales para ofrecerle publicidad dirigida o comunicaciones de marketing que consideremos que pueden ser de su inter\u00e9s. <\/p>\n\n\n\n<p>Para m\u00e1s informaci\u00f3n sobre c\u00f3mo funciona la publicidad dirigida, puede visitar la p\u00e1gina educativa de la Network Advertising Initiative (\"NAI\") en <a href=\"http:\/\/www.networkadvertising.org\/understanding-online-advertising\/how-does-it-work\">http:\/\/www.networkadvertising.org\/understanding-online-advertising\/how-does-it-work<\/a>.<br><br>Puede darse de baja de la publicidad dirigida utilizando los enlaces que aparecen a continuaci\u00f3n:<br>- Facebook: <a href=\"https:\/\/www.facebook.com\/settings\/?tab=ads\">https:\/\/www.facebook.com\/settings\/?tab=ads<\/a><br>- Google: <a href=\"https:\/\/www.google.com\/settings\/ads\/anonymous\">https:\/\/www.google.com\/settings\/ads\/anonymous<\/a><br>- Bing: <a href=\"https:\/\/advertise.bingads.microsoft.com\/en-us\/resources\/policies\/personalized-ads\">https:\/\/advertise.bingads.microsoft.com\/en-us\/resources\/policies\/personalized-ads<\/a><br><br>Adem\u00e1s, puede darse de baja de algunos de estos servicios visitando el portal de exclusi\u00f3n de la Digital Advertising Alliance en: http:\/\/optout.aboutads.info\/.<\/p>\n\n\n\n<h2 class=\"wp-block-heading\" id=\"h-your-rights\">Sus derechos<\/h2>\n\n\n\n<p>En funci\u00f3n de la legislaci\u00f3n aplicable, usted puede tener derecho a acceder a sus datos personales y rectificarlos o borrarlos, o a recibir una copia de los mismos, a limitar el tratamiento activo de sus datos o a oponerse a \u00e9l, a pedirnos que compartamos (portemos) su informaci\u00f3n personal con otra entidad, a retirar cualquier consentimiento que nos haya dado para el tratamiento de sus datos, a presentar una reclamaci\u00f3n ante una autoridad legal y a cualquier otro derecho que pueda corresponderle en virtud de la legislaci\u00f3n aplicable. <\/p>\n\n\n\n<p>Para ejercer estos derechos, puede escribirnos a info@roadbikerentaljapan.com.  Responderemos a su solicitud de conformidad con la legislaci\u00f3n aplicable.<\/p>\n\n\n\n<p>Puede darse de baja de las comunicaciones de marketing directo o de la elaboraci\u00f3n de perfiles que llevamos a cabo con fines de marketing escribi\u00e9ndonos a info@roadbikerentaljapan.com.<\/p>\n\n\n\n<p>Tenga en cuenta que si no nos permite recopilar o procesar la informaci\u00f3n personal requerida o retira el consentimiento para procesar la misma para los fines requeridos, es posible que no pueda acceder o utilizar los servicios para los que se solicit\u00f3 su informaci\u00f3n.<\/p>\n\n\n\n<h2 class=\"wp-block-heading\" id=\"h-data-retention\">Conservaci\u00f3n de datos<\/h2>\n\n\n\n<p>Cuando realice un pedido a trav\u00e9s del Sitio, conservaremos la Informaci\u00f3n del pedido para nuestros registros, a menos que nos solicite que eliminemos dicha informaci\u00f3n y hasta que lo haga.<\/p>\n\n\n\n<h2 class=\"wp-block-heading\" id=\"h-changes\">Cambios<\/h2>\n\n\n\n<p>Podemos actualizar esta pol\u00edtica de privacidad en cualquier momento sin previo aviso para reflejar, por ejemplo, cambios en nuestras pr\u00e1cticas o por otras razones operativas, legales o reglamentarias. La Pol\u00edtica revisada entrar\u00e1 en vigor a los 180 d\u00edas de su publicaci\u00f3n en el Servicio y su acceso o uso continuado del Servicio despu\u00e9s de dicho plazo constituir\u00e1 su aceptaci\u00f3n de la Pol\u00edtica de Privacidad revisada. Por lo tanto, le recomendamos que revise peri\u00f3dicamente esta p\u00e1gina.<\/p>\n\n\n\n<h2 class=\"wp-block-heading\" id=\"h-contact-us\">Contacte con nosotros<\/h2>\n\n\n\n<p>Si desea m\u00e1s informaci\u00f3n sobre nuestras pr\u00e1cticas de confidencialidad, si tiene alguna pregunta o si desea presentar una queja, p\u00f3ngase en contacto con nosotros por correo electr\u00f3nico en la direcci\u00f3n&nbsp;<a href=\"mailto:hello@globalwheels-japan.com?subject=Globalwheels%20Privacy%20Policy\">info@roadbikerentaljapan.com<\/a>&nbsp;o por correo utilizando los datos que se facilitan a continuaci\u00f3n:<br><br>Alquiler de bicicletas de carretera Jap\u00f3n<br>Gareth McCready<br>534-0027, \u014csaka Osaka Miyakojima-ku Nakanoch\u014d 5 Chome-2-5, Jap\u00f3n<\/p>\n\n\n\n<p><\/p>\n\n\n\n<p><\/p>\n\n\n\n<p><\/p>","protected":false},"excerpt":{"rendered":"<p>Last updated: 25th August 2025 Our Company (Road Bike Rental Japan)&nbsp; (&#8220;RBRJ&#8221;,&#8221;us&#8221;, &#8220;we&#8221;, or &#8220;our&#8221;) operates&nbsp;http:\/\/roadbikerentaljapan.com&nbsp;(the &#8220;Site&#8221;). This page informs [&hellip;]<\/p>\n","protected":false},"author":1,"featured_media":0,"parent":0,"menu_order":11,"comment_status":"closed","ping_status":"closed","template":"","meta":{"content-type":"","_uag_custom_page_level_css":"","site-sidebar-layout":"default","site-content-layout":"","ast-site-content-layout":"default","site-content-style":"default","site-sidebar-style":"default","ast-global-header-display":"","ast-banner-title-visibility":"","ast-main-header-display":"","ast-hfb-above-header-display":"","ast-hfb-below-header-display":"","ast-hfb-mobile-header-display":"","site-post-title":"","ast-breadcrumbs-content":"","ast-featured-img":"","footer-sml-layout":"","ast-disable-related-posts":"","theme-transparent-header-meta":"","adv-header-id-meta":"","stick-header-meta":"","header-above-stick-meta":"","header-main-stick-meta":"","header-below-stick-meta":"","astra-migrate-meta-layouts":"default","ast-page-background-enabled":"default","ast-page-background-meta":{"desktop":{"background-color":"var(--ast-global-color-4)","background-image":"","background-repeat":"repeat","background-position":"center center","background-size":"auto","background-attachment":"scroll","background-type":"","background-media":"","overlay-type":"","overlay-color":"","overlay-opacity":"","overlay-gradient":""},"tablet":{"background-color":"","background-image":"","background-repeat":"repeat","background-position":"center center","background-size":"auto","background-attachment":"scroll","background-type":"","background-media":"","overlay-type":"","overlay-color":"","overlay-opacity":"","overlay-gradient":""},"mobile":{"background-color":"","background-image":"","background-repeat":"repeat","background-position":"center center","background-size":"auto","background-attachment":"scroll","background-type":"","background-media":"","overlay-type":"","overlay-color":"","overlay-opacity":"","overlay-gradient":""}},"ast-content-background-meta":{"desktop":{"background-color":"var(--ast-global-color-5)","background-image":"","background-repeat":"repeat","background-position":"center center","background-size":"auto","background-attachment":"scroll","background-type":"","background-media":"","overlay-type":"","overlay-color":"","overlay-opacity":"","overlay-gradient":""},"tablet":{"background-color":"var(--ast-global-color-5)","background-image":"","background-repeat":"repeat","background-position":"center center","background-size":"auto","background-attachment":"scroll","background-type":"","background-media":"","overlay-type":"","overlay-color":"","overlay-opacity":"","overlay-gradient":""},"mobile":{"background-color":"var(--ast-global-color-5)","background-image":"","background-repeat":"repeat","background-position":"center center","background-size":"auto","background-attachment":"scroll","background-type":"","background-media":"","overlay-type":"","overlay-color":"","overlay-opacity":"","overlay-gradient":""}},"footnotes":""},"class_list":["post-9","page","type-page","status-publish","hentry"],"yoast_head":"<!-- This site is optimized with the Yoast SEO Premium plugin v27.2 (Yoast SEO v27.2) - https:\/\/yoast.com\/product\/yoast-seo-premium-wordpress\/ -->\n<title>Privacy Policy - Road Bike Rental Japan<\/title>\n<meta name=\"robots\" content=\"index, follow, max-snippet:-1, max-image-preview:large, max-video-preview:-1\" \/>\n<link rel=\"canonical\" href=\"https:\/\/roadbikerentaljapan.com\/es\/privacy-policy\/\" \/>\n<meta property=\"og:locale\" content=\"es_ES\" \/>\n<meta property=\"og:type\" content=\"article\" \/>\n<meta property=\"og:title\" content=\"Privacy Policy\" \/>\n<meta property=\"og:description\" content=\"Last updated: 25th August 2025 Our Company (Road Bike Rental Japan)&nbsp; (&#8220;RBRJ&#8221;,&#8221;us&#8221;, &#8220;we&#8221;, or &#8220;our&#8221;) operates&nbsp;http:\/\/roadbikerentaljapan.com&nbsp;(the &#8220;Site&#8221;). This page informs [&hellip;]\" \/>\n<meta property=\"og:url\" content=\"https:\/\/roadbikerentaljapan.com\/es\/privacy-policy\/\" \/>\n<meta property=\"og:site_name\" content=\"Road Bike Rental Japan\" \/>\n<meta property=\"article:publisher\" content=\"https:\/\/www.facebook.com\/roadbikerentalJPN\" \/>\n<meta property=\"article:modified_time\" content=\"2025-09-08T02:46:45+00:00\" \/>\n<meta name=\"twitter:card\" content=\"summary_large_image\" \/>\n<meta name=\"twitter:site\" content=\"@cyclinginjpn\" \/>\n<meta name=\"twitter:label1\" content=\"Tiempo de lectura\" \/>\n\t<meta name=\"twitter:data1\" content=\"5 minutos\" \/>\n<script type=\"application\/ld+json\" class=\"yoast-schema-graph\">{\"@context\":\"https:\/\/schema.org\",\"@graph\":[{\"@type\":\"WebPage\",\"@id\":\"https:\/\/roadbikerentaljapan.com\/privacy-policy\/\",\"url\":\"https:\/\/roadbikerentaljapan.com\/privacy-policy\/\",\"name\":\"Privacy Policy - Road Bike Rental Japan\",\"isPartOf\":{\"@id\":\"https:\/\/roadbikerentaljapan.com\/#website\"},\"datePublished\":\"2024-05-19T05:33:53+00:00\",\"dateModified\":\"2025-09-08T02:46:45+00:00\",\"breadcrumb\":{\"@id\":\"https:\/\/roadbikerentaljapan.com\/privacy-policy\/#breadcrumb\"},\"inLanguage\":\"es\",\"potentialAction\":[{\"@type\":\"ReadAction\",\"target\":[\"https:\/\/roadbikerentaljapan.com\/privacy-policy\/\"]}]},{\"@type\":\"BreadcrumbList\",\"@id\":\"https:\/\/roadbikerentaljapan.com\/privacy-policy\/#breadcrumb\",\"itemListElement\":[{\"@type\":\"ListItem\",\"position\":1,\"name\":\"Home\",\"item\":\"https:\/\/roadbikerentaljapan.com\/\"},{\"@type\":\"ListItem\",\"position\":2,\"name\":\"Privacy Policy\"}]},{\"@type\":\"WebSite\",\"@id\":\"https:\/\/roadbikerentaljapan.com\/#website\",\"url\":\"https:\/\/roadbikerentaljapan.com\/\",\"name\":\"Road Bike Rental Japan\",\"description\":\"Cycling in Japan\",\"publisher\":{\"@id\":\"https:\/\/roadbikerentaljapan.com\/#organization\"},\"alternateName\":\"RBRJ\",\"potentialAction\":[{\"@type\":\"SearchAction\",\"target\":{\"@type\":\"EntryPoint\",\"urlTemplate\":\"https:\/\/roadbikerentaljapan.com\/?s={search_term_string}\"},\"query-input\":{\"@type\":\"PropertyValueSpecification\",\"valueRequired\":true,\"valueName\":\"search_term_string\"}}],\"inLanguage\":\"es\"},{\"@type\":\"Organization\",\"@id\":\"https:\/\/roadbikerentaljapan.com\/#organization\",\"name\":\"Road Bike Rental Japan LLC\",\"alternateName\":\"Road Bike Rental Japan LLC\",\"url\":\"https:\/\/roadbikerentaljapan.com\/\",\"logo\":{\"@type\":\"ImageObject\",\"inLanguage\":\"es\",\"@id\":\"https:\/\/roadbikerentaljapan.com\/#\/schema\/logo\/image\/\",\"url\":\"https:\/\/roadbikerentaljapan.com\/wp-content\/uploads\/2024\/08\/cropped-HiRez-Web-Banner-2024-300-x-100-px.png\",\"contentUrl\":\"https:\/\/roadbikerentaljapan.com\/wp-content\/uploads\/2024\/08\/cropped-HiRez-Web-Banner-2024-300-x-100-px.png\",\"width\":300,\"height\":100,\"caption\":\"Road Bike Rental Japan LLC\"},\"image\":{\"@id\":\"https:\/\/roadbikerentaljapan.com\/#\/schema\/logo\/image\/\"},\"sameAs\":[\"https:\/\/www.facebook.com\/roadbikerentalJPN\",\"https:\/\/x.com\/cyclinginjpn\",\"https:\/\/www.youtube.com\/@cyclinginjpn\"],\"email\":\"info@roadbikerentaljapan.com\",\"telephone\":\"+815017228801\",\"legalName\":\"\u5408\u540c\u4f1a\u793e\u30ed\u30fc\u30c9\u30d0\u30a4\u30af\u30ec\u30f3\u30bf\u30eb\u30b8\u30e3\u30d1\u30f3\",\"foundingDate\":\"2022-12-19\",\"numberOfEmployees\":{\"@type\":\"QuantitativeValue\",\"minValue\":\"1\",\"maxValue\":\"10\"}}]}<\/script>\n<!-- \/ Yoast SEO Premium plugin. -->","yoast_head_json":{"title":"Pol\u00edtica de privacidad - Road Bike Rental Japan","robots":{"index":"index","follow":"follow","max-snippet":"max-snippet:-1","max-image-preview":"max-image-preview:large","max-video-preview":"max-video-preview:-1"},"canonical":"https:\/\/roadbikerentaljapan.com\/es\/privacy-policy\/","og_locale":"es_ES","og_type":"article","og_title":"Privacy Policy","og_description":"Last updated: 25th August 2025 Our Company (Road Bike Rental Japan)&nbsp; (&#8220;RBRJ&#8221;,&#8221;us&#8221;, &#8220;we&#8221;, or &#8220;our&#8221;) operates&nbsp;http:\/\/roadbikerentaljapan.com&nbsp;(the &#8220;Site&#8221;). This page informs [&hellip;]","og_url":"https:\/\/roadbikerentaljapan.com\/es\/privacy-policy\/","og_site_name":"Road Bike Rental Japan","article_publisher":"https:\/\/www.facebook.com\/roadbikerentalJPN","article_modified_time":"2025-09-08T02:46:45+00:00","twitter_card":"summary_large_image","twitter_site":"@cyclinginjpn","twitter_misc":{"Tiempo de lectura":"5 minutos"},"schema":{"@context":"https:\/\/schema.org","@graph":[{"@type":"WebPage","@id":"https:\/\/roadbikerentaljapan.com\/privacy-policy\/","url":"https:\/\/roadbikerentaljapan.com\/privacy-policy\/","name":"Pol\u00edtica de privacidad - Road Bike Rental Japan","isPartOf":{"@id":"https:\/\/roadbikerentaljapan.com\/#website"},"datePublished":"2024-05-19T05:33:53+00:00","dateModified":"2025-09-08T02:46:45+00:00","breadcrumb":{"@id":"https:\/\/roadbikerentaljapan.com\/privacy-policy\/#breadcrumb"},"inLanguage":"es","potentialAction":[{"@type":"ReadAction","target":["https:\/\/roadbikerentaljapan.com\/privacy-policy\/"]}]},{"@type":"BreadcrumbList","@id":"https:\/\/roadbikerentaljapan.com\/privacy-policy\/#breadcrumb","itemListElement":[{"@type":"ListItem","position":1,"name":"Home","item":"https:\/\/roadbikerentaljapan.com\/"},{"@type":"ListItem","position":2,"name":"Privacy Policy"}]},{"@type":"WebSite","@id":"https:\/\/roadbikerentaljapan.com\/#website","url":"https:\/\/roadbikerentaljapan.com\/","name":"Alquiler de bicicletas de carretera Jap\u00f3n","description":"Ciclismo en Jap\u00f3n","publisher":{"@id":"https:\/\/roadbikerentaljapan.com\/#organization"},"alternateName":"RBRJ","potentialAction":[{"@type":"SearchAction","target":{"@type":"EntryPoint","urlTemplate":"https:\/\/roadbikerentaljapan.com\/?s={search_term_string}"},"query-input":{"@type":"PropertyValueSpecification","valueRequired":true,"valueName":"search_term_string"}}],"inLanguage":"es"},{"@type":"Organization","@id":"https:\/\/roadbikerentaljapan.com\/#organization","name":"Road Bike Rental Japan LLC","alternateName":"Road Bike Rental Japan LLC","url":"https:\/\/roadbikerentaljapan.com\/","logo":{"@type":"ImageObject","inLanguage":"es","@id":"https:\/\/roadbikerentaljapan.com\/#\/schema\/logo\/image\/","url":"https:\/\/roadbikerentaljapan.com\/wp-content\/uploads\/2024\/08\/cropped-HiRez-Web-Banner-2024-300-x-100-px.png","contentUrl":"https:\/\/roadbikerentaljapan.com\/wp-content\/uploads\/2024\/08\/cropped-HiRez-Web-Banner-2024-300-x-100-px.png","width":300,"height":100,"caption":"Road Bike Rental Japan LLC"},"image":{"@id":"https:\/\/roadbikerentaljapan.com\/#\/schema\/logo\/image\/"},"sameAs":["https:\/\/www.facebook.com\/roadbikerentalJPN","https:\/\/x.com\/cyclinginjpn","https:\/\/www.youtube.com\/@cyclinginjpn"],"email":"info@roadbikerentaljapan.com","telephone":"+815017228801","legalName":"\u5408\u540c\u4f1a\u793e\u30ed\u30fc\u30c9\u30d0\u30a4\u30af\u30ec\u30f3\u30bf\u30eb\u30b8\u30e3\u30d1\u30f3","foundingDate":"2022-12-19","numberOfEmployees":{"@type":"QuantitativeValue","minValue":"1","maxValue":"10"}}]}},"uagb_featured_image_src":{"full":false,"thumbnail":false,"medium":false,"medium_large":false,"large":false,"1536x1536":false,"2048x2048":false,"trp-custom-language-flag":false},"uagb_author_info":{"display_name":"rbrj2024","author_link":"https:\/\/roadbikerentaljapan.com\/es\/author\/rbrj2024\/"},"uagb_comment_info":0,"uagb_excerpt":"Last updated: 25th August 2025 Our Company (Road Bike Rental Japan)&nbsp; (&#8220;RBRJ&#8221;,&#8221;us&#8221;, &#8220;we&#8221;, or &#8220;our&#8221;) operates&nbsp;http:\/\/roadbikerentaljapan.com&nbsp;(the &#8220;Site&#8221;). This page informs [&hellip;]","_links":{"self":[{"href":"https:\/\/roadbikerentaljapan.com\/es\/wp-json\/wp\/v2\/pages\/9","targetHints":{"allow":["GET"]}}],"collection":[{"href":"https:\/\/roadbikerentaljapan.com\/es\/wp-json\/wp\/v2\/pages"}],"about":[{"href":"https:\/\/roadbikerentaljapan.com\/es\/wp-json\/wp\/v2\/types\/page"}],"author":[{"embeddable":true,"href":"https:\/\/roadbikerentaljapan.com\/es\/wp-json\/wp\/v2\/users\/1"}],"replies":[{"embeddable":true,"href":"https:\/\/roadbikerentaljapan.com\/es\/wp-json\/wp\/v2\/comments?post=9"}],"version-history":[{"count":0,"href":"https:\/\/roadbikerentaljapan.com\/es\/wp-json\/wp\/v2\/pages\/9\/revisions"}],"wp:attachment":[{"href":"https:\/\/roadbikerentaljapan.com\/es\/wp-json\/wp\/v2\/media?parent=9"}],"curies":[{"name":"wp","href":"https:\/\/api.w.org\/{rel}","templated":true}]}}