{"id":901,"date":"2024-07-04T06:17:30","date_gmt":"2024-07-04T06:17:30","guid":{"rendered":"http:\/\/road-bike-rental-japan.local\/?page_id=901"},"modified":"2026-01-25T17:22:54","modified_gmt":"2026-01-25T08:22:54","slug":"como-funciona-la-entrega-2","status":"publish","type":"page","link":"https:\/\/roadbikerentaljapan.com\/es\/other-services\/how-delivery-works-2\/","title":{"rendered":"C\u00f3mo funciona la entrega"},"content":{"rendered":"<h2 class=\"wp-block-heading\" id=\"h-introduction-to-the-service\">Introducci\u00f3n al Servicio<\/h2>\n\n\n\n<p> (Estamos actualizando nuestras pol\u00edticas de entrega, y esta p\u00e1gina. - Del 25 de enero al 31 de enero)<\/p>\n\n\n\n<p>El Servicio de Entrega y Recogida de Bicicletas de Carretera en Jap\u00f3n es una gran opci\u00f3n para los ciclistas que buscan explorar zonas remotas de Jap\u00f3n donde no hay ning\u00fan servicio de alquiler local en funcionamiento, y para los ciclistas que buscan comenzar un tour en un lugar y terminarlo en otro. Hemos creado esta p\u00e1gina para ayudarle a entender el proceso y la log\u00edstica que conlleva y ayudarle a determinar si el servicio de Entrega\/Recogida se ajusta a sus necesidades y presupuesto.<\/p>\n\n\n\n<p>En primer lugar, el RBRJ Hub se encuentra en Osaka, pero podemos hacer que las bicicletas se entreguen en todo Jap\u00f3n utilizando un veh\u00edculo o un servicio de mensajer\u00eda de terceros. Hay muchos factores que influyen en el m\u00e9todo que utilizamos, por ejemplo, la distancia, el n\u00famero de ciclistas, el tipo de bicicleta, la disponibilidad de cajas y la disponibilidad de personal, por lo que no es posible solicitar qu\u00e9 opci\u00f3n elegir. Siempre que sea posible, preferimos entregar las bicicletas personalmente (principalmente en Honshu y Shikoku), pero evaluaremos la viabilidad de esta opci\u00f3n en funci\u00f3n de los factores mencionados y del calendario de alquiler.<\/p>\n\n\n\n<p>En segundo lugar, dado que el RBRJ Hub tiene su sede en Osaka, los gastos de entrega y recogida son adicionales. Estas tasas se basar\u00e1n en los costes que nos suponga prestar el servicio, ya sea el coste del servicio de mensajer\u00eda de terceros o los gastos de gasolina y peaje de la autopista en caso de entrega personal. Si su presupuesto es limitado, puede considerar la posibilidad de recoger y devolver directamente para reducir los gastos de env\u00edo. Disponemos de bolsas de capullo Tioga de nuestra <a href=\"https:\/\/roadbikerentaljapan.com\/es\/shop\/\" type=\"link\" id=\"https:\/\/roadbikerentaljapan.com\/shop\/\">tienda<\/a> y consulte nuestro blog sobre \u2018<a href=\"https:\/\/roadbikerentaljapan.com\/es\/how-to-take-a-bike-on-a-train-in-japan\/\">Llevar la bici en el tren<\/a>\u2018.<\/p>\n\n\n\n<h2 class=\"wp-block-heading\" id=\"h-minimum-rental-period\">Per\u00edodo m\u00ednimo de alquiler<\/h2>\n\n\n\n<p>Por regla general, el per\u00edodo m\u00ednimo de alquiler cuando se utiliza el servicio de entrega es de 4 d\u00edas. Sin embargo, podemos considerar periodos de 3 d\u00edas para grupos de 4 o m\u00e1s ciclistas; y periodos de alquiler de 2 d\u00edas para grupos de 6 o m\u00e1s ciclistas en un radio de 200 km de Osaka.<a><\/a><\/p>\n\n\n\n<h3 class=\"wp-block-heading\" id=\"h-bike-box\">Caja de bicicleta<\/h3>\n\n\n\n<p>Vea la imagen de la t\u00edpica caja para bicicletas que utilizamos en RBRJ.<a><\/a><\/p>\n\n\n\n<figure class=\"wp-block-image aligncenter size-full\"><img loading=\"lazy\" decoding=\"async\" width=\"540\" height=\"463\" src=\"https:\/\/roadbikerentaljapan.com\/wp-content\/uploads\/2024\/05\/Delivery_box_540x463_d417b579-5878-487f-aed7-6e713aeec2a5.jpg\" alt=\"RBRJ env\u00eda la bicicleta embalada en una caja reutilizable. Tambi\u00e9n ofrecemos la opci\u00f3n de cajas desechables.\" class=\"wp-image-713\" srcset=\"https:\/\/roadbikerentaljapan.com\/wp-content\/uploads\/2024\/05\/Delivery_box_540x463_d417b579-5878-487f-aed7-6e713aeec2a5.jpg 540w, https:\/\/roadbikerentaljapan.com\/wp-content\/uploads\/2024\/05\/Delivery_box_540x463_d417b579-5878-487f-aed7-6e713aeec2a5-300x257.jpg 300w\" sizes=\"auto, (max-width: 540px) 100vw, 540px\" \/><\/figure>\n\n\n\n<h2 class=\"wp-block-heading\" id=\"h-delivery-scenarios\">Escenarios de entrega<\/h2>\n\n\n\n<p>Las solicitudes de entrega suelen clasificarse en estas cuatro categor\u00edas. Un trayecto, Bucle, Multilocalizaci\u00f3n (corto) y Multilocalizaci\u00f3n (largo).<\/p>\n\n\n\n<h3 class=\"wp-block-heading\" id=\"h-one-way\">Unidireccional<\/h3>\n\n\n\n<p>Un escenario 'One-way' es cuando el servicio de entrega\/recogida se utiliza para una etapa del proceso y la bicicleta se recoge o se devuelve directamente en una tienda RBRJ (Osaka).<\/p>\n\n\n\n<h3 class=\"wp-block-heading\" id=\"h-loop\">Bucle<\/h3>\n\n\n\n<p>Un 'Loop' Scenario es cuando la bicicleta es Entregada y Recogida en el mismo lugar. Si se utiliza el servicio de mensajer\u00eda, le pediremos que confirme con su alojamiento que pueden almacenar nuestra caja de entrega durante la duraci\u00f3n de su viaje.&nbsp;<\/p>\n\n\n\n<h3 class=\"wp-block-heading\" id=\"h-multi-location-short-duration\">Multilocalizaci\u00f3n (corta duraci\u00f3n)<\/h3>\n\n\n\n<p>Cuando un ciclista o un grupo, requieren una entrega y recogida en diferentes lugares que est\u00e1n en bastante proximidad y la duraci\u00f3n es relativamente corta.  En estos casos y cuando se utiliza el servicio de mensajer\u00eda, a veces puede ser m\u00e1s factible y eficiente en el tiempo para el ciclista para reenviar la caja de la bicicleta directamente al alojamiento final.<\/p>\n\n\n\n<h3 class=\"wp-block-heading\" id=\"h-multi-location-long-duration\">Multilocalizaci\u00f3n (larga duraci\u00f3n)<\/h3>\n\n\n\n<p>Cuando un jinete o grupo, requieren una entrega y recogida en diferentes lugares y el per\u00edodo de alquiler es de m\u00e1s de 5 d\u00edas.<\/p>\n\n\n\n<h2 class=\"wp-block-heading\" id=\"h-cost\">Coste<\/h2>\n\n\n\n<p>Las tarifas de ida y de bucle son:<\/p>\n\n\n\n<figure class=\"wp-block-image aligncenter size-full\"><img loading=\"lazy\" decoding=\"async\" width=\"915\" height=\"320\" src=\"https:\/\/roadbikerentaljapan.com\/wp-content\/uploads\/2024\/05\/Delivery_costs.png\" alt=\"Este gr\u00e1fico muestra los gastos de env\u00edo basados en los costes de terceros transportistas.\" class=\"wp-image-151\" srcset=\"https:\/\/roadbikerentaljapan.com\/wp-content\/uploads\/2024\/05\/Delivery_costs.png 915w, https:\/\/roadbikerentaljapan.com\/wp-content\/uploads\/2024\/05\/Delivery_costs-600x210.png 600w, https:\/\/roadbikerentaljapan.com\/wp-content\/uploads\/2024\/05\/Delivery_costs-300x105.png 300w, https:\/\/roadbikerentaljapan.com\/wp-content\/uploads\/2024\/05\/Delivery_costs-768x269.png 768w\" sizes=\"auto, (max-width: 915px) 100vw, 915px\" \/><\/figure>\n\n\n\n<p>Las solicitudes de entregas y recogidas en varios lugares son siempre diferentes y requieren un c\u00e1lculo, por lo que le rogamos que se ponga en contacto con nosotros.<\/p>\n\n\n\n<p>En 2023 empezamos a utilizar cajas de cart\u00f3n desechables cuando los ciclistas planifican un viaje de ida, con salida en otro lugar y regreso directo a RBRJ. Los precios son aproximadamente 40% m\u00e1s baratos que los indicados anteriormente.&nbsp;<\/p>\n\n\n\n<h2 class=\"wp-block-heading\" id=\"h-accommodation-consideration\">Consideraci\u00f3n del alojamiento<\/h2>\n\n\n\n<p>Piense detenidamente en su alojamiento. Los niveles de apoyo pueden variar de un hotel a otro. Por lo general, los hoteles m\u00e1s grandes con conserjes son m\u00e1s receptivos a la hora de recibir y guardar las bicicletas y nuestras cajas para bicicletas de gran tama\u00f1o (1150 mm de ancho x 300 mm de fondo x 840 mm de alto).<\/p>\n\n\n\n<p>Antes de hacer la reserva del hotel, le recomendamos que confirme que est\u00e1n dispuestos a recibir las cajas de las bicicletas grandes y que le ayuden a ponerse en contacto con el mensajero cuando se devuelvan las cajas\/bicicletas.<\/p>\n\n\n\n<p>Utilice el siguiente modelo cuando se ponga en contacto con su alojamiento.<\/p>\n\n\n\n<p><a href=\"https:\/\/cdn.shopify.com\/s\/files\/1\/0027\/0909\/4464\/files\/Email_template_for_hotel_1.pdf?v=1648691894\">Plantilla de correo electr\u00f3nico &gt;<\/a><\/p>\n\n\n\n<p>Si est\u00e1 planeando un viaje multilocal (de corta duraci\u00f3n) y utiliza el servicio de mensajer\u00eda, es posible que tenga que enviar usted mismo la caja de la bicicleta desde el hotel de salida hasta el hotel de meta. El sistema de mensajer\u00eda utiliza un sistema de \"pago por adelantado\" o \"pago a la entrega\". Teniendo esto en cuenta, hemos encontrado que es m\u00e1s f\u00e1cil cuando el Hotel Goal paga al mensajero y luego usted paga a la salida.<\/p>\n\n\n\n<h2 class=\"wp-block-heading\" id=\"h-things-to-note\">A tener en cuenta<\/h2>\n\n\n\n<ul class=\"wp-block-list\">\n<li>Generalmente, la opci\u00f3n de entrega est\u00e1 disponible para un periodo m\u00ednimo de alquiler de 4 d\u00edas<\/li>\n\n\n\n<li>La reserva y el pago deben realizarse 7 d\u00edas antes de la fecha de inicio.<\/li>\n\n\n\n<li>Se prefiere la entrega en el hotel. Si se utiliza AirBnB, el anfitri\u00f3n o inquilino debe estar disponible para recibir\/entregar al mensajero.<\/li>\n\n\n\n<li>Rogamos a todos los ciclistas que se pongan en contacto primero con su hotel y comprueben que est\u00e1n de acuerdo en recibir y guardar la caja hasta su llegada.<\/li>\n\n\n\n<li>Las ruedas, los pedales y, en algunos casos, el manillar y los cambios traseros se desmontar\u00e1n para embalar la bicicleta para su entrega.<\/li>\n\n\n\n<li>Para obtener m\u00e1s informaci\u00f3n sobre el proceso de entrega, lea nuestras instrucciones de entrega que figuran a continuaci\u00f3n<\/li>\n<\/ul>\n\n\n\n<h3 class=\"wp-block-heading\" id=\"h-download\">Descargar<\/h3>\n\n\n\n<p><a href=\"https:\/\/cdn.shopify.com\/s\/files\/1\/0027\/0909\/4464\/files\/Set_up_instructions_new.pdf?2090\">Instrucciones de instalaci\u00f3n PDF &gt;<\/a><\/p>\n\n\n\n<h3 class=\"wp-block-heading\" id=\"h-video-support\">Soporte de v\u00eddeo<\/h3>\n\n\n\n<p><a href=\"https:\/\/youtu.be\/raCPYPYBvEE?si=wDdgixG0l7M-Ou9J\">Desembalaje y montaje de una bicicleta de turismo<\/a><\/p>\n\n\n\n<p><a href=\"https:\/\/youtu.be\/p7HAjAv_f68?si=eg5Yqc7Rho8nAVd0\">Devolver\/embalar una bicicleta de paseo<\/a><\/p>\n\n\n\n<h3 class=\"wp-block-heading\" id=\"h-need-a-quote\">\u00bfNecesita un presupuesto?<\/h3>\n\n\n\n<p><a href=\"https:\/\/forms.gle\/J6AixqF2EFYjkPwBA\">Solicitar presupuesto de entrega\/recogida de bicicletas &gt;<\/a><\/p>","protected":false},"excerpt":{"rendered":"<p>Introduction to the Service (We are currently updating our Delivery policies, and this page. &#8211; Jan 25th to Jan 31st) [&hellip;]<\/p>\n","protected":false},"author":1,"featured_media":0,"parent":1186,"menu_order":1,"comment_status":"closed","ping_status":"closed","template":"","meta":{"content-type":"","_uag_custom_page_level_css":"","site-sidebar-layout":"default","site-content-layout":"","ast-site-content-layout":"default","site-content-style":"default","site-sidebar-style":"default","ast-global-header-display":"","ast-banner-title-visibility":"","ast-main-header-display":"","ast-hfb-above-header-display":"","ast-hfb-below-header-display":"","ast-hfb-mobile-header-display":"","site-post-title":"","ast-breadcrumbs-content":"","ast-featured-img":"","footer-sml-layout":"","ast-disable-related-posts":"","theme-transparent-header-meta":"","adv-header-id-meta":"","stick-header-meta":"","header-above-stick-meta":"","header-main-stick-meta":"","header-below-stick-meta":"","astra-migrate-meta-layouts":"default","ast-page-background-enabled":"default","ast-page-background-meta":{"desktop":{"background-color":"var(--ast-global-color-4)","background-image":"","background-repeat":"repeat","background-position":"center center","background-size":"auto","background-attachment":"scroll","background-type":"","background-media":"","overlay-type":"","overlay-color":"","overlay-opacity":"","overlay-gradient":""},"tablet":{"background-color":"","background-image":"","background-repeat":"repeat","background-position":"center center","background-size":"auto","background-attachment":"scroll","background-type":"","background-media":"","overlay-type":"","overlay-color":"","overlay-opacity":"","overlay-gradient":""},"mobile":{"background-color":"","background-image":"","background-repeat":"repeat","background-position":"center center","background-size":"auto","background-attachment":"scroll","background-type":"","background-media":"","overlay-type":"","overlay-color":"","overlay-opacity":"","overlay-gradient":""}},"ast-content-background-meta":{"desktop":{"background-color":"var(--ast-global-color-5)","background-image":"","background-repeat":"repeat","background-position":"center center","background-size":"auto","background-attachment":"scroll","background-type":"","background-media":"","overlay-type":"","overlay-color":"","overlay-opacity":"","overlay-gradient":""},"tablet":{"background-color":"var(--ast-global-color-5)","background-image":"","background-repeat":"repeat","background-position":"center center","background-size":"auto","background-attachment":"scroll","background-type":"","background-media":"","overlay-type":"","overlay-color":"","overlay-opacity":"","overlay-gradient":""},"mobile":{"background-color":"var(--ast-global-color-5)","background-image":"","background-repeat":"repeat","background-position":"center center","background-size":"auto","background-attachment":"scroll","background-type":"","background-media":"","overlay-type":"","overlay-color":"","overlay-opacity":"","overlay-gradient":""}},"footnotes":""},"class_list":["post-901","page","type-page","status-publish","hentry"],"yoast_head":"<!-- This site is optimized with the Yoast SEO Premium plugin v27.4 (Yoast SEO v27.4) - https:\/\/yoast.com\/product\/yoast-seo-premium-wordpress\/ -->\n<title>How Delivery Works - Road Bike Rental Japan<\/title>\n<meta name=\"description\" content=\"Road bike rental Japan offers delivery services around Japan if you would prefer to start\/end your cycle adventure outside of our shop areas.\" \/>\n<meta name=\"robots\" content=\"index, follow, max-snippet:-1, max-image-preview:large, max-video-preview:-1\" \/>\n<link rel=\"canonical\" href=\"https:\/\/roadbikerentaljapan.com\/es\/other-services\/como-funciona-la-entrega-2\/\" \/>\n<meta property=\"og:locale\" content=\"es_ES\" \/>\n<meta property=\"og:type\" content=\"article\" \/>\n<meta property=\"og:title\" content=\"How Delivery Works\" \/>\n<meta property=\"og:description\" content=\"Road bike rental Japan offers delivery services around Japan if you would prefer to start\/end your cycle adventure outside of our shop areas.\" \/>\n<meta property=\"og:url\" content=\"https:\/\/roadbikerentaljapan.com\/es\/other-services\/como-funciona-la-entrega-2\/\" \/>\n<meta property=\"og:site_name\" content=\"Road Bike Rental Japan\" \/>\n<meta property=\"article:publisher\" content=\"https:\/\/www.facebook.com\/roadbikerentalJPN\" \/>\n<meta property=\"article:modified_time\" content=\"2026-01-25T08:22:54+00:00\" \/>\n<meta property=\"og:image\" content=\"https:\/\/roadbikerentaljapan.com\/wp-content\/uploads\/2024\/05\/Delivery_box_540x463_d417b579-5878-487f-aed7-6e713aeec2a5.jpg\" \/>\n\t<meta property=\"og:image:width\" content=\"540\" \/>\n\t<meta property=\"og:image:height\" content=\"463\" \/>\n\t<meta property=\"og:image:type\" content=\"image\/jpeg\" \/>\n<meta name=\"twitter:card\" content=\"summary_large_image\" \/>\n<meta name=\"twitter:site\" content=\"@cyclinginjpn\" \/>\n<meta name=\"twitter:label1\" content=\"Tiempo de lectura\" \/>\n\t<meta name=\"twitter:data1\" content=\"5 minutos\" \/>\n<script type=\"application\/ld+json\" class=\"yoast-schema-graph\">{\"@context\":\"https:\\\/\\\/schema.org\",\"@graph\":[{\"@type\":\"WebPage\",\"@id\":\"https:\\\/\\\/roadbikerentaljapan.com\\\/other-services\\\/how-delivery-works-2\\\/\",\"url\":\"https:\\\/\\\/roadbikerentaljapan.com\\\/other-services\\\/how-delivery-works-2\\\/\",\"name\":\"How Delivery Works - Road Bike Rental Japan\",\"isPartOf\":{\"@id\":\"https:\\\/\\\/roadbikerentaljapan.com\\\/#website\"},\"primaryImageOfPage\":{\"@id\":\"https:\\\/\\\/roadbikerentaljapan.com\\\/other-services\\\/how-delivery-works-2\\\/#primaryimage\"},\"image\":{\"@id\":\"https:\\\/\\\/roadbikerentaljapan.com\\\/other-services\\\/how-delivery-works-2\\\/#primaryimage\"},\"thumbnailUrl\":\"https:\\\/\\\/roadbikerentaljapan.com\\\/wp-content\\\/uploads\\\/2024\\\/05\\\/Delivery_box_540x463_d417b579-5878-487f-aed7-6e713aeec2a5.jpg\",\"datePublished\":\"2024-07-04T06:17:30+00:00\",\"dateModified\":\"2026-01-25T08:22:54+00:00\",\"description\":\"Road bike rental Japan offers delivery services around Japan if you would prefer to start\\\/end your cycle adventure outside of our shop areas.\",\"breadcrumb\":{\"@id\":\"https:\\\/\\\/roadbikerentaljapan.com\\\/other-services\\\/how-delivery-works-2\\\/#breadcrumb\"},\"inLanguage\":\"es\",\"potentialAction\":[{\"@type\":\"ReadAction\",\"target\":[\"https:\\\/\\\/roadbikerentaljapan.com\\\/other-services\\\/how-delivery-works-2\\\/\"]}]},{\"@type\":\"ImageObject\",\"inLanguage\":\"es\",\"@id\":\"https:\\\/\\\/roadbikerentaljapan.com\\\/other-services\\\/how-delivery-works-2\\\/#primaryimage\",\"url\":\"https:\\\/\\\/roadbikerentaljapan.com\\\/wp-content\\\/uploads\\\/2024\\\/05\\\/Delivery_box_540x463_d417b579-5878-487f-aed7-6e713aeec2a5.jpg\",\"contentUrl\":\"https:\\\/\\\/roadbikerentaljapan.com\\\/wp-content\\\/uploads\\\/2024\\\/05\\\/Delivery_box_540x463_d417b579-5878-487f-aed7-6e713aeec2a5.jpg\"},{\"@type\":\"BreadcrumbList\",\"@id\":\"https:\\\/\\\/roadbikerentaljapan.com\\\/other-services\\\/how-delivery-works-2\\\/#breadcrumb\",\"itemListElement\":[{\"@type\":\"ListItem\",\"position\":1,\"name\":\"Home\",\"item\":\"https:\\\/\\\/roadbikerentaljapan.com\\\/\"},{\"@type\":\"ListItem\",\"position\":2,\"name\":\"Other Services\",\"item\":\"https:\\\/\\\/roadbikerentaljapan.com\\\/other-services\\\/\"},{\"@type\":\"ListItem\",\"position\":3,\"name\":\"How Delivery Works\"}]},{\"@type\":\"WebSite\",\"@id\":\"https:\\\/\\\/roadbikerentaljapan.com\\\/#website\",\"url\":\"https:\\\/\\\/roadbikerentaljapan.com\\\/\",\"name\":\"Road Bike Rental Japan\",\"description\":\"Cycling in Japan\",\"publisher\":{\"@id\":\"https:\\\/\\\/roadbikerentaljapan.com\\\/#organization\"},\"alternateName\":\"RBRJ\",\"potentialAction\":[{\"@type\":\"SearchAction\",\"target\":{\"@type\":\"EntryPoint\",\"urlTemplate\":\"https:\\\/\\\/roadbikerentaljapan.com\\\/?s={search_term_string}\"},\"query-input\":{\"@type\":\"PropertyValueSpecification\",\"valueRequired\":true,\"valueName\":\"search_term_string\"}}],\"inLanguage\":\"es\"},{\"@type\":\"Organization\",\"@id\":\"https:\\\/\\\/roadbikerentaljapan.com\\\/#organization\",\"name\":\"Road Bike Rental Japan LLC\",\"alternateName\":\"Road Bike Rental Japan LLC\",\"url\":\"https:\\\/\\\/roadbikerentaljapan.com\\\/\",\"logo\":{\"@type\":\"ImageObject\",\"inLanguage\":\"es\",\"@id\":\"https:\\\/\\\/roadbikerentaljapan.com\\\/#\\\/schema\\\/logo\\\/image\\\/\",\"url\":\"https:\\\/\\\/roadbikerentaljapan.com\\\/wp-content\\\/uploads\\\/2024\\\/08\\\/cropped-HiRez-Web-Banner-2024-300-x-100-px.png\",\"contentUrl\":\"https:\\\/\\\/roadbikerentaljapan.com\\\/wp-content\\\/uploads\\\/2024\\\/08\\\/cropped-HiRez-Web-Banner-2024-300-x-100-px.png\",\"width\":300,\"height\":100,\"caption\":\"Road Bike Rental Japan LLC\"},\"image\":{\"@id\":\"https:\\\/\\\/roadbikerentaljapan.com\\\/#\\\/schema\\\/logo\\\/image\\\/\"},\"sameAs\":[\"https:\\\/\\\/www.facebook.com\\\/roadbikerentalJPN\",\"https:\\\/\\\/x.com\\\/cyclinginjpn\",\"https:\\\/\\\/www.youtube.com\\\/@cyclinginjpn\"],\"email\":\"info@roadbikerentaljapan.com\",\"telephone\":\"+815017228801\",\"legalName\":\"\u5408\u540c\u4f1a\u793e\u30ed\u30fc\u30c9\u30d0\u30a4\u30af\u30ec\u30f3\u30bf\u30eb\u30b8\u30e3\u30d1\u30f3\",\"foundingDate\":\"2022-12-19\",\"numberOfEmployees\":{\"@type\":\"QuantitativeValue\",\"minValue\":\"1\",\"maxValue\":\"10\"}}]}<\/script>\n<!-- \/ Yoast SEO Premium plugin. -->","yoast_head_json":{"title":"C\u00f3mo funciona la entrega - Road Bike Rental Japan","description":"Alquiler de bicicletas de carretera Jap\u00f3n ofrece servicios de entrega en todo Jap\u00f3n si usted prefiere comenzar \/ terminar su aventura en bicicleta fuera de nuestras \u00e1reas de la tienda.","robots":{"index":"index","follow":"follow","max-snippet":"max-snippet:-1","max-image-preview":"max-image-preview:large","max-video-preview":"max-video-preview:-1"},"canonical":"https:\/\/roadbikerentaljapan.com\/es\/other-services\/como-funciona-la-entrega-2\/","og_locale":"es_ES","og_type":"article","og_title":"How Delivery Works","og_description":"Road bike rental Japan offers delivery services around Japan if you would prefer to start\/end your cycle adventure outside of our shop areas.","og_url":"https:\/\/roadbikerentaljapan.com\/es\/other-services\/como-funciona-la-entrega-2\/","og_site_name":"Road Bike Rental Japan","article_publisher":"https:\/\/www.facebook.com\/roadbikerentalJPN","article_modified_time":"2026-01-25T08:22:54+00:00","og_image":[{"width":540,"height":463,"url":"https:\/\/roadbikerentaljapan.com\/wp-content\/uploads\/2024\/05\/Delivery_box_540x463_d417b579-5878-487f-aed7-6e713aeec2a5.jpg","type":"image\/jpeg"}],"twitter_card":"summary_large_image","twitter_site":"@cyclinginjpn","twitter_misc":{"Tiempo de lectura":"5 minutos"},"schema":{"@context":"https:\/\/schema.org","@graph":[{"@type":"WebPage","@id":"https:\/\/roadbikerentaljapan.com\/other-services\/how-delivery-works-2\/","url":"https:\/\/roadbikerentaljapan.com\/other-services\/how-delivery-works-2\/","name":"C\u00f3mo funciona la entrega - Road Bike Rental Japan","isPartOf":{"@id":"https:\/\/roadbikerentaljapan.com\/#website"},"primaryImageOfPage":{"@id":"https:\/\/roadbikerentaljapan.com\/other-services\/how-delivery-works-2\/#primaryimage"},"image":{"@id":"https:\/\/roadbikerentaljapan.com\/other-services\/how-delivery-works-2\/#primaryimage"},"thumbnailUrl":"https:\/\/roadbikerentaljapan.com\/wp-content\/uploads\/2024\/05\/Delivery_box_540x463_d417b579-5878-487f-aed7-6e713aeec2a5.jpg","datePublished":"2024-07-04T06:17:30+00:00","dateModified":"2026-01-25T08:22:54+00:00","description":"Alquiler de bicicletas de carretera Jap\u00f3n ofrece servicios de entrega en todo Jap\u00f3n si usted prefiere comenzar \/ terminar su aventura en bicicleta fuera de nuestras \u00e1reas de la tienda.","breadcrumb":{"@id":"https:\/\/roadbikerentaljapan.com\/other-services\/how-delivery-works-2\/#breadcrumb"},"inLanguage":"es","potentialAction":[{"@type":"ReadAction","target":["https:\/\/roadbikerentaljapan.com\/other-services\/how-delivery-works-2\/"]}]},{"@type":"ImageObject","inLanguage":"es","@id":"https:\/\/roadbikerentaljapan.com\/other-services\/how-delivery-works-2\/#primaryimage","url":"https:\/\/roadbikerentaljapan.com\/wp-content\/uploads\/2024\/05\/Delivery_box_540x463_d417b579-5878-487f-aed7-6e713aeec2a5.jpg","contentUrl":"https:\/\/roadbikerentaljapan.com\/wp-content\/uploads\/2024\/05\/Delivery_box_540x463_d417b579-5878-487f-aed7-6e713aeec2a5.jpg"},{"@type":"BreadcrumbList","@id":"https:\/\/roadbikerentaljapan.com\/other-services\/how-delivery-works-2\/#breadcrumb","itemListElement":[{"@type":"ListItem","position":1,"name":"Home","item":"https:\/\/roadbikerentaljapan.com\/"},{"@type":"ListItem","position":2,"name":"Other Services","item":"https:\/\/roadbikerentaljapan.com\/other-services\/"},{"@type":"ListItem","position":3,"name":"How Delivery Works"}]},{"@type":"WebSite","@id":"https:\/\/roadbikerentaljapan.com\/#website","url":"https:\/\/roadbikerentaljapan.com\/","name":"Alquiler de bicicletas de carretera Jap\u00f3n","description":"Ciclismo en Jap\u00f3n","publisher":{"@id":"https:\/\/roadbikerentaljapan.com\/#organization"},"alternateName":"RBRJ","potentialAction":[{"@type":"SearchAction","target":{"@type":"EntryPoint","urlTemplate":"https:\/\/roadbikerentaljapan.com\/?s={search_term_string}"},"query-input":{"@type":"PropertyValueSpecification","valueRequired":true,"valueName":"search_term_string"}}],"inLanguage":"es"},{"@type":"Organization","@id":"https:\/\/roadbikerentaljapan.com\/#organization","name":"Road Bike Rental Japan LLC","alternateName":"Road Bike Rental Japan LLC","url":"https:\/\/roadbikerentaljapan.com\/","logo":{"@type":"ImageObject","inLanguage":"es","@id":"https:\/\/roadbikerentaljapan.com\/#\/schema\/logo\/image\/","url":"https:\/\/roadbikerentaljapan.com\/wp-content\/uploads\/2024\/08\/cropped-HiRez-Web-Banner-2024-300-x-100-px.png","contentUrl":"https:\/\/roadbikerentaljapan.com\/wp-content\/uploads\/2024\/08\/cropped-HiRez-Web-Banner-2024-300-x-100-px.png","width":300,"height":100,"caption":"Road Bike Rental Japan LLC"},"image":{"@id":"https:\/\/roadbikerentaljapan.com\/#\/schema\/logo\/image\/"},"sameAs":["https:\/\/www.facebook.com\/roadbikerentalJPN","https:\/\/x.com\/cyclinginjpn","https:\/\/www.youtube.com\/@cyclinginjpn"],"email":"info@roadbikerentaljapan.com","telephone":"+815017228801","legalName":"\u5408\u540c\u4f1a\u793e\u30ed\u30fc\u30c9\u30d0\u30a4\u30af\u30ec\u30f3\u30bf\u30eb\u30b8\u30e3\u30d1\u30f3","foundingDate":"2022-12-19","numberOfEmployees":{"@type":"QuantitativeValue","minValue":"1","maxValue":"10"}}]}},"uagb_featured_image_src":{"full":false,"thumbnail":false,"medium":false,"medium_large":false,"large":false,"1536x1536":false,"2048x2048":false,"trp-custom-language-flag":false},"uagb_author_info":{"display_name":"rbrj2024","author_link":"https:\/\/roadbikerentaljapan.com\/es\/author\/rbrj2024\/"},"uagb_comment_info":0,"uagb_excerpt":"Introduction to the Service (We are currently updating our Delivery policies, and this page. &#8211; Jan 25th to Jan 31st) [&hellip;]","_links":{"self":[{"href":"https:\/\/roadbikerentaljapan.com\/es\/wp-json\/wp\/v2\/pages\/901","targetHints":{"allow":["GET"]}}],"collection":[{"href":"https:\/\/roadbikerentaljapan.com\/es\/wp-json\/wp\/v2\/pages"}],"about":[{"href":"https:\/\/roadbikerentaljapan.com\/es\/wp-json\/wp\/v2\/types\/page"}],"author":[{"embeddable":true,"href":"https:\/\/roadbikerentaljapan.com\/es\/wp-json\/wp\/v2\/users\/1"}],"replies":[{"embeddable":true,"href":"https:\/\/roadbikerentaljapan.com\/es\/wp-json\/wp\/v2\/comments?post=901"}],"version-history":[{"count":0,"href":"https:\/\/roadbikerentaljapan.com\/es\/wp-json\/wp\/v2\/pages\/901\/revisions"}],"up":[{"embeddable":true,"href":"https:\/\/roadbikerentaljapan.com\/es\/wp-json\/wp\/v2\/pages\/1186"}],"wp:attachment":[{"href":"https:\/\/roadbikerentaljapan.com\/es\/wp-json\/wp\/v2\/media?parent=901"}],"curies":[{"name":"wp","href":"https:\/\/api.w.org\/{rel}","templated":true}]}}