{"id":911,"date":"2024-07-01T00:51:18","date_gmt":"2024-07-01T00:51:18","guid":{"rendered":"http:\/\/road-bike-rental-japan.local\/?page_id=911"},"modified":"2025-07-16T07:50:47","modified_gmt":"2025-07-15T22:50:47","slug":"company-information","status":"publish","type":"page","link":"https:\/\/roadbikerentaljapan.com\/es\/company-information\/","title":{"rendered":"Informaci\u00f3n sobre la empresa"},"content":{"rendered":"<p><strong>Nombre de la empresa:<\/strong><\/p>\n\n\n\n<p>\u5408\u540c\u4f1a\u793e\u30ed\u30fc\u30c9\u30d0\u30a4\u30af\u30ec\u30f3\u30bf\u30eb\u30b8\u30e3\u30d1\u30f3<\/p>\n\n\n\n<p>Road Bike Rental Japan LLC<\/p>\n\n\n\n<p><strong>Sede central:<\/strong><\/p>\n\n\n\n<p>\u5927\u962a\u5e02\u90fd\u5cf6\u533a\u4e2d\u91ce\u753a\u4e94\u4e01\u76ee\uff12\u756a\uff15\u53f7<\/p>\n\n\n\n<p>5-2-5 Nakanocho, Miyakojima-ku, Osaka-shi, Osaka-fu, 534-0027<\/p>\n\n\n\n<p><strong>Actividades empresariales:<\/strong>&nbsp;<\/p>\n\n\n\n<ol class=\"wp-block-list\">\n<li>Alquiler de bicicletas<\/li>\n\n\n\n<li>Disposiciones de viaje relacionadas con el ciclismo<\/li>\n\n\n\n<li>Cicloturismo<\/li>\n\n\n\n<li>Cycle Cafe<\/li>\n\n\n\n<li>Venta de publicaciones ciclistas<\/li>\n\n\n\n<li>Venta de ropa y accesorios de ciclismo<\/li>\n\n\n\n<li>Venta de piezas de bicicleta<\/li>\n\n\n\n<li>Todas las actividades relacionadas con los puntos anteriores<\/li>\n<\/ol>\n\n\n\n<p><strong>Incorporado:<\/strong>&nbsp;Dic 2022<\/p>\n\n\n\n<p><strong>Capital:<\/strong>&nbsp;\u00a5500,000<\/p>\n\n\n\n<p><strong>Director Representante:<\/strong>&nbsp;Gareth Edward McCready<\/p>\n\n\n\n<p><strong>N\u00ba de empleados:<\/strong>\u00a03<\/p>","protected":false},"excerpt":{"rendered":"<p>Company Name: \u5408\u540c\u4f1a\u793e\u30ed\u30fc\u30c9\u30d0\u30a4\u30af\u30ec\u30f3\u30bf\u30eb\u30b8\u30e3\u30d1\u30f3 Road Bike Rental Japan LLC Headquarters: \u5927\u962a\u5e02\u90fd\u5cf6\u533a\u4e2d\u91ce\u753a\u4e94\u4e01\u76ee\uff12\u756a\uff15\u53f7 5-2-5 Nakanocho, Miyakojima-ku, Osaka-shi, Osaka-fu, 534-0027 Business Activities:&nbsp; Incorporated:&nbsp;Dec 2022 [&hellip;]<\/p>\n","protected":false},"author":1,"featured_media":0,"parent":0,"menu_order":8,"comment_status":"closed","ping_status":"closed","template":"","meta":{"content-type":"","_uag_custom_page_level_css":"","site-sidebar-layout":"default","site-content-layout":"","ast-site-content-layout":"default","site-content-style":"default","site-sidebar-style":"default","ast-global-header-display":"","ast-banner-title-visibility":"","ast-main-header-display":"","ast-hfb-above-header-display":"","ast-hfb-below-header-display":"","ast-hfb-mobile-header-display":"","site-post-title":"","ast-breadcrumbs-content":"","ast-featured-img":"","footer-sml-layout":"","ast-disable-related-posts":"","theme-transparent-header-meta":"","adv-header-id-meta":"","stick-header-meta":"","header-above-stick-meta":"","header-main-stick-meta":"","header-below-stick-meta":"","astra-migrate-meta-layouts":"default","ast-page-background-enabled":"default","ast-page-background-meta":{"desktop":{"background-color":"var(--ast-global-color-4)","background-image":"","background-repeat":"repeat","background-position":"center center","background-size":"auto","background-attachment":"scroll","background-type":"","background-media":"","overlay-type":"","overlay-color":"","overlay-opacity":"","overlay-gradient":""},"tablet":{"background-color":"","background-image":"","background-repeat":"repeat","background-position":"center center","background-size":"auto","background-attachment":"scroll","background-type":"","background-media":"","overlay-type":"","overlay-color":"","overlay-opacity":"","overlay-gradient":""},"mobile":{"background-color":"","background-image":"","background-repeat":"repeat","background-position":"center center","background-size":"auto","background-attachment":"scroll","background-type":"","background-media":"","overlay-type":"","overlay-color":"","overlay-opacity":"","overlay-gradient":""}},"ast-content-background-meta":{"desktop":{"background-color":"var(--ast-global-color-5)","background-image":"","background-repeat":"repeat","background-position":"center center","background-size":"auto","background-attachment":"scroll","background-type":"","background-media":"","overlay-type":"","overlay-color":"","overlay-opacity":"","overlay-gradient":""},"tablet":{"background-color":"var(--ast-global-color-5)","background-image":"","background-repeat":"repeat","background-position":"center center","background-size":"auto","background-attachment":"scroll","background-type":"","background-media":"","overlay-type":"","overlay-color":"","overlay-opacity":"","overlay-gradient":""},"mobile":{"background-color":"var(--ast-global-color-5)","background-image":"","background-repeat":"repeat","background-position":"center center","background-size":"auto","background-attachment":"scroll","background-type":"","background-media":"","overlay-type":"","overlay-color":"","overlay-opacity":"","overlay-gradient":""}},"footnotes":""},"class_list":["post-911","page","type-page","status-publish","hentry"],"yoast_head":"<!-- This site is optimized with the Yoast SEO Premium plugin v27.2 (Yoast SEO v27.2) - https:\/\/yoast.com\/product\/yoast-seo-premium-wordpress\/ -->\n<title>Company Information - Road Bike Rental Japan<\/title>\n<meta name=\"description\" content=\"Find company and corporate information about Road Bike Rental Japan here. \u5408\u540c\u4f1a\u793e\u30ed\u30fc\u30c9\u30d0\u30a4\u30af\u30ec\u30f3\u30bf\u30eb\u30b8\u30e3\u30d1\u30f3 was incorporated in 2022 by Gareth McCready.\" \/>\n<meta name=\"robots\" content=\"index, follow, max-snippet:-1, max-image-preview:large, max-video-preview:-1\" \/>\n<link rel=\"canonical\" href=\"https:\/\/roadbikerentaljapan.com\/es\/company-information\/\" \/>\n<meta property=\"og:locale\" content=\"es_ES\" \/>\n<meta property=\"og:type\" content=\"article\" \/>\n<meta property=\"og:title\" content=\"Company Information\" \/>\n<meta property=\"og:description\" content=\"Find company and corporate information about Road Bike Rental Japan here. \u5408\u540c\u4f1a\u793e\u30ed\u30fc\u30c9\u30d0\u30a4\u30af\u30ec\u30f3\u30bf\u30eb\u30b8\u30e3\u30d1\u30f3 was incorporated in 2022 by Gareth McCready.\" \/>\n<meta property=\"og:url\" content=\"https:\/\/roadbikerentaljapan.com\/es\/company-information\/\" \/>\n<meta property=\"og:site_name\" content=\"Road Bike Rental Japan\" \/>\n<meta property=\"article:publisher\" content=\"https:\/\/www.facebook.com\/roadbikerentalJPN\" \/>\n<meta property=\"article:modified_time\" content=\"2025-07-15T22:50:47+00:00\" \/>\n<meta name=\"twitter:card\" content=\"summary_large_image\" \/>\n<meta name=\"twitter:site\" content=\"@cyclinginjpn\" \/>\n<meta name=\"twitter:label1\" content=\"Tiempo de lectura\" \/>\n\t<meta name=\"twitter:data1\" content=\"1 minuto\" \/>\n<script type=\"application\/ld+json\" class=\"yoast-schema-graph\">{\"@context\":\"https:\/\/schema.org\",\"@graph\":[{\"@type\":\"WebPage\",\"@id\":\"https:\/\/roadbikerentaljapan.com\/company-information\/\",\"url\":\"https:\/\/roadbikerentaljapan.com\/company-information\/\",\"name\":\"Company Information - Road Bike Rental Japan\",\"isPartOf\":{\"@id\":\"https:\/\/roadbikerentaljapan.com\/#website\"},\"datePublished\":\"2024-07-01T00:51:18+00:00\",\"dateModified\":\"2025-07-15T22:50:47+00:00\",\"description\":\"Find company and corporate information about Road Bike Rental Japan here. \u5408\u540c\u4f1a\u793e\u30ed\u30fc\u30c9\u30d0\u30a4\u30af\u30ec\u30f3\u30bf\u30eb\u30b8\u30e3\u30d1\u30f3 was incorporated in 2022 by Gareth McCready.\",\"breadcrumb\":{\"@id\":\"https:\/\/roadbikerentaljapan.com\/company-information\/#breadcrumb\"},\"inLanguage\":\"es\",\"potentialAction\":[{\"@type\":\"ReadAction\",\"target\":[\"https:\/\/roadbikerentaljapan.com\/company-information\/\"]}]},{\"@type\":\"BreadcrumbList\",\"@id\":\"https:\/\/roadbikerentaljapan.com\/company-information\/#breadcrumb\",\"itemListElement\":[{\"@type\":\"ListItem\",\"position\":1,\"name\":\"Home\",\"item\":\"https:\/\/roadbikerentaljapan.com\/\"},{\"@type\":\"ListItem\",\"position\":2,\"name\":\"Company Information\"}]},{\"@type\":\"WebSite\",\"@id\":\"https:\/\/roadbikerentaljapan.com\/#website\",\"url\":\"https:\/\/roadbikerentaljapan.com\/\",\"name\":\"Road Bike Rental Japan\",\"description\":\"Cycling in Japan\",\"publisher\":{\"@id\":\"https:\/\/roadbikerentaljapan.com\/#organization\"},\"alternateName\":\"RBRJ\",\"potentialAction\":[{\"@type\":\"SearchAction\",\"target\":{\"@type\":\"EntryPoint\",\"urlTemplate\":\"https:\/\/roadbikerentaljapan.com\/?s={search_term_string}\"},\"query-input\":{\"@type\":\"PropertyValueSpecification\",\"valueRequired\":true,\"valueName\":\"search_term_string\"}}],\"inLanguage\":\"es\"},{\"@type\":\"Organization\",\"@id\":\"https:\/\/roadbikerentaljapan.com\/#organization\",\"name\":\"Road Bike Rental Japan LLC\",\"alternateName\":\"Road Bike Rental Japan LLC\",\"url\":\"https:\/\/roadbikerentaljapan.com\/\",\"logo\":{\"@type\":\"ImageObject\",\"inLanguage\":\"es\",\"@id\":\"https:\/\/roadbikerentaljapan.com\/#\/schema\/logo\/image\/\",\"url\":\"https:\/\/roadbikerentaljapan.com\/wp-content\/uploads\/2024\/08\/cropped-HiRez-Web-Banner-2024-300-x-100-px.png\",\"contentUrl\":\"https:\/\/roadbikerentaljapan.com\/wp-content\/uploads\/2024\/08\/cropped-HiRez-Web-Banner-2024-300-x-100-px.png\",\"width\":300,\"height\":100,\"caption\":\"Road Bike Rental Japan LLC\"},\"image\":{\"@id\":\"https:\/\/roadbikerentaljapan.com\/#\/schema\/logo\/image\/\"},\"sameAs\":[\"https:\/\/www.facebook.com\/roadbikerentalJPN\",\"https:\/\/x.com\/cyclinginjpn\",\"https:\/\/www.youtube.com\/@cyclinginjpn\"],\"email\":\"info@roadbikerentaljapan.com\",\"telephone\":\"+815017228801\",\"legalName\":\"\u5408\u540c\u4f1a\u793e\u30ed\u30fc\u30c9\u30d0\u30a4\u30af\u30ec\u30f3\u30bf\u30eb\u30b8\u30e3\u30d1\u30f3\",\"foundingDate\":\"2022-12-19\",\"numberOfEmployees\":{\"@type\":\"QuantitativeValue\",\"minValue\":\"1\",\"maxValue\":\"10\"}}]}<\/script>\n<!-- \/ Yoast SEO Premium plugin. -->","yoast_head_json":{"title":"Informaci\u00f3n de la empresa - Road Bike Rental Japan","description":"Encuentre aqu\u00ed informaci\u00f3n empresarial y corporativa sobre Road Bike Rental Japan. \u5408\u540c\u4f1a\u793e\u30ed\u30fc\u30c9\u30d0\u30a4\u30af\u30ec\u30f3\u30bf\u30eb\u30b8\u30e3\u30d1\u30f3 fue constituida en 2022 por Gareth McCready.","robots":{"index":"index","follow":"follow","max-snippet":"max-snippet:-1","max-image-preview":"max-image-preview:large","max-video-preview":"max-video-preview:-1"},"canonical":"https:\/\/roadbikerentaljapan.com\/es\/company-information\/","og_locale":"es_ES","og_type":"article","og_title":"Company Information","og_description":"Find company and corporate information about Road Bike Rental Japan here. \u5408\u540c\u4f1a\u793e\u30ed\u30fc\u30c9\u30d0\u30a4\u30af\u30ec\u30f3\u30bf\u30eb\u30b8\u30e3\u30d1\u30f3 was incorporated in 2022 by Gareth McCready.","og_url":"https:\/\/roadbikerentaljapan.com\/es\/company-information\/","og_site_name":"Road Bike Rental Japan","article_publisher":"https:\/\/www.facebook.com\/roadbikerentalJPN","article_modified_time":"2025-07-15T22:50:47+00:00","twitter_card":"summary_large_image","twitter_site":"@cyclinginjpn","twitter_misc":{"Tiempo de lectura":"1 minuto"},"schema":{"@context":"https:\/\/schema.org","@graph":[{"@type":"WebPage","@id":"https:\/\/roadbikerentaljapan.com\/company-information\/","url":"https:\/\/roadbikerentaljapan.com\/company-information\/","name":"Informaci\u00f3n de la empresa - Road Bike Rental Japan","isPartOf":{"@id":"https:\/\/roadbikerentaljapan.com\/#website"},"datePublished":"2024-07-01T00:51:18+00:00","dateModified":"2025-07-15T22:50:47+00:00","description":"Encuentre aqu\u00ed informaci\u00f3n empresarial y corporativa sobre Road Bike Rental Japan. \u5408\u540c\u4f1a\u793e\u30ed\u30fc\u30c9\u30d0\u30a4\u30af\u30ec\u30f3\u30bf\u30eb\u30b8\u30e3\u30d1\u30f3 fue constituida en 2022 por Gareth McCready.","breadcrumb":{"@id":"https:\/\/roadbikerentaljapan.com\/company-information\/#breadcrumb"},"inLanguage":"es","potentialAction":[{"@type":"ReadAction","target":["https:\/\/roadbikerentaljapan.com\/company-information\/"]}]},{"@type":"BreadcrumbList","@id":"https:\/\/roadbikerentaljapan.com\/company-information\/#breadcrumb","itemListElement":[{"@type":"ListItem","position":1,"name":"Home","item":"https:\/\/roadbikerentaljapan.com\/"},{"@type":"ListItem","position":2,"name":"Company Information"}]},{"@type":"WebSite","@id":"https:\/\/roadbikerentaljapan.com\/#website","url":"https:\/\/roadbikerentaljapan.com\/","name":"Alquiler de bicicletas de carretera Jap\u00f3n","description":"Ciclismo en Jap\u00f3n","publisher":{"@id":"https:\/\/roadbikerentaljapan.com\/#organization"},"alternateName":"RBRJ","potentialAction":[{"@type":"SearchAction","target":{"@type":"EntryPoint","urlTemplate":"https:\/\/roadbikerentaljapan.com\/?s={search_term_string}"},"query-input":{"@type":"PropertyValueSpecification","valueRequired":true,"valueName":"search_term_string"}}],"inLanguage":"es"},{"@type":"Organization","@id":"https:\/\/roadbikerentaljapan.com\/#organization","name":"Road Bike Rental Japan LLC","alternateName":"Road Bike Rental Japan LLC","url":"https:\/\/roadbikerentaljapan.com\/","logo":{"@type":"ImageObject","inLanguage":"es","@id":"https:\/\/roadbikerentaljapan.com\/#\/schema\/logo\/image\/","url":"https:\/\/roadbikerentaljapan.com\/wp-content\/uploads\/2024\/08\/cropped-HiRez-Web-Banner-2024-300-x-100-px.png","contentUrl":"https:\/\/roadbikerentaljapan.com\/wp-content\/uploads\/2024\/08\/cropped-HiRez-Web-Banner-2024-300-x-100-px.png","width":300,"height":100,"caption":"Road Bike Rental Japan LLC"},"image":{"@id":"https:\/\/roadbikerentaljapan.com\/#\/schema\/logo\/image\/"},"sameAs":["https:\/\/www.facebook.com\/roadbikerentalJPN","https:\/\/x.com\/cyclinginjpn","https:\/\/www.youtube.com\/@cyclinginjpn"],"email":"info@roadbikerentaljapan.com","telephone":"+815017228801","legalName":"\u5408\u540c\u4f1a\u793e\u30ed\u30fc\u30c9\u30d0\u30a4\u30af\u30ec\u30f3\u30bf\u30eb\u30b8\u30e3\u30d1\u30f3","foundingDate":"2022-12-19","numberOfEmployees":{"@type":"QuantitativeValue","minValue":"1","maxValue":"10"}}]}},"uagb_featured_image_src":{"full":false,"thumbnail":false,"medium":false,"medium_large":false,"large":false,"1536x1536":false,"2048x2048":false,"trp-custom-language-flag":false},"uagb_author_info":{"display_name":"rbrj2024","author_link":"https:\/\/roadbikerentaljapan.com\/es\/author\/rbrj2024\/"},"uagb_comment_info":0,"uagb_excerpt":"Company Name: \u5408\u540c\u4f1a\u793e\u30ed\u30fc\u30c9\u30d0\u30a4\u30af\u30ec\u30f3\u30bf\u30eb\u30b8\u30e3\u30d1\u30f3 Road Bike Rental Japan LLC Headquarters: \u5927\u962a\u5e02\u90fd\u5cf6\u533a\u4e2d\u91ce\u753a\u4e94\u4e01\u76ee\uff12\u756a\uff15\u53f7 5-2-5 Nakanocho, Miyakojima-ku, Osaka-shi, Osaka-fu, 534-0027 Business Activities:&nbsp; Incorporated:&nbsp;Dec 2022 [&hellip;]","_links":{"self":[{"href":"https:\/\/roadbikerentaljapan.com\/es\/wp-json\/wp\/v2\/pages\/911","targetHints":{"allow":["GET"]}}],"collection":[{"href":"https:\/\/roadbikerentaljapan.com\/es\/wp-json\/wp\/v2\/pages"}],"about":[{"href":"https:\/\/roadbikerentaljapan.com\/es\/wp-json\/wp\/v2\/types\/page"}],"author":[{"embeddable":true,"href":"https:\/\/roadbikerentaljapan.com\/es\/wp-json\/wp\/v2\/users\/1"}],"replies":[{"embeddable":true,"href":"https:\/\/roadbikerentaljapan.com\/es\/wp-json\/wp\/v2\/comments?post=911"}],"version-history":[{"count":0,"href":"https:\/\/roadbikerentaljapan.com\/es\/wp-json\/wp\/v2\/pages\/911\/revisions"}],"wp:attachment":[{"href":"https:\/\/roadbikerentaljapan.com\/es\/wp-json\/wp\/v2\/media?parent=911"}],"curies":[{"name":"wp","href":"https:\/\/api.w.org\/{rel}","templated":true}]}}