{"id":1063,"date":"2024-07-01T06:40:07","date_gmt":"2024-07-01T06:40:07","guid":{"rendered":"http:\/\/road-bike-rental-japan.local\/?page_id=1063"},"modified":"2025-07-23T10:20:25","modified_gmt":"2025-07-23T01:20:25","slug":"a-propos-de-rbrj","status":"publish","type":"page","link":"https:\/\/roadbikerentaljapan.com\/fr\/about-rbrj\/","title":{"rendered":"A propos de la location de v\u00e9los de route au Japon"},"content":{"rendered":"<div class=\"wp-block-group alignfull is-content-justification-center is-layout-constrained wp-container-core-group-is-layout-df757ecc wp-block-group-is-layout-constrained\" style=\"margin-top:0;margin-bottom:0;padding-top:calc( 0.5 * var(--wp--style--root--padding-right, var(--wp--custom--gap--horizontal)));padding-right:var(--wp--style--root--padding-right, var(--wp--custom--gap--horizontal));padding-bottom:calc( 0.5 * var(--wp--style--root--padding-right, var(--wp--custom--gap--horizontal)));padding-left:var(--wp--style--root--padding-left, var(--wp--custom--gap--horizontal))\">\n<div style=\"height:calc( 0.25 * var(--wp--style--root--padding-right, var(--wp--custom--gap--horizontal)))\" aria-hidden=\"true\" class=\"wp-block-spacer\"><\/div>\n\n\n\n<div class=\"wp-block-cover alignfull is-light wp-duotone-grayscale\" style=\"margin-top:0;margin-bottom:0;padding-top:3%;padding-right:0%;padding-bottom:10%;padding-left:5%;min-height:600px;aspect-ratio:unset;\"><img loading=\"lazy\" decoding=\"async\" width=\"768\" height=\"1024\" class=\"wp-block-cover__image-background wp-image-758 size-large\" alt=\"Location de v\u00e9los au Japon\" src=\"https:\/\/roadbikerentaljapan.com\/wp-content\/uploads\/2024\/05\/DavidChin3-768x1024.jpg\" data-object-fit=\"cover\" srcset=\"https:\/\/roadbikerentaljapan.com\/wp-content\/uploads\/2024\/05\/DavidChin3-768x1024.jpg 768w, https:\/\/roadbikerentaljapan.com\/wp-content\/uploads\/2024\/05\/DavidChin3-600x800.jpg 600w, https:\/\/roadbikerentaljapan.com\/wp-content\/uploads\/2024\/05\/DavidChin3-225x300.jpg 225w, https:\/\/roadbikerentaljapan.com\/wp-content\/uploads\/2024\/05\/DavidChin3-1152x1536.jpg 1152w, https:\/\/roadbikerentaljapan.com\/wp-content\/uploads\/2024\/05\/DavidChin3.jpg 1536w\" sizes=\"auto, (max-width: 768px) 100vw, 768px\" \/><span aria-hidden=\"true\" class=\"wp-block-cover__background has-background-dim\" style=\"background-color:#898889\"><\/span><div class=\"wp-block-cover__inner-container is-layout-flow wp-container-core-cover-is-layout-afcb1702 wp-block-cover-is-layout-flow\">\n<h1 class=\"wp-block-heading has-ast-global-color-5-color has-text-color has-link-color wp-elements-8d1eb285613495f9dc1da12a0a3a3807\" id=\"h-about-rbrj\">\u00c0 propos de RBRJ<\/h1>\n\n\n\n<p class=\"has-ast-global-color-5-color has-text-color has-link-color wp-elements-027130817c13b650f086a1cc794025be\">Le RBRJ est n\u00e9 du d\u00e9sir de faire vivre \u00e0 tous l'exp\u00e9rience du cyclisme au Japon.<\/p>\n<\/div><\/div>\n\n\n\n<div style=\"height:calc( 0.25 * var(--wp--style--root--padding-right, var(--wp--custom--gap--horizontal)))\" aria-hidden=\"true\" class=\"wp-block-spacer\"><\/div>\n<\/div>\n\n\n\n<p>Road Bike Rental Japan (anciennement Globalwheels) est passionn\u00e9 par le cyclisme, le Japon et l'exploration. L'entreprise est n\u00e9e du d\u00e9sir d'offrir \u00e0 tous l'exp\u00e9rience du cyclisme au Japon. Nous valorisons la libert\u00e9 sur la route et vous encourageons \u00e0 cr\u00e9er votre propre aventure.<\/p>\n\n\n\n<figure class=\"wp-block-image alignleft size-large is-resized\"><img loading=\"lazy\" decoding=\"async\" width=\"775\" height=\"1677\" src=\"https:\/\/roadbikerentaljapan.com\/wp-content\/uploads\/2024\/11\/RBRJ-owner-edited.jpeg\" alt=\"Propri\u00e9taire de Road Bike Rental Japan au Mont Fuji\" class=\"wp-image-1984\" style=\"width:262px;height:auto\" srcset=\"https:\/\/roadbikerentaljapan.com\/wp-content\/uploads\/2024\/11\/RBRJ-owner-edited.jpeg 775w, https:\/\/roadbikerentaljapan.com\/wp-content\/uploads\/2024\/11\/RBRJ-owner-edited-139x300.jpeg 139w, https:\/\/roadbikerentaljapan.com\/wp-content\/uploads\/2024\/11\/RBRJ-owner-edited-473x1024.jpeg 473w, https:\/\/roadbikerentaljapan.com\/wp-content\/uploads\/2024\/11\/RBRJ-owner-edited-768x1662.jpeg 768w, https:\/\/roadbikerentaljapan.com\/wp-content\/uploads\/2024\/11\/RBRJ-owner-edited-710x1536.jpeg 710w, https:\/\/roadbikerentaljapan.com\/wp-content\/uploads\/2024\/11\/RBRJ-owner-edited-6x12.jpeg 6w, https:\/\/roadbikerentaljapan.com\/wp-content\/uploads\/2024\/11\/RBRJ-owner-edited-600x1298.jpeg 600w\" sizes=\"auto, (max-width: 775px) 100vw, 775px\" \/><\/figure>\n\n\n\n<h2 class=\"wp-block-heading\" id=\"h-the-globalwheels-experiment\">L'exp\u00e9rience \"Globalwheels <\/h2>\n\n\n\n<p class=\"has-text-align-left\">Road Bike Rental Japan a \u00e9t\u00e9 fond\u00e9 sous le nom de Globawheels en 2016 \u00e0 Osaka par des amis, moi (Gareth - \u00e0 gauche) et Ian. Nous aimions tous les deux faire du v\u00e9lo et explorer le Japon, et nous avions le sentiment qu'il manquait un service de location de v\u00e9los de route et de tourisme de qualit\u00e9, couvrant l'ensemble du pays. Tout en travaillant dans nos emplois principaux, nous avons commenc\u00e9 \u00e0 formuler un plan.<\/p>\n\n\n\n<p class=\"has-text-align-left\">Apr\u00e8s avoir commenc\u00e9 \u00e0 faire du v\u00e9lo en 2012, l'id\u00e9e de cr\u00e9er une entreprise de location de v\u00e9los de route m'est venue lors d'une balade le long de la rivi\u00e8re Yodo. Au d\u00e9but, ce n'\u00e9tait qu'une \"id\u00e9e d'ampoule\". Cependant, l'envie de partager avec d'autres la sensation de faire du v\u00e9lo au Japon a grandi et l'exp\u00e9rience Globalwheels a vu le jour.<\/p>\n\n\n\n<p>En d\u00e9marrant Globalwheels Road Bike Rental avec deux v\u00e9los de route, trois v\u00e9los de tourisme et un site Web, nous avons commenc\u00e9 \u00e0 travailler \u00e0 l'arri\u00e8re de ma maison jusqu'\u00e0 ce que nous d\u00e9m\u00e9nagions dans notre QG \u00e0 Sakuranomiya en 2018. Avec la demande croissante et la popularit\u00e9 mondiale de Kyoto, nous avons d\u00e9cid\u00e9 d'ouvrir un deuxi\u00e8me magasin \u00e0 Kyoto \u00e0 l'automne 2019. Les choses allaient bien et avec la Coupe du monde de rugby 2019 au Japon, on nous a demand\u00e9 de fournir des v\u00e9los aux familles de <a href=\"https:\/\/edition.cnn.com\/2019\/09\/26\/sport\/rugby-world-cup-bike-to-tokyo-james-owens-ron-rutland-spt-intl\/index.html\">les cyclistes, qui apportaient le sifflet pour le match d'ouverture depuis Londres<\/a>. Les Jeux olympiques de Tokyo de 2020 \u00e9taient \u00e0 nos portes et nous attendions avec impatience le d\u00e9but de l'ann\u00e9e 2020.<\/p>\n\n\n\n<p>Cela n'a pas fonctionn\u00e9 comme pr\u00e9vu. Avec l'apparition de la pand\u00e9mie de COVID-19 et la fermeture des fronti\u00e8res, nous avons \u00e9t\u00e9 contraints de fermer notre magasin d'origine \u00e0 Kyoto. Plus tard, Ian a d\u00fb quitter l'entreprise. Ne voulant pas abandonner, j'ai continu\u00e9 seul jusqu'\u00e0 la r\u00e9ouverture des fronti\u00e8res.<\/p>\n\n\n\n<p><\/p>\n\n\n\n<p>Suivez Gareth@ Road Bike Rental Japan sur <a href=\"https:\/\/www.strava.com\/athletes\/15190815\">Strava<\/a> et <a href=\"https:\/\/www.linkedin.com\/in\/gareth-mccready-2a48571\/\">LinkedIn<\/a>.<\/p>\n\n\n\n<h2 class=\"wp-block-heading\" id=\"h-the-rbrj-rebrand\">La nouvelle marque RBRJ<\/h2>\n\n\n\n<p>Apr\u00e8s la pand\u00e9mie, nous avons pris un nouveau d\u00e9part en changeant le nom de l'entreprise, puis nous avons ouvert <a href=\"https:\/\/roadbikerentaljapan.com\/fr\/locations\/contact-access-road-bike-rental-japan-kyoto\/\">Location de v\u00e9los de route Japon (Kyoto)<\/a> en 2024 pour offrir plus de location de v\u00e9los de route et <a href=\"https:\/\/roadbikerentaljapan.com\/fr\/tours\/kyoto-area-tours\/\">Options de cyclotourisme<\/a> dans la ville et la pr\u00e9fecture de Kyoto.  <\/p>\n\n\n\n<div class=\"wp-block-uagb-advanced-heading uagb-block-a503582b\"><h2 class=\"uagb-heading-text\">Le logo RBRJ<\/h2><\/div>\n\n\n\n<p><\/p>\n\n\n\n<p class=\"has-text-align-left has-ast-global-color-6-background-color has-background\">Nous voulions que le logo RBRJ symbolise le sens de l'aventure et de l'\u00e9vasion que les cyclistes \u00e9prouvent lors de leurs randonn\u00e9es avec nous. Par essence, nous voulions qu'il refl\u00e8te ce que nous pensons \u00eatre la v\u00e9ritable beaut\u00e9 du Japon, de sa campagne et de ses zones rurales. Parcourir ces r\u00e9gions moins connues peut donner aux cyclistes un sentiment de libert\u00e9, le m\u00eame sentiment qui a inspir\u00e9 Gareth \u00e0 cr\u00e9er RBRJ.<\/p>\n\n\n\n<p>Road Bike Rental Japan est une marque d\u00e9pos\u00e9e sous <a href=\"https:\/\/www.j-platpat.inpit.go.jp\/c1801\/TR\/JP-2024-055099\/40\/en\">Classe 39 (Organisation de voyages et location de v\u00e9los)<\/a> aupr\u00e8s de l'Office japonais des brevets.<\/p>\n\n\n\n<div class=\"wp-block-uagb-image uagb-block-09c4d5cc wp-block-uagb-image--layout-default wp-block-uagb-image--effect-static wp-block-uagb-image--align-none\"><figure class=\"wp-block-uagb-image__figure\"><img decoding=\"async\" srcset=\"https:\/\/roadbikerentaljapan.com\/wp-content\/uploads\/2025\/02\/RBRJ-Registered-trademark-1024x284.png ,https:\/\/roadbikerentaljapan.com\/wp-content\/uploads\/2025\/02\/RBRJ-Registered-trademark.png 780w, https:\/\/roadbikerentaljapan.com\/wp-content\/uploads\/2025\/02\/RBRJ-Registered-trademark.png 360w\" sizes=\"auto, (max-width: 480px) 150px\" src=\"https:\/\/roadbikerentaljapan.com\/wp-content\/uploads\/2025\/02\/RBRJ-Registered-trademark-1024x284.png\" alt=\"Logo de la location de v\u00e9los de route au Japon\" class=\"uag-image-2289\" width=\"1024\" height=\"284\" title=\"RBRJ - Marque d\u00e9pos\u00e9e\" loading=\"lazy\" role=\"img\"\/><\/figure><\/div>\n\n\n\n<p><\/p>\n\n\n\n<p><\/p>\n\n\n\n<div class=\"wp-block-uagb-advanced-heading uagb-block-ad9ab6c7\"><h2 class=\"uagb-heading-text\">Travailler en partenariat avec :<\/h2><\/div>\n\n\n\n<p><\/p>\n\n\n\n<p>Associations<\/p>\n\n\n\n<p><a href=\"https:\/\/www.osaka.cci.or.jp\/e\/\">Chambre de commerce d'Osaka<\/a>      <\/p>\n\n\n\n<p><a href=\"https:\/\/www.kyokanko.or.jp\/\">DMO Kyoto<\/a>                <\/p>\n\n\n\n<p><a href=\"https:\/\/kyoto-bicycle.com\/\">Association de location de v\u00e9los de la ville de Kyoto<\/a><\/p>\n\n\n\n<div class=\"wp-block-group alignfull is-content-justification-center is-layout-constrained wp-container-core-group-is-layout-df757ecc wp-block-group-is-layout-constrained\" style=\"margin-top:0;margin-bottom:0;padding-top:calc( 0.5 * var(--wp--style--root--padding-right, var(--wp--custom--gap--horizontal)));padding-right:var(--wp--style--root--padding-right, var(--wp--custom--gap--horizontal));padding-bottom:calc( 0.5 * var(--wp--style--root--padding-right, var(--wp--custom--gap--horizontal)));padding-left:var(--wp--style--root--padding-left, var(--wp--custom--gap--horizontal))\">\n<div style=\"height:calc( 0.25 * var(--wp--style--root--padding-right, var(--wp--custom--gap--horizontal)))\" aria-hidden=\"true\" class=\"wp-block-spacer\"><\/div>\n\n\n\n<div style=\"height:calc( 0.25 * var(--wp--style--root--padding-right, var(--wp--custom--gap--horizontal)))\" aria-hidden=\"true\" class=\"wp-block-spacer\"><\/div>\n<\/div>\n\n\n\n<p><a href=\"https:\/\/octb.osaka-info.jp\/\">Bureau des conventions et du tourisme d'Osaka<\/a><\/p>\n\n\n\n<p><\/p>","protected":false},"excerpt":{"rendered":"<p>Road Bike Rental Japan (previously Globalwheels) is passionate about cycling, Japan and exploration. The business was born out of a [&hellip;]<\/p>\n","protected":false},"author":1,"featured_media":155,"parent":0,"menu_order":9,"comment_status":"closed","ping_status":"closed","template":"","meta":{"content-type":"","_uag_custom_page_level_css":"","site-sidebar-layout":"default","site-content-layout":"","ast-site-content-layout":"","site-content-style":"default","site-sidebar-style":"default","ast-global-header-display":"","ast-banner-title-visibility":"","ast-main-header-display":"","ast-hfb-above-header-display":"","ast-hfb-below-header-display":"","ast-hfb-mobile-header-display":"","site-post-title":"disabled","ast-breadcrumbs-content":"","ast-featured-img":"disabled","footer-sml-layout":"","ast-disable-related-posts":"","theme-transparent-header-meta":"","adv-header-id-meta":"","stick-header-meta":"","header-above-stick-meta":"","header-main-stick-meta":"","header-below-stick-meta":"","astra-migrate-meta-layouts":"default","ast-page-background-enabled":"default","ast-page-background-meta":{"desktop":{"background-color":"var(--ast-global-color-4)","background-image":"","background-repeat":"repeat","background-position":"center center","background-size":"auto","background-attachment":"scroll","background-type":"","background-media":"","overlay-type":"","overlay-color":"","overlay-opacity":"","overlay-gradient":""},"tablet":{"background-color":"","background-image":"","background-repeat":"repeat","background-position":"center center","background-size":"auto","background-attachment":"scroll","background-type":"","background-media":"","overlay-type":"","overlay-color":"","overlay-opacity":"","overlay-gradient":""},"mobile":{"background-color":"","background-image":"","background-repeat":"repeat","background-position":"center center","background-size":"auto","background-attachment":"scroll","background-type":"","background-media":"","overlay-type":"","overlay-color":"","overlay-opacity":"","overlay-gradient":""}},"ast-content-background-meta":{"desktop":{"background-color":"var(--ast-global-color-5)","background-image":"","background-repeat":"repeat","background-position":"center center","background-size":"auto","background-attachment":"scroll","background-type":"","background-media":"","overlay-type":"","overlay-color":"","overlay-opacity":"","overlay-gradient":""},"tablet":{"background-color":"var(--ast-global-color-5)","background-image":"","background-repeat":"repeat","background-position":"center center","background-size":"auto","background-attachment":"scroll","background-type":"","background-media":"","overlay-type":"","overlay-color":"","overlay-opacity":"","overlay-gradient":""},"mobile":{"background-color":"var(--ast-global-color-5)","background-image":"","background-repeat":"repeat","background-position":"center center","background-size":"auto","background-attachment":"scroll","background-type":"","background-media":"","overlay-type":"","overlay-color":"","overlay-opacity":"","overlay-gradient":""}},"footnotes":""},"class_list":["post-1063","page","type-page","status-publish","has-post-thumbnail","hentry"],"yoast_head":"<!-- This site is optimized with the Yoast SEO Premium plugin v27.4 (Yoast SEO v27.4) - https:\/\/yoast.com\/product\/yoast-seo-premium-wordpress\/ -->\n<title>About Road Bike Rental Japan - Road Bike Rental Japan<\/title>\n<meta name=\"description\" content=\"Find more information about the company Road Bike Rental Japan and its partners here. RBRJ is passionate about cycling and exploring in Japan.\" \/>\n<meta name=\"robots\" content=\"index, follow, max-snippet:-1, max-image-preview:large, max-video-preview:-1\" \/>\n<link rel=\"canonical\" href=\"https:\/\/roadbikerentaljapan.com\/fr\/a-propos-de-rbrj\/\" \/>\n<meta property=\"og:locale\" content=\"fr_FR\" \/>\n<meta property=\"og:type\" content=\"article\" \/>\n<meta property=\"og:title\" content=\"About Road Bike Rental Japan\" \/>\n<meta property=\"og:description\" content=\"Find more information about the company Road Bike Rental Japan and its partners here. RBRJ is passionate about cycling and exploring in Japan.\" \/>\n<meta property=\"og:url\" content=\"https:\/\/roadbikerentaljapan.com\/fr\/a-propos-de-rbrj\/\" \/>\n<meta property=\"og:site_name\" content=\"Road Bike Rental Japan\" \/>\n<meta property=\"article:publisher\" content=\"https:\/\/www.facebook.com\/roadbikerentalJPN\" \/>\n<meta property=\"article:modified_time\" content=\"2025-07-23T01:20:25+00:00\" \/>\n<meta property=\"og:image\" content=\"https:\/\/roadbikerentaljapan.com\/wp-content\/uploads\/2024\/05\/Road_Bike_Rental_Square_Logo.png\" \/>\n\t<meta property=\"og:image:width\" content=\"512\" \/>\n\t<meta property=\"og:image:height\" content=\"512\" \/>\n\t<meta property=\"og:image:type\" content=\"image\/png\" \/>\n<meta name=\"twitter:card\" content=\"summary_large_image\" \/>\n<meta name=\"twitter:site\" content=\"@cyclinginjpn\" \/>\n<meta name=\"twitter:label1\" content=\"Dur\u00e9e de lecture estim\u00e9e\" \/>\n\t<meta name=\"twitter:data1\" content=\"3 minutes\" \/>\n<script type=\"application\/ld+json\" class=\"yoast-schema-graph\">{\"@context\":\"https:\\\/\\\/schema.org\",\"@graph\":[{\"@type\":\"WebPage\",\"@id\":\"https:\\\/\\\/roadbikerentaljapan.com\\\/about-rbrj\\\/\",\"url\":\"https:\\\/\\\/roadbikerentaljapan.com\\\/about-rbrj\\\/\",\"name\":\"About Road Bike Rental Japan - Road Bike Rental Japan\",\"isPartOf\":{\"@id\":\"https:\\\/\\\/roadbikerentaljapan.com\\\/#website\"},\"primaryImageOfPage\":{\"@id\":\"https:\\\/\\\/roadbikerentaljapan.com\\\/about-rbrj\\\/#primaryimage\"},\"image\":{\"@id\":\"https:\\\/\\\/roadbikerentaljapan.com\\\/about-rbrj\\\/#primaryimage\"},\"thumbnailUrl\":\"https:\\\/\\\/roadbikerentaljapan.com\\\/wp-content\\\/uploads\\\/2024\\\/05\\\/Road_Bike_Rental_Square_Logo.png\",\"datePublished\":\"2024-07-01T06:40:07+00:00\",\"dateModified\":\"2025-07-23T01:20:25+00:00\",\"description\":\"Find more information about the company Road Bike Rental Japan and its partners here. RBRJ is passionate about cycling and exploring in Japan.\",\"breadcrumb\":{\"@id\":\"https:\\\/\\\/roadbikerentaljapan.com\\\/about-rbrj\\\/#breadcrumb\"},\"inLanguage\":\"fr-FR\",\"potentialAction\":[{\"@type\":\"ReadAction\",\"target\":[\"https:\\\/\\\/roadbikerentaljapan.com\\\/about-rbrj\\\/\"]}]},{\"@type\":\"ImageObject\",\"inLanguage\":\"fr-FR\",\"@id\":\"https:\\\/\\\/roadbikerentaljapan.com\\\/about-rbrj\\\/#primaryimage\",\"url\":\"https:\\\/\\\/roadbikerentaljapan.com\\\/wp-content\\\/uploads\\\/2024\\\/05\\\/Road_Bike_Rental_Square_Logo.png\",\"contentUrl\":\"https:\\\/\\\/roadbikerentaljapan.com\\\/wp-content\\\/uploads\\\/2024\\\/05\\\/Road_Bike_Rental_Square_Logo.png\",\"width\":512,\"height\":512},{\"@type\":\"BreadcrumbList\",\"@id\":\"https:\\\/\\\/roadbikerentaljapan.com\\\/about-rbrj\\\/#breadcrumb\",\"itemListElement\":[{\"@type\":\"ListItem\",\"position\":1,\"name\":\"Home\",\"item\":\"https:\\\/\\\/roadbikerentaljapan.com\\\/\"},{\"@type\":\"ListItem\",\"position\":2,\"name\":\"About Road Bike Rental Japan\"}]},{\"@type\":\"WebSite\",\"@id\":\"https:\\\/\\\/roadbikerentaljapan.com\\\/#website\",\"url\":\"https:\\\/\\\/roadbikerentaljapan.com\\\/\",\"name\":\"Road Bike Rental Japan\",\"description\":\"Cycling in Japan\",\"publisher\":{\"@id\":\"https:\\\/\\\/roadbikerentaljapan.com\\\/#organization\"},\"alternateName\":\"RBRJ\",\"potentialAction\":[{\"@type\":\"SearchAction\",\"target\":{\"@type\":\"EntryPoint\",\"urlTemplate\":\"https:\\\/\\\/roadbikerentaljapan.com\\\/?s={search_term_string}\"},\"query-input\":{\"@type\":\"PropertyValueSpecification\",\"valueRequired\":true,\"valueName\":\"search_term_string\"}}],\"inLanguage\":\"fr-FR\"},{\"@type\":\"Organization\",\"@id\":\"https:\\\/\\\/roadbikerentaljapan.com\\\/#organization\",\"name\":\"Road Bike Rental Japan LLC\",\"alternateName\":\"Road Bike Rental Japan LLC\",\"url\":\"https:\\\/\\\/roadbikerentaljapan.com\\\/\",\"logo\":{\"@type\":\"ImageObject\",\"inLanguage\":\"fr-FR\",\"@id\":\"https:\\\/\\\/roadbikerentaljapan.com\\\/#\\\/schema\\\/logo\\\/image\\\/\",\"url\":\"https:\\\/\\\/roadbikerentaljapan.com\\\/wp-content\\\/uploads\\\/2024\\\/08\\\/cropped-HiRez-Web-Banner-2024-300-x-100-px.png\",\"contentUrl\":\"https:\\\/\\\/roadbikerentaljapan.com\\\/wp-content\\\/uploads\\\/2024\\\/08\\\/cropped-HiRez-Web-Banner-2024-300-x-100-px.png\",\"width\":300,\"height\":100,\"caption\":\"Road Bike Rental Japan LLC\"},\"image\":{\"@id\":\"https:\\\/\\\/roadbikerentaljapan.com\\\/#\\\/schema\\\/logo\\\/image\\\/\"},\"sameAs\":[\"https:\\\/\\\/www.facebook.com\\\/roadbikerentalJPN\",\"https:\\\/\\\/x.com\\\/cyclinginjpn\",\"https:\\\/\\\/www.youtube.com\\\/@cyclinginjpn\"],\"email\":\"info@roadbikerentaljapan.com\",\"telephone\":\"+815017228801\",\"legalName\":\"\u5408\u540c\u4f1a\u793e\u30ed\u30fc\u30c9\u30d0\u30a4\u30af\u30ec\u30f3\u30bf\u30eb\u30b8\u30e3\u30d1\u30f3\",\"foundingDate\":\"2022-12-19\",\"numberOfEmployees\":{\"@type\":\"QuantitativeValue\",\"minValue\":\"1\",\"maxValue\":\"10\"}}]}<\/script>\n<!-- \/ Yoast SEO Premium plugin. -->","yoast_head_json":{"title":"A propos de Road Bike Rental Japan - Road Bike Rental Japan","description":"Pour plus d'informations sur la soci\u00e9t\u00e9 Road Bike Rental Japan et ses partenaires, cliquez ici. RBRJ est passionn\u00e9 par le v\u00e9lo et l'exploration du Japon.","robots":{"index":"index","follow":"follow","max-snippet":"max-snippet:-1","max-image-preview":"max-image-preview:large","max-video-preview":"max-video-preview:-1"},"canonical":"https:\/\/roadbikerentaljapan.com\/fr\/a-propos-de-rbrj\/","og_locale":"fr_FR","og_type":"article","og_title":"About Road Bike Rental Japan","og_description":"Find more information about the company Road Bike Rental Japan and its partners here. RBRJ is passionate about cycling and exploring in Japan.","og_url":"https:\/\/roadbikerentaljapan.com\/fr\/a-propos-de-rbrj\/","og_site_name":"Road Bike Rental Japan","article_publisher":"https:\/\/www.facebook.com\/roadbikerentalJPN","article_modified_time":"2025-07-23T01:20:25+00:00","og_image":[{"width":512,"height":512,"url":"https:\/\/roadbikerentaljapan.com\/wp-content\/uploads\/2024\/05\/Road_Bike_Rental_Square_Logo.png","type":"image\/png"}],"twitter_card":"summary_large_image","twitter_site":"@cyclinginjpn","twitter_misc":{"Dur\u00e9e de lecture estim\u00e9e":"3 minutes"},"schema":{"@context":"https:\/\/schema.org","@graph":[{"@type":"WebPage","@id":"https:\/\/roadbikerentaljapan.com\/about-rbrj\/","url":"https:\/\/roadbikerentaljapan.com\/about-rbrj\/","name":"A propos de Road Bike Rental Japan - Road Bike Rental Japan","isPartOf":{"@id":"https:\/\/roadbikerentaljapan.com\/#website"},"primaryImageOfPage":{"@id":"https:\/\/roadbikerentaljapan.com\/about-rbrj\/#primaryimage"},"image":{"@id":"https:\/\/roadbikerentaljapan.com\/about-rbrj\/#primaryimage"},"thumbnailUrl":"https:\/\/roadbikerentaljapan.com\/wp-content\/uploads\/2024\/05\/Road_Bike_Rental_Square_Logo.png","datePublished":"2024-07-01T06:40:07+00:00","dateModified":"2025-07-23T01:20:25+00:00","description":"Pour plus d'informations sur la soci\u00e9t\u00e9 Road Bike Rental Japan et ses partenaires, cliquez ici. RBRJ est passionn\u00e9 par le v\u00e9lo et l'exploration du Japon.","breadcrumb":{"@id":"https:\/\/roadbikerentaljapan.com\/about-rbrj\/#breadcrumb"},"inLanguage":"fr-FR","potentialAction":[{"@type":"ReadAction","target":["https:\/\/roadbikerentaljapan.com\/about-rbrj\/"]}]},{"@type":"ImageObject","inLanguage":"fr-FR","@id":"https:\/\/roadbikerentaljapan.com\/about-rbrj\/#primaryimage","url":"https:\/\/roadbikerentaljapan.com\/wp-content\/uploads\/2024\/05\/Road_Bike_Rental_Square_Logo.png","contentUrl":"https:\/\/roadbikerentaljapan.com\/wp-content\/uploads\/2024\/05\/Road_Bike_Rental_Square_Logo.png","width":512,"height":512},{"@type":"BreadcrumbList","@id":"https:\/\/roadbikerentaljapan.com\/about-rbrj\/#breadcrumb","itemListElement":[{"@type":"ListItem","position":1,"name":"Home","item":"https:\/\/roadbikerentaljapan.com\/"},{"@type":"ListItem","position":2,"name":"About Road Bike Rental Japan"}]},{"@type":"WebSite","@id":"https:\/\/roadbikerentaljapan.com\/#website","url":"https:\/\/roadbikerentaljapan.com\/","name":"Location de v\u00e9los de route Japon","description":"Cyclisme au Japon","publisher":{"@id":"https:\/\/roadbikerentaljapan.com\/#organization"},"alternateName":"RBRJ","potentialAction":[{"@type":"SearchAction","target":{"@type":"EntryPoint","urlTemplate":"https:\/\/roadbikerentaljapan.com\/?s={search_term_string}"},"query-input":{"@type":"PropertyValueSpecification","valueRequired":true,"valueName":"search_term_string"}}],"inLanguage":"fr-FR"},{"@type":"Organization","@id":"https:\/\/roadbikerentaljapan.com\/#organization","name":"Road Bike Rental Japan LLC","alternateName":"Road Bike Rental Japan LLC","url":"https:\/\/roadbikerentaljapan.com\/","logo":{"@type":"ImageObject","inLanguage":"fr-FR","@id":"https:\/\/roadbikerentaljapan.com\/#\/schema\/logo\/image\/","url":"https:\/\/roadbikerentaljapan.com\/wp-content\/uploads\/2024\/08\/cropped-HiRez-Web-Banner-2024-300-x-100-px.png","contentUrl":"https:\/\/roadbikerentaljapan.com\/wp-content\/uploads\/2024\/08\/cropped-HiRez-Web-Banner-2024-300-x-100-px.png","width":300,"height":100,"caption":"Road Bike Rental Japan LLC"},"image":{"@id":"https:\/\/roadbikerentaljapan.com\/#\/schema\/logo\/image\/"},"sameAs":["https:\/\/www.facebook.com\/roadbikerentalJPN","https:\/\/x.com\/cyclinginjpn","https:\/\/www.youtube.com\/@cyclinginjpn"],"email":"info@roadbikerentaljapan.com","telephone":"+815017228801","legalName":"\u5408\u540c\u4f1a\u793e\u30ed\u30fc\u30c9\u30d0\u30a4\u30af\u30ec\u30f3\u30bf\u30eb\u30b8\u30e3\u30d1\u30f3","foundingDate":"2022-12-19","numberOfEmployees":{"@type":"QuantitativeValue","minValue":"1","maxValue":"10"}}]}},"uagb_featured_image_src":{"full":["https:\/\/roadbikerentaljapan.com\/wp-content\/uploads\/2024\/05\/Road_Bike_Rental_Square_Logo.png",512,512,false],"thumbnail":["https:\/\/roadbikerentaljapan.com\/wp-content\/uploads\/2024\/05\/Road_Bike_Rental_Square_Logo-150x150.png",150,150,true],"medium":["https:\/\/roadbikerentaljapan.com\/wp-content\/uploads\/2024\/05\/Road_Bike_Rental_Square_Logo-300x300.png",300,300,true],"medium_large":["https:\/\/roadbikerentaljapan.com\/wp-content\/uploads\/2024\/05\/Road_Bike_Rental_Square_Logo.png",512,512,false],"large":["https:\/\/roadbikerentaljapan.com\/wp-content\/uploads\/2024\/05\/Road_Bike_Rental_Square_Logo.png",512,512,false],"1536x1536":["https:\/\/roadbikerentaljapan.com\/wp-content\/uploads\/2024\/05\/Road_Bike_Rental_Square_Logo.png",512,512,false],"2048x2048":["https:\/\/roadbikerentaljapan.com\/wp-content\/uploads\/2024\/05\/Road_Bike_Rental_Square_Logo.png",512,512,false],"trp-custom-language-flag":["https:\/\/roadbikerentaljapan.com\/wp-content\/uploads\/2024\/05\/Road_Bike_Rental_Square_Logo.png",12,12,false]},"uagb_author_info":{"display_name":"rbrj2024","author_link":"https:\/\/roadbikerentaljapan.com\/fr\/author\/rbrj2024\/"},"uagb_comment_info":0,"uagb_excerpt":"Road Bike Rental Japan (previously Globalwheels) is passionate about cycling, Japan and exploration. The business was born out of a [&hellip;]","_links":{"self":[{"href":"https:\/\/roadbikerentaljapan.com\/fr\/wp-json\/wp\/v2\/pages\/1063","targetHints":{"allow":["GET"]}}],"collection":[{"href":"https:\/\/roadbikerentaljapan.com\/fr\/wp-json\/wp\/v2\/pages"}],"about":[{"href":"https:\/\/roadbikerentaljapan.com\/fr\/wp-json\/wp\/v2\/types\/page"}],"author":[{"embeddable":true,"href":"https:\/\/roadbikerentaljapan.com\/fr\/wp-json\/wp\/v2\/users\/1"}],"replies":[{"embeddable":true,"href":"https:\/\/roadbikerentaljapan.com\/fr\/wp-json\/wp\/v2\/comments?post=1063"}],"version-history":[{"count":0,"href":"https:\/\/roadbikerentaljapan.com\/fr\/wp-json\/wp\/v2\/pages\/1063\/revisions"}],"wp:featuredmedia":[{"embeddable":true,"href":"https:\/\/roadbikerentaljapan.com\/fr\/wp-json\/wp\/v2\/media\/155"}],"wp:attachment":[{"href":"https:\/\/roadbikerentaljapan.com\/fr\/wp-json\/wp\/v2\/media?parent=1063"}],"curies":[{"name":"wp","href":"https:\/\/api.w.org\/{rel}","templated":true}]}}