{"id":1154,"date":"2024-07-05T03:06:16","date_gmt":"2024-07-05T03:06:16","guid":{"rendered":"http:\/\/road-bike-rental-japan.local\/?page_id=1154"},"modified":"2026-01-30T16:17:38","modified_gmt":"2026-01-30T07:17:38","slug":"rentals","status":"publish","type":"page","link":"https:\/\/roadbikerentaljapan.com\/fr\/rentals\/","title":{"rendered":"Location"},"content":{"rendered":"<div class=\"wp-block-group alignfull is-content-justification-center is-layout-constrained wp-container-core-group-is-layout-df757ecc wp-block-group-is-layout-constrained\" style=\"margin-top:0;margin-bottom:0;padding-top:calc( 0.5 * var(--wp--style--root--padding-right, var(--wp--custom--gap--horizontal)));padding-right:var(--wp--style--root--padding-right, var(--wp--custom--gap--horizontal));padding-bottom:calc( 0.5 * var(--wp--style--root--padding-right, var(--wp--custom--gap--horizontal)));padding-left:var(--wp--style--root--padding-left, var(--wp--custom--gap--horizontal))\">\n<div style=\"height:calc( 0.25 * var(--wp--style--root--padding-right, var(--wp--custom--gap--horizontal)))\" aria-hidden=\"true\" class=\"wp-block-spacer\"><\/div>\n\n\n\n<div class=\"wp-block-cover alignfull wp-duotone-grayscale\" style=\"margin-top:0;margin-bottom:0;padding-top:3%;padding-right:0%;padding-bottom:10%;padding-left:5%;min-height:450px;aspect-ratio:unset;\"><img loading=\"lazy\" decoding=\"async\" width=\"600\" height=\"402\" class=\"wp-block-cover__image-background wp-image-1053 size-full\" alt=\"Location de v\u00e9los Japon\" src=\"https:\/\/roadbikerentaljapan.com\/wp-content\/uploads\/2024\/06\/image-18.jpeg\" style=\"object-position:51% 18%\" data-object-fit=\"cover\" data-object-position=\"51% 18%\" srcset=\"https:\/\/roadbikerentaljapan.com\/wp-content\/uploads\/2024\/06\/image-18.jpeg 600w, https:\/\/roadbikerentaljapan.com\/wp-content\/uploads\/2024\/06\/image-18-300x201.jpeg 300w\" sizes=\"auto, (max-width: 600px) 100vw, 600px\" \/><span aria-hidden=\"true\" class=\"wp-block-cover__background has-background-dim\" style=\"background-color:#807f74\"><\/span><div class=\"wp-block-cover__inner-container is-layout-flow wp-container-core-cover-is-layout-afcb1702 wp-block-cover-is-layout-flow\">\n<h1 class=\"wp-block-heading has-ast-global-color-5-color has-text-color has-link-color wp-elements-85df56ccb183721a20077e0d63e575be\" id=\"h-bike-rental-in-japan\"><strong>Location de v\u00e9los au Japon<\/strong><\/h1>\n\n\n\n<p class=\"has-ast-global-color-5-color has-text-color has-link-color wp-elements-04e4adc2fff058d05b260605f368b611\">Profitez de la libert\u00e9 du cyclisme au Japon avec RBRJ.<\/p>\n<\/div><\/div>\n\n\n\n<div class=\"wp-block-uagb-container uagb-layout-flex uagb-block-0f1e91c2 alignwide uagb-is-root-container\">\n<div class=\"wp-block-uagb-image aligncenter uagb-block-40379abc wp-block-uagb-image--layout-overlay wp-block-uagb-image--effect-static wp-block-uagb-image--align-center\"><figure class=\"wp-block-uagb-image__figure\"><a class=\"\" href=\"https:\/\/roadbikerentaljapan.com\/fr\/rentals\/osaka-bike-rental-options\/\" target=\"\" rel=\"noopener\"><img decoding=\"async\" srcset=\"https:\/\/roadbikerentaljapan.com\/wp-content\/uploads\/2024\/06\/RBRJ_OSAKA_Square_Icon.webp ,https:\/\/roadbikerentaljapan.com\/wp-content\/uploads\/2024\/06\/RBRJ_OSAKA_Square_Icon.webp 780w, https:\/\/roadbikerentaljapan.com\/wp-content\/uploads\/2024\/06\/RBRJ_OSAKA_Square_Icon.webp 360w\" sizes=\"auto, (max-width: 480px) 150px\" src=\"https:\/\/roadbikerentaljapan.com\/wp-content\/uploads\/2024\/06\/RBRJ_OSAKA_Square_Icon.webp\" alt=\"Louer un v\u00e9lo au magasin RBRJ d&#039;Osaka\" class=\"uag-image-1029\" width=\"400\" height=\"400\" title=\"RBRJ_OSAKA_Ic\u00f4ne carr\u00e9e\" loading=\"lazy\" role=\"img\"\/><\/a><div class=\"wp-block-uagb-image--layout-overlay__color-wrapper\"><\/div><div class=\"wp-block-uagb-image--layout-overlay__inner center-center\"><a class=\"wp-block-uagb-image--layout-overlay-link\" href=\"https:\/\/roadbikerentaljapan.com\/fr\/rentals\/osaka-bike-rental-options\/\" target=\"\" rel=\"noopener\"><\/a><h2 class=\"uagb-image-heading\"><strong>Location de v\u00e9los \u00e0 Osaka<\/strong><\/h2><figcaption class=\"uagb-image-caption\">Louer un v\u00e9lo \u00e0 la boutique RBRJ Osaka<\/figcaption><\/div><\/figure><\/div>\n\n\n\n<div class=\"wp-block-uagb-image aligncenter uagb-block-7081e424 wp-block-uagb-image--layout-overlay wp-block-uagb-image--effect-static wp-block-uagb-image--align-center\"><figure class=\"wp-block-uagb-image__figure\"><a class=\"\" href=\"https:\/\/roadbikerentaljapan.com\/fr\/rentals\/kyoto-bike-rental-options\/\" target=\"\" rel=\"noopener\"><img decoding=\"async\" srcset=\"https:\/\/roadbikerentaljapan.com\/wp-content\/uploads\/2024\/06\/RBRJ_KYOTO_Square_Icon.webp ,https:\/\/roadbikerentaljapan.com\/wp-content\/uploads\/2024\/06\/RBRJ_KYOTO_Square_Icon.webp 780w, https:\/\/roadbikerentaljapan.com\/wp-content\/uploads\/2024\/06\/RBRJ_KYOTO_Square_Icon.webp 360w\" sizes=\"auto, (max-width: 480px) 150px\" src=\"https:\/\/roadbikerentaljapan.com\/wp-content\/uploads\/2024\/06\/RBRJ_KYOTO_Square_Icon.webp\" alt=\"Louer un v\u00e9lo au magasin RBRJ Kyoto\" class=\"uag-image-1025\" width=\"400\" height=\"400\" title=\"RBRJ_KYOTO_Ic\u00f4ne_carr\u00e9e\" loading=\"lazy\" role=\"img\"\/><\/a><div class=\"wp-block-uagb-image--layout-overlay__color-wrapper\"><\/div><div class=\"wp-block-uagb-image--layout-overlay__inner center-center\"><a class=\"wp-block-uagb-image--layout-overlay-link\" href=\"https:\/\/roadbikerentaljapan.com\/fr\/rentals\/kyoto-bike-rental-options\/\" target=\"\" rel=\"noopener\"><\/a><h2 class=\"uagb-image-heading\"><strong>Location de v\u00e9los \u00e0 Kyoto<\/strong><\/h2><figcaption class=\"uagb-image-caption\">Louer un v\u00e9lo \u00e0 la boutique RBRJ Kyoto<\/figcaption><\/div><\/figure><\/div>\n\n\n\n<div class=\"wp-block-uagb-image aligncenter uagb-block-cc863042 wp-block-uagb-image--layout-overlay wp-block-uagb-image--effect-static wp-block-uagb-image--align-center\"><figure class=\"wp-block-uagb-image__figure\"><a class=\"\" href=\"https:\/\/roadbikerentaljapan.com\/fr\/louer-un-velo-de-route-a-onomichi\/\" target=\"\" rel=\"noopener\"><img decoding=\"async\" srcset=\"https:\/\/roadbikerentaljapan.com\/wp-content\/uploads\/2025\/09\/RBRJ-Tours-Square-Icon-400.png ,https:\/\/roadbikerentaljapan.com\/wp-content\/uploads\/2025\/09\/RBRJ-Tours-Square-Icon-400.png 780w, https:\/\/roadbikerentaljapan.com\/wp-content\/uploads\/2025\/09\/RBRJ-Tours-Square-Icon-400.png 360w\" sizes=\"auto, (max-width: 480px) 150px\" src=\"https:\/\/roadbikerentaljapan.com\/wp-content\/uploads\/2025\/09\/RBRJ-Tours-Square-Icon-400.png\" alt=\"Explorer le Kansai avec un guide RBRJ\" class=\"uag-image-2849\" width=\"400\" height=\"400\" title=\"RBRJ Tours Square Icon 400\" loading=\"lazy\" role=\"img\"\/><\/a><div class=\"wp-block-uagb-image--layout-overlay__color-wrapper\"><\/div><div class=\"wp-block-uagb-image--layout-overlay__inner center-center\"><a class=\"wp-block-uagb-image--layout-overlay-link\" href=\"https:\/\/roadbikerentaljapan.com\/fr\/louer-un-velo-de-route-a-onomichi\/\" target=\"\" rel=\"noopener\"><\/a><h2 class=\"uagb-image-heading\"><strong>Location de v\u00e9los \u00e0 Onomichi<\/strong><\/h2><figcaption class=\"uagb-image-caption\">Louer un v\u00e9lo \u00e0 partir de RBRJ Onomichi<\/figcaption><\/div><\/figure><\/div>\n<\/div>\n\n\n\n<div style=\"height:calc( 0.25 * var(--wp--style--root--padding-right, var(--wp--custom--gap--horizontal)))\" aria-hidden=\"true\" class=\"wp-block-spacer\"><\/div>\n<\/div>\n\n\n\n<div class=\"wp-block-uagb-advanced-heading uagb-block-206f5e89\"><h3 class=\"uagb-heading-text\">Vous n'\u00eates pas s\u00fbr de la taille de votre v\u00e9lo de route ou de tourisme, ou vous avez d'autres questions sur la fa\u00e7on de louer un v\u00e9lo ?<br><a href=\"https:\/\/roadbikerentaljapan.com\/fr\/rentals\/how-to-rent-with-rbrj\/\">V\u00e9rifiez ici !<\/a><\/h3><\/div>\n\n\n\n<div class=\"wp-block-uagb-separator uagb-block-e2374817\"><div class=\"wp-block-uagb-separator__inner\" style=\"--my-background-image:\"><\/div><\/div>\n\n\n\n<div class=\"wp-block-uagb-testimonial uagb-slick-carousel uagb-tm__arrow-outside uagb-block-6a3f433c\"><div class=\"is-carousel uagb-tm__columns-1 uagb-tm__items\"><div class=\"uagb-testimonial__wrap  uagb-tm__imgicon-style-circle uagb-tm__image-position-bottom uagb-tm__bg-type-none\"><div class=\"uagb-tm__content\"><div class=\"uagb-tm__overlay\"><\/div><div class=\"uagb-tm__text-wrap\"><div class=\"uagb-tm__desc\">Road Bike Rental est la meilleure option que nous ayons trouv\u00e9e pour louer des v\u00e9los de route et des v\u00e9los hybrides pendant notre s\u00e9jour au Japon. Ils sont professionnels et il est facile de travailler avec eux ! Nous \u00e9tions un groupe de 5 cyclistes pour un voyage d'une semaine qui incluait le Shimanami Kaido et le Kyushu. RBR nous a fourni l'\u00e9quipement dont nous avions besoin, y compris la location de sacoches pour notre randonn\u00e9e \u00e0 v\u00e9lo, ainsi que des sacoches rinko qui sont n\u00e9cessaires pour transporter les v\u00e9los dans le train. Ils ont \u00e9t\u00e9 tr\u00e8s communicatifs et serviables tout au long du voyage via WhatsApp. Ils ont m\u00eame organis\u00e9 un ramassage de v\u00e9los \u00e0 la fin de notre voyage, m\u00eame si le propri\u00e9taire de RBRJ a d\u00fb se lever tr\u00e8s t\u00f4t le matin pour que cela fonctionne. Merci, nous vous appr\u00e9cions !<\/div><div class=\"uagb-tm__meta-inner\"><div class=\"uagb-testimonial-details\"><span class=\"uagb-tm__author-name\">Emily <\/span><span class=\"uagb-tm__company\"><a href=\"https:\/\/maps.app.goo.gl\/NRkd3bYM31m3Mp5o6\">Avis Google pour RBRJ Osaka<\/a><\/span><\/div><\/div><\/div><\/div><\/div><div class=\"uagb-testimonial__wrap  uagb-tm__imgicon-style-circle uagb-tm__image-position-bottom uagb-tm__bg-type-none\"><div class=\"uagb-tm__content\"><div class=\"uagb-tm__overlay\"><\/div><div class=\"uagb-tm__text-wrap\"><div class=\"uagb-tm__desc\">Nous avons lou\u00e9 deux v\u00e9los pour aller de Tokyo \u00e0 Kyoto et nous avons eu une exp\u00e9rience extraordinaire avec Road Bike Rental. Ils ont pris le temps de comprendre nos besoins, et se sont surpass\u00e9s pour s'assurer que les v\u00e9los \u00e9taient bien livr\u00e9s \u00e0 notre adresse \u00e0 Tokyo, avec les bons accessoires pour rendre notre voyage aussi confortable que possible. Et lorsque nous avons eu des probl\u00e8mes sur la route pr\u00e8s de Kyoto, ils nous ont aid\u00e9s \u00e0 trouver d'excellentes alternatives pour que nous puissions livrer les v\u00e9los en toute s\u00e9curit\u00e9 \u00e0 leur adresse. 10\/10 \u00e0 recommander.<\/div><div class=\"uagb-tm__meta-inner\"><div class=\"uagb-testimonial-details\"><span class=\"uagb-tm__author-name\">Jordanie <\/span><span class=\"uagb-tm__company\"><a href=\"https:\/\/maps.app.goo.gl\/HVs5nqnRCdUgCr2UA\">Avis Google pour RBRJ Kyoto<\/a><\/span><\/div><\/div><\/div><\/div><\/div><div class=\"uagb-testimonial__wrap  uagb-tm__imgicon-style-circle uagb-tm__image-position-bottom uagb-tm__bg-type-none\"><div class=\"uagb-tm__content\"><div class=\"uagb-tm__overlay\"><\/div><div class=\"uagb-tm__text-wrap\"><div class=\"uagb-tm__desc\">J'ai eu une exp\u00e9rience incroyable en louant un beau v\u00e9lo de route chez RBRJ ! Gareth a \u00e9t\u00e9 tr\u00e8s r\u00e9actif \u00e0 mes demandes et est venu jusqu'\u00e0 Kyoto depuis Osaka pour livrer personnellement mon v\u00e9lo ! Le v\u00e9lo est arriv\u00e9 pr\u00eat \u00e0 partir avec des lumi\u00e8res et une chambre \u00e0 air de rechange. Il fonctionnait tr\u00e8s bien et il m'a m\u00eame sugg\u00e9r\u00e9 une belle route dans les montagnes. Je recommande vivement cet endroit et j'ai h\u00e2te de faire appel \u00e0 eux la prochaine fois que je visiterai Osaka ou Kyoto.<\/div><div class=\"uagb-tm__meta-inner\"><div class=\"uagb-testimonial-details\"><span class=\"uagb-tm__author-name\">Tchad <\/span><span class=\"uagb-tm__company\"><a href=\"https:\/\/maps.app.goo.gl\/nj1EyJdrcyuDHQhw8\">Avis Google pour RBRJ Kyoto<\/a><\/span><\/div><\/div><\/div><\/div><\/div><\/div><\/div>","protected":false},"excerpt":{"rendered":"<p>Vous n'\u00eates pas s\u00fbr de la taille de votre v\u00e9lo de route ou de tourisme, ou vous avez d'autres questions sur la fa\u00e7on de louer un v\u00e9lo ?<\/p>","protected":false},"author":1,"featured_media":0,"parent":0,"menu_order":2,"comment_status":"closed","ping_status":"closed","template":"","meta":{"content-type":"","_uag_custom_page_level_css":"","site-sidebar-layout":"default","site-content-layout":"","ast-site-content-layout":"default","site-content-style":"default","site-sidebar-style":"default","ast-global-header-display":"","ast-banner-title-visibility":"","ast-main-header-display":"","ast-hfb-above-header-display":"","ast-hfb-below-header-display":"","ast-hfb-mobile-header-display":"","site-post-title":"disabled","ast-breadcrumbs-content":"","ast-featured-img":"","footer-sml-layout":"","ast-disable-related-posts":"","theme-transparent-header-meta":"","adv-header-id-meta":"","stick-header-meta":"","header-above-stick-meta":"","header-main-stick-meta":"","header-below-stick-meta":"","astra-migrate-meta-layouts":"default","ast-page-background-enabled":"default","ast-page-background-meta":{"desktop":{"background-color":"var(--ast-global-color-4)","background-image":"","background-repeat":"repeat","background-position":"center center","background-size":"auto","background-attachment":"scroll","background-type":"","background-media":"","overlay-type":"","overlay-color":"","overlay-opacity":"","overlay-gradient":""},"tablet":{"background-color":"","background-image":"","background-repeat":"repeat","background-position":"center center","background-size":"auto","background-attachment":"scroll","background-type":"","background-media":"","overlay-type":"","overlay-color":"","overlay-opacity":"","overlay-gradient":""},"mobile":{"background-color":"","background-image":"","background-repeat":"repeat","background-position":"center center","background-size":"auto","background-attachment":"scroll","background-type":"","background-media":"","overlay-type":"","overlay-color":"","overlay-opacity":"","overlay-gradient":""}},"ast-content-background-meta":{"desktop":{"background-color":"var(--ast-global-color-5)","background-image":"","background-repeat":"repeat","background-position":"center center","background-size":"auto","background-attachment":"scroll","background-type":"","background-media":"","overlay-type":"","overlay-color":"","overlay-opacity":"","overlay-gradient":""},"tablet":{"background-color":"var(--ast-global-color-5)","background-image":"","background-repeat":"repeat","background-position":"center center","background-size":"auto","background-attachment":"scroll","background-type":"","background-media":"","overlay-type":"","overlay-color":"","overlay-opacity":"","overlay-gradient":""},"mobile":{"background-color":"var(--ast-global-color-5)","background-image":"","background-repeat":"repeat","background-position":"center center","background-size":"auto","background-attachment":"scroll","background-type":"","background-media":"","overlay-type":"","overlay-color":"","overlay-opacity":"","overlay-gradient":""}},"footnotes":""},"class_list":["post-1154","page","type-page","status-publish","hentry"],"yoast_head":"<!-- This site is optimized with the Yoast SEO Premium plugin v27.5 (Yoast SEO v27.5) - https:\/\/yoast.com\/product\/yoast-seo-premium-wordpress\/ -->\n<title>Rent Road and Tour Bikes - Road Bike Rental Japan<\/title>\n<meta name=\"description\" content=\"Ready to rent a road or tour bike in Japan? Choose your rental location and select from Road and Tour Bikes for your Japan cycling adventure.\" \/>\n<meta name=\"robots\" content=\"index, follow, max-snippet:-1, max-image-preview:large, max-video-preview:-1\" \/>\n<link rel=\"canonical\" href=\"https:\/\/roadbikerentaljapan.com\/fr\/rentals\/\" \/>\n<meta property=\"og:locale\" content=\"fr_FR\" \/>\n<meta property=\"og:type\" content=\"article\" \/>\n<meta property=\"og:title\" content=\"Rentals\" \/>\n<meta property=\"og:description\" content=\"Ready to rent a road or tour bike in Japan? Choose your rental location and select from Road and Tour Bikes for your Japan cycling adventure.\" \/>\n<meta property=\"og:url\" content=\"https:\/\/roadbikerentaljapan.com\/fr\/rentals\/\" \/>\n<meta property=\"og:site_name\" content=\"Road Bike Rental Japan\" \/>\n<meta property=\"article:publisher\" content=\"https:\/\/www.facebook.com\/roadbikerentalJPN\" \/>\n<meta property=\"article:modified_time\" content=\"2026-01-30T07:17:38+00:00\" \/>\n<meta property=\"og:image\" content=\"https:\/\/roadbikerentaljapan.com\/wp-content\/uploads\/2024\/06\/image-18.jpeg\" \/>\n\t<meta property=\"og:image:width\" content=\"600\" \/>\n\t<meta property=\"og:image:height\" content=\"402\" \/>\n\t<meta property=\"og:image:type\" content=\"image\/jpeg\" \/>\n<meta name=\"twitter:card\" content=\"summary_large_image\" \/>\n<meta name=\"twitter:site\" content=\"@cyclinginjpn\" \/>\n<meta name=\"twitter:label1\" content=\"Dur\u00e9e de lecture estim\u00e9e\" \/>\n\t<meta name=\"twitter:data1\" content=\"3 minutes\" \/>\n<script type=\"application\/ld+json\" class=\"yoast-schema-graph\">{\"@context\":\"https:\\\/\\\/schema.org\",\"@graph\":[{\"@type\":\"WebPage\",\"@id\":\"https:\\\/\\\/roadbikerentaljapan.com\\\/rentals\\\/\",\"url\":\"https:\\\/\\\/roadbikerentaljapan.com\\\/rentals\\\/\",\"name\":\"Rent Road and Tour Bikes - Road Bike Rental Japan\",\"isPartOf\":{\"@id\":\"https:\\\/\\\/roadbikerentaljapan.com\\\/#website\"},\"primaryImageOfPage\":{\"@id\":\"https:\\\/\\\/roadbikerentaljapan.com\\\/rentals\\\/#primaryimage\"},\"image\":{\"@id\":\"https:\\\/\\\/roadbikerentaljapan.com\\\/rentals\\\/#primaryimage\"},\"thumbnailUrl\":\"https:\\\/\\\/roadbikerentaljapan.com\\\/wp-content\\\/uploads\\\/2024\\\/06\\\/image-18.jpeg\",\"datePublished\":\"2024-07-05T03:06:16+00:00\",\"dateModified\":\"2026-01-30T07:17:38+00:00\",\"description\":\"Ready to rent a road or tour bike in Japan? Choose your rental location and select from Road and Tour Bikes for your Japan cycling adventure.\",\"breadcrumb\":{\"@id\":\"https:\\\/\\\/roadbikerentaljapan.com\\\/rentals\\\/#breadcrumb\"},\"inLanguage\":\"fr-FR\",\"potentialAction\":[{\"@type\":\"ReadAction\",\"target\":[\"https:\\\/\\\/roadbikerentaljapan.com\\\/rentals\\\/\"]}]},{\"@type\":\"ImageObject\",\"inLanguage\":\"fr-FR\",\"@id\":\"https:\\\/\\\/roadbikerentaljapan.com\\\/rentals\\\/#primaryimage\",\"url\":\"https:\\\/\\\/roadbikerentaljapan.com\\\/wp-content\\\/uploads\\\/2024\\\/06\\\/image-18.jpeg\",\"contentUrl\":\"https:\\\/\\\/roadbikerentaljapan.com\\\/wp-content\\\/uploads\\\/2024\\\/06\\\/image-18.jpeg\"},{\"@type\":\"BreadcrumbList\",\"@id\":\"https:\\\/\\\/roadbikerentaljapan.com\\\/rentals\\\/#breadcrumb\",\"itemListElement\":[{\"@type\":\"ListItem\",\"position\":1,\"name\":\"Home\",\"item\":\"https:\\\/\\\/roadbikerentaljapan.com\\\/\"},{\"@type\":\"ListItem\",\"position\":2,\"name\":\"Rentals\"}]},{\"@type\":\"WebSite\",\"@id\":\"https:\\\/\\\/roadbikerentaljapan.com\\\/#website\",\"url\":\"https:\\\/\\\/roadbikerentaljapan.com\\\/\",\"name\":\"Road Bike Rental Japan\",\"description\":\"Cycling in Japan\",\"publisher\":{\"@id\":\"https:\\\/\\\/roadbikerentaljapan.com\\\/#organization\"},\"alternateName\":\"RBRJ\",\"potentialAction\":[{\"@type\":\"SearchAction\",\"target\":{\"@type\":\"EntryPoint\",\"urlTemplate\":\"https:\\\/\\\/roadbikerentaljapan.com\\\/?s={search_term_string}\"},\"query-input\":{\"@type\":\"PropertyValueSpecification\",\"valueRequired\":true,\"valueName\":\"search_term_string\"}}],\"inLanguage\":\"fr-FR\"},{\"@type\":\"Organization\",\"@id\":\"https:\\\/\\\/roadbikerentaljapan.com\\\/#organization\",\"name\":\"Road Bike Rental Japan LLC\",\"alternateName\":\"Road Bike Rental Japan LLC\",\"url\":\"https:\\\/\\\/roadbikerentaljapan.com\\\/\",\"logo\":{\"@type\":\"ImageObject\",\"inLanguage\":\"fr-FR\",\"@id\":\"https:\\\/\\\/roadbikerentaljapan.com\\\/#\\\/schema\\\/logo\\\/image\\\/\",\"url\":\"https:\\\/\\\/roadbikerentaljapan.com\\\/wp-content\\\/uploads\\\/2024\\\/08\\\/cropped-HiRez-Web-Banner-2024-300-x-100-px.png\",\"contentUrl\":\"https:\\\/\\\/roadbikerentaljapan.com\\\/wp-content\\\/uploads\\\/2024\\\/08\\\/cropped-HiRez-Web-Banner-2024-300-x-100-px.png\",\"width\":300,\"height\":100,\"caption\":\"Road Bike Rental Japan LLC\"},\"image\":{\"@id\":\"https:\\\/\\\/roadbikerentaljapan.com\\\/#\\\/schema\\\/logo\\\/image\\\/\"},\"sameAs\":[\"https:\\\/\\\/www.facebook.com\\\/roadbikerentalJPN\",\"https:\\\/\\\/x.com\\\/cyclinginjpn\",\"https:\\\/\\\/www.youtube.com\\\/@cyclinginjpn\"],\"email\":\"info@roadbikerentaljapan.com\",\"telephone\":\"+815017228801\",\"legalName\":\"\u5408\u540c\u4f1a\u793e\u30ed\u30fc\u30c9\u30d0\u30a4\u30af\u30ec\u30f3\u30bf\u30eb\u30b8\u30e3\u30d1\u30f3\",\"foundingDate\":\"2022-12-19\",\"numberOfEmployees\":{\"@type\":\"QuantitativeValue\",\"minValue\":\"1\",\"maxValue\":\"10\"}}]}<\/script>\n<!-- \/ Yoast SEO Premium plugin. -->","yoast_head_json":{"title":"Location de v\u00e9los de route et de tourisme - Location de v\u00e9los de route au Japon","description":"Pr\u00eat \u00e0 louer un v\u00e9lo de route ou de randonn\u00e9e au Japon ? Choisissez votre lieu de location et s\u00e9lectionnez un v\u00e9lo de route ou de randonn\u00e9e pour votre aventure cycliste au Japon.","robots":{"index":"index","follow":"follow","max-snippet":"max-snippet:-1","max-image-preview":"max-image-preview:large","max-video-preview":"max-video-preview:-1"},"canonical":"https:\/\/roadbikerentaljapan.com\/fr\/rentals\/","og_locale":"fr_FR","og_type":"article","og_title":"Rentals","og_description":"Ready to rent a road or tour bike in Japan? Choose your rental location and select from Road and Tour Bikes for your Japan cycling adventure.","og_url":"https:\/\/roadbikerentaljapan.com\/fr\/rentals\/","og_site_name":"Road Bike Rental Japan","article_publisher":"https:\/\/www.facebook.com\/roadbikerentalJPN","article_modified_time":"2026-01-30T07:17:38+00:00","og_image":[{"width":600,"height":402,"url":"https:\/\/roadbikerentaljapan.com\/wp-content\/uploads\/2024\/06\/image-18.jpeg","type":"image\/jpeg"}],"twitter_card":"summary_large_image","twitter_site":"@cyclinginjpn","twitter_misc":{"Dur\u00e9e de lecture estim\u00e9e":"3 minutes"},"schema":{"@context":"https:\/\/schema.org","@graph":[{"@type":"WebPage","@id":"https:\/\/roadbikerentaljapan.com\/rentals\/","url":"https:\/\/roadbikerentaljapan.com\/rentals\/","name":"Location de v\u00e9los de route et de tourisme - Location de v\u00e9los de route au Japon","isPartOf":{"@id":"https:\/\/roadbikerentaljapan.com\/#website"},"primaryImageOfPage":{"@id":"https:\/\/roadbikerentaljapan.com\/rentals\/#primaryimage"},"image":{"@id":"https:\/\/roadbikerentaljapan.com\/rentals\/#primaryimage"},"thumbnailUrl":"https:\/\/roadbikerentaljapan.com\/wp-content\/uploads\/2024\/06\/image-18.jpeg","datePublished":"2024-07-05T03:06:16+00:00","dateModified":"2026-01-30T07:17:38+00:00","description":"Pr\u00eat \u00e0 louer un v\u00e9lo de route ou de randonn\u00e9e au Japon ? Choisissez votre lieu de location et s\u00e9lectionnez un v\u00e9lo de route ou de randonn\u00e9e pour votre aventure cycliste au Japon.","breadcrumb":{"@id":"https:\/\/roadbikerentaljapan.com\/rentals\/#breadcrumb"},"inLanguage":"fr-FR","potentialAction":[{"@type":"ReadAction","target":["https:\/\/roadbikerentaljapan.com\/rentals\/"]}]},{"@type":"ImageObject","inLanguage":"fr-FR","@id":"https:\/\/roadbikerentaljapan.com\/rentals\/#primaryimage","url":"https:\/\/roadbikerentaljapan.com\/wp-content\/uploads\/2024\/06\/image-18.jpeg","contentUrl":"https:\/\/roadbikerentaljapan.com\/wp-content\/uploads\/2024\/06\/image-18.jpeg"},{"@type":"BreadcrumbList","@id":"https:\/\/roadbikerentaljapan.com\/rentals\/#breadcrumb","itemListElement":[{"@type":"ListItem","position":1,"name":"Home","item":"https:\/\/roadbikerentaljapan.com\/"},{"@type":"ListItem","position":2,"name":"Rentals"}]},{"@type":"WebSite","@id":"https:\/\/roadbikerentaljapan.com\/#website","url":"https:\/\/roadbikerentaljapan.com\/","name":"Location de v\u00e9los de route Japon","description":"Cyclisme au Japon","publisher":{"@id":"https:\/\/roadbikerentaljapan.com\/#organization"},"alternateName":"RBRJ","potentialAction":[{"@type":"SearchAction","target":{"@type":"EntryPoint","urlTemplate":"https:\/\/roadbikerentaljapan.com\/?s={search_term_string}"},"query-input":{"@type":"PropertyValueSpecification","valueRequired":true,"valueName":"search_term_string"}}],"inLanguage":"fr-FR"},{"@type":"Organization","@id":"https:\/\/roadbikerentaljapan.com\/#organization","name":"Road Bike Rental Japan LLC","alternateName":"Road Bike Rental Japan LLC","url":"https:\/\/roadbikerentaljapan.com\/","logo":{"@type":"ImageObject","inLanguage":"fr-FR","@id":"https:\/\/roadbikerentaljapan.com\/#\/schema\/logo\/image\/","url":"https:\/\/roadbikerentaljapan.com\/wp-content\/uploads\/2024\/08\/cropped-HiRez-Web-Banner-2024-300-x-100-px.png","contentUrl":"https:\/\/roadbikerentaljapan.com\/wp-content\/uploads\/2024\/08\/cropped-HiRez-Web-Banner-2024-300-x-100-px.png","width":300,"height":100,"caption":"Road Bike Rental Japan LLC"},"image":{"@id":"https:\/\/roadbikerentaljapan.com\/#\/schema\/logo\/image\/"},"sameAs":["https:\/\/www.facebook.com\/roadbikerentalJPN","https:\/\/x.com\/cyclinginjpn","https:\/\/www.youtube.com\/@cyclinginjpn"],"email":"info@roadbikerentaljapan.com","telephone":"+815017228801","legalName":"\u5408\u540c\u4f1a\u793e\u30ed\u30fc\u30c9\u30d0\u30a4\u30af\u30ec\u30f3\u30bf\u30eb\u30b8\u30e3\u30d1\u30f3","foundingDate":"2022-12-19","numberOfEmployees":{"@type":"QuantitativeValue","minValue":"1","maxValue":"10"}}]}},"uagb_featured_image_src":{"full":false,"thumbnail":false,"medium":false,"medium_large":false,"large":false,"1536x1536":false,"2048x2048":false,"trp-custom-language-flag":false},"uagb_author_info":{"display_name":"rbrj2024","author_link":"https:\/\/roadbikerentaljapan.com\/fr\/author\/rbrj2024\/"},"uagb_comment_info":0,"uagb_excerpt":"Unsure of your Road or Tour Bike size, or have other questions about how to make a rental?Check here!","_links":{"self":[{"href":"https:\/\/roadbikerentaljapan.com\/fr\/wp-json\/wp\/v2\/pages\/1154","targetHints":{"allow":["GET"]}}],"collection":[{"href":"https:\/\/roadbikerentaljapan.com\/fr\/wp-json\/wp\/v2\/pages"}],"about":[{"href":"https:\/\/roadbikerentaljapan.com\/fr\/wp-json\/wp\/v2\/types\/page"}],"author":[{"embeddable":true,"href":"https:\/\/roadbikerentaljapan.com\/fr\/wp-json\/wp\/v2\/users\/1"}],"replies":[{"embeddable":true,"href":"https:\/\/roadbikerentaljapan.com\/fr\/wp-json\/wp\/v2\/comments?post=1154"}],"version-history":[{"count":0,"href":"https:\/\/roadbikerentaljapan.com\/fr\/wp-json\/wp\/v2\/pages\/1154\/revisions"}],"wp:attachment":[{"href":"https:\/\/roadbikerentaljapan.com\/fr\/wp-json\/wp\/v2\/media?parent=1154"}],"curies":[{"name":"wp","href":"https:\/\/api.w.org\/{rel}","templated":true}]}}