{"id":1186,"date":"2024-07-05T06:53:21","date_gmt":"2024-07-05T06:53:21","guid":{"rendered":"http:\/\/road-bike-rental-japan.local\/?page_id=1186"},"modified":"2025-03-01T10:47:12","modified_gmt":"2025-03-01T01:47:12","slug":"other-services","status":"publish","type":"page","link":"https:\/\/roadbikerentaljapan.com\/fr\/other-services\/","title":{"rendered":"Autres services"},"content":{"rendered":"<div class=\"wp-block-uagb-container uagb-block-vj4wqaqe alignfull uagb-is-root-container\"><div class=\"uagb-container-inner-blocks-wrap\">\n<header class=\"wp-block-uagb-info-box uagb-block-qubn6x4t uagb-infobox__content-wrap  uagb-infobox-icon-above-title uagb-infobox-image-valign-top\"><div class=\"uagb-ifb-content\"><div class=\"uagb-ifb-title-wrap\"><h1 class=\"uagb-ifb-title\">Road Bike Rental Japan offre des services complets de cyclisme<\/h1><\/div><p class=\"uagb-ifb-desc\">Notre service ne se limite pas \u00e0 la location de v\u00e9los. <br>Nous disposons de connaissances sectorielles, locales et culturelles que vous pouvez utiliser pour d\u00e9velopper des aventures \u00e0 v\u00e9lo de toute taille dans tout le Japon.<\/p><\/div><\/header>\n\n\n\n<div class=\"wp-block-uagb-container uagb-block-1z2usx17\">\n<div class=\"wp-block-uagb-container uagb-block-2jzqfvcf\">\n<div class=\"wp-block-uagb-image alignleft uagb-block-psrwfgfi wp-block-uagb-image--layout-default wp-block-uagb-image--effect-static wp-block-uagb-image--align-left\"><figure class=\"wp-block-uagb-image__figure\"><img decoding=\"async\" srcset=\"https:\/\/roadbikerentaljapan.com\/wp-content\/uploads\/2024\/07\/Delivery_box_540x463_d417b579-5878-487f-aed7-6e713aeec2a5.webp ,https:\/\/roadbikerentaljapan.com\/wp-content\/uploads\/2024\/07\/Delivery_box_540x463_d417b579-5878-487f-aed7-6e713aeec2a5.webp 780w, https:\/\/roadbikerentaljapan.com\/wp-content\/uploads\/2024\/07\/Delivery_box_540x463_d417b579-5878-487f-aed7-6e713aeec2a5.webp 360w\" sizes=\"auto, (max-width: 480px) 150px\" src=\"https:\/\/roadbikerentaljapan.com\/wp-content\/uploads\/2024\/07\/Delivery_box_540x463_d417b579-5878-487f-aed7-6e713aeec2a5.webp\" alt=\"\" class=\"uag-image-1790\" width=\"352\" height=\"260\" title=\"Delivery_box_540x463_d417b579-5878-487f-aed7-6e713aeec2a5\" loading=\"lazy\" role=\"img\"\/><\/figure><\/div>\n\n\n\n<div class=\"wp-block-uagb-info-box uagb-block-ctld64ev uagb-infobox__content-wrap  uagb-infobox-icon-above-title uagb-infobox-image-valign-top\"><div class=\"uagb-ifb-content\"><div class=\"uagb-ifb-title-wrap\"><h3 class=\"uagb-ifb-title\">Livraison dans tout le Japon<\/h3><\/div><p class=\"uagb-ifb-desc\">Vous commencez ou terminez votre aventure \u00e0 v\u00e9lo en dehors de la r\u00e9gion du Kansai (Osaka, Kyoto, Kobe) ? Utilisez nos services de livraison pour faire exp\u00e9dier le v\u00e9lo vers\/depuis votre destination au Japon.<\/p><\/div><\/div>\n\n\n\n<div class=\"wp-block-uagb-buttons uagb-buttons__outer-wrap uagb-btn__default-btn uagb-btn-tablet__default-btn uagb-btn-mobile__default-btn uagb-block-m4ha7lax\"><div class=\"uagb-buttons__wrap uagb-buttons-layout-wrap\">\n<div class=\"wp-block-uagb-buttons-child uagb-buttons__outer-wrap uagb-block-plqdq8sh wp-block-button\"><div class=\"uagb-button__wrapper\"><a class=\"uagb-buttons-repeater wp-block-button__link\" aria-label=\"\" href=\"\/fr\/comment-fonctionne-la-livraison\/\" rel=\"follow noopener\" target=\"_self\" role=\"button\"><div class=\"uagb-button__link\">Lire la suite<\/div><span class=\"uagb-button__icon uagb-button__icon-position-after\"><svg xmlns=\"https:\/\/www.w3.org\/2000\/svg\" viewbox=\"0 0 320 512\" aria-hidden=\"true\" focussable=\"false\"><path d=\"M96 480c-8.188 0-16.38-3.125-22.62-9.375c-12.5-12.5-12.5-32.75 0-45.25L242.8 256L73.38 86.63c-12.5-12.5-12.5-32.75 0-45.25s32.75-12.5 45.25 0l192 192c12.5 12.5 12.5 32.75 0 45.25l-192 192C112.4 476.9 104.2 480 96 480z\"><\/path><\/svg><\/span><\/a><\/div><\/div>\n<\/div><\/div>\n<\/div>\n\n\n\n<div class=\"wp-block-uagb-container uagb-block-uzs5y3kd\">\n<div class=\"wp-block-uagb-image alignleft uagb-block-q3jkr0sh wp-block-uagb-image--layout-default wp-block-uagb-image--effect-static wp-block-uagb-image--align-left\"><figure class=\"wp-block-uagb-image__figure\"><img decoding=\"async\" srcset=\"https:\/\/roadbikerentaljapan.com\/wp-content\/uploads\/2024\/05\/IMG_4125-1024x1024.jpg ,https:\/\/roadbikerentaljapan.com\/wp-content\/uploads\/2024\/05\/IMG_4125-scaled.jpg 780w, https:\/\/roadbikerentaljapan.com\/wp-content\/uploads\/2024\/05\/IMG_4125-scaled.jpg 360w\" sizes=\"auto, (max-width: 480px) 150px\" src=\"https:\/\/roadbikerentaljapan.com\/wp-content\/uploads\/2024\/05\/IMG_4125-1024x1024.jpg\" alt=\"\" class=\"uag-image-667\" width=\"352\" height=\"260\" title=\"IMG_4125\" loading=\"lazy\" role=\"img\"\/><\/figure><\/div>\n\n\n\n<div class=\"wp-block-uagb-info-box uagb-block-jybw23a2 uagb-infobox__content-wrap  uagb-infobox-icon-above-title uagb-infobox-image-valign-top\"><div class=\"uagb-ifb-content\"><div class=\"uagb-ifb-title-wrap\"><h3 class=\"uagb-ifb-title\">Logistique des circuits et des cycles au Japon<\/h3><\/div><p class=\"uagb-ifb-desc\">Profitez des connaissances de notre \u00e9quipe pour planifier votre voyage...<\/p><\/div><\/div>\n\n\n\n<div class=\"wp-block-uagb-buttons uagb-buttons__outer-wrap uagb-btn__default-btn uagb-btn-tablet__default-btn uagb-btn-mobile__default-btn uagb-block-4ro33abx\"><div class=\"uagb-buttons__wrap uagb-buttons-layout-wrap\">\n<div class=\"wp-block-uagb-buttons-child uagb-buttons__outer-wrap uagb-block-e19mc9t5 wp-block-button\"><div class=\"uagb-button__wrapper\"><a class=\"uagb-buttons-repeater wp-block-button__link\" aria-label=\"\" href=\"\/fr\/how-delivery-works\/\" rel=\"follow noopener\" target=\"_self\" role=\"button\"><div class=\"uagb-button__link\">Lire la suite<\/div><span class=\"uagb-button__icon uagb-button__icon-position-after\"><svg xmlns=\"https:\/\/www.w3.org\/2000\/svg\" viewbox=\"0 0 320 512\" aria-hidden=\"true\" focussable=\"false\"><path d=\"M96 480c-8.188 0-16.38-3.125-22.62-9.375c-12.5-12.5-12.5-32.75 0-45.25L242.8 256L73.38 86.63c-12.5-12.5-12.5-32.75 0-45.25s32.75-12.5 45.25 0l192 192c12.5 12.5 12.5 32.75 0 45.25l-192 192C112.4 476.9 104.2 480 96 480z\"><\/path><\/svg><\/span><\/a><\/div><\/div>\n<\/div><\/div>\n<\/div>\n\n\n\n<div class=\"wp-block-uagb-container uagb-block-tozxi4f3\">\n<div class=\"wp-block-uagb-image alignleft uagb-block-gsprckva wp-block-uagb-image--layout-default wp-block-uagb-image--effect-static wp-block-uagb-image--align-left\"><figure class=\"wp-block-uagb-image__figure\"><img decoding=\"async\" srcset=\"https:\/\/roadbikerentaljapan.com\/wp-content\/uploads\/2024\/06\/image-6.jpeg ,https:\/\/roadbikerentaljapan.com\/wp-content\/uploads\/2024\/06\/image-6.jpeg 780w, https:\/\/roadbikerentaljapan.com\/wp-content\/uploads\/2024\/06\/image-6.jpeg 360w\" sizes=\"auto, (max-width: 480px) 150px\" src=\"https:\/\/roadbikerentaljapan.com\/wp-content\/uploads\/2024\/06\/image-6.jpeg\" alt=\"RBRJ et EXO travel ont charg\u00e9 une camionnette de v\u00e9los de location \u00e0 transporter.\" class=\"uag-image-981\" width=\"352\" height=\"260\" title=\"Collaboration entre RBRJ et EXO Travel\" loading=\"lazy\" role=\"img\"\/><\/figure><\/div>\n\n\n\n<div class=\"wp-block-uagb-info-box uagb-block-fizokerc uagb-infobox__content-wrap  uagb-infobox-icon-above-title uagb-infobox-image-valign-top\"><div class=\"uagb-ifb-content\"><div class=\"uagb-ifb-title-wrap\"><h3 class=\"uagb-ifb-title\">Solutions B2B pour le cycle<\/h3><\/div><p class=\"uagb-ifb-desc\">Vous avez besoin d'un parc de v\u00e9los ? Vous souhaitez proposer des v\u00e9los en location depuis votre h\u00f4tel ou votre site ? Nous vous proposons....<\/p><\/div><\/div>\n\n\n\n<div class=\"wp-block-uagb-buttons uagb-buttons__outer-wrap uagb-btn__default-btn uagb-btn-tablet__default-btn uagb-btn-mobile__default-btn uagb-block-ugejkxzl\"><div class=\"uagb-buttons__wrap uagb-buttons-layout-wrap\">\n<div class=\"wp-block-uagb-buttons-child uagb-buttons__outer-wrap uagb-block-5awtnlbg wp-block-button\"><div class=\"uagb-button__wrapper\"><a class=\"uagb-buttons-repeater wp-block-button__link\" aria-label=\"\" href=\"\/fr\/how-delivery-works\/\" rel=\"follow noopener\" target=\"_self\" role=\"button\"><div class=\"uagb-button__link\">Lire la suite<\/div><span class=\"uagb-button__icon uagb-button__icon-position-after\"><svg xmlns=\"https:\/\/www.w3.org\/2000\/svg\" viewbox=\"0 0 320 512\" aria-hidden=\"true\" focussable=\"false\"><path d=\"M96 480c-8.188 0-16.38-3.125-22.62-9.375c-12.5-12.5-12.5-32.75 0-45.25L242.8 256L73.38 86.63c-12.5-12.5-12.5-32.75 0-45.25s32.75-12.5 45.25 0l192 192c12.5 12.5 12.5 32.75 0 45.25l-192 192C112.4 476.9 104.2 480 96 480z\"><\/path><\/svg><\/span><\/a><\/div><\/div>\n<\/div><\/div>\n<\/div>\n<\/div>\n<\/div><\/div>\n\n\n\n<div class=\"wp-block-uagb-advanced-heading uagb-block-c177e139\"><h2 class=\"uagb-heading-text\">Vous cherchez un logement ?<\/h2><\/div>\n\n\n\n<p><ins><a href=\"https:\/\/www.booking.com\/?aid=2221650\">Booking.com<\/a><\/ins><\/p>\n\n\n\n<p>Nous sommes affili\u00e9s \u00e0 Booking.com. Des commissions peuvent \u00eatre per\u00e7ues.<\/p>\n\n\n\n<p>L'h\u00f4tel le plus proche de notre magasin d'Osaka est&nbsp;<a href=\"https:\/\/www.booking.com\/hotel\/jp\/osaka-river-side-hotel.en.html?aid=7919206&amp;no_rooms=1&amp;group_adults=2\">L'h\u00f4tel Riverside<\/a>.<\/p>\n\n\n\n<p>L'h\u00f4tel le plus proche de notre magasin de Kyoto est&nbsp;<a href=\"https:\/\/www.booking.com\/hotel\/jp\/apartment-zen.en.html?aid=7919206&amp;no_rooms=1&amp;group_adults=2\">Zen Kyoto Apartment Hotel<\/a>.<\/p>","protected":false},"excerpt":{"rendered":"<p>Looking for accommodation? Booking.com We are a Booking.com affiliate. Commissions may be earned. The nearest hotel to our Osaka shop [&hellip;]<\/p>\n","protected":false},"author":1,"featured_media":667,"parent":0,"menu_order":5,"comment_status":"closed","ping_status":"closed","template":"","meta":{"content-type":"","_uag_custom_page_level_css":"","site-sidebar-layout":"default","site-content-layout":"","ast-site-content-layout":"","site-content-style":"default","site-sidebar-style":"default","ast-global-header-display":"","ast-banner-title-visibility":"","ast-main-header-display":"","ast-hfb-above-header-display":"","ast-hfb-below-header-display":"","ast-hfb-mobile-header-display":"","site-post-title":"disabled","ast-breadcrumbs-content":"","ast-featured-img":"disabled","footer-sml-layout":"","ast-disable-related-posts":"","theme-transparent-header-meta":"","adv-header-id-meta":"","stick-header-meta":"","header-above-stick-meta":"","header-main-stick-meta":"","header-below-stick-meta":"","astra-migrate-meta-layouts":"default","ast-page-background-enabled":"default","ast-page-background-meta":{"desktop":{"background-color":"var(--ast-global-color-4)","background-image":"","background-repeat":"repeat","background-position":"center center","background-size":"auto","background-attachment":"scroll","background-type":"","background-media":"","overlay-type":"","overlay-color":"","overlay-opacity":"","overlay-gradient":""},"tablet":{"background-color":"","background-image":"","background-repeat":"repeat","background-position":"center center","background-size":"auto","background-attachment":"scroll","background-type":"","background-media":"","overlay-type":"","overlay-color":"","overlay-opacity":"","overlay-gradient":""},"mobile":{"background-color":"","background-image":"","background-repeat":"repeat","background-position":"center center","background-size":"auto","background-attachment":"scroll","background-type":"","background-media":"","overlay-type":"","overlay-color":"","overlay-opacity":"","overlay-gradient":""}},"ast-content-background-meta":{"desktop":{"background-color":"var(--ast-global-color-5)","background-image":"","background-repeat":"repeat","background-position":"center center","background-size":"auto","background-attachment":"scroll","background-type":"","background-media":"","overlay-type":"","overlay-color":"","overlay-opacity":"","overlay-gradient":""},"tablet":{"background-color":"var(--ast-global-color-5)","background-image":"","background-repeat":"repeat","background-position":"center center","background-size":"auto","background-attachment":"scroll","background-type":"","background-media":"","overlay-type":"","overlay-color":"","overlay-opacity":"","overlay-gradient":""},"mobile":{"background-color":"var(--ast-global-color-5)","background-image":"","background-repeat":"repeat","background-position":"center center","background-size":"auto","background-attachment":"scroll","background-type":"","background-media":"","overlay-type":"","overlay-color":"","overlay-opacity":"","overlay-gradient":""}},"footnotes":""},"class_list":["post-1186","page","type-page","status-publish","has-post-thumbnail","hentry"],"yoast_head":"<!-- This site is optimized with the Yoast SEO Premium plugin v27.4 (Yoast SEO v27.4) - https:\/\/yoast.com\/product\/yoast-seo-premium-wordpress\/ -->\n<title>Other Services - Road Bike Rental Japan is more than just rental bicycles<\/title>\n<meta name=\"description\" content=\"Road Bike Rental Japan is more than just rental bicycles. Please contact us for more information about our other services.\" \/>\n<meta name=\"robots\" content=\"index, follow, max-snippet:-1, max-image-preview:large, max-video-preview:-1\" \/>\n<link rel=\"canonical\" href=\"https:\/\/roadbikerentaljapan.com\/fr\/other-services\/\" \/>\n<meta property=\"og:locale\" content=\"fr_FR\" \/>\n<meta property=\"og:type\" content=\"article\" \/>\n<meta property=\"og:title\" content=\"Other Services\" \/>\n<meta property=\"og:description\" content=\"Road Bike Rental Japan is more than just rental bicycles. Please contact us for more information about our other services.\" \/>\n<meta property=\"og:url\" content=\"https:\/\/roadbikerentaljapan.com\/fr\/other-services\/\" \/>\n<meta property=\"og:site_name\" content=\"Road Bike Rental Japan\" \/>\n<meta property=\"article:publisher\" content=\"https:\/\/www.facebook.com\/roadbikerentalJPN\" \/>\n<meta property=\"article:modified_time\" content=\"2025-03-01T01:47:12+00:00\" \/>\n<meta property=\"og:image\" content=\"https:\/\/roadbikerentaljapan.com\/wp-content\/uploads\/2024\/05\/IMG_4125-scaled.jpg\" \/>\n\t<meta property=\"og:image:width\" content=\"2560\" \/>\n\t<meta property=\"og:image:height\" content=\"2560\" \/>\n\t<meta property=\"og:image:type\" content=\"image\/jpeg\" \/>\n<meta name=\"twitter:card\" content=\"summary_large_image\" \/>\n<meta name=\"twitter:site\" content=\"@cyclinginjpn\" \/>\n<meta name=\"twitter:label1\" content=\"Dur\u00e9e de lecture estim\u00e9e\" \/>\n\t<meta name=\"twitter:data1\" content=\"2 minutes\" \/>\n<script type=\"application\/ld+json\" class=\"yoast-schema-graph\">{\"@context\":\"https:\\\/\\\/schema.org\",\"@graph\":[{\"@type\":\"WebPage\",\"@id\":\"https:\\\/\\\/roadbikerentaljapan.com\\\/other-services\\\/\",\"url\":\"https:\\\/\\\/roadbikerentaljapan.com\\\/other-services\\\/\",\"name\":\"Other Services - Road Bike Rental Japan is more than just rental bicycles\",\"isPartOf\":{\"@id\":\"https:\\\/\\\/roadbikerentaljapan.com\\\/#website\"},\"primaryImageOfPage\":{\"@id\":\"https:\\\/\\\/roadbikerentaljapan.com\\\/other-services\\\/#primaryimage\"},\"image\":{\"@id\":\"https:\\\/\\\/roadbikerentaljapan.com\\\/other-services\\\/#primaryimage\"},\"thumbnailUrl\":\"https:\\\/\\\/roadbikerentaljapan.com\\\/wp-content\\\/uploads\\\/2024\\\/05\\\/IMG_4125-scaled.jpg\",\"datePublished\":\"2024-07-05T06:53:21+00:00\",\"dateModified\":\"2025-03-01T01:47:12+00:00\",\"description\":\"Road Bike Rental Japan is more than just rental bicycles. Please contact us for more information about our other services.\",\"breadcrumb\":{\"@id\":\"https:\\\/\\\/roadbikerentaljapan.com\\\/other-services\\\/#breadcrumb\"},\"inLanguage\":\"fr-FR\",\"potentialAction\":[{\"@type\":\"ReadAction\",\"target\":[\"https:\\\/\\\/roadbikerentaljapan.com\\\/other-services\\\/\"]}]},{\"@type\":\"ImageObject\",\"inLanguage\":\"fr-FR\",\"@id\":\"https:\\\/\\\/roadbikerentaljapan.com\\\/other-services\\\/#primaryimage\",\"url\":\"https:\\\/\\\/roadbikerentaljapan.com\\\/wp-content\\\/uploads\\\/2024\\\/05\\\/IMG_4125-scaled.jpg\",\"contentUrl\":\"https:\\\/\\\/roadbikerentaljapan.com\\\/wp-content\\\/uploads\\\/2024\\\/05\\\/IMG_4125-scaled.jpg\",\"width\":2560,\"height\":2560},{\"@type\":\"BreadcrumbList\",\"@id\":\"https:\\\/\\\/roadbikerentaljapan.com\\\/other-services\\\/#breadcrumb\",\"itemListElement\":[{\"@type\":\"ListItem\",\"position\":1,\"name\":\"Home\",\"item\":\"https:\\\/\\\/roadbikerentaljapan.com\\\/\"},{\"@type\":\"ListItem\",\"position\":2,\"name\":\"Other Services\"}]},{\"@type\":\"WebSite\",\"@id\":\"https:\\\/\\\/roadbikerentaljapan.com\\\/#website\",\"url\":\"https:\\\/\\\/roadbikerentaljapan.com\\\/\",\"name\":\"Road Bike Rental Japan\",\"description\":\"Cycling in Japan\",\"publisher\":{\"@id\":\"https:\\\/\\\/roadbikerentaljapan.com\\\/#organization\"},\"alternateName\":\"RBRJ\",\"potentialAction\":[{\"@type\":\"SearchAction\",\"target\":{\"@type\":\"EntryPoint\",\"urlTemplate\":\"https:\\\/\\\/roadbikerentaljapan.com\\\/?s={search_term_string}\"},\"query-input\":{\"@type\":\"PropertyValueSpecification\",\"valueRequired\":true,\"valueName\":\"search_term_string\"}}],\"inLanguage\":\"fr-FR\"},{\"@type\":\"Organization\",\"@id\":\"https:\\\/\\\/roadbikerentaljapan.com\\\/#organization\",\"name\":\"Road Bike Rental Japan LLC\",\"alternateName\":\"Road Bike Rental Japan LLC\",\"url\":\"https:\\\/\\\/roadbikerentaljapan.com\\\/\",\"logo\":{\"@type\":\"ImageObject\",\"inLanguage\":\"fr-FR\",\"@id\":\"https:\\\/\\\/roadbikerentaljapan.com\\\/#\\\/schema\\\/logo\\\/image\\\/\",\"url\":\"https:\\\/\\\/roadbikerentaljapan.com\\\/wp-content\\\/uploads\\\/2024\\\/08\\\/cropped-HiRez-Web-Banner-2024-300-x-100-px.png\",\"contentUrl\":\"https:\\\/\\\/roadbikerentaljapan.com\\\/wp-content\\\/uploads\\\/2024\\\/08\\\/cropped-HiRez-Web-Banner-2024-300-x-100-px.png\",\"width\":300,\"height\":100,\"caption\":\"Road Bike Rental Japan LLC\"},\"image\":{\"@id\":\"https:\\\/\\\/roadbikerentaljapan.com\\\/#\\\/schema\\\/logo\\\/image\\\/\"},\"sameAs\":[\"https:\\\/\\\/www.facebook.com\\\/roadbikerentalJPN\",\"https:\\\/\\\/x.com\\\/cyclinginjpn\",\"https:\\\/\\\/www.youtube.com\\\/@cyclinginjpn\"],\"email\":\"info@roadbikerentaljapan.com\",\"telephone\":\"+815017228801\",\"legalName\":\"\u5408\u540c\u4f1a\u793e\u30ed\u30fc\u30c9\u30d0\u30a4\u30af\u30ec\u30f3\u30bf\u30eb\u30b8\u30e3\u30d1\u30f3\",\"foundingDate\":\"2022-12-19\",\"numberOfEmployees\":{\"@type\":\"QuantitativeValue\",\"minValue\":\"1\",\"maxValue\":\"10\"}}]}<\/script>\n<!-- \/ Yoast SEO Premium plugin. -->","yoast_head_json":{"title":"Autres services - Road Bike Rental Japan est plus qu'une simple location de v\u00e9los","description":"Road Bike Rental Japan est plus qu'une simple location de v\u00e9los. N'h\u00e9sitez pas \u00e0 nous contacter pour plus d'informations sur nos autres services.","robots":{"index":"index","follow":"follow","max-snippet":"max-snippet:-1","max-image-preview":"max-image-preview:large","max-video-preview":"max-video-preview:-1"},"canonical":"https:\/\/roadbikerentaljapan.com\/fr\/other-services\/","og_locale":"fr_FR","og_type":"article","og_title":"Other Services","og_description":"Road Bike Rental Japan is more than just rental bicycles. Please contact us for more information about our other services.","og_url":"https:\/\/roadbikerentaljapan.com\/fr\/other-services\/","og_site_name":"Road Bike Rental Japan","article_publisher":"https:\/\/www.facebook.com\/roadbikerentalJPN","article_modified_time":"2025-03-01T01:47:12+00:00","og_image":[{"width":2560,"height":2560,"url":"https:\/\/roadbikerentaljapan.com\/wp-content\/uploads\/2024\/05\/IMG_4125-scaled.jpg","type":"image\/jpeg"}],"twitter_card":"summary_large_image","twitter_site":"@cyclinginjpn","twitter_misc":{"Dur\u00e9e de lecture estim\u00e9e":"2 minutes"},"schema":{"@context":"https:\/\/schema.org","@graph":[{"@type":"WebPage","@id":"https:\/\/roadbikerentaljapan.com\/other-services\/","url":"https:\/\/roadbikerentaljapan.com\/other-services\/","name":"Autres services - Road Bike Rental Japan est plus qu'une simple location de v\u00e9los","isPartOf":{"@id":"https:\/\/roadbikerentaljapan.com\/#website"},"primaryImageOfPage":{"@id":"https:\/\/roadbikerentaljapan.com\/other-services\/#primaryimage"},"image":{"@id":"https:\/\/roadbikerentaljapan.com\/other-services\/#primaryimage"},"thumbnailUrl":"https:\/\/roadbikerentaljapan.com\/wp-content\/uploads\/2024\/05\/IMG_4125-scaled.jpg","datePublished":"2024-07-05T06:53:21+00:00","dateModified":"2025-03-01T01:47:12+00:00","description":"Road Bike Rental Japan est plus qu'une simple location de v\u00e9los. N'h\u00e9sitez pas \u00e0 nous contacter pour plus d'informations sur nos autres services.","breadcrumb":{"@id":"https:\/\/roadbikerentaljapan.com\/other-services\/#breadcrumb"},"inLanguage":"fr-FR","potentialAction":[{"@type":"ReadAction","target":["https:\/\/roadbikerentaljapan.com\/other-services\/"]}]},{"@type":"ImageObject","inLanguage":"fr-FR","@id":"https:\/\/roadbikerentaljapan.com\/other-services\/#primaryimage","url":"https:\/\/roadbikerentaljapan.com\/wp-content\/uploads\/2024\/05\/IMG_4125-scaled.jpg","contentUrl":"https:\/\/roadbikerentaljapan.com\/wp-content\/uploads\/2024\/05\/IMG_4125-scaled.jpg","width":2560,"height":2560},{"@type":"BreadcrumbList","@id":"https:\/\/roadbikerentaljapan.com\/other-services\/#breadcrumb","itemListElement":[{"@type":"ListItem","position":1,"name":"Home","item":"https:\/\/roadbikerentaljapan.com\/"},{"@type":"ListItem","position":2,"name":"Other Services"}]},{"@type":"WebSite","@id":"https:\/\/roadbikerentaljapan.com\/#website","url":"https:\/\/roadbikerentaljapan.com\/","name":"Location de v\u00e9los de route Japon","description":"Cyclisme au Japon","publisher":{"@id":"https:\/\/roadbikerentaljapan.com\/#organization"},"alternateName":"RBRJ","potentialAction":[{"@type":"SearchAction","target":{"@type":"EntryPoint","urlTemplate":"https:\/\/roadbikerentaljapan.com\/?s={search_term_string}"},"query-input":{"@type":"PropertyValueSpecification","valueRequired":true,"valueName":"search_term_string"}}],"inLanguage":"fr-FR"},{"@type":"Organization","@id":"https:\/\/roadbikerentaljapan.com\/#organization","name":"Road Bike Rental Japan LLC","alternateName":"Road Bike Rental Japan LLC","url":"https:\/\/roadbikerentaljapan.com\/","logo":{"@type":"ImageObject","inLanguage":"fr-FR","@id":"https:\/\/roadbikerentaljapan.com\/#\/schema\/logo\/image\/","url":"https:\/\/roadbikerentaljapan.com\/wp-content\/uploads\/2024\/08\/cropped-HiRez-Web-Banner-2024-300-x-100-px.png","contentUrl":"https:\/\/roadbikerentaljapan.com\/wp-content\/uploads\/2024\/08\/cropped-HiRez-Web-Banner-2024-300-x-100-px.png","width":300,"height":100,"caption":"Road Bike Rental Japan LLC"},"image":{"@id":"https:\/\/roadbikerentaljapan.com\/#\/schema\/logo\/image\/"},"sameAs":["https:\/\/www.facebook.com\/roadbikerentalJPN","https:\/\/x.com\/cyclinginjpn","https:\/\/www.youtube.com\/@cyclinginjpn"],"email":"info@roadbikerentaljapan.com","telephone":"+815017228801","legalName":"\u5408\u540c\u4f1a\u793e\u30ed\u30fc\u30c9\u30d0\u30a4\u30af\u30ec\u30f3\u30bf\u30eb\u30b8\u30e3\u30d1\u30f3","foundingDate":"2022-12-19","numberOfEmployees":{"@type":"QuantitativeValue","minValue":"1","maxValue":"10"}}]}},"uagb_featured_image_src":{"full":["https:\/\/roadbikerentaljapan.com\/wp-content\/uploads\/2024\/05\/IMG_4125-scaled.jpg",2560,2560,false],"thumbnail":["https:\/\/roadbikerentaljapan.com\/wp-content\/uploads\/2024\/05\/IMG_4125-150x150.jpg",150,150,true],"medium":["https:\/\/roadbikerentaljapan.com\/wp-content\/uploads\/2024\/05\/IMG_4125-300x300.jpg",300,300,true],"medium_large":["https:\/\/roadbikerentaljapan.com\/wp-content\/uploads\/2024\/05\/IMG_4125-768x768.jpg",768,768,true],"large":["https:\/\/roadbikerentaljapan.com\/wp-content\/uploads\/2024\/05\/IMG_4125-1024x1024.jpg",1024,1024,true],"1536x1536":["https:\/\/roadbikerentaljapan.com\/wp-content\/uploads\/2024\/05\/IMG_4125-1536x1536.jpg",1536,1536,true],"2048x2048":["https:\/\/roadbikerentaljapan.com\/wp-content\/uploads\/2024\/05\/IMG_4125-2048x2048.jpg",2048,2048,true],"trp-custom-language-flag":["https:\/\/roadbikerentaljapan.com\/wp-content\/uploads\/2024\/05\/IMG_4125-scaled.jpg",12,12,false]},"uagb_author_info":{"display_name":"rbrj2024","author_link":"https:\/\/roadbikerentaljapan.com\/fr\/author\/rbrj2024\/"},"uagb_comment_info":0,"uagb_excerpt":"Looking for accommodation? Booking.com We are a Booking.com affiliate. Commissions may be earned. The nearest hotel to our Osaka shop [&hellip;]","_links":{"self":[{"href":"https:\/\/roadbikerentaljapan.com\/fr\/wp-json\/wp\/v2\/pages\/1186","targetHints":{"allow":["GET"]}}],"collection":[{"href":"https:\/\/roadbikerentaljapan.com\/fr\/wp-json\/wp\/v2\/pages"}],"about":[{"href":"https:\/\/roadbikerentaljapan.com\/fr\/wp-json\/wp\/v2\/types\/page"}],"author":[{"embeddable":true,"href":"https:\/\/roadbikerentaljapan.com\/fr\/wp-json\/wp\/v2\/users\/1"}],"replies":[{"embeddable":true,"href":"https:\/\/roadbikerentaljapan.com\/fr\/wp-json\/wp\/v2\/comments?post=1186"}],"version-history":[{"count":0,"href":"https:\/\/roadbikerentaljapan.com\/fr\/wp-json\/wp\/v2\/pages\/1186\/revisions"}],"wp:featuredmedia":[{"embeddable":true,"href":"https:\/\/roadbikerentaljapan.com\/fr\/wp-json\/wp\/v2\/media\/667"}],"wp:attachment":[{"href":"https:\/\/roadbikerentaljapan.com\/fr\/wp-json\/wp\/v2\/media?parent=1186"}],"curies":[{"name":"wp","href":"https:\/\/api.w.org\/{rel}","templated":true}]}}