{"id":1460,"date":"2024-07-10T08:14:26","date_gmt":"2024-07-10T08:14:26","guid":{"rendered":"http:\/\/road-bike-rental-japan.local\/?page_id=1460"},"modified":"2025-09-03T16:02:58","modified_gmt":"2025-09-03T07:02:58","slug":"osaka-area-tours","status":"publish","type":"page","link":"https:\/\/roadbikerentaljapan.com\/fr\/tours\/osaka-area-tours\/","title":{"rendered":"Circuits cyclistes \u00e0 Osaka"},"content":{"rendered":"<div class=\"wp-block-group alignfull is-content-justification-center is-layout-constrained wp-container-core-group-is-layout-df757ecc wp-block-group-is-layout-constrained\" style=\"margin-top:0;margin-bottom:0;padding-top:calc( 0.5 * var(--wp--style--root--padding-right, var(--wp--custom--gap--horizontal)));padding-right:var(--wp--style--root--padding-right, var(--wp--custom--gap--horizontal));padding-bottom:calc( 0.5 * var(--wp--style--root--padding-right, var(--wp--custom--gap--horizontal)));padding-left:var(--wp--style--root--padding-left, var(--wp--custom--gap--horizontal))\">\n<div style=\"height:calc( 0.25 * var(--wp--style--root--padding-right, var(--wp--custom--gap--horizontal)))\" aria-hidden=\"true\" class=\"wp-block-spacer\"><\/div>\n\n\n\n<div class=\"wp-block-cover alignfull is-light wp-duotone-grayscale\" style=\"margin-top:0;margin-bottom:0;padding-top:3%;padding-right:0%;padding-bottom:10%;padding-left:5%;min-height:600px;aspect-ratio:unset;\"><img loading=\"lazy\" decoding=\"async\" width=\"1024\" height=\"768\" class=\"wp-block-cover__image-background wp-image-2311 size-large\" alt=\"\" src=\"https:\/\/roadbikerentaljapan.com\/wp-content\/uploads\/2025\/02\/Cycling-in-Osaka-1024x768.jpeg\" data-object-fit=\"cover\" srcset=\"https:\/\/roadbikerentaljapan.com\/wp-content\/uploads\/2025\/02\/Cycling-in-Osaka-1024x768.jpeg 1024w, https:\/\/roadbikerentaljapan.com\/wp-content\/uploads\/2025\/02\/Cycling-in-Osaka-300x225.jpeg 300w, https:\/\/roadbikerentaljapan.com\/wp-content\/uploads\/2025\/02\/Cycling-in-Osaka-768x576.jpeg 768w, https:\/\/roadbikerentaljapan.com\/wp-content\/uploads\/2025\/02\/Cycling-in-Osaka-1536x1152.jpeg 1536w, https:\/\/roadbikerentaljapan.com\/wp-content\/uploads\/2025\/02\/Cycling-in-Osaka-2048x1536.jpeg 2048w, https:\/\/roadbikerentaljapan.com\/wp-content\/uploads\/2025\/02\/Cycling-in-Osaka-16x12.jpeg 16w, https:\/\/roadbikerentaljapan.com\/wp-content\/uploads\/2025\/02\/Cycling-in-Osaka-600x450.jpeg 600w\" sizes=\"auto, (max-width: 1024px) 100vw, 1024px\" \/><span aria-hidden=\"true\" class=\"wp-block-cover__background has-background-dim\" style=\"background-color:#92989f\"><\/span><div class=\"wp-block-cover__inner-container is-layout-flow wp-container-core-cover-is-layout-afcb1702 wp-block-cover-is-layout-flow\">\n<h1 class=\"wp-block-heading has-ast-global-color-5-color has-text-color has-link-color wp-elements-81c77004518610b504fa31222d0c5ca6\" id=\"h-osaka-cycling-tours-with-rbrj\">Tours \u00e0 v\u00e9lo \u00e0 Osaka avec RBRJ<\/h1>\n\n\n\n<p class=\"has-ast-global-color-5-color has-text-color has-link-color wp-elements-885a88611edee55379e99ab3e352d031\">Faites une excursion \u00e0 v\u00e9lo avec RBRJ pour profiter pleinement de tout ce qu'Osaka a \u00e0 offrir. D\u00e9couvrez tous les principaux sites locaux et bien plus encore en une journ\u00e9e sur le <a href=\"https:\/\/roadbikerentaljapan.com\/fr\/osaka-harbor-sightseeing-cycling-tour\/\">Visite du port d'Osaka,<\/a> ou explorer la beaut\u00e9 de la r\u00e9gion environnante, hors des sentiers battus par les touristes, comme par exemple <a href=\"https:\/\/roadbikerentaljapan.com\/fr\/osaka-to-minoh-cycling-guide-and-routeinactive\/\">Chute d'eau de Minoh et Katsuoji<\/a>, Vous pouvez choisir de faire un tour dans le Kansai avec le tour personnalis\u00e9 du Kansai. Road Bike Rental Japan mettra \u00e0 votre disposition un cycliste exp\u00e9riment\u00e9 du Kansai pour vous accompagner et vous guider (vous et votre groupe) dans une aventure m\u00e9morable.<\/p>\n<\/div><\/div>\n\n\n\n<div style=\"height:calc( 0.25 * var(--wp--style--root--padding-right, var(--wp--custom--gap--horizontal)))\" aria-hidden=\"true\" class=\"wp-block-spacer\"><\/div>\n<\/div>\n\n\n\n<hr class=\"wp-block-separator has-text-color has-ast-global-color-1-color has-alpha-channel-opacity has-ast-global-color-1-background-color has-background is-style-wide\"\/>\n\n\n\n<h3 class=\"wp-block-heading\" id=\"h-osaka-harbour-amp-sightseeing-tour\">Visite du port et des sites touristiques d'Osaka<\/h3>\n\n\n\n<hr class=\"wp-block-separator has-text-color has-ast-global-color-1-color has-alpha-channel-opacity has-ast-global-color-1-background-color has-background is-style-wide\"\/>\n\n\n\n<div class=\"wp-block-uagb-container uagb-block-4493346c alignfull uagb-is-root-container\"><div class=\"uagb-container-inner-blocks-wrap\">\n<div class=\"wp-block-uagb-container uagb-block-dba10010\">\n<div class=\"wp-block-uagb-container uagb-block-d15d9831\">\n<div class=\"wp-block-uagb-image uagb-block-c270bbee wp-block-uagb-image--layout-default wp-block-uagb-image--effect-static wp-block-uagb-image--align-none\"><figure class=\"wp-block-uagb-image__figure\"><img decoding=\"async\" srcset=\"https:\/\/roadbikerentaljapan.com\/wp-content\/uploads\/2024\/05\/bridge_group_854x_copy-300x300.jpg ,https:\/\/roadbikerentaljapan.com\/wp-content\/uploads\/2024\/05\/bridge_group_854x_copy.jpg 780w, https:\/\/roadbikerentaljapan.com\/wp-content\/uploads\/2024\/05\/bridge_group_854x_copy.jpg 360w\" sizes=\"auto, (max-width: 480px) 150px\" src=\"https:\/\/roadbikerentaljapan.com\/wp-content\/uploads\/2024\/05\/bridge_group_854x_copy-300x300.jpg\" alt=\"\" class=\"uag-image-618\" width=\"300\" height=\"300\" title=\"bridge_group_854x_copy\" loading=\"lazy\" role=\"img\"\/><\/figure><\/div>\n<\/div>\n\n\n\n<div class=\"wp-block-uagb-container uagb-block-1e7aea47\">\n<div class=\"wp-block-uagb-image uagb-block-81533c69 wp-block-uagb-image--layout-default wp-block-uagb-image--effect-static wp-block-uagb-image--align-none\"><figure class=\"wp-block-uagb-image__figure\"><img decoding=\"async\" srcset=\"https:\/\/roadbikerentaljapan.com\/wp-content\/uploads\/2024\/05\/IMG_4125-300x300.jpg ,https:\/\/roadbikerentaljapan.com\/wp-content\/uploads\/2024\/05\/IMG_4125-scaled.jpg 780w, https:\/\/roadbikerentaljapan.com\/wp-content\/uploads\/2024\/05\/IMG_4125-scaled.jpg 360w\" sizes=\"auto, (max-width: 480px) 150px\" src=\"https:\/\/roadbikerentaljapan.com\/wp-content\/uploads\/2024\/05\/IMG_4125-300x300.jpg\" alt=\"\" class=\"uag-image-667\" width=\"300\" height=\"300\" title=\"Faire du v\u00e9lo \u00e0 Osaka avec RBRJ\" loading=\"lazy\" role=\"img\"\/><\/figure><\/div>\n<\/div>\n<\/div>\n\n\n\n<div class=\"wp-block-uagb-container uagb-block-12377f71\">\n<p>Les sites d'Osaka, les quartiers authentiques d'Osaka et les vues sur le port tout en sautant d'\u00eele en \u00eele sur les r\u00e9seaux fluviaux complexes d'Osaka, \u00e7a vous dit quelque chose ? Notre circuit cycliste du port va au-del\u00e0 de la ville et, avec ses 40 km, il est suffisamment long pour faire de l'exercice et suffisamment court pour \u00eatre de retour pour le th\u00e9 de l'apr\u00e8s-midi.<\/p>\n\n\n\n<div class=\"wp-block-buttons is-content-justification-center is-layout-flex wp-container-core-buttons-is-layout-a89b3969 wp-block-buttons-is-layout-flex\">\n<div class=\"wp-block-button\"><a class=\"wp-block-button__link wp-element-button\" href=\"https:\/\/roadbikerentaljapan.com\/fr\/tours\/osaka-area-tours\/tour-cycliste-du-port-et-des-sites-touristiques-dosaka\/\">En savoir plus<\/a><\/div>\n<\/div>\n<\/div>\n<\/div><\/div>\n\n\n\n<hr class=\"wp-block-separator has-text-color has-ast-global-color-1-color has-alpha-channel-opacity has-ast-global-color-1-background-color has-background is-style-wide\"\/>\n\n\n\n<h3 class=\"wp-block-heading\" id=\"h-osaka-and-beyond-cycling-tour\">Circuit cycliste \u00e0 Osaka et au-del\u00e0<\/h3>\n\n\n\n<hr class=\"wp-block-separator has-text-color has-ast-global-color-1-color has-alpha-channel-opacity has-ast-global-color-1-background-color has-background is-style-wide\"\/>\n\n\n\n<p><\/p>\n\n\n\n<div class=\"wp-block-uagb-container uagb-block-30c68cc1 alignfull uagb-is-root-container\"><div class=\"uagb-container-inner-blocks-wrap\">\n<div class=\"wp-block-uagb-container uagb-block-c56ac561\">\n<div class=\"wp-block-uagb-container uagb-block-7a0b8385\">\n<div class=\"wp-block-uagb-image uagb-block-a5233546 wp-block-uagb-image--layout-default wp-block-uagb-image--effect-static wp-block-uagb-image--align-none\"><figure class=\"wp-block-uagb-image__figure\"><img decoding=\"async\" srcset=\"https:\/\/roadbikerentaljapan.com\/wp-content\/uploads\/2025\/02\/Private-Bike-Tour-Osaka-225x300.jpeg ,https:\/\/roadbikerentaljapan.com\/wp-content\/uploads\/2025\/02\/Private-Bike-Tour-Osaka-scaled.jpeg 780w, https:\/\/roadbikerentaljapan.com\/wp-content\/uploads\/2025\/02\/Private-Bike-Tour-Osaka-scaled.jpeg 360w\" sizes=\"auto, (max-width: 480px) 150px\" src=\"https:\/\/roadbikerentaljapan.com\/wp-content\/uploads\/2025\/02\/Private-Bike-Tour-Osaka-225x300.jpeg\" alt=\"\" class=\"uag-image-2330\" width=\"225\" height=\"300\" title=\"Excursion priv\u00e9e \u00e0 v\u00e9lo \u00e0 Osaka\" loading=\"lazy\" role=\"img\"\/><\/figure><\/div>\n<\/div>\n\n\n\n<div class=\"wp-block-uagb-container uagb-block-40f115bb\">\n<div class=\"wp-block-uagb-image uagb-block-c0001140 wp-block-uagb-image--layout-default wp-block-uagb-image--effect-static wp-block-uagb-image--align-none\"><figure class=\"wp-block-uagb-image__figure\"><img decoding=\"async\" srcset=\"https:\/\/roadbikerentaljapan.com\/wp-content\/uploads\/2024\/05\/Minoh_blog_feature_image_540x540_65320dac-d7cd-4cf0-a0c9-8a970fc198a8-300x300.jpg ,https:\/\/roadbikerentaljapan.com\/wp-content\/uploads\/2024\/05\/Minoh_blog_feature_image_540x540_65320dac-d7cd-4cf0-a0c9-8a970fc198a8.jpg 780w, https:\/\/roadbikerentaljapan.com\/wp-content\/uploads\/2024\/05\/Minoh_blog_feature_image_540x540_65320dac-d7cd-4cf0-a0c9-8a970fc198a8.jpg 360w\" sizes=\"auto, (max-width: 480px) 150px\" src=\"https:\/\/roadbikerentaljapan.com\/wp-content\/uploads\/2024\/05\/Minoh_blog_feature_image_540x540_65320dac-d7cd-4cf0-a0c9-8a970fc198a8-300x300.jpg\" alt=\"\" class=\"uag-image-757\" width=\"300\" height=\"300\" title=\"Minoh_blog_feature_image_540x540_65320dac-d7cd-4cf0-a0c9-8a970fc198a8\" loading=\"lazy\" role=\"img\"\/><\/figure><\/div>\n<\/div>\n<\/div>\n\n\n\n<div class=\"wp-block-uagb-container uagb-block-45de5756\">\n<p>D\u00e9couvrez le Kansai de la meilleure fa\u00e7on qui soit. Ce circuit peut \u00eatre personnalis\u00e9 pour des boucles de plus de 70 km depuis RBRJ vers certains des endroits les plus pittoresques du Kansai et retour. R\u00e9servez votre circuit personnalis\u00e9 et nous vous guiderons pour un voyage \u00e0 v\u00e9lo inoubliable.<\/p>\n\n\n\n<div class=\"wp-block-buttons is-content-justification-center is-layout-flex wp-container-core-buttons-is-layout-a89b3969 wp-block-buttons-is-layout-flex\">\n<div class=\"wp-block-button\"><a class=\"wp-block-button__link wp-element-button\" href=\"https:\/\/roadbikerentaljapan.com\/fr\/tours\/osaka-area-tours\/tour-cycliste-dosaka-et-au-dela\/\">En savoir plus<\/a><\/div>\n<\/div>\n<\/div>\n<\/div><\/div>\n\n\n\n<p><\/p>","protected":false},"excerpt":{"rendered":"<p>Osaka Harbour &amp; Sightseeing Tour Osaka sights, authentic Osaka neighborhoods and harbor views while hopping from island to island on [&hellip;]<\/p>\n","protected":false},"author":1,"featured_media":0,"parent":2643,"menu_order":1,"comment_status":"closed","ping_status":"closed","template":"","meta":{"content-type":"","_uag_custom_page_level_css":"","site-sidebar-layout":"default","site-content-layout":"","ast-site-content-layout":"default","site-content-style":"default","site-sidebar-style":"default","ast-global-header-display":"","ast-banner-title-visibility":"","ast-main-header-display":"","ast-hfb-above-header-display":"","ast-hfb-below-header-display":"","ast-hfb-mobile-header-display":"","site-post-title":"disabled","ast-breadcrumbs-content":"","ast-featured-img":"","footer-sml-layout":"","ast-disable-related-posts":"","theme-transparent-header-meta":"","adv-header-id-meta":"","stick-header-meta":"","header-above-stick-meta":"","header-main-stick-meta":"","header-below-stick-meta":"","astra-migrate-meta-layouts":"default","ast-page-background-enabled":"default","ast-page-background-meta":{"desktop":{"background-color":"var(--ast-global-color-4)","background-image":"","background-repeat":"repeat","background-position":"center center","background-size":"auto","background-attachment":"scroll","background-type":"","background-media":"","overlay-type":"","overlay-color":"","overlay-opacity":"","overlay-gradient":""},"tablet":{"background-color":"","background-image":"","background-repeat":"repeat","background-position":"center center","background-size":"auto","background-attachment":"scroll","background-type":"","background-media":"","overlay-type":"","overlay-color":"","overlay-opacity":"","overlay-gradient":""},"mobile":{"background-color":"","background-image":"","background-repeat":"repeat","background-position":"center center","background-size":"auto","background-attachment":"scroll","background-type":"","background-media":"","overlay-type":"","overlay-color":"","overlay-opacity":"","overlay-gradient":""}},"ast-content-background-meta":{"desktop":{"background-color":"var(--ast-global-color-5)","background-image":"","background-repeat":"repeat","background-position":"center center","background-size":"auto","background-attachment":"scroll","background-type":"","background-media":"","overlay-type":"","overlay-color":"","overlay-opacity":"","overlay-gradient":""},"tablet":{"background-color":"var(--ast-global-color-5)","background-image":"","background-repeat":"repeat","background-position":"center center","background-size":"auto","background-attachment":"scroll","background-type":"","background-media":"","overlay-type":"","overlay-color":"","overlay-opacity":"","overlay-gradient":""},"mobile":{"background-color":"var(--ast-global-color-5)","background-image":"","background-repeat":"repeat","background-position":"center center","background-size":"auto","background-attachment":"scroll","background-type":"","background-media":"","overlay-type":"","overlay-color":"","overlay-opacity":"","overlay-gradient":""}},"footnotes":""},"class_list":["post-1460","page","type-page","status-publish","hentry"],"yoast_head":"<!-- This site is optimized with the Yoast SEO Premium plugin v27.4 (Yoast SEO v27.4) - https:\/\/yoast.com\/product\/yoast-seo-premium-wordpress\/ -->\n<title>RBRJ Osaka Bicycle Tours - Road Bike Rental Japan<\/title>\n<meta name=\"description\" content=\"Wanting to take a bicycle tour around Osaka? RBRJ offers Osaka bicycle tours of various lengths and durations. Explore Osaka on Bike.\" \/>\n<meta name=\"robots\" content=\"index, follow, max-snippet:-1, max-image-preview:large, max-video-preview:-1\" \/>\n<link rel=\"canonical\" href=\"https:\/\/roadbikerentaljapan.com\/fr\/tours\/osaka-area-tours\/\" \/>\n<meta property=\"og:locale\" content=\"fr_FR\" \/>\n<meta property=\"og:type\" content=\"article\" \/>\n<meta property=\"og:title\" content=\"Osaka Cycling Tours\" \/>\n<meta property=\"og:description\" content=\"Wanting to take a bicycle tour around Osaka? RBRJ offers Osaka bicycle tours of various lengths and durations. Explore Osaka on Bike.\" \/>\n<meta property=\"og:url\" content=\"https:\/\/roadbikerentaljapan.com\/fr\/tours\/osaka-area-tours\/\" \/>\n<meta property=\"og:site_name\" content=\"Road Bike Rental Japan\" \/>\n<meta property=\"article:publisher\" content=\"https:\/\/www.facebook.com\/roadbikerentalJPN\" \/>\n<meta property=\"article:modified_time\" content=\"2025-09-03T07:02:58+00:00\" \/>\n<meta property=\"og:image\" content=\"https:\/\/roadbikerentaljapan.com\/wp-content\/uploads\/2025\/02\/Cycling-in-Osaka-scaled.jpeg\" \/>\n\t<meta property=\"og:image:width\" content=\"2560\" \/>\n\t<meta property=\"og:image:height\" content=\"1920\" \/>\n\t<meta property=\"og:image:type\" content=\"image\/jpeg\" \/>\n<meta name=\"twitter:card\" content=\"summary_large_image\" \/>\n<meta name=\"twitter:site\" content=\"@cyclinginjpn\" \/>\n<meta name=\"twitter:label1\" content=\"Dur\u00e9e de lecture estim\u00e9e\" \/>\n\t<meta name=\"twitter:data1\" content=\"2 minutes\" \/>\n<script type=\"application\/ld+json\" class=\"yoast-schema-graph\">{\"@context\":\"https:\\\/\\\/schema.org\",\"@graph\":[{\"@type\":\"WebPage\",\"@id\":\"https:\\\/\\\/roadbikerentaljapan.com\\\/tours\\\/osaka-area-tours\\\/\",\"url\":\"https:\\\/\\\/roadbikerentaljapan.com\\\/tours\\\/osaka-area-tours\\\/\",\"name\":\"RBRJ Osaka Bicycle Tours - Road Bike Rental Japan\",\"isPartOf\":{\"@id\":\"https:\\\/\\\/roadbikerentaljapan.com\\\/#website\"},\"primaryImageOfPage\":{\"@id\":\"https:\\\/\\\/roadbikerentaljapan.com\\\/tours\\\/osaka-area-tours\\\/#primaryimage\"},\"image\":{\"@id\":\"https:\\\/\\\/roadbikerentaljapan.com\\\/tours\\\/osaka-area-tours\\\/#primaryimage\"},\"thumbnailUrl\":\"https:\\\/\\\/roadbikerentaljapan.com\\\/wp-content\\\/uploads\\\/2025\\\/02\\\/Cycling-in-Osaka-1024x768.jpeg\",\"datePublished\":\"2024-07-10T08:14:26+00:00\",\"dateModified\":\"2025-09-03T07:02:58+00:00\",\"description\":\"Wanting to take a bicycle tour around Osaka? RBRJ offers Osaka bicycle tours of various lengths and durations. Explore Osaka on Bike.\",\"breadcrumb\":{\"@id\":\"https:\\\/\\\/roadbikerentaljapan.com\\\/tours\\\/osaka-area-tours\\\/#breadcrumb\"},\"inLanguage\":\"fr-FR\",\"potentialAction\":[{\"@type\":\"ReadAction\",\"target\":[\"https:\\\/\\\/roadbikerentaljapan.com\\\/tours\\\/osaka-area-tours\\\/\"]}]},{\"@type\":\"ImageObject\",\"inLanguage\":\"fr-FR\",\"@id\":\"https:\\\/\\\/roadbikerentaljapan.com\\\/tours\\\/osaka-area-tours\\\/#primaryimage\",\"url\":\"https:\\\/\\\/roadbikerentaljapan.com\\\/wp-content\\\/uploads\\\/2025\\\/02\\\/Cycling-in-Osaka-1024x768.jpeg\",\"contentUrl\":\"https:\\\/\\\/roadbikerentaljapan.com\\\/wp-content\\\/uploads\\\/2025\\\/02\\\/Cycling-in-Osaka-1024x768.jpeg\"},{\"@type\":\"BreadcrumbList\",\"@id\":\"https:\\\/\\\/roadbikerentaljapan.com\\\/tours\\\/osaka-area-tours\\\/#breadcrumb\",\"itemListElement\":[{\"@type\":\"ListItem\",\"position\":1,\"name\":\"Home\",\"item\":\"https:\\\/\\\/roadbikerentaljapan.com\\\/\"},{\"@type\":\"ListItem\",\"position\":2,\"name\":\"Tours\",\"item\":\"https:\\\/\\\/roadbikerentaljapan.com\\\/tours\\\/\"},{\"@type\":\"ListItem\",\"position\":3,\"name\":\"Osaka Cycling Tours\"}]},{\"@type\":\"WebSite\",\"@id\":\"https:\\\/\\\/roadbikerentaljapan.com\\\/#website\",\"url\":\"https:\\\/\\\/roadbikerentaljapan.com\\\/\",\"name\":\"Road Bike Rental Japan\",\"description\":\"Cycling in Japan\",\"publisher\":{\"@id\":\"https:\\\/\\\/roadbikerentaljapan.com\\\/#organization\"},\"alternateName\":\"RBRJ\",\"potentialAction\":[{\"@type\":\"SearchAction\",\"target\":{\"@type\":\"EntryPoint\",\"urlTemplate\":\"https:\\\/\\\/roadbikerentaljapan.com\\\/?s={search_term_string}\"},\"query-input\":{\"@type\":\"PropertyValueSpecification\",\"valueRequired\":true,\"valueName\":\"search_term_string\"}}],\"inLanguage\":\"fr-FR\"},{\"@type\":\"Organization\",\"@id\":\"https:\\\/\\\/roadbikerentaljapan.com\\\/#organization\",\"name\":\"Road Bike Rental Japan LLC\",\"alternateName\":\"Road Bike Rental Japan LLC\",\"url\":\"https:\\\/\\\/roadbikerentaljapan.com\\\/\",\"logo\":{\"@type\":\"ImageObject\",\"inLanguage\":\"fr-FR\",\"@id\":\"https:\\\/\\\/roadbikerentaljapan.com\\\/#\\\/schema\\\/logo\\\/image\\\/\",\"url\":\"https:\\\/\\\/roadbikerentaljapan.com\\\/wp-content\\\/uploads\\\/2024\\\/08\\\/cropped-HiRez-Web-Banner-2024-300-x-100-px.png\",\"contentUrl\":\"https:\\\/\\\/roadbikerentaljapan.com\\\/wp-content\\\/uploads\\\/2024\\\/08\\\/cropped-HiRez-Web-Banner-2024-300-x-100-px.png\",\"width\":300,\"height\":100,\"caption\":\"Road Bike Rental Japan LLC\"},\"image\":{\"@id\":\"https:\\\/\\\/roadbikerentaljapan.com\\\/#\\\/schema\\\/logo\\\/image\\\/\"},\"sameAs\":[\"https:\\\/\\\/www.facebook.com\\\/roadbikerentalJPN\",\"https:\\\/\\\/x.com\\\/cyclinginjpn\",\"https:\\\/\\\/www.youtube.com\\\/@cyclinginjpn\"],\"email\":\"info@roadbikerentaljapan.com\",\"telephone\":\"+815017228801\",\"legalName\":\"\u5408\u540c\u4f1a\u793e\u30ed\u30fc\u30c9\u30d0\u30a4\u30af\u30ec\u30f3\u30bf\u30eb\u30b8\u30e3\u30d1\u30f3\",\"foundingDate\":\"2022-12-19\",\"numberOfEmployees\":{\"@type\":\"QuantitativeValue\",\"minValue\":\"1\",\"maxValue\":\"10\"}}]}<\/script>\n<!-- \/ Yoast SEO Premium plugin. -->","yoast_head_json":{"title":"RBRJ Osaka Bicycle Tours - Location de v\u00e9los de route au Japon","description":"Envie de faire un tour \u00e0 v\u00e9lo \u00e0 Osaka ? RBRJ propose des circuits \u00e0 v\u00e9lo \u00e0 Osaka de diff\u00e9rentes longueurs et dur\u00e9es. Explorez Osaka \u00e0 v\u00e9lo.","robots":{"index":"index","follow":"follow","max-snippet":"max-snippet:-1","max-image-preview":"max-image-preview:large","max-video-preview":"max-video-preview:-1"},"canonical":"https:\/\/roadbikerentaljapan.com\/fr\/tours\/osaka-area-tours\/","og_locale":"fr_FR","og_type":"article","og_title":"Osaka Cycling Tours","og_description":"Wanting to take a bicycle tour around Osaka? RBRJ offers Osaka bicycle tours of various lengths and durations. Explore Osaka on Bike.","og_url":"https:\/\/roadbikerentaljapan.com\/fr\/tours\/osaka-area-tours\/","og_site_name":"Road Bike Rental Japan","article_publisher":"https:\/\/www.facebook.com\/roadbikerentalJPN","article_modified_time":"2025-09-03T07:02:58+00:00","og_image":[{"width":2560,"height":1920,"url":"https:\/\/roadbikerentaljapan.com\/wp-content\/uploads\/2025\/02\/Cycling-in-Osaka-scaled.jpeg","type":"image\/jpeg"}],"twitter_card":"summary_large_image","twitter_site":"@cyclinginjpn","twitter_misc":{"Dur\u00e9e de lecture estim\u00e9e":"2 minutes"},"schema":{"@context":"https:\/\/schema.org","@graph":[{"@type":"WebPage","@id":"https:\/\/roadbikerentaljapan.com\/tours\/osaka-area-tours\/","url":"https:\/\/roadbikerentaljapan.com\/tours\/osaka-area-tours\/","name":"RBRJ Osaka Bicycle Tours - Location de v\u00e9los de route au Japon","isPartOf":{"@id":"https:\/\/roadbikerentaljapan.com\/#website"},"primaryImageOfPage":{"@id":"https:\/\/roadbikerentaljapan.com\/tours\/osaka-area-tours\/#primaryimage"},"image":{"@id":"https:\/\/roadbikerentaljapan.com\/tours\/osaka-area-tours\/#primaryimage"},"thumbnailUrl":"https:\/\/roadbikerentaljapan.com\/wp-content\/uploads\/2025\/02\/Cycling-in-Osaka-1024x768.jpeg","datePublished":"2024-07-10T08:14:26+00:00","dateModified":"2025-09-03T07:02:58+00:00","description":"Envie de faire un tour \u00e0 v\u00e9lo \u00e0 Osaka ? RBRJ propose des circuits \u00e0 v\u00e9lo \u00e0 Osaka de diff\u00e9rentes longueurs et dur\u00e9es. Explorez Osaka \u00e0 v\u00e9lo.","breadcrumb":{"@id":"https:\/\/roadbikerentaljapan.com\/tours\/osaka-area-tours\/#breadcrumb"},"inLanguage":"fr-FR","potentialAction":[{"@type":"ReadAction","target":["https:\/\/roadbikerentaljapan.com\/tours\/osaka-area-tours\/"]}]},{"@type":"ImageObject","inLanguage":"fr-FR","@id":"https:\/\/roadbikerentaljapan.com\/tours\/osaka-area-tours\/#primaryimage","url":"https:\/\/roadbikerentaljapan.com\/wp-content\/uploads\/2025\/02\/Cycling-in-Osaka-1024x768.jpeg","contentUrl":"https:\/\/roadbikerentaljapan.com\/wp-content\/uploads\/2025\/02\/Cycling-in-Osaka-1024x768.jpeg"},{"@type":"BreadcrumbList","@id":"https:\/\/roadbikerentaljapan.com\/tours\/osaka-area-tours\/#breadcrumb","itemListElement":[{"@type":"ListItem","position":1,"name":"Home","item":"https:\/\/roadbikerentaljapan.com\/"},{"@type":"ListItem","position":2,"name":"Tours","item":"https:\/\/roadbikerentaljapan.com\/tours\/"},{"@type":"ListItem","position":3,"name":"Osaka Cycling Tours"}]},{"@type":"WebSite","@id":"https:\/\/roadbikerentaljapan.com\/#website","url":"https:\/\/roadbikerentaljapan.com\/","name":"Location de v\u00e9los de route Japon","description":"Cyclisme au Japon","publisher":{"@id":"https:\/\/roadbikerentaljapan.com\/#organization"},"alternateName":"RBRJ","potentialAction":[{"@type":"SearchAction","target":{"@type":"EntryPoint","urlTemplate":"https:\/\/roadbikerentaljapan.com\/?s={search_term_string}"},"query-input":{"@type":"PropertyValueSpecification","valueRequired":true,"valueName":"search_term_string"}}],"inLanguage":"fr-FR"},{"@type":"Organization","@id":"https:\/\/roadbikerentaljapan.com\/#organization","name":"Road Bike Rental Japan LLC","alternateName":"Road Bike Rental Japan LLC","url":"https:\/\/roadbikerentaljapan.com\/","logo":{"@type":"ImageObject","inLanguage":"fr-FR","@id":"https:\/\/roadbikerentaljapan.com\/#\/schema\/logo\/image\/","url":"https:\/\/roadbikerentaljapan.com\/wp-content\/uploads\/2024\/08\/cropped-HiRez-Web-Banner-2024-300-x-100-px.png","contentUrl":"https:\/\/roadbikerentaljapan.com\/wp-content\/uploads\/2024\/08\/cropped-HiRez-Web-Banner-2024-300-x-100-px.png","width":300,"height":100,"caption":"Road Bike Rental Japan LLC"},"image":{"@id":"https:\/\/roadbikerentaljapan.com\/#\/schema\/logo\/image\/"},"sameAs":["https:\/\/www.facebook.com\/roadbikerentalJPN","https:\/\/x.com\/cyclinginjpn","https:\/\/www.youtube.com\/@cyclinginjpn"],"email":"info@roadbikerentaljapan.com","telephone":"+815017228801","legalName":"\u5408\u540c\u4f1a\u793e\u30ed\u30fc\u30c9\u30d0\u30a4\u30af\u30ec\u30f3\u30bf\u30eb\u30b8\u30e3\u30d1\u30f3","foundingDate":"2022-12-19","numberOfEmployees":{"@type":"QuantitativeValue","minValue":"1","maxValue":"10"}}]}},"uagb_featured_image_src":{"full":false,"thumbnail":false,"medium":false,"medium_large":false,"large":false,"1536x1536":false,"2048x2048":false,"trp-custom-language-flag":false},"uagb_author_info":{"display_name":"rbrj2024","author_link":"https:\/\/roadbikerentaljapan.com\/fr\/author\/rbrj2024\/"},"uagb_comment_info":0,"uagb_excerpt":"Osaka Harbour &amp; Sightseeing Tour Osaka sights, authentic Osaka neighborhoods and harbor views while hopping from island to island on [&hellip;]","_links":{"self":[{"href":"https:\/\/roadbikerentaljapan.com\/fr\/wp-json\/wp\/v2\/pages\/1460","targetHints":{"allow":["GET"]}}],"collection":[{"href":"https:\/\/roadbikerentaljapan.com\/fr\/wp-json\/wp\/v2\/pages"}],"about":[{"href":"https:\/\/roadbikerentaljapan.com\/fr\/wp-json\/wp\/v2\/types\/page"}],"author":[{"embeddable":true,"href":"https:\/\/roadbikerentaljapan.com\/fr\/wp-json\/wp\/v2\/users\/1"}],"replies":[{"embeddable":true,"href":"https:\/\/roadbikerentaljapan.com\/fr\/wp-json\/wp\/v2\/comments?post=1460"}],"version-history":[{"count":0,"href":"https:\/\/roadbikerentaljapan.com\/fr\/wp-json\/wp\/v2\/pages\/1460\/revisions"}],"up":[{"embeddable":true,"href":"https:\/\/roadbikerentaljapan.com\/fr\/wp-json\/wp\/v2\/pages\/2643"}],"wp:attachment":[{"href":"https:\/\/roadbikerentaljapan.com\/fr\/wp-json\/wp\/v2\/media?parent=1460"}],"curies":[{"name":"wp","href":"https:\/\/api.w.org\/{rel}","templated":true}]}}