{"id":1721,"date":"2024-07-20T01:56:45","date_gmt":"2024-07-20T01:56:45","guid":{"rendered":"http:\/\/road-bike-rental-japan.local\/?page_id=1721"},"modified":"2024-11-27T15:24:30","modified_gmt":"2024-11-27T06:24:30","slug":"third-party-insurance-with-road-bike-rental-japan","status":"publish","type":"page","link":"https:\/\/roadbikerentaljapan.com\/fr\/faq\/third-party-insurance-with-road-bike-rental-japan\/","title":{"rendered":"Assurance responsabilit\u00e9 civile avec Road Bike Rental Japan"},"content":{"rendered":"<h3 class=\"wp-block-heading has-text-align-center\">La tranquillit\u00e9 d'esprit lors de la d\u00e9couverte du Japon.<\/h3>\n\n\n\n<div class=\"wp-block-group is-layout-constrained wp-block-group-is-layout-constrained\">\n<p class=\"has-medium-font-size\">Le 1er juillet 2016, dans la pr\u00e9fecture d'Osaka, une nouvelle ordonnance est entr\u00e9e en vigueur qui oblige tous les propri\u00e9taires de bicyclettes \u00e0 souscrire une assurance responsabilit\u00e9 civile v\u00e9lo. Bien que la pratique du v\u00e9lo au Japon soit g\u00e9n\u00e9ralement s\u00fbre, il existe toujours des risques associ\u00e9s \u00e0 la pratique du v\u00e9lo. Le fait d'\u00eatre couvert vous donnera une tranquillit\u00e9 d'esprit suppl\u00e9mentaire lors de votre aventure.<\/p>\n\n\n\n<p class=\"has-medium-font-size\">Chaque v\u00e9lo RBRJ est inspect\u00e9 et couvert annuellement par le programme TS Mark. Pour plus d'informations sur la couverture et l'indemnisation du programme TS Mark, veuillez consulter le site suivant&nbsp;<a href=\"https:\/\/tsmark.jp\/tsmark\/\" target=\"_blank\" rel=\"noreferrer noopener\">ici<\/a>.&nbsp;<\/p>\n\n\n\n<p class=\"has-medium-font-size\">En 2023, nous avons \u00e9galement ajout\u00e9 une couche suppl\u00e9mentaire d'assurance responsabilit\u00e9 civile et d'assurance responsabilit\u00e9 civile des entreprises par l'interm\u00e9diaire de la&nbsp;<a href=\"https:\/\/bsc.hprtsa.jp\/rental.php\" target=\"_blank\" rel=\"noreferrer noopener\">Conseil de la s\u00e9curit\u00e9 cycliste<\/a>&nbsp;(japonais).<\/p>\n\n\n\n<p class=\"has-medium-font-size\">Pour les voyageurs d'outre-mer, nous vous recommandons de v\u00e9rifier que votre assurance voyage couvre \u00e9galement des activit\u00e9s telles que le cyclisme, afin d'ajouter une couche suppl\u00e9mentaire de protection.<\/p>\n\n\n\n<p class=\"has-medium-font-size\">&nbsp;<a href=\"https:\/\/kyoto-bicycle.com\/rulemanner\" target=\"_blank\" rel=\"noreferrer noopener\">La pratique du v\u00e9lo \u00e0 Kyoto<\/a><\/p>\n<\/div>","protected":false},"excerpt":{"rendered":"<p>Peace of mind while exploring Japan. On July 1st, 2016, in Osaka Prefecture, a new ordinance came into effect that [&hellip;]<\/p>\n","protected":false},"author":1,"featured_media":155,"parent":905,"menu_order":3,"comment_status":"closed","ping_status":"closed","template":"","meta":{"content-type":"","_uag_custom_page_level_css":"","site-sidebar-layout":"default","site-content-layout":"","ast-site-content-layout":"default","site-content-style":"default","site-sidebar-style":"default","ast-global-header-display":"","ast-banner-title-visibility":"","ast-main-header-display":"","ast-hfb-above-header-display":"","ast-hfb-below-header-display":"","ast-hfb-mobile-header-display":"","site-post-title":"","ast-breadcrumbs-content":"","ast-featured-img":"disabled","footer-sml-layout":"","ast-disable-related-posts":"","theme-transparent-header-meta":"","adv-header-id-meta":"","stick-header-meta":"","header-above-stick-meta":"","header-main-stick-meta":"","header-below-stick-meta":"","astra-migrate-meta-layouts":"default","ast-page-background-enabled":"default","ast-page-background-meta":{"desktop":{"background-color":"var(--ast-global-color-4)","background-image":"","background-repeat":"repeat","background-position":"center center","background-size":"auto","background-attachment":"scroll","background-type":"","background-media":"","overlay-type":"","overlay-color":"","overlay-opacity":"","overlay-gradient":""},"tablet":{"background-color":"","background-image":"","background-repeat":"repeat","background-position":"center center","background-size":"auto","background-attachment":"scroll","background-type":"","background-media":"","overlay-type":"","overlay-color":"","overlay-opacity":"","overlay-gradient":""},"mobile":{"background-color":"","background-image":"","background-repeat":"repeat","background-position":"center center","background-size":"auto","background-attachment":"scroll","background-type":"","background-media":"","overlay-type":"","overlay-color":"","overlay-opacity":"","overlay-gradient":""}},"ast-content-background-meta":{"desktop":{"background-color":"var(--ast-global-color-5)","background-image":"","background-repeat":"repeat","background-position":"center center","background-size":"auto","background-attachment":"scroll","background-type":"","background-media":"","overlay-type":"","overlay-color":"","overlay-opacity":"","overlay-gradient":""},"tablet":{"background-color":"var(--ast-global-color-5)","background-image":"","background-repeat":"repeat","background-position":"center center","background-size":"auto","background-attachment":"scroll","background-type":"","background-media":"","overlay-type":"","overlay-color":"","overlay-opacity":"","overlay-gradient":""},"mobile":{"background-color":"var(--ast-global-color-5)","background-image":"","background-repeat":"repeat","background-position":"center center","background-size":"auto","background-attachment":"scroll","background-type":"","background-media":"","overlay-type":"","overlay-color":"","overlay-opacity":"","overlay-gradient":""}},"footnotes":""},"class_list":["post-1721","page","type-page","status-publish","has-post-thumbnail","hentry"],"yoast_head":"<!-- This site is optimized with the Yoast SEO Premium plugin v27.4 (Yoast SEO v27.4) - https:\/\/yoast.com\/product\/yoast-seo-premium-wordpress\/ -->\n<title>Third Party Insurance with Road Bike Rental Japan - Road Bike Rental Japan<\/title>\n<meta name=\"description\" content=\"Read more information about insurance coverage and the layers of protection when renting with Road Bike Rental Japan.\" \/>\n<meta name=\"robots\" content=\"index, follow, max-snippet:-1, max-image-preview:large, max-video-preview:-1\" \/>\n<link rel=\"canonical\" href=\"https:\/\/roadbikerentaljapan.com\/fr\/faq\/third-party-insurance-with-road-bike-rental-japan\/\" \/>\n<meta property=\"og:locale\" content=\"fr_FR\" \/>\n<meta property=\"og:type\" content=\"article\" \/>\n<meta property=\"og:title\" content=\"Third Party Insurance with Road Bike Rental Japan\" \/>\n<meta property=\"og:description\" content=\"Read more information about insurance coverage and the layers of protection when renting with Road Bike Rental Japan.\" \/>\n<meta property=\"og:url\" content=\"https:\/\/roadbikerentaljapan.com\/fr\/faq\/third-party-insurance-with-road-bike-rental-japan\/\" \/>\n<meta property=\"og:site_name\" content=\"Road Bike Rental Japan\" \/>\n<meta property=\"article:publisher\" content=\"https:\/\/www.facebook.com\/roadbikerentalJPN\" \/>\n<meta property=\"article:modified_time\" content=\"2024-11-27T06:24:30+00:00\" \/>\n<meta property=\"og:image\" content=\"https:\/\/roadbikerentaljapan.com\/wp-content\/uploads\/2024\/05\/Road_Bike_Rental_Square_Logo.png\" \/>\n\t<meta property=\"og:image:width\" content=\"512\" \/>\n\t<meta property=\"og:image:height\" content=\"512\" \/>\n\t<meta property=\"og:image:type\" content=\"image\/png\" \/>\n<meta name=\"twitter:card\" content=\"summary_large_image\" \/>\n<meta name=\"twitter:site\" content=\"@cyclinginjpn\" \/>\n<meta name=\"twitter:label1\" content=\"Dur\u00e9e de lecture estim\u00e9e\" \/>\n\t<meta name=\"twitter:data1\" content=\"1 minute\" \/>\n<script type=\"application\/ld+json\" class=\"yoast-schema-graph\">{\"@context\":\"https:\\\/\\\/schema.org\",\"@graph\":[{\"@type\":\"WebPage\",\"@id\":\"https:\\\/\\\/roadbikerentaljapan.com\\\/faq\\\/third-party-insurance-with-road-bike-rental-japan\\\/\",\"url\":\"https:\\\/\\\/roadbikerentaljapan.com\\\/faq\\\/third-party-insurance-with-road-bike-rental-japan\\\/\",\"name\":\"Third Party Insurance with Road Bike Rental Japan - Road Bike Rental Japan\",\"isPartOf\":{\"@id\":\"https:\\\/\\\/roadbikerentaljapan.com\\\/#website\"},\"primaryImageOfPage\":{\"@id\":\"https:\\\/\\\/roadbikerentaljapan.com\\\/faq\\\/third-party-insurance-with-road-bike-rental-japan\\\/#primaryimage\"},\"image\":{\"@id\":\"https:\\\/\\\/roadbikerentaljapan.com\\\/faq\\\/third-party-insurance-with-road-bike-rental-japan\\\/#primaryimage\"},\"thumbnailUrl\":\"https:\\\/\\\/roadbikerentaljapan.com\\\/wp-content\\\/uploads\\\/2024\\\/05\\\/Road_Bike_Rental_Square_Logo.png\",\"datePublished\":\"2024-07-20T01:56:45+00:00\",\"dateModified\":\"2024-11-27T06:24:30+00:00\",\"description\":\"Read more information about insurance coverage and the layers of protection when renting with Road Bike Rental Japan.\",\"breadcrumb\":{\"@id\":\"https:\\\/\\\/roadbikerentaljapan.com\\\/faq\\\/third-party-insurance-with-road-bike-rental-japan\\\/#breadcrumb\"},\"inLanguage\":\"fr-FR\",\"potentialAction\":[{\"@type\":\"ReadAction\",\"target\":[\"https:\\\/\\\/roadbikerentaljapan.com\\\/faq\\\/third-party-insurance-with-road-bike-rental-japan\\\/\"]}]},{\"@type\":\"ImageObject\",\"inLanguage\":\"fr-FR\",\"@id\":\"https:\\\/\\\/roadbikerentaljapan.com\\\/faq\\\/third-party-insurance-with-road-bike-rental-japan\\\/#primaryimage\",\"url\":\"https:\\\/\\\/roadbikerentaljapan.com\\\/wp-content\\\/uploads\\\/2024\\\/05\\\/Road_Bike_Rental_Square_Logo.png\",\"contentUrl\":\"https:\\\/\\\/roadbikerentaljapan.com\\\/wp-content\\\/uploads\\\/2024\\\/05\\\/Road_Bike_Rental_Square_Logo.png\",\"width\":512,\"height\":512},{\"@type\":\"BreadcrumbList\",\"@id\":\"https:\\\/\\\/roadbikerentaljapan.com\\\/faq\\\/third-party-insurance-with-road-bike-rental-japan\\\/#breadcrumb\",\"itemListElement\":[{\"@type\":\"ListItem\",\"position\":1,\"name\":\"Home\",\"item\":\"https:\\\/\\\/roadbikerentaljapan.com\\\/\"},{\"@type\":\"ListItem\",\"position\":2,\"name\":\"FAQ\",\"item\":\"https:\\\/\\\/roadbikerentaljapan.com\\\/faq\\\/\"},{\"@type\":\"ListItem\",\"position\":3,\"name\":\"Third Party Insurance with Road Bike Rental Japan\"}]},{\"@type\":\"WebSite\",\"@id\":\"https:\\\/\\\/roadbikerentaljapan.com\\\/#website\",\"url\":\"https:\\\/\\\/roadbikerentaljapan.com\\\/\",\"name\":\"Road Bike Rental Japan\",\"description\":\"Cycling in Japan\",\"publisher\":{\"@id\":\"https:\\\/\\\/roadbikerentaljapan.com\\\/#organization\"},\"alternateName\":\"RBRJ\",\"potentialAction\":[{\"@type\":\"SearchAction\",\"target\":{\"@type\":\"EntryPoint\",\"urlTemplate\":\"https:\\\/\\\/roadbikerentaljapan.com\\\/?s={search_term_string}\"},\"query-input\":{\"@type\":\"PropertyValueSpecification\",\"valueRequired\":true,\"valueName\":\"search_term_string\"}}],\"inLanguage\":\"fr-FR\"},{\"@type\":\"Organization\",\"@id\":\"https:\\\/\\\/roadbikerentaljapan.com\\\/#organization\",\"name\":\"Road Bike Rental Japan LLC\",\"alternateName\":\"Road Bike Rental Japan LLC\",\"url\":\"https:\\\/\\\/roadbikerentaljapan.com\\\/\",\"logo\":{\"@type\":\"ImageObject\",\"inLanguage\":\"fr-FR\",\"@id\":\"https:\\\/\\\/roadbikerentaljapan.com\\\/#\\\/schema\\\/logo\\\/image\\\/\",\"url\":\"https:\\\/\\\/roadbikerentaljapan.com\\\/wp-content\\\/uploads\\\/2024\\\/08\\\/cropped-HiRez-Web-Banner-2024-300-x-100-px.png\",\"contentUrl\":\"https:\\\/\\\/roadbikerentaljapan.com\\\/wp-content\\\/uploads\\\/2024\\\/08\\\/cropped-HiRez-Web-Banner-2024-300-x-100-px.png\",\"width\":300,\"height\":100,\"caption\":\"Road Bike Rental Japan LLC\"},\"image\":{\"@id\":\"https:\\\/\\\/roadbikerentaljapan.com\\\/#\\\/schema\\\/logo\\\/image\\\/\"},\"sameAs\":[\"https:\\\/\\\/www.facebook.com\\\/roadbikerentalJPN\",\"https:\\\/\\\/x.com\\\/cyclinginjpn\",\"https:\\\/\\\/www.youtube.com\\\/@cyclinginjpn\"],\"email\":\"info@roadbikerentaljapan.com\",\"telephone\":\"+815017228801\",\"legalName\":\"\u5408\u540c\u4f1a\u793e\u30ed\u30fc\u30c9\u30d0\u30a4\u30af\u30ec\u30f3\u30bf\u30eb\u30b8\u30e3\u30d1\u30f3\",\"foundingDate\":\"2022-12-19\",\"numberOfEmployees\":{\"@type\":\"QuantitativeValue\",\"minValue\":\"1\",\"maxValue\":\"10\"}}]}<\/script>\n<!-- \/ Yoast SEO Premium plugin. -->","yoast_head_json":{"title":"Assurance responsabilit\u00e9 civile avec Road Bike Rental Japan - Road Bike Rental Japan","description":"Plus d'informations sur la couverture d'assurance et les niveaux de protection lors d'une location avec Road Bike Rental Japan.","robots":{"index":"index","follow":"follow","max-snippet":"max-snippet:-1","max-image-preview":"max-image-preview:large","max-video-preview":"max-video-preview:-1"},"canonical":"https:\/\/roadbikerentaljapan.com\/fr\/faq\/third-party-insurance-with-road-bike-rental-japan\/","og_locale":"fr_FR","og_type":"article","og_title":"Third Party Insurance with Road Bike Rental Japan","og_description":"Read more information about insurance coverage and the layers of protection when renting with Road Bike Rental Japan.","og_url":"https:\/\/roadbikerentaljapan.com\/fr\/faq\/third-party-insurance-with-road-bike-rental-japan\/","og_site_name":"Road Bike Rental Japan","article_publisher":"https:\/\/www.facebook.com\/roadbikerentalJPN","article_modified_time":"2024-11-27T06:24:30+00:00","og_image":[{"width":512,"height":512,"url":"https:\/\/roadbikerentaljapan.com\/wp-content\/uploads\/2024\/05\/Road_Bike_Rental_Square_Logo.png","type":"image\/png"}],"twitter_card":"summary_large_image","twitter_site":"@cyclinginjpn","twitter_misc":{"Dur\u00e9e de lecture estim\u00e9e":"1 minute"},"schema":{"@context":"https:\/\/schema.org","@graph":[{"@type":"WebPage","@id":"https:\/\/roadbikerentaljapan.com\/faq\/third-party-insurance-with-road-bike-rental-japan\/","url":"https:\/\/roadbikerentaljapan.com\/faq\/third-party-insurance-with-road-bike-rental-japan\/","name":"Assurance responsabilit\u00e9 civile avec Road Bike Rental Japan - Road Bike Rental Japan","isPartOf":{"@id":"https:\/\/roadbikerentaljapan.com\/#website"},"primaryImageOfPage":{"@id":"https:\/\/roadbikerentaljapan.com\/faq\/third-party-insurance-with-road-bike-rental-japan\/#primaryimage"},"image":{"@id":"https:\/\/roadbikerentaljapan.com\/faq\/third-party-insurance-with-road-bike-rental-japan\/#primaryimage"},"thumbnailUrl":"https:\/\/roadbikerentaljapan.com\/wp-content\/uploads\/2024\/05\/Road_Bike_Rental_Square_Logo.png","datePublished":"2024-07-20T01:56:45+00:00","dateModified":"2024-11-27T06:24:30+00:00","description":"Plus d'informations sur la couverture d'assurance et les niveaux de protection lors d'une location avec Road Bike Rental Japan.","breadcrumb":{"@id":"https:\/\/roadbikerentaljapan.com\/faq\/third-party-insurance-with-road-bike-rental-japan\/#breadcrumb"},"inLanguage":"fr-FR","potentialAction":[{"@type":"ReadAction","target":["https:\/\/roadbikerentaljapan.com\/faq\/third-party-insurance-with-road-bike-rental-japan\/"]}]},{"@type":"ImageObject","inLanguage":"fr-FR","@id":"https:\/\/roadbikerentaljapan.com\/faq\/third-party-insurance-with-road-bike-rental-japan\/#primaryimage","url":"https:\/\/roadbikerentaljapan.com\/wp-content\/uploads\/2024\/05\/Road_Bike_Rental_Square_Logo.png","contentUrl":"https:\/\/roadbikerentaljapan.com\/wp-content\/uploads\/2024\/05\/Road_Bike_Rental_Square_Logo.png","width":512,"height":512},{"@type":"BreadcrumbList","@id":"https:\/\/roadbikerentaljapan.com\/faq\/third-party-insurance-with-road-bike-rental-japan\/#breadcrumb","itemListElement":[{"@type":"ListItem","position":1,"name":"Home","item":"https:\/\/roadbikerentaljapan.com\/"},{"@type":"ListItem","position":2,"name":"FAQ","item":"https:\/\/roadbikerentaljapan.com\/faq\/"},{"@type":"ListItem","position":3,"name":"Third Party Insurance with Road Bike Rental Japan"}]},{"@type":"WebSite","@id":"https:\/\/roadbikerentaljapan.com\/#website","url":"https:\/\/roadbikerentaljapan.com\/","name":"Location de v\u00e9los de route Japon","description":"Cyclisme au Japon","publisher":{"@id":"https:\/\/roadbikerentaljapan.com\/#organization"},"alternateName":"RBRJ","potentialAction":[{"@type":"SearchAction","target":{"@type":"EntryPoint","urlTemplate":"https:\/\/roadbikerentaljapan.com\/?s={search_term_string}"},"query-input":{"@type":"PropertyValueSpecification","valueRequired":true,"valueName":"search_term_string"}}],"inLanguage":"fr-FR"},{"@type":"Organization","@id":"https:\/\/roadbikerentaljapan.com\/#organization","name":"Road Bike Rental Japan LLC","alternateName":"Road Bike Rental Japan LLC","url":"https:\/\/roadbikerentaljapan.com\/","logo":{"@type":"ImageObject","inLanguage":"fr-FR","@id":"https:\/\/roadbikerentaljapan.com\/#\/schema\/logo\/image\/","url":"https:\/\/roadbikerentaljapan.com\/wp-content\/uploads\/2024\/08\/cropped-HiRez-Web-Banner-2024-300-x-100-px.png","contentUrl":"https:\/\/roadbikerentaljapan.com\/wp-content\/uploads\/2024\/08\/cropped-HiRez-Web-Banner-2024-300-x-100-px.png","width":300,"height":100,"caption":"Road Bike Rental Japan LLC"},"image":{"@id":"https:\/\/roadbikerentaljapan.com\/#\/schema\/logo\/image\/"},"sameAs":["https:\/\/www.facebook.com\/roadbikerentalJPN","https:\/\/x.com\/cyclinginjpn","https:\/\/www.youtube.com\/@cyclinginjpn"],"email":"info@roadbikerentaljapan.com","telephone":"+815017228801","legalName":"\u5408\u540c\u4f1a\u793e\u30ed\u30fc\u30c9\u30d0\u30a4\u30af\u30ec\u30f3\u30bf\u30eb\u30b8\u30e3\u30d1\u30f3","foundingDate":"2022-12-19","numberOfEmployees":{"@type":"QuantitativeValue","minValue":"1","maxValue":"10"}}]}},"uagb_featured_image_src":{"full":["https:\/\/roadbikerentaljapan.com\/wp-content\/uploads\/2024\/05\/Road_Bike_Rental_Square_Logo.png",512,512,false],"thumbnail":["https:\/\/roadbikerentaljapan.com\/wp-content\/uploads\/2024\/05\/Road_Bike_Rental_Square_Logo-150x150.png",150,150,true],"medium":["https:\/\/roadbikerentaljapan.com\/wp-content\/uploads\/2024\/05\/Road_Bike_Rental_Square_Logo-300x300.png",300,300,true],"medium_large":["https:\/\/roadbikerentaljapan.com\/wp-content\/uploads\/2024\/05\/Road_Bike_Rental_Square_Logo.png",512,512,false],"large":["https:\/\/roadbikerentaljapan.com\/wp-content\/uploads\/2024\/05\/Road_Bike_Rental_Square_Logo.png",512,512,false],"1536x1536":["https:\/\/roadbikerentaljapan.com\/wp-content\/uploads\/2024\/05\/Road_Bike_Rental_Square_Logo.png",512,512,false],"2048x2048":["https:\/\/roadbikerentaljapan.com\/wp-content\/uploads\/2024\/05\/Road_Bike_Rental_Square_Logo.png",512,512,false],"trp-custom-language-flag":["https:\/\/roadbikerentaljapan.com\/wp-content\/uploads\/2024\/05\/Road_Bike_Rental_Square_Logo.png",12,12,false]},"uagb_author_info":{"display_name":"rbrj2024","author_link":"https:\/\/roadbikerentaljapan.com\/fr\/author\/rbrj2024\/"},"uagb_comment_info":0,"uagb_excerpt":"Peace of mind while exploring Japan. On July 1st, 2016, in Osaka Prefecture, a new ordinance came into effect that [&hellip;]","_links":{"self":[{"href":"https:\/\/roadbikerentaljapan.com\/fr\/wp-json\/wp\/v2\/pages\/1721","targetHints":{"allow":["GET"]}}],"collection":[{"href":"https:\/\/roadbikerentaljapan.com\/fr\/wp-json\/wp\/v2\/pages"}],"about":[{"href":"https:\/\/roadbikerentaljapan.com\/fr\/wp-json\/wp\/v2\/types\/page"}],"author":[{"embeddable":true,"href":"https:\/\/roadbikerentaljapan.com\/fr\/wp-json\/wp\/v2\/users\/1"}],"replies":[{"embeddable":true,"href":"https:\/\/roadbikerentaljapan.com\/fr\/wp-json\/wp\/v2\/comments?post=1721"}],"version-history":[{"count":0,"href":"https:\/\/roadbikerentaljapan.com\/fr\/wp-json\/wp\/v2\/pages\/1721\/revisions"}],"up":[{"embeddable":true,"href":"https:\/\/roadbikerentaljapan.com\/fr\/wp-json\/wp\/v2\/pages\/905"}],"wp:featuredmedia":[{"embeddable":true,"href":"https:\/\/roadbikerentaljapan.com\/fr\/wp-json\/wp\/v2\/media\/155"}],"wp:attachment":[{"href":"https:\/\/roadbikerentaljapan.com\/fr\/wp-json\/wp\/v2\/media?parent=1721"}],"curies":[{"name":"wp","href":"https:\/\/api.w.org\/{rel}","templated":true}]}}