{"id":1812,"date":"2025-06-24T11:36:43","date_gmt":"2025-06-24T02:36:43","guid":{"rendered":"https:\/\/roadbikerentaljapan.com\/?page_id=1812"},"modified":"2025-06-24T11:41:21","modified_gmt":"2025-06-24T02:41:21","slug":"remboursements","status":"publish","type":"page","link":"https:\/\/roadbikerentaljapan.com\/fr\/shop\/refund_returns\/","title":{"rendered":"Politique de remboursement et de retour"},"content":{"rendered":"<h2 class=\"wp-block-heading\" id=\"h-overview\">Vue d'ensemble<\/h2>\n\n\n\n<p>Notre politique de remboursement et de retour dure 30 jours. Si 30 jours se sont \u00e9coul\u00e9s depuis votre achat, nous ne pouvons pas vous offrir un remboursement complet ou un \u00e9change.<\/p>\n\n\n\n<p>Pour pouvoir \u00eatre retourn\u00e9, votre article doit \u00eatre inutilis\u00e9 et dans le m\u00eame \u00e9tat que celui dans lequel vous l'avez re\u00e7u. Il doit \u00e9galement \u00eatre dans son emballage d'origine.<\/p>\n\n\n\n<p>Plusieurs types de marchandises ne peuvent pas \u00eatre retourn\u00e9s. Les produits p\u00e9rissables tels que la nourriture, les fleurs, les journaux ou les magazines ne peuvent pas \u00eatre retourn\u00e9s. Nous n'acceptons pas non plus les produits intimes ou sanitaires, les mati\u00e8res dangereuses, les liquides ou les gaz inflammables.<\/p>\n\n\n\n<p>Autres articles non retournables :<\/p>\n\n\n\n<ul class=\"wp-block-list\">\n<li>Cartes-cadeaux<\/li>\n\n\n\n<li>Logiciels t\u00e9l\u00e9chargeables<\/li>\n\n\n\n<li>Certains articles de sant\u00e9 et de soins personnels<\/li>\n<\/ul>\n\n\n\n<p>Pour compl\u00e9ter votre retour, nous avons besoin d'un re\u00e7u ou d'une preuve d'achat.<\/p>\n\n\n\n<p>Ne renvoyez pas votre achat au fabricant.<\/p>\n\n\n\n<p>Dans certaines situations, seuls des remboursements partiels sont accord\u00e9s :<\/p>\n\n\n\n<ul class=\"wp-block-list\">\n<li>Livre pr\u00e9sentant des signes \u00e9vidents d'utilisation<\/li>\n\n\n\n<li>CD, DVD, cassette VHS, logiciel, jeu vid\u00e9o, cassette ou disque vinyle qui a \u00e9t\u00e9 ouvert.<\/li>\n\n\n\n<li>Tout article qui n'est pas dans son \u00e9tat d'origine, qui est endommag\u00e9 ou auquel il manque des pi\u00e8ces pour des raisons qui ne sont pas dues \u00e0 une erreur de notre part.<\/li>\n\n\n\n<li>Tout article retourn\u00e9 plus de 30 jours apr\u00e8s sa livraison<\/li>\n<\/ul>\n\n\n\n<p><\/p>\n\n\n\n<p>Une fois votre retour re\u00e7u et inspect\u00e9, nous vous enverrons un courrier \u00e9lectronique pour vous informer que nous avons re\u00e7u votre article retourn\u00e9. Nous vous informerons \u00e9galement de l'approbation ou du refus de votre remboursement.<\/p>\n\n\n\n<p>Si votre demande est accept\u00e9e, votre remboursement sera trait\u00e9 et un cr\u00e9dit sera automatiquement appliqu\u00e9 \u00e0 votre carte de cr\u00e9dit ou \u00e0 votre mode de paiement initial, dans un d\u00e9lai de quelques jours.<\/p>\n\n\n\n<h2 class=\"wp-block-heading\" id=\"h-late-or-missing-refunds\">Remboursements tardifs ou manquants<\/h2>\n\n\n\n<p>Si vous n'avez pas encore re\u00e7u de remboursement, v\u00e9rifiez d'abord votre compte bancaire.<\/p>\n\n\n\n<p>Contactez ensuite la soci\u00e9t\u00e9 \u00e9mettrice de votre carte de cr\u00e9dit, car il peut s'\u00e9couler un certain temps avant que votre remboursement ne soit officiellement comptabilis\u00e9.<\/p>\n\n\n\n<p>Contactez ensuite votre banque. Il y a souvent un d\u00e9lai de traitement avant que le remboursement ne soit comptabilis\u00e9.<\/p>\n\n\n\n<p>Si vous avez fait tout cela et que vous n'avez toujours pas re\u00e7u votre remboursement, veuillez nous contacter \u00e0 {adresse \u00e9lectronique}.<\/p>\n\n\n\n<h2 class=\"wp-block-heading\" id=\"h-sale-items\">Articles en vente<\/h2>\n\n\n\n<p>Seuls les articles \u00e0 prix normal peuvent \u00eatre rembours\u00e9s. Les articles sold\u00e9s ne peuvent pas \u00eatre rembours\u00e9s.<\/p>\n\n\n\n<p><\/p>\n\n\n\n<p>Nous ne rempla\u00e7ons les articles que s'ils sont d\u00e9fectueux ou endommag\u00e9s. Si vous souhaitez l'\u00e9changer contre le m\u00eame article, envoyez-nous un email \u00e0 help@roadbikerentaljapan.com et envoyez votre article \u00e0 : \u3012534-0027 Osaka, Miyakojima Ward, Nakanocho, 5 Chome-2-5, Road Bike Rental Japan.<\/p>\n\n\n\n<p><h2>Cadeaux<\/h2><\/p>\n\n\n\n<p>Si l'article a \u00e9t\u00e9 marqu\u00e9 comme cadeau lors de l'achat et qu'il vous a \u00e9t\u00e9 exp\u00e9di\u00e9 directement, vous recevrez un cr\u00e9dit-cadeau correspondant \u00e0 la valeur de votre retour. D\u00e8s r\u00e9ception de l'article retourn\u00e9, un ch\u00e8que-cadeau vous sera envoy\u00e9 par courrier.<\/p>\n\n\n\n<p>Si l'article n'\u00e9tait pas indiqu\u00e9 comme cadeau au moment de l'achat, ou si le destinataire du cadeau s'est fait exp\u00e9dier la commande pour vous l'offrir plus tard, nous enverrons un remboursement au destinataire du cadeau, qui sera inform\u00e9 de votre retour.<\/p>\n\n\n\n<p><\/p>\n\n\n\n<p>Pour retourner votre produit, vous devez l'envoyer par la poste \u00e0 : \u3012534-0027 Osaka, Miyakojima Ward, Nakanocho, 5 Chome-2-5, Road Bike Rental Japan.<\/p>\n\n\n\n<p>Il vous incombe de payer vos propres frais d'exp\u00e9dition pour le retour de votre article. Les frais d'exp\u00e9dition ne sont pas remboursables. Si vous recevez un remboursement, les frais de retour seront d\u00e9duits de votre remboursement.<\/p>\n\n\n\n<p>Le d\u00e9lai d'acheminement du produit \u00e9chang\u00e9 peut varier en fonction de votre lieu de r\u00e9sidence.<\/p>\n\n\n\n<p>Si vous retournez des articles plus co\u00fbteux, vous pouvez envisager d'utiliser un service d'exp\u00e9dition avec suivi ou de souscrire une assurance d'exp\u00e9dition. Nous ne garantissons pas que nous recevrons l'article retourn\u00e9.<\/p>\n\n\n\n<p><\/p>\n\n\n\n<p>Contactez-nous \u00e0 {email} pour toute question relative aux remboursements et aux retours.<\/p>\n\n\n\n<h3 class=\"wp-block-heading\">Politique de remboursement<\/h3>\n\n\n\n<p>Bienvenue dans notre guide sur la politique de remboursement ! Nous comprenons qu'il peut arriver que les achats ne se d\u00e9roulent pas comme pr\u00e9vu et nous nous effor\u00e7ons de rendre la proc\u00e9dure de remboursement aussi simple et fluide que possible. Vous trouverez ci-dessous des informations d\u00e9taill\u00e9es sur la mani\u00e8re de demander un remboursement, les crit\u00e8res d'\u00e9ligibilit\u00e9 et les d\u00e9lais importants.<\/p>\n\n\n\n<h4 class=\"wp-block-heading\">Crit\u00e8res d'\u00e9ligibilit\u00e9<\/h4>\n\n\n\n<p>Pour pouvoir b\u00e9n\u00e9ficier d'un remboursement, votre article doit remplir les conditions suivantes :<\/p>\n\n\n\n<ol start=\"1\" class=\"wp-block-list\">\n<li><strong>\u00c9tat de l'article<\/strong>: L'article doit \u00eatre inutilis\u00e9, dans le m\u00eame \u00e9tat que celui dans lequel vous l'avez re\u00e7u et dans son emballage d'origine.<\/li>\n\n\n\n<li><strong>Preuve d'achat<\/strong>: Un re\u00e7u ou une preuve d'achat est n\u00e9cessaire pour proc\u00e9der au remboursement.<\/li>\n\n\n\n<li><strong>P\u00e9riode de retour<\/strong>: Les articles doivent \u00eatre retourn\u00e9s dans les 30 jours suivant l'achat. Pass\u00e9 ce d\u00e9lai, nous ne pouvons malheureusement pas proposer de remboursement ou d'\u00e9change.<\/li>\n<\/ol>\n\n\n\n<h4 class=\"wp-block-heading\">Articles non remboursables<\/h4>\n\n\n\n<p>Veuillez noter que certains articles ne peuvent pas \u00eatre retourn\u00e9s :<\/p>\n\n\n\n<ul class=\"wp-block-list\">\n<li>Produits p\u00e9rissables (nourriture, fleurs, etc.)<\/li>\n\n\n\n<li>Articles de soins personnels (par exemple, articles de toilette)<\/li>\n\n\n\n<li>Cartes-cadeaux<\/li>\n\n\n\n<li>Logiciels t\u00e9l\u00e9chargeables<\/li>\n<\/ul>\n\n\n\n<h4 class=\"wp-block-heading\">Proc\u00e9dure de remboursement<\/h4>\n\n\n\n<p>Pour effectuer un remboursement, veuillez suivre les \u00e9tapes suivantes :<\/p>\n\n\n\n<ol start=\"1\" class=\"wp-block-list\">\n<li><strong>Contacter le service client\u00e8le<\/strong>: Contactez notre service client\u00e8le par e-mail ou par t\u00e9l\u00e9phone pour obtenir un num\u00e9ro d'autorisation de retour.<\/li>\n\n\n\n<li><strong>Emballer l'article<\/strong>: Emballer solidement l'article, y compris l'emballage d'origine et les accessoires.<\/li>\n\n\n\n<li><strong>Exp\u00e9dier l'article<\/strong>: Envoyez le colis \u00e0 l'adresse fournie par notre service client\u00e8le. Nous recommandons d'utiliser un service d'exp\u00e9dition avec suivi ou de souscrire une assurance d'exp\u00e9dition.<\/li>\n\n\n\n<li><strong>Approbation et traitement<\/strong>: Une fois que nous aurons re\u00e7u et inspect\u00e9 votre retour, nous vous enverrons une notification concernant l'approbation ou le rejet de votre remboursement. En cas d'approbation, le remboursement sera trait\u00e9 et appliqu\u00e9 automatiquement \u00e0 votre mode de paiement initial dans un d\u00e9lai de 5 \u00e0 10 jours ouvrables.<\/li>\n<\/ol>\n\n\n\n<h4 class=\"wp-block-heading\">Remboursements tardifs ou manquants<\/h4>\n\n\n\n<p>Si vous n'avez pas encore re\u00e7u de remboursement, veuillez v\u00e9rifier les points suivants :<\/p>\n\n\n\n<ul class=\"wp-block-list\">\n<li><strong>Compte bancaire<\/strong>: Confirmez aupr\u00e8s de votre banque ou de votre soci\u00e9t\u00e9 de cartes de cr\u00e9dit, car les d\u00e9lais de traitement peuvent varier.<\/li>\n\n\n\n<li><strong>Nous contacter<\/strong>: Si vous avez suivi cette proc\u00e9dure et que vous n'avez toujours pas re\u00e7u votre remboursement, veuillez nous contacter pour obtenir de l'aide.<\/li>\n<\/ul>\n\n\n\n<h4 class=\"wp-block-heading\">\u00c9changes<\/h4>\n\n\n\n<p>Nous ne rempla\u00e7ons les articles que s'ils sont d\u00e9fectueux ou endommag\u00e9s. Si vous souhaitez \u00e9changer un article contre le m\u00eame, veuillez contacter notre service client\u00e8le pour obtenir de plus amples informations.<\/p>\n\n\n\n<h4 class=\"wp-block-heading\">Informations sur le contact<\/h4>\n\n\n\n<p>Pour toute question relative aux remboursements et aux retours, veuillez contacter notre sympathique \u00e9quipe de service \u00e0 la client\u00e8le \u00e0 l'adresse suivante :<\/p>\n\n\n\n<ul class=\"wp-block-list\">\n<li><strong>Courriel<\/strong>: help@roadbikerentaljapan.com<\/li>\n\n\n\n<li><strong>T\u00e9l\u00e9phone<\/strong>: +815017228801<\/li>\n<\/ul>\n\n\n\n<p>Nous esp\u00e9rons que ce guide vous aidera \u00e0 clarifier notre politique de remboursement et vous assurera une exp\u00e9rience sans tracas. Merci de nous avoir choisis !<\/p>","protected":false},"excerpt":{"rendered":"<p>Overview Our refund and returns policy lasts 30 days. If 30 days have passed since your purchase, we can\u2019t offer [&hellip;]<\/p>\n","protected":false},"author":1,"featured_media":0,"parent":1808,"menu_order":0,"comment_status":"closed","ping_status":"closed","template":"","meta":{"content-type":"","_uag_custom_page_level_css":"","site-sidebar-layout":"default","site-content-layout":"","ast-site-content-layout":"default","site-content-style":"default","site-sidebar-style":"default","ast-global-header-display":"","ast-banner-title-visibility":"","ast-main-header-display":"","ast-hfb-above-header-display":"","ast-hfb-below-header-display":"","ast-hfb-mobile-header-display":"","site-post-title":"","ast-breadcrumbs-content":"","ast-featured-img":"","footer-sml-layout":"","ast-disable-related-posts":"","theme-transparent-header-meta":"","adv-header-id-meta":"","stick-header-meta":"","header-above-stick-meta":"","header-main-stick-meta":"","header-below-stick-meta":"","astra-migrate-meta-layouts":"default","ast-page-background-enabled":"default","ast-page-background-meta":{"desktop":{"background-color":"var(--ast-global-color-4)","background-image":"","background-repeat":"repeat","background-position":"center center","background-size":"auto","background-attachment":"scroll","background-type":"","background-media":"","overlay-type":"","overlay-color":"","overlay-opacity":"","overlay-gradient":""},"tablet":{"background-color":"","background-image":"","background-repeat":"repeat","background-position":"center center","background-size":"auto","background-attachment":"scroll","background-type":"","background-media":"","overlay-type":"","overlay-color":"","overlay-opacity":"","overlay-gradient":""},"mobile":{"background-color":"","background-image":"","background-repeat":"repeat","background-position":"center center","background-size":"auto","background-attachment":"scroll","background-type":"","background-media":"","overlay-type":"","overlay-color":"","overlay-opacity":"","overlay-gradient":""}},"ast-content-background-meta":{"desktop":{"background-color":"var(--ast-global-color-5)","background-image":"","background-repeat":"repeat","background-position":"center center","background-size":"auto","background-attachment":"scroll","background-type":"","background-media":"","overlay-type":"","overlay-color":"","overlay-opacity":"","overlay-gradient":""},"tablet":{"background-color":"var(--ast-global-color-5)","background-image":"","background-repeat":"repeat","background-position":"center center","background-size":"auto","background-attachment":"scroll","background-type":"","background-media":"","overlay-type":"","overlay-color":"","overlay-opacity":"","overlay-gradient":""},"mobile":{"background-color":"var(--ast-global-color-5)","background-image":"","background-repeat":"repeat","background-position":"center center","background-size":"auto","background-attachment":"scroll","background-type":"","background-media":"","overlay-type":"","overlay-color":"","overlay-opacity":"","overlay-gradient":""}},"footnotes":""},"class_list":["post-1812","page","type-page","status-publish","hentry"],"yoast_head":"<!-- This site is optimized with the Yoast SEO Premium plugin v27.5 (Yoast SEO v27.5) - https:\/\/yoast.com\/product\/yoast-seo-premium-wordpress\/ -->\n<title>Refund and Returns Policy - Road Bike Rental Japan<\/title>\n<meta name=\"robots\" content=\"index, follow, max-snippet:-1, max-image-preview:large, max-video-preview:-1\" \/>\n<link rel=\"canonical\" href=\"https:\/\/roadbikerentaljapan.com\/fr\/shop\/remboursements\/\" \/>\n<meta property=\"og:locale\" content=\"fr_FR\" \/>\n<meta property=\"og:type\" content=\"article\" \/>\n<meta property=\"og:title\" content=\"Refund and Returns Policy\" \/>\n<meta property=\"og:description\" content=\"Overview Our refund and returns policy lasts 30 days. If 30 days have passed since your purchase, we can\u2019t offer [&hellip;]\" \/>\n<meta property=\"og:url\" content=\"https:\/\/roadbikerentaljapan.com\/fr\/shop\/remboursements\/\" \/>\n<meta property=\"og:site_name\" content=\"Road Bike Rental Japan\" \/>\n<meta property=\"article:publisher\" content=\"https:\/\/www.facebook.com\/roadbikerentalJPN\" \/>\n<meta property=\"article:modified_time\" content=\"2025-06-24T02:41:21+00:00\" \/>\n<meta name=\"twitter:card\" content=\"summary_large_image\" \/>\n<meta name=\"twitter:site\" content=\"@cyclinginjpn\" \/>\n<meta name=\"twitter:label1\" content=\"Dur\u00e9e de lecture estim\u00e9e\" \/>\n\t<meta name=\"twitter:data1\" content=\"5 minutes\" \/>\n<script type=\"application\/ld+json\" class=\"yoast-schema-graph\">{\"@context\":\"https:\\\/\\\/schema.org\",\"@graph\":[{\"@type\":\"WebPage\",\"@id\":\"https:\\\/\\\/roadbikerentaljapan.com\\\/shop\\\/refund_returns\\\/\",\"url\":\"https:\\\/\\\/roadbikerentaljapan.com\\\/shop\\\/refund_returns\\\/\",\"name\":\"Refund and Returns Policy - Road Bike Rental Japan\",\"isPartOf\":{\"@id\":\"https:\\\/\\\/roadbikerentaljapan.com\\\/#website\"},\"datePublished\":\"2025-06-24T02:36:43+00:00\",\"dateModified\":\"2025-06-24T02:41:21+00:00\",\"breadcrumb\":{\"@id\":\"https:\\\/\\\/roadbikerentaljapan.com\\\/shop\\\/refund_returns\\\/#breadcrumb\"},\"inLanguage\":\"fr-FR\",\"potentialAction\":[{\"@type\":\"ReadAction\",\"target\":[\"https:\\\/\\\/roadbikerentaljapan.com\\\/shop\\\/refund_returns\\\/\"]}]},{\"@type\":\"BreadcrumbList\",\"@id\":\"https:\\\/\\\/roadbikerentaljapan.com\\\/shop\\\/refund_returns\\\/#breadcrumb\",\"itemListElement\":[{\"@type\":\"ListItem\",\"position\":1,\"name\":\"Home\",\"item\":\"https:\\\/\\\/roadbikerentaljapan.com\\\/\"},{\"@type\":\"ListItem\",\"position\":2,\"name\":\"Shop\",\"item\":\"https:\\\/\\\/roadbikerentaljapan.com\\\/shop\\\/\"},{\"@type\":\"ListItem\",\"position\":3,\"name\":\"Refund and Returns Policy\"}]},{\"@type\":\"WebSite\",\"@id\":\"https:\\\/\\\/roadbikerentaljapan.com\\\/#website\",\"url\":\"https:\\\/\\\/roadbikerentaljapan.com\\\/\",\"name\":\"Road Bike Rental Japan\",\"description\":\"Cycling in Japan\",\"publisher\":{\"@id\":\"https:\\\/\\\/roadbikerentaljapan.com\\\/#organization\"},\"alternateName\":\"RBRJ\",\"potentialAction\":[{\"@type\":\"SearchAction\",\"target\":{\"@type\":\"EntryPoint\",\"urlTemplate\":\"https:\\\/\\\/roadbikerentaljapan.com\\\/?s={search_term_string}\"},\"query-input\":{\"@type\":\"PropertyValueSpecification\",\"valueRequired\":true,\"valueName\":\"search_term_string\"}}],\"inLanguage\":\"fr-FR\"},{\"@type\":\"Organization\",\"@id\":\"https:\\\/\\\/roadbikerentaljapan.com\\\/#organization\",\"name\":\"Road Bike Rental Japan LLC\",\"alternateName\":\"Road Bike Rental Japan LLC\",\"url\":\"https:\\\/\\\/roadbikerentaljapan.com\\\/\",\"logo\":{\"@type\":\"ImageObject\",\"inLanguage\":\"fr-FR\",\"@id\":\"https:\\\/\\\/roadbikerentaljapan.com\\\/#\\\/schema\\\/logo\\\/image\\\/\",\"url\":\"https:\\\/\\\/roadbikerentaljapan.com\\\/wp-content\\\/uploads\\\/2024\\\/08\\\/cropped-HiRez-Web-Banner-2024-300-x-100-px.png\",\"contentUrl\":\"https:\\\/\\\/roadbikerentaljapan.com\\\/wp-content\\\/uploads\\\/2024\\\/08\\\/cropped-HiRez-Web-Banner-2024-300-x-100-px.png\",\"width\":300,\"height\":100,\"caption\":\"Road Bike Rental Japan LLC\"},\"image\":{\"@id\":\"https:\\\/\\\/roadbikerentaljapan.com\\\/#\\\/schema\\\/logo\\\/image\\\/\"},\"sameAs\":[\"https:\\\/\\\/www.facebook.com\\\/roadbikerentalJPN\",\"https:\\\/\\\/x.com\\\/cyclinginjpn\",\"https:\\\/\\\/www.youtube.com\\\/@cyclinginjpn\"],\"email\":\"info@roadbikerentaljapan.com\",\"telephone\":\"+815017228801\",\"legalName\":\"\u5408\u540c\u4f1a\u793e\u30ed\u30fc\u30c9\u30d0\u30a4\u30af\u30ec\u30f3\u30bf\u30eb\u30b8\u30e3\u30d1\u30f3\",\"foundingDate\":\"2022-12-19\",\"numberOfEmployees\":{\"@type\":\"QuantitativeValue\",\"minValue\":\"1\",\"maxValue\":\"10\"}}]}<\/script>\n<!-- \/ Yoast SEO Premium plugin. -->","yoast_head_json":{"title":"Politique de remboursement et de retour - Road Bike Rental Japan","robots":{"index":"index","follow":"follow","max-snippet":"max-snippet:-1","max-image-preview":"max-image-preview:large","max-video-preview":"max-video-preview:-1"},"canonical":"https:\/\/roadbikerentaljapan.com\/fr\/shop\/remboursements\/","og_locale":"fr_FR","og_type":"article","og_title":"Refund and Returns Policy","og_description":"Overview Our refund and returns policy lasts 30 days. If 30 days have passed since your purchase, we can\u2019t offer [&hellip;]","og_url":"https:\/\/roadbikerentaljapan.com\/fr\/shop\/remboursements\/","og_site_name":"Road Bike Rental Japan","article_publisher":"https:\/\/www.facebook.com\/roadbikerentalJPN","article_modified_time":"2025-06-24T02:41:21+00:00","twitter_card":"summary_large_image","twitter_site":"@cyclinginjpn","twitter_misc":{"Dur\u00e9e de lecture estim\u00e9e":"5 minutes"},"schema":{"@context":"https:\/\/schema.org","@graph":[{"@type":"WebPage","@id":"https:\/\/roadbikerentaljapan.com\/shop\/refund_returns\/","url":"https:\/\/roadbikerentaljapan.com\/shop\/refund_returns\/","name":"Politique de remboursement et de retour - Road Bike Rental Japan","isPartOf":{"@id":"https:\/\/roadbikerentaljapan.com\/#website"},"datePublished":"2025-06-24T02:36:43+00:00","dateModified":"2025-06-24T02:41:21+00:00","breadcrumb":{"@id":"https:\/\/roadbikerentaljapan.com\/shop\/refund_returns\/#breadcrumb"},"inLanguage":"fr-FR","potentialAction":[{"@type":"ReadAction","target":["https:\/\/roadbikerentaljapan.com\/shop\/refund_returns\/"]}]},{"@type":"BreadcrumbList","@id":"https:\/\/roadbikerentaljapan.com\/shop\/refund_returns\/#breadcrumb","itemListElement":[{"@type":"ListItem","position":1,"name":"Home","item":"https:\/\/roadbikerentaljapan.com\/"},{"@type":"ListItem","position":2,"name":"Shop","item":"https:\/\/roadbikerentaljapan.com\/shop\/"},{"@type":"ListItem","position":3,"name":"Refund and Returns Policy"}]},{"@type":"WebSite","@id":"https:\/\/roadbikerentaljapan.com\/#website","url":"https:\/\/roadbikerentaljapan.com\/","name":"Location de v\u00e9los de route Japon","description":"Cyclisme au Japon","publisher":{"@id":"https:\/\/roadbikerentaljapan.com\/#organization"},"alternateName":"RBRJ","potentialAction":[{"@type":"SearchAction","target":{"@type":"EntryPoint","urlTemplate":"https:\/\/roadbikerentaljapan.com\/?s={search_term_string}"},"query-input":{"@type":"PropertyValueSpecification","valueRequired":true,"valueName":"search_term_string"}}],"inLanguage":"fr-FR"},{"@type":"Organization","@id":"https:\/\/roadbikerentaljapan.com\/#organization","name":"Road Bike Rental Japan LLC","alternateName":"Road Bike Rental Japan LLC","url":"https:\/\/roadbikerentaljapan.com\/","logo":{"@type":"ImageObject","inLanguage":"fr-FR","@id":"https:\/\/roadbikerentaljapan.com\/#\/schema\/logo\/image\/","url":"https:\/\/roadbikerentaljapan.com\/wp-content\/uploads\/2024\/08\/cropped-HiRez-Web-Banner-2024-300-x-100-px.png","contentUrl":"https:\/\/roadbikerentaljapan.com\/wp-content\/uploads\/2024\/08\/cropped-HiRez-Web-Banner-2024-300-x-100-px.png","width":300,"height":100,"caption":"Road Bike Rental Japan LLC"},"image":{"@id":"https:\/\/roadbikerentaljapan.com\/#\/schema\/logo\/image\/"},"sameAs":["https:\/\/www.facebook.com\/roadbikerentalJPN","https:\/\/x.com\/cyclinginjpn","https:\/\/www.youtube.com\/@cyclinginjpn"],"email":"info@roadbikerentaljapan.com","telephone":"+815017228801","legalName":"\u5408\u540c\u4f1a\u793e\u30ed\u30fc\u30c9\u30d0\u30a4\u30af\u30ec\u30f3\u30bf\u30eb\u30b8\u30e3\u30d1\u30f3","foundingDate":"2022-12-19","numberOfEmployees":{"@type":"QuantitativeValue","minValue":"1","maxValue":"10"}}]}},"uagb_featured_image_src":{"full":false,"thumbnail":false,"medium":false,"medium_large":false,"large":false,"1536x1536":false,"2048x2048":false,"trp-custom-language-flag":false},"uagb_author_info":{"display_name":"rbrj2024","author_link":"https:\/\/roadbikerentaljapan.com\/fr\/author\/rbrj2024\/"},"uagb_comment_info":0,"uagb_excerpt":"Overview Our refund and returns policy lasts 30 days. If 30 days have passed since your purchase, we can\u2019t offer [&hellip;]","_links":{"self":[{"href":"https:\/\/roadbikerentaljapan.com\/fr\/wp-json\/wp\/v2\/pages\/1812","targetHints":{"allow":["GET"]}}],"collection":[{"href":"https:\/\/roadbikerentaljapan.com\/fr\/wp-json\/wp\/v2\/pages"}],"about":[{"href":"https:\/\/roadbikerentaljapan.com\/fr\/wp-json\/wp\/v2\/types\/page"}],"author":[{"embeddable":true,"href":"https:\/\/roadbikerentaljapan.com\/fr\/wp-json\/wp\/v2\/users\/1"}],"replies":[{"embeddable":true,"href":"https:\/\/roadbikerentaljapan.com\/fr\/wp-json\/wp\/v2\/comments?post=1812"}],"version-history":[{"count":0,"href":"https:\/\/roadbikerentaljapan.com\/fr\/wp-json\/wp\/v2\/pages\/1812\/revisions"}],"up":[{"embeddable":true,"href":"https:\/\/roadbikerentaljapan.com\/fr\/wp-json\/wp\/v2\/pages\/1808"}],"wp:attachment":[{"href":"https:\/\/roadbikerentaljapan.com\/fr\/wp-json\/wp\/v2\/media?parent=1812"}],"curies":[{"name":"wp","href":"https:\/\/api.w.org\/{rel}","templated":true}]}}