{"id":1980,"date":"2024-12-03T20:38:51","date_gmt":"2024-12-03T11:38:51","guid":{"rendered":"https:\/\/roadbikerentaljapan.com\/?page_id=1980"},"modified":"2025-09-08T14:01:34","modified_gmt":"2025-09-08T05:01:34","slug":"shipping","status":"publish","type":"page","link":"https:\/\/roadbikerentaljapan.com\/fr\/shipping\/","title":{"rendered":"Exp\u00e9dition"},"content":{"rendered":"<h1 class=\"wp-block-heading\" id=\"h-shipping-policy-for-online-store\">Politique d'exp\u00e9dition pour la boutique en ligne<\/h1>\n\n\n\n<p>Chez Road Bike Rental Japan, nous nous engageons \u00e0 livrer vos commandes en ligne rapidement et efficacement. Notre politique d'exp\u00e9dition est con\u00e7ue pour vous fournir des informations claires et concises sur nos processus d'exp\u00e9dition, nos tarifs et nos d\u00e9lais.<\/p>\n\n\n\n<h4 class=\"wp-block-heading\" id=\"h-international-domestic-shipping\">Exp\u00e9dition internationale\/domestique<\/h4>\n\n\n\n<p>Nous n'exp\u00e9dions actuellement qu'\u00e0 l'int\u00e9rieur du Japon par l'interm\u00e9diaire de services de messagerie tiers.<\/p>\n\n\n\n<h4 class=\"wp-block-heading\" id=\"h-shipping-method-for-purchased-bikes\">M\u00e9thode d'exp\u00e9dition pour les v\u00e9los achet\u00e9s<\/h4>\n\n\n\n<p>Les v\u00e9los achet\u00e9s peuvent \u00eatre retir\u00e9s \u00e0 <a href=\"https:\/\/roadbikerentaljapan.com\/fr\/locations\/contact-access-road-bike-rental-japan-osaka\/\">RBRJ Osaka<\/a>. Veuillez nous contacter \u00e0 l'avance \u00e0 l'adresse info@roadbikerentaljapan.com pour planifier la collecte.<\/p>\n\n\n\n<p>ou<\/p>\n\n\n\n<p>La livraison sera effectu\u00e9e par le service de paiement \u00e0 la livraison de Sagawa \u00e0 l'aide d'une grande bo\u00eete (taille : 260).  L'acheteur devra payer le chauffeur.  Le prix du contre-remboursement d\u00e9pend de votre zone de r\u00e9sidence. (Voir le site WEB suivant : <a href=\"https:\/\/www.sagawa-exp.co.jp\/send\/fare\/faretable08.html\">https:\/\/www.sagawa-exp.co.jp\/send\/fare\/faretable08.html<\/a>)<\/p>\n\n\n\n<h4 class=\"wp-block-heading\" id=\"h-delivery-times\">D\u00e9lais de livraison<\/h4>\n\n\n\n<p>Les d\u00e9lais de livraison varient en fonction du mode d'exp\u00e9dition choisi :<\/p>\n\n\n\n<ul class=\"wp-block-list\">\n<li><strong>Exp\u00e9dition standard<\/strong>2-7 jours ouvrables<\/li>\n<\/ul>\n\n\n\n<p><strong>Veuillez noter que les d\u00e9lais de livraison sont des estimations et qu'ils peuvent varier en raison de circonstances impr\u00e9vues telles que des retards dus aux conditions m\u00e9t\u00e9orologiques ou aux p\u00e9riodes de vacances.<\/strong><\/p>\n\n\n\n<h4 class=\"wp-block-heading\" id=\"h-order-processing\">Traitement des commandes<\/h4>\n\n\n\n<p>Les commandes sont trait\u00e9es dans un d\u00e9lai de 2 \u00e0 7 jours ouvrables. Vous recevrez un courriel de confirmation avec les informations de suivi une fois que votre commande aura \u00e9t\u00e9 exp\u00e9di\u00e9e.<\/p>\n\n\n\n<h4 class=\"wp-block-heading\" id=\"h-shipping-restrictions\">Restrictions d'exp\u00e9dition<\/h4>\n\n\n\n<p>Certains articles peuvent ne pas pouvoir \u00eatre exp\u00e9di\u00e9s dans certaines r\u00e9gions en raison de restrictions l\u00e9gales ou de limitations impos\u00e9es par les transporteurs. Nous vous informerons si des restrictions s'appliquent \u00e0 votre commande.<\/p>\n\n\n\n<h4 class=\"wp-block-heading\" id=\"h-lost-or-damaged-packages\">Paquets perdus ou endommag\u00e9s<\/h4>\n\n\n\n<p>Dans le cas rare o\u00f9 votre colis serait perdu ou endommag\u00e9 pendant le transport, veuillez contacter imm\u00e9diatement notre service client\u00e8le. Nous travaillerons avec diligence pour r\u00e9soudre le probl\u00e8me et assurer votre satisfaction.<\/p>\n\n\n\n<h4 class=\"wp-block-heading\" id=\"h-contact-us\">Nous contacter<\/h4>\n\n\n\n<p>Pour toute question concernant notre politique d'exp\u00e9dition, veuillez contacter notre service client\u00e8le \u00e0 l'adresse help@roadbikerentaljapan.com.<\/p>\n\n\n\n<p><\/p>","protected":false},"excerpt":{"rendered":"<p>Shipping Policy for Online Store At Road Bike Rental Japan, we are committed to delivering your purchased online store orders [&hellip;]<\/p>\n","protected":false},"author":1,"featured_media":0,"parent":0,"menu_order":14,"comment_status":"closed","ping_status":"closed","template":"","meta":{"content-type":"","_uag_custom_page_level_css":"","site-sidebar-layout":"default","site-content-layout":"","ast-site-content-layout":"","site-content-style":"default","site-sidebar-style":"default","ast-global-header-display":"","ast-banner-title-visibility":"","ast-main-header-display":"","ast-hfb-above-header-display":"","ast-hfb-below-header-display":"","ast-hfb-mobile-header-display":"","site-post-title":"disabled","ast-breadcrumbs-content":"","ast-featured-img":"","footer-sml-layout":"","ast-disable-related-posts":"","theme-transparent-header-meta":"","adv-header-id-meta":"","stick-header-meta":"","header-above-stick-meta":"","header-main-stick-meta":"","header-below-stick-meta":"","astra-migrate-meta-layouts":"default","ast-page-background-enabled":"default","ast-page-background-meta":{"desktop":{"background-color":"var(--ast-global-color-4)","background-image":"","background-repeat":"repeat","background-position":"center center","background-size":"auto","background-attachment":"scroll","background-type":"","background-media":"","overlay-type":"","overlay-color":"","overlay-opacity":"","overlay-gradient":""},"tablet":{"background-color":"","background-image":"","background-repeat":"repeat","background-position":"center center","background-size":"auto","background-attachment":"scroll","background-type":"","background-media":"","overlay-type":"","overlay-color":"","overlay-opacity":"","overlay-gradient":""},"mobile":{"background-color":"","background-image":"","background-repeat":"repeat","background-position":"center center","background-size":"auto","background-attachment":"scroll","background-type":"","background-media":"","overlay-type":"","overlay-color":"","overlay-opacity":"","overlay-gradient":""}},"ast-content-background-meta":{"desktop":{"background-color":"var(--ast-global-color-5)","background-image":"","background-repeat":"repeat","background-position":"center center","background-size":"auto","background-attachment":"scroll","background-type":"","background-media":"","overlay-type":"","overlay-color":"","overlay-opacity":"","overlay-gradient":""},"tablet":{"background-color":"var(--ast-global-color-5)","background-image":"","background-repeat":"repeat","background-position":"center center","background-size":"auto","background-attachment":"scroll","background-type":"","background-media":"","overlay-type":"","overlay-color":"","overlay-opacity":"","overlay-gradient":""},"mobile":{"background-color":"var(--ast-global-color-5)","background-image":"","background-repeat":"repeat","background-position":"center center","background-size":"auto","background-attachment":"scroll","background-type":"","background-media":"","overlay-type":"","overlay-color":"","overlay-opacity":"","overlay-gradient":""}},"footnotes":""},"class_list":["post-1980","page","type-page","status-publish","hentry"],"yoast_head":"<!-- This site is optimized with the Yoast SEO Premium plugin v27.2 (Yoast SEO v27.2) - https:\/\/yoast.com\/product\/yoast-seo-premium-wordpress\/ -->\n<title>Shipping - Road Bike Rental Japan<\/title>\n<meta name=\"robots\" content=\"index, follow, max-snippet:-1, max-image-preview:large, max-video-preview:-1\" \/>\n<link rel=\"canonical\" href=\"https:\/\/roadbikerentaljapan.com\/fr\/shipping\/\" \/>\n<meta property=\"og:locale\" content=\"fr_FR\" \/>\n<meta property=\"og:type\" content=\"article\" \/>\n<meta property=\"og:title\" content=\"Shipping\" \/>\n<meta property=\"og:description\" content=\"Shipping Policy for Online Store At Road Bike Rental Japan, we are committed to delivering your purchased online store orders [&hellip;]\" \/>\n<meta property=\"og:url\" content=\"https:\/\/roadbikerentaljapan.com\/fr\/shipping\/\" \/>\n<meta property=\"og:site_name\" content=\"Road Bike Rental Japan\" \/>\n<meta property=\"article:publisher\" content=\"https:\/\/www.facebook.com\/roadbikerentalJPN\" \/>\n<meta property=\"article:modified_time\" content=\"2025-09-08T05:01:34+00:00\" \/>\n<meta name=\"twitter:card\" content=\"summary_large_image\" \/>\n<meta name=\"twitter:site\" content=\"@cyclinginjpn\" \/>\n<meta name=\"twitter:label1\" content=\"Dur\u00e9e de lecture estim\u00e9e\" \/>\n\t<meta name=\"twitter:data1\" content=\"2 minutes\" \/>\n<script type=\"application\/ld+json\" class=\"yoast-schema-graph\">{\"@context\":\"https:\/\/schema.org\",\"@graph\":[{\"@type\":\"WebPage\",\"@id\":\"https:\/\/roadbikerentaljapan.com\/shipping\/\",\"url\":\"https:\/\/roadbikerentaljapan.com\/shipping\/\",\"name\":\"Shipping - Road Bike Rental Japan\",\"isPartOf\":{\"@id\":\"https:\/\/roadbikerentaljapan.com\/#website\"},\"datePublished\":\"2024-12-03T11:38:51+00:00\",\"dateModified\":\"2025-09-08T05:01:34+00:00\",\"breadcrumb\":{\"@id\":\"https:\/\/roadbikerentaljapan.com\/shipping\/#breadcrumb\"},\"inLanguage\":\"fr-FR\",\"potentialAction\":[{\"@type\":\"ReadAction\",\"target\":[\"https:\/\/roadbikerentaljapan.com\/shipping\/\"]}]},{\"@type\":\"BreadcrumbList\",\"@id\":\"https:\/\/roadbikerentaljapan.com\/shipping\/#breadcrumb\",\"itemListElement\":[{\"@type\":\"ListItem\",\"position\":1,\"name\":\"Home\",\"item\":\"https:\/\/roadbikerentaljapan.com\/\"},{\"@type\":\"ListItem\",\"position\":2,\"name\":\"Shipping\"}]},{\"@type\":\"WebSite\",\"@id\":\"https:\/\/roadbikerentaljapan.com\/#website\",\"url\":\"https:\/\/roadbikerentaljapan.com\/\",\"name\":\"Road Bike Rental Japan\",\"description\":\"Cycling in Japan\",\"publisher\":{\"@id\":\"https:\/\/roadbikerentaljapan.com\/#organization\"},\"alternateName\":\"RBRJ\",\"potentialAction\":[{\"@type\":\"SearchAction\",\"target\":{\"@type\":\"EntryPoint\",\"urlTemplate\":\"https:\/\/roadbikerentaljapan.com\/?s={search_term_string}\"},\"query-input\":{\"@type\":\"PropertyValueSpecification\",\"valueRequired\":true,\"valueName\":\"search_term_string\"}}],\"inLanguage\":\"fr-FR\"},{\"@type\":\"Organization\",\"@id\":\"https:\/\/roadbikerentaljapan.com\/#organization\",\"name\":\"Road Bike Rental Japan LLC\",\"alternateName\":\"Road Bike Rental Japan LLC\",\"url\":\"https:\/\/roadbikerentaljapan.com\/\",\"logo\":{\"@type\":\"ImageObject\",\"inLanguage\":\"fr-FR\",\"@id\":\"https:\/\/roadbikerentaljapan.com\/#\/schema\/logo\/image\/\",\"url\":\"https:\/\/roadbikerentaljapan.com\/wp-content\/uploads\/2024\/08\/cropped-HiRez-Web-Banner-2024-300-x-100-px.png\",\"contentUrl\":\"https:\/\/roadbikerentaljapan.com\/wp-content\/uploads\/2024\/08\/cropped-HiRez-Web-Banner-2024-300-x-100-px.png\",\"width\":300,\"height\":100,\"caption\":\"Road Bike Rental Japan LLC\"},\"image\":{\"@id\":\"https:\/\/roadbikerentaljapan.com\/#\/schema\/logo\/image\/\"},\"sameAs\":[\"https:\/\/www.facebook.com\/roadbikerentalJPN\",\"https:\/\/x.com\/cyclinginjpn\",\"https:\/\/www.youtube.com\/@cyclinginjpn\"],\"email\":\"info@roadbikerentaljapan.com\",\"telephone\":\"+815017228801\",\"legalName\":\"\u5408\u540c\u4f1a\u793e\u30ed\u30fc\u30c9\u30d0\u30a4\u30af\u30ec\u30f3\u30bf\u30eb\u30b8\u30e3\u30d1\u30f3\",\"foundingDate\":\"2022-12-19\",\"numberOfEmployees\":{\"@type\":\"QuantitativeValue\",\"minValue\":\"1\",\"maxValue\":\"10\"}}]}<\/script>\n<!-- \/ Yoast SEO Premium plugin. -->","yoast_head_json":{"title":"Exp\u00e9dition - Location de v\u00e9los de route au Japon","robots":{"index":"index","follow":"follow","max-snippet":"max-snippet:-1","max-image-preview":"max-image-preview:large","max-video-preview":"max-video-preview:-1"},"canonical":"https:\/\/roadbikerentaljapan.com\/fr\/shipping\/","og_locale":"fr_FR","og_type":"article","og_title":"Shipping","og_description":"Shipping Policy for Online Store At Road Bike Rental Japan, we are committed to delivering your purchased online store orders [&hellip;]","og_url":"https:\/\/roadbikerentaljapan.com\/fr\/shipping\/","og_site_name":"Road Bike Rental Japan","article_publisher":"https:\/\/www.facebook.com\/roadbikerentalJPN","article_modified_time":"2025-09-08T05:01:34+00:00","twitter_card":"summary_large_image","twitter_site":"@cyclinginjpn","twitter_misc":{"Dur\u00e9e de lecture estim\u00e9e":"2 minutes"},"schema":{"@context":"https:\/\/schema.org","@graph":[{"@type":"WebPage","@id":"https:\/\/roadbikerentaljapan.com\/shipping\/","url":"https:\/\/roadbikerentaljapan.com\/shipping\/","name":"Exp\u00e9dition - Location de v\u00e9los de route au Japon","isPartOf":{"@id":"https:\/\/roadbikerentaljapan.com\/#website"},"datePublished":"2024-12-03T11:38:51+00:00","dateModified":"2025-09-08T05:01:34+00:00","breadcrumb":{"@id":"https:\/\/roadbikerentaljapan.com\/shipping\/#breadcrumb"},"inLanguage":"fr-FR","potentialAction":[{"@type":"ReadAction","target":["https:\/\/roadbikerentaljapan.com\/shipping\/"]}]},{"@type":"BreadcrumbList","@id":"https:\/\/roadbikerentaljapan.com\/shipping\/#breadcrumb","itemListElement":[{"@type":"ListItem","position":1,"name":"Home","item":"https:\/\/roadbikerentaljapan.com\/"},{"@type":"ListItem","position":2,"name":"Shipping"}]},{"@type":"WebSite","@id":"https:\/\/roadbikerentaljapan.com\/#website","url":"https:\/\/roadbikerentaljapan.com\/","name":"Location de v\u00e9los de route Japon","description":"Cyclisme au Japon","publisher":{"@id":"https:\/\/roadbikerentaljapan.com\/#organization"},"alternateName":"RBRJ","potentialAction":[{"@type":"SearchAction","target":{"@type":"EntryPoint","urlTemplate":"https:\/\/roadbikerentaljapan.com\/?s={search_term_string}"},"query-input":{"@type":"PropertyValueSpecification","valueRequired":true,"valueName":"search_term_string"}}],"inLanguage":"fr-FR"},{"@type":"Organization","@id":"https:\/\/roadbikerentaljapan.com\/#organization","name":"Road Bike Rental Japan LLC","alternateName":"Road Bike Rental Japan LLC","url":"https:\/\/roadbikerentaljapan.com\/","logo":{"@type":"ImageObject","inLanguage":"fr-FR","@id":"https:\/\/roadbikerentaljapan.com\/#\/schema\/logo\/image\/","url":"https:\/\/roadbikerentaljapan.com\/wp-content\/uploads\/2024\/08\/cropped-HiRez-Web-Banner-2024-300-x-100-px.png","contentUrl":"https:\/\/roadbikerentaljapan.com\/wp-content\/uploads\/2024\/08\/cropped-HiRez-Web-Banner-2024-300-x-100-px.png","width":300,"height":100,"caption":"Road Bike Rental Japan LLC"},"image":{"@id":"https:\/\/roadbikerentaljapan.com\/#\/schema\/logo\/image\/"},"sameAs":["https:\/\/www.facebook.com\/roadbikerentalJPN","https:\/\/x.com\/cyclinginjpn","https:\/\/www.youtube.com\/@cyclinginjpn"],"email":"info@roadbikerentaljapan.com","telephone":"+815017228801","legalName":"\u5408\u540c\u4f1a\u793e\u30ed\u30fc\u30c9\u30d0\u30a4\u30af\u30ec\u30f3\u30bf\u30eb\u30b8\u30e3\u30d1\u30f3","foundingDate":"2022-12-19","numberOfEmployees":{"@type":"QuantitativeValue","minValue":"1","maxValue":"10"}}]}},"uagb_featured_image_src":{"full":false,"thumbnail":false,"medium":false,"medium_large":false,"large":false,"1536x1536":false,"2048x2048":false,"trp-custom-language-flag":false},"uagb_author_info":{"display_name":"rbrj2024","author_link":"https:\/\/roadbikerentaljapan.com\/fr\/author\/rbrj2024\/"},"uagb_comment_info":0,"uagb_excerpt":"Shipping Policy for Online Store At Road Bike Rental Japan, we are committed to delivering your purchased online store orders [&hellip;]","_links":{"self":[{"href":"https:\/\/roadbikerentaljapan.com\/fr\/wp-json\/wp\/v2\/pages\/1980","targetHints":{"allow":["GET"]}}],"collection":[{"href":"https:\/\/roadbikerentaljapan.com\/fr\/wp-json\/wp\/v2\/pages"}],"about":[{"href":"https:\/\/roadbikerentaljapan.com\/fr\/wp-json\/wp\/v2\/types\/page"}],"author":[{"embeddable":true,"href":"https:\/\/roadbikerentaljapan.com\/fr\/wp-json\/wp\/v2\/users\/1"}],"replies":[{"embeddable":true,"href":"https:\/\/roadbikerentaljapan.com\/fr\/wp-json\/wp\/v2\/comments?post=1980"}],"version-history":[{"count":0,"href":"https:\/\/roadbikerentaljapan.com\/fr\/wp-json\/wp\/v2\/pages\/1980\/revisions"}],"wp:attachment":[{"href":"https:\/\/roadbikerentaljapan.com\/fr\/wp-json\/wp\/v2\/media?parent=1980"}],"curies":[{"name":"wp","href":"https:\/\/api.w.org\/{rel}","templated":true}]}}