{"id":2092,"date":"2024-12-18T16:56:43","date_gmt":"2024-12-18T07:56:43","guid":{"rendered":"https:\/\/roadbikerentaljapan.com\/?page_id=2092"},"modified":"2024-12-18T16:57:27","modified_gmt":"2024-12-18T07:57:27","slug":"private-customized-kansai-cycle-tour-solo-cyclist","status":"publish","type":"page","link":"https:\/\/roadbikerentaljapan.com\/fr\/tours\/osaka-area-tours\/private-customized-kansai-cycle-tour-solo-cyclist\/","title":{"rendered":"Priv\u00e9 et personnalis\u00e9 - Kansai Cycle Tour (SOLO cycliste)"},"content":{"rendered":"<div class=\"wp-block-uagb-container uagb-block-6eb04f82 alignwide uagb-is-root-container\"><div class=\"yoast-breadcrumbs\"><span><span><a href=\"https:\/\/roadbikerentaljapan.com\/fr\/\">Accueil<\/a><\/span> \" <span><a href=\"https:\/\/roadbikerentaljapan.com\/fr\/tours\/osaka-area-tours\/\">Circuits cyclistes \u00e0 Osaka<\/a><\/span> \" <span class=\"breadcrumb_last\" aria-current=\"page\"><strong>Priv\u00e9 et personnalis\u00e9 - Kansai Cycle Tour (SOLO cycliste)<\/strong><\/span><\/span><\/div>\n\n\n<script defer=\"\" type=\"text\/javascript\" src=\"https:\/\/roadbikerentaljapan.rezdy.com\/pluginJs\"><\/script>\n                <iframe loading=\"lazy\" seamless=\"\" width=\"100%\" height=\"1000px\" frameborder=\"0\" class=\"rezdy\" src=\"https:\/\/roadbikerentaljapan.rezdy.com\/566446\/private-customized-kansai-cycle-tour-solo-cyclist?iframe=true\"><\/iframe>\n<\/div>","protected":false},"excerpt":{"rendered":"","protected":false},"author":1,"featured_media":1578,"parent":1460,"menu_order":4,"comment_status":"closed","ping_status":"closed","template":"","meta":{"content-type":"","_uag_custom_page_level_css":"","site-sidebar-layout":"default","site-content-layout":"","ast-site-content-layout":"","site-content-style":"default","site-sidebar-style":"default","ast-global-header-display":"","ast-banner-title-visibility":"","ast-main-header-display":"","ast-hfb-above-header-display":"","ast-hfb-below-header-display":"","ast-hfb-mobile-header-display":"","site-post-title":"","ast-breadcrumbs-content":"","ast-featured-img":"disabled","footer-sml-layout":"","ast-disable-related-posts":"","theme-transparent-header-meta":"","adv-header-id-meta":"","stick-header-meta":"","header-above-stick-meta":"","header-main-stick-meta":"","header-below-stick-meta":"","astra-migrate-meta-layouts":"default","ast-page-background-enabled":"default","ast-page-background-meta":{"desktop":{"background-color":"var(--ast-global-color-4)","background-image":"","background-repeat":"repeat","background-position":"center center","background-size":"auto","background-attachment":"scroll","background-type":"","background-media":"","overlay-type":"","overlay-color":"","overlay-opacity":"","overlay-gradient":""},"tablet":{"background-color":"","background-image":"","background-repeat":"repeat","background-position":"center center","background-size":"auto","background-attachment":"scroll","background-type":"","background-media":"","overlay-type":"","overlay-color":"","overlay-opacity":"","overlay-gradient":""},"mobile":{"background-color":"","background-image":"","background-repeat":"repeat","background-position":"center center","background-size":"auto","background-attachment":"scroll","background-type":"","background-media":"","overlay-type":"","overlay-color":"","overlay-opacity":"","overlay-gradient":""}},"ast-content-background-meta":{"desktop":{"background-color":"var(--ast-global-color-5)","background-image":"","background-repeat":"repeat","background-position":"center center","background-size":"auto","background-attachment":"scroll","background-type":"","background-media":"","overlay-type":"","overlay-color":"","overlay-opacity":"","overlay-gradient":""},"tablet":{"background-color":"var(--ast-global-color-5)","background-image":"","background-repeat":"repeat","background-position":"center center","background-size":"auto","background-attachment":"scroll","background-type":"","background-media":"","overlay-type":"","overlay-color":"","overlay-opacity":"","overlay-gradient":""},"mobile":{"background-color":"var(--ast-global-color-5)","background-image":"","background-repeat":"repeat","background-position":"center center","background-size":"auto","background-attachment":"scroll","background-type":"","background-media":"","overlay-type":"","overlay-color":"","overlay-opacity":"","overlay-gradient":""}},"footnotes":""},"class_list":["post-2092","page","type-page","status-publish","has-post-thumbnail","hentry"],"yoast_head":"<!-- This site is optimized with the Yoast SEO Premium plugin v27.2 (Yoast SEO v27.2) - https:\/\/yoast.com\/product\/yoast-seo-premium-wordpress\/ -->\n<title>Private &amp; Customized - Kansai Cycle Tour (SOLO cyclist) - Road Bike Rental Japan<\/title>\n<meta name=\"description\" content=\"Customized and private solo cycle tours for 70km+ loops from RBRJ to some of the more scenic locations in Kansai and back.\" \/>\n<meta name=\"robots\" content=\"index, follow, max-snippet:-1, max-image-preview:large, max-video-preview:-1\" \/>\n<link rel=\"canonical\" href=\"https:\/\/roadbikerentaljapan.com\/fr\/tours\/osaka-area-tours\/private-customized-kansai-cycle-tour-solo-cyclist\/\" \/>\n<meta property=\"og:locale\" content=\"fr_FR\" \/>\n<meta property=\"og:type\" content=\"article\" \/>\n<meta property=\"og:title\" content=\"Private &amp; Customized - Kansai Cycle Tour (SOLO cyclist)\" \/>\n<meta property=\"og:description\" content=\"Customized and private solo cycle tours for 70km+ loops from RBRJ to some of the more scenic locations in Kansai and back.\" \/>\n<meta property=\"og:url\" content=\"https:\/\/roadbikerentaljapan.com\/fr\/tours\/osaka-area-tours\/private-customized-kansai-cycle-tour-solo-cyclist\/\" \/>\n<meta property=\"og:site_name\" content=\"Road Bike Rental Japan\" \/>\n<meta property=\"article:publisher\" content=\"https:\/\/www.facebook.com\/roadbikerentalJPN\" \/>\n<meta property=\"article:modified_time\" content=\"2024-12-18T07:57:27+00:00\" \/>\n<meta property=\"og:image\" content=\"https:\/\/roadbikerentaljapan.com\/wp-content\/uploads\/2019\/04\/Minoh_blog_header_1800x800_1af354f3-7f67-4ba3-96e2-b214e3e70222.webp\" \/>\n\t<meta property=\"og:image:width\" content=\"1800\" \/>\n\t<meta property=\"og:image:height\" content=\"800\" \/>\n\t<meta property=\"og:image:type\" content=\"image\/webp\" \/>\n<meta name=\"twitter:card\" content=\"summary_large_image\" \/>\n<meta name=\"twitter:site\" content=\"@cyclinginjpn\" \/>\n<meta name=\"twitter:label1\" content=\"Dur\u00e9e de lecture estim\u00e9e\" \/>\n\t<meta name=\"twitter:data1\" content=\"1 minute\" \/>\n<script type=\"application\/ld+json\" class=\"yoast-schema-graph\">{\"@context\":\"https:\/\/schema.org\",\"@graph\":[{\"@type\":\"WebPage\",\"@id\":\"https:\/\/roadbikerentaljapan.com\/tours\/osaka-area-tours\/private-customized-kansai-cycle-tour-solo-cyclist\/\",\"url\":\"https:\/\/roadbikerentaljapan.com\/tours\/osaka-area-tours\/private-customized-kansai-cycle-tour-solo-cyclist\/\",\"name\":\"Private &amp; Customized - Kansai Cycle Tour (SOLO cyclist) - Road Bike Rental Japan\",\"isPartOf\":{\"@id\":\"https:\/\/roadbikerentaljapan.com\/#website\"},\"primaryImageOfPage\":{\"@id\":\"https:\/\/roadbikerentaljapan.com\/tours\/osaka-area-tours\/private-customized-kansai-cycle-tour-solo-cyclist\/#primaryimage\"},\"image\":{\"@id\":\"https:\/\/roadbikerentaljapan.com\/tours\/osaka-area-tours\/private-customized-kansai-cycle-tour-solo-cyclist\/#primaryimage\"},\"thumbnailUrl\":\"https:\/\/roadbikerentaljapan.com\/wp-content\/uploads\/2019\/04\/Minoh_blog_header_1800x800_1af354f3-7f67-4ba3-96e2-b214e3e70222.webp\",\"datePublished\":\"2024-12-18T07:56:43+00:00\",\"dateModified\":\"2024-12-18T07:57:27+00:00\",\"description\":\"Customized and private solo cycle tours for 70km+ loops from RBRJ to some of the more scenic locations in Kansai and back.\",\"breadcrumb\":{\"@id\":\"https:\/\/roadbikerentaljapan.com\/tours\/osaka-area-tours\/private-customized-kansai-cycle-tour-solo-cyclist\/#breadcrumb\"},\"inLanguage\":\"fr-FR\",\"potentialAction\":[{\"@type\":\"ReadAction\",\"target\":[\"https:\/\/roadbikerentaljapan.com\/tours\/osaka-area-tours\/private-customized-kansai-cycle-tour-solo-cyclist\/\"]}]},{\"@type\":\"ImageObject\",\"inLanguage\":\"fr-FR\",\"@id\":\"https:\/\/roadbikerentaljapan.com\/tours\/osaka-area-tours\/private-customized-kansai-cycle-tour-solo-cyclist\/#primaryimage\",\"url\":\"https:\/\/roadbikerentaljapan.com\/wp-content\/uploads\/2019\/04\/Minoh_blog_header_1800x800_1af354f3-7f67-4ba3-96e2-b214e3e70222.webp\",\"contentUrl\":\"https:\/\/roadbikerentaljapan.com\/wp-content\/uploads\/2019\/04\/Minoh_blog_header_1800x800_1af354f3-7f67-4ba3-96e2-b214e3e70222.webp\",\"width\":1800,\"height\":800,\"caption\":\"Katsuoji is a great spot on the Minoh Falls hills ride\"},{\"@type\":\"BreadcrumbList\",\"@id\":\"https:\/\/roadbikerentaljapan.com\/tours\/osaka-area-tours\/private-customized-kansai-cycle-tour-solo-cyclist\/#breadcrumb\",\"itemListElement\":[{\"@type\":\"ListItem\",\"position\":1,\"name\":\"Home\",\"item\":\"https:\/\/roadbikerentaljapan.com\/\"},{\"@type\":\"ListItem\",\"position\":2,\"name\":\"Osaka Cycling Tours\",\"item\":\"https:\/\/roadbikerentaljapan.com\/tours\/osaka-area-tours\/\"},{\"@type\":\"ListItem\",\"position\":3,\"name\":\"Private &amp; Customized &#8211; Kansai Cycle Tour (SOLO cyclist)\"}]},{\"@type\":\"WebSite\",\"@id\":\"https:\/\/roadbikerentaljapan.com\/#website\",\"url\":\"https:\/\/roadbikerentaljapan.com\/\",\"name\":\"Road Bike Rental Japan\",\"description\":\"Cycling in Japan\",\"publisher\":{\"@id\":\"https:\/\/roadbikerentaljapan.com\/#organization\"},\"alternateName\":\"RBRJ\",\"potentialAction\":[{\"@type\":\"SearchAction\",\"target\":{\"@type\":\"EntryPoint\",\"urlTemplate\":\"https:\/\/roadbikerentaljapan.com\/?s={search_term_string}\"},\"query-input\":{\"@type\":\"PropertyValueSpecification\",\"valueRequired\":true,\"valueName\":\"search_term_string\"}}],\"inLanguage\":\"fr-FR\"},{\"@type\":\"Organization\",\"@id\":\"https:\/\/roadbikerentaljapan.com\/#organization\",\"name\":\"Road Bike Rental Japan LLC\",\"alternateName\":\"Road Bike Rental Japan LLC\",\"url\":\"https:\/\/roadbikerentaljapan.com\/\",\"logo\":{\"@type\":\"ImageObject\",\"inLanguage\":\"fr-FR\",\"@id\":\"https:\/\/roadbikerentaljapan.com\/#\/schema\/logo\/image\/\",\"url\":\"https:\/\/roadbikerentaljapan.com\/wp-content\/uploads\/2024\/08\/cropped-HiRez-Web-Banner-2024-300-x-100-px.png\",\"contentUrl\":\"https:\/\/roadbikerentaljapan.com\/wp-content\/uploads\/2024\/08\/cropped-HiRez-Web-Banner-2024-300-x-100-px.png\",\"width\":300,\"height\":100,\"caption\":\"Road Bike Rental Japan LLC\"},\"image\":{\"@id\":\"https:\/\/roadbikerentaljapan.com\/#\/schema\/logo\/image\/\"},\"sameAs\":[\"https:\/\/www.facebook.com\/roadbikerentalJPN\",\"https:\/\/x.com\/cyclinginjpn\",\"https:\/\/www.youtube.com\/@cyclinginjpn\"],\"email\":\"info@roadbikerentaljapan.com\",\"telephone\":\"+815017228801\",\"legalName\":\"\u5408\u540c\u4f1a\u793e\u30ed\u30fc\u30c9\u30d0\u30a4\u30af\u30ec\u30f3\u30bf\u30eb\u30b8\u30e3\u30d1\u30f3\",\"foundingDate\":\"2022-12-19\",\"numberOfEmployees\":{\"@type\":\"QuantitativeValue\",\"minValue\":\"1\",\"maxValue\":\"10\"}}]}<\/script>\n<!-- \/ Yoast SEO Premium plugin. -->","yoast_head_json":{"title":"Priv\u00e9 et personnalis\u00e9 - Kansai Cycle Tour (SOLO cycliste) - Location de v\u00e9lo de route Japon","description":"Excursions personnalis\u00e9es et priv\u00e9es en solo pour des boucles de plus de 70 km de RBRJ \u00e0 certains des endroits les plus pittoresques du Kansai et retour.","robots":{"index":"index","follow":"follow","max-snippet":"max-snippet:-1","max-image-preview":"max-image-preview:large","max-video-preview":"max-video-preview:-1"},"canonical":"https:\/\/roadbikerentaljapan.com\/fr\/tours\/osaka-area-tours\/private-customized-kansai-cycle-tour-solo-cyclist\/","og_locale":"fr_FR","og_type":"article","og_title":"Private &amp; Customized - Kansai Cycle Tour (SOLO cyclist)","og_description":"Customized and private solo cycle tours for 70km+ loops from RBRJ to some of the more scenic locations in Kansai and back.","og_url":"https:\/\/roadbikerentaljapan.com\/fr\/tours\/osaka-area-tours\/private-customized-kansai-cycle-tour-solo-cyclist\/","og_site_name":"Road Bike Rental Japan","article_publisher":"https:\/\/www.facebook.com\/roadbikerentalJPN","article_modified_time":"2024-12-18T07:57:27+00:00","og_image":[{"width":1800,"height":800,"url":"https:\/\/roadbikerentaljapan.com\/wp-content\/uploads\/2019\/04\/Minoh_blog_header_1800x800_1af354f3-7f67-4ba3-96e2-b214e3e70222.webp","type":"image\/webp"}],"twitter_card":"summary_large_image","twitter_site":"@cyclinginjpn","twitter_misc":{"Dur\u00e9e de lecture estim\u00e9e":"1 minute"},"schema":{"@context":"https:\/\/schema.org","@graph":[{"@type":"WebPage","@id":"https:\/\/roadbikerentaljapan.com\/tours\/osaka-area-tours\/private-customized-kansai-cycle-tour-solo-cyclist\/","url":"https:\/\/roadbikerentaljapan.com\/tours\/osaka-area-tours\/private-customized-kansai-cycle-tour-solo-cyclist\/","name":"Priv\u00e9 et personnalis\u00e9 - Kansai Cycle Tour (SOLO cycliste) - Location de v\u00e9lo de route Japon","isPartOf":{"@id":"https:\/\/roadbikerentaljapan.com\/#website"},"primaryImageOfPage":{"@id":"https:\/\/roadbikerentaljapan.com\/tours\/osaka-area-tours\/private-customized-kansai-cycle-tour-solo-cyclist\/#primaryimage"},"image":{"@id":"https:\/\/roadbikerentaljapan.com\/tours\/osaka-area-tours\/private-customized-kansai-cycle-tour-solo-cyclist\/#primaryimage"},"thumbnailUrl":"https:\/\/roadbikerentaljapan.com\/wp-content\/uploads\/2019\/04\/Minoh_blog_header_1800x800_1af354f3-7f67-4ba3-96e2-b214e3e70222.webp","datePublished":"2024-12-18T07:56:43+00:00","dateModified":"2024-12-18T07:57:27+00:00","description":"Excursions personnalis\u00e9es et priv\u00e9es en solo pour des boucles de plus de 70 km de RBRJ \u00e0 certains des endroits les plus pittoresques du Kansai et retour.","breadcrumb":{"@id":"https:\/\/roadbikerentaljapan.com\/tours\/osaka-area-tours\/private-customized-kansai-cycle-tour-solo-cyclist\/#breadcrumb"},"inLanguage":"fr-FR","potentialAction":[{"@type":"ReadAction","target":["https:\/\/roadbikerentaljapan.com\/tours\/osaka-area-tours\/private-customized-kansai-cycle-tour-solo-cyclist\/"]}]},{"@type":"ImageObject","inLanguage":"fr-FR","@id":"https:\/\/roadbikerentaljapan.com\/tours\/osaka-area-tours\/private-customized-kansai-cycle-tour-solo-cyclist\/#primaryimage","url":"https:\/\/roadbikerentaljapan.com\/wp-content\/uploads\/2019\/04\/Minoh_blog_header_1800x800_1af354f3-7f67-4ba3-96e2-b214e3e70222.webp","contentUrl":"https:\/\/roadbikerentaljapan.com\/wp-content\/uploads\/2019\/04\/Minoh_blog_header_1800x800_1af354f3-7f67-4ba3-96e2-b214e3e70222.webp","width":1800,"height":800,"caption":"Katsuoji is a great spot on the Minoh Falls hills ride"},{"@type":"BreadcrumbList","@id":"https:\/\/roadbikerentaljapan.com\/tours\/osaka-area-tours\/private-customized-kansai-cycle-tour-solo-cyclist\/#breadcrumb","itemListElement":[{"@type":"ListItem","position":1,"name":"Home","item":"https:\/\/roadbikerentaljapan.com\/"},{"@type":"ListItem","position":2,"name":"Osaka Cycling Tours","item":"https:\/\/roadbikerentaljapan.com\/tours\/osaka-area-tours\/"},{"@type":"ListItem","position":3,"name":"Private &amp; Customized &#8211; Kansai Cycle Tour (SOLO cyclist)"}]},{"@type":"WebSite","@id":"https:\/\/roadbikerentaljapan.com\/#website","url":"https:\/\/roadbikerentaljapan.com\/","name":"Location de v\u00e9los de route Japon","description":"Cyclisme au Japon","publisher":{"@id":"https:\/\/roadbikerentaljapan.com\/#organization"},"alternateName":"RBRJ","potentialAction":[{"@type":"SearchAction","target":{"@type":"EntryPoint","urlTemplate":"https:\/\/roadbikerentaljapan.com\/?s={search_term_string}"},"query-input":{"@type":"PropertyValueSpecification","valueRequired":true,"valueName":"search_term_string"}}],"inLanguage":"fr-FR"},{"@type":"Organization","@id":"https:\/\/roadbikerentaljapan.com\/#organization","name":"Road Bike Rental Japan LLC","alternateName":"Road Bike Rental Japan LLC","url":"https:\/\/roadbikerentaljapan.com\/","logo":{"@type":"ImageObject","inLanguage":"fr-FR","@id":"https:\/\/roadbikerentaljapan.com\/#\/schema\/logo\/image\/","url":"https:\/\/roadbikerentaljapan.com\/wp-content\/uploads\/2024\/08\/cropped-HiRez-Web-Banner-2024-300-x-100-px.png","contentUrl":"https:\/\/roadbikerentaljapan.com\/wp-content\/uploads\/2024\/08\/cropped-HiRez-Web-Banner-2024-300-x-100-px.png","width":300,"height":100,"caption":"Road Bike Rental Japan LLC"},"image":{"@id":"https:\/\/roadbikerentaljapan.com\/#\/schema\/logo\/image\/"},"sameAs":["https:\/\/www.facebook.com\/roadbikerentalJPN","https:\/\/x.com\/cyclinginjpn","https:\/\/www.youtube.com\/@cyclinginjpn"],"email":"info@roadbikerentaljapan.com","telephone":"+815017228801","legalName":"\u5408\u540c\u4f1a\u793e\u30ed\u30fc\u30c9\u30d0\u30a4\u30af\u30ec\u30f3\u30bf\u30eb\u30b8\u30e3\u30d1\u30f3","foundingDate":"2022-12-19","numberOfEmployees":{"@type":"QuantitativeValue","minValue":"1","maxValue":"10"}}]}},"uagb_featured_image_src":{"full":["https:\/\/roadbikerentaljapan.com\/wp-content\/uploads\/2019\/04\/Minoh_blog_header_1800x800_1af354f3-7f67-4ba3-96e2-b214e3e70222.webp",1800,800,false],"thumbnail":["https:\/\/roadbikerentaljapan.com\/wp-content\/uploads\/2019\/04\/Minoh_blog_header_1800x800_1af354f3-7f67-4ba3-96e2-b214e3e70222-150x150.webp",150,150,true],"medium":["https:\/\/roadbikerentaljapan.com\/wp-content\/uploads\/2019\/04\/Minoh_blog_header_1800x800_1af354f3-7f67-4ba3-96e2-b214e3e70222-300x133.webp",300,133,true],"medium_large":["https:\/\/roadbikerentaljapan.com\/wp-content\/uploads\/2019\/04\/Minoh_blog_header_1800x800_1af354f3-7f67-4ba3-96e2-b214e3e70222-768x341.webp",768,341,true],"large":["https:\/\/roadbikerentaljapan.com\/wp-content\/uploads\/2019\/04\/Minoh_blog_header_1800x800_1af354f3-7f67-4ba3-96e2-b214e3e70222-1024x455.webp",1024,455,true],"1536x1536":["https:\/\/roadbikerentaljapan.com\/wp-content\/uploads\/2019\/04\/Minoh_blog_header_1800x800_1af354f3-7f67-4ba3-96e2-b214e3e70222-1536x683.webp",1536,683,true],"2048x2048":["https:\/\/roadbikerentaljapan.com\/wp-content\/uploads\/2019\/04\/Minoh_blog_header_1800x800_1af354f3-7f67-4ba3-96e2-b214e3e70222.webp",1800,800,false],"trp-custom-language-flag":["https:\/\/roadbikerentaljapan.com\/wp-content\/uploads\/2019\/04\/Minoh_blog_header_1800x800_1af354f3-7f67-4ba3-96e2-b214e3e70222-18x8.webp",18,8,true]},"uagb_author_info":{"display_name":"rbrj2024","author_link":"https:\/\/roadbikerentaljapan.com\/fr\/author\/rbrj2024\/"},"uagb_comment_info":0,"uagb_excerpt":null,"_links":{"self":[{"href":"https:\/\/roadbikerentaljapan.com\/fr\/wp-json\/wp\/v2\/pages\/2092","targetHints":{"allow":["GET"]}}],"collection":[{"href":"https:\/\/roadbikerentaljapan.com\/fr\/wp-json\/wp\/v2\/pages"}],"about":[{"href":"https:\/\/roadbikerentaljapan.com\/fr\/wp-json\/wp\/v2\/types\/page"}],"author":[{"embeddable":true,"href":"https:\/\/roadbikerentaljapan.com\/fr\/wp-json\/wp\/v2\/users\/1"}],"replies":[{"embeddable":true,"href":"https:\/\/roadbikerentaljapan.com\/fr\/wp-json\/wp\/v2\/comments?post=2092"}],"version-history":[{"count":0,"href":"https:\/\/roadbikerentaljapan.com\/fr\/wp-json\/wp\/v2\/pages\/2092\/revisions"}],"up":[{"embeddable":true,"href":"https:\/\/roadbikerentaljapan.com\/fr\/wp-json\/wp\/v2\/pages\/1460"}],"wp:featuredmedia":[{"embeddable":true,"href":"https:\/\/roadbikerentaljapan.com\/fr\/wp-json\/wp\/v2\/media\/1578"}],"wp:attachment":[{"href":"https:\/\/roadbikerentaljapan.com\/fr\/wp-json\/wp\/v2\/media?parent=2092"}],"curies":[{"name":"wp","href":"https:\/\/api.w.org\/{rel}","templated":true}]}}