{"id":2094,"date":"2024-12-19T13:14:11","date_gmt":"2024-12-19T04:14:11","guid":{"rendered":"https:\/\/roadbikerentaljapan.com\/?page_id=2094"},"modified":"2025-07-31T14:13:32","modified_gmt":"2025-07-31T05:13:32","slug":"kyoto-cycling-tour-discover-the-stunning-northern-hills","status":"publish","type":"page","link":"https:\/\/roadbikerentaljapan.com\/fr\/tours\/kyoto-area-tours\/kyoto-cycling-tour-discover-the-stunning-northern-hills\/","title":{"rendered":"Kyoto Cycling Tour - D\u00e9couvrez les superbes collines du nord"},"content":{"rendered":"<div class=\"wp-block-uagb-container uagb-block-a512d865 alignwide uagb-is-root-container\"><div class=\"yoast-breadcrumbs\"><span><span><a href=\"https:\/\/roadbikerentaljapan.com\/fr\/\">Accueil<\/a><\/span> \" <span><a href=\"https:\/\/roadbikerentaljapan.com\/fr\/tours\/\">Les visites guid\u00e9es<\/a><\/span> \" <span><a href=\"https:\/\/roadbikerentaljapan.com\/fr\/tours\/kyoto-area-tours\/\">Circuits cyclistes \u00e0 Kyoto<\/a><\/span> \" <span class=\"breadcrumb_last\" aria-current=\"page\"><strong>Kyoto Cycling Tour - D\u00e9couvrez les superbes collines du nord<\/strong><\/span><\/span><\/div>\n\n\n<script type=\"text\/javascript\" src=\"https:\/\/widgets.bokun.io\/assets\/javascripts\/apps\/build\/BokunWidgetsLoader.js?bookingChannelUUID=fbbfae9c-c197-4114-842e-b0f251c6fa43\" async><\/script>\n     \n    <div class=\"bokunWidget\" data-src=\"https:\/\/widgets.bokun.io\/online-sales\/fbbfae9c-c197-4114-842e-b0f251c6fa43\/experience\/334763\"><\/div>\n    <noscript>Veuillez activer le javascript dans votre navigateur pour r\u00e9server<\/noscript>\n\n<\/div>","protected":false},"excerpt":{"rendered":"<p>Veuillez activer le javascript dans votre navigateur pour r\u00e9server<\/p>","protected":false},"author":1,"featured_media":1592,"parent":1462,"menu_order":1,"comment_status":"closed","ping_status":"closed","template":"","meta":{"content-type":"","_uag_custom_page_level_css":"","site-sidebar-layout":"default","site-content-layout":"","ast-site-content-layout":"","site-content-style":"default","site-sidebar-style":"default","ast-global-header-display":"","ast-banner-title-visibility":"","ast-main-header-display":"","ast-hfb-above-header-display":"","ast-hfb-below-header-display":"","ast-hfb-mobile-header-display":"","site-post-title":"","ast-breadcrumbs-content":"","ast-featured-img":"disabled","footer-sml-layout":"","ast-disable-related-posts":"","theme-transparent-header-meta":"","adv-header-id-meta":"","stick-header-meta":"","header-above-stick-meta":"","header-main-stick-meta":"","header-below-stick-meta":"","astra-migrate-meta-layouts":"default","ast-page-background-enabled":"default","ast-page-background-meta":{"desktop":{"background-color":"var(--ast-global-color-4)","background-image":"","background-repeat":"repeat","background-position":"center center","background-size":"auto","background-attachment":"scroll","background-type":"","background-media":"","overlay-type":"","overlay-color":"","overlay-opacity":"","overlay-gradient":""},"tablet":{"background-color":"","background-image":"","background-repeat":"repeat","background-position":"center center","background-size":"auto","background-attachment":"scroll","background-type":"","background-media":"","overlay-type":"","overlay-color":"","overlay-opacity":"","overlay-gradient":""},"mobile":{"background-color":"","background-image":"","background-repeat":"repeat","background-position":"center center","background-size":"auto","background-attachment":"scroll","background-type":"","background-media":"","overlay-type":"","overlay-color":"","overlay-opacity":"","overlay-gradient":""}},"ast-content-background-meta":{"desktop":{"background-color":"var(--ast-global-color-5)","background-image":"","background-repeat":"repeat","background-position":"center center","background-size":"auto","background-attachment":"scroll","background-type":"","background-media":"","overlay-type":"","overlay-color":"","overlay-opacity":"","overlay-gradient":""},"tablet":{"background-color":"var(--ast-global-color-5)","background-image":"","background-repeat":"repeat","background-position":"center center","background-size":"auto","background-attachment":"scroll","background-type":"","background-media":"","overlay-type":"","overlay-color":"","overlay-opacity":"","overlay-gradient":""},"mobile":{"background-color":"var(--ast-global-color-5)","background-image":"","background-repeat":"repeat","background-position":"center center","background-size":"auto","background-attachment":"scroll","background-type":"","background-media":"","overlay-type":"","overlay-color":"","overlay-opacity":"","overlay-gradient":""}},"footnotes":""},"class_list":["post-2094","page","type-page","status-publish","has-post-thumbnail","hentry"],"yoast_head":"<!-- This site is optimized with the Yoast SEO Premium plugin v27.4 (Yoast SEO v27.4) - https:\/\/yoast.com\/product\/yoast-seo-premium-wordpress\/ -->\n<title>Custom Kyoto Cycling Tour - Discover the Stunning Northern Hills - Road Bike Rental Japan<\/title>\n<meta name=\"description\" content=\"Explore more of Kyoto by on a bicycle. Road Bike Rental Japan will guide you on a custom Kyoto cycling tour of your dreams.\" \/>\n<meta name=\"robots\" content=\"index, follow, max-snippet:-1, max-image-preview:large, max-video-preview:-1\" \/>\n<link rel=\"canonical\" href=\"https:\/\/roadbikerentaljapan.com\/fr\/tours\/kyoto-area-tours\/kyoto-cycling-tour-discover-the-stunning-northern-hills\/\" \/>\n<meta property=\"og:locale\" content=\"fr_FR\" \/>\n<meta property=\"og:type\" content=\"article\" \/>\n<meta property=\"og:title\" content=\"Kyoto Cycling Tour - Discover the Stunning Northern Hills\" \/>\n<meta property=\"og:description\" content=\"Explore more of Kyoto by on a bicycle. Road Bike Rental Japan will guide you on a custom Kyoto cycling tour of your dreams.\" \/>\n<meta property=\"og:url\" content=\"https:\/\/roadbikerentaljapan.com\/fr\/tours\/kyoto-area-tours\/kyoto-cycling-tour-discover-the-stunning-northern-hills\/\" \/>\n<meta property=\"og:site_name\" content=\"Road Bike Rental Japan\" \/>\n<meta property=\"article:publisher\" content=\"https:\/\/www.facebook.com\/roadbikerentalJPN\" \/>\n<meta property=\"article:modified_time\" content=\"2025-07-31T05:13:32+00:00\" \/>\n<meta property=\"og:image\" content=\"https:\/\/roadbikerentaljapan.com\/wp-content\/uploads\/2024\/07\/kyoto-northern-mountains-beautiful.webp\" \/>\n\t<meta property=\"og:image:width\" content=\"1800\" \/>\n\t<meta property=\"og:image:height\" content=\"1012\" \/>\n\t<meta property=\"og:image:type\" content=\"image\/webp\" \/>\n<meta name=\"twitter:card\" content=\"summary_large_image\" \/>\n<meta name=\"twitter:site\" content=\"@cyclinginjpn\" \/>\n<meta name=\"twitter:label1\" content=\"Dur\u00e9e de lecture estim\u00e9e\" \/>\n\t<meta name=\"twitter:data1\" content=\"1 minute\" \/>\n<script type=\"application\/ld+json\" class=\"yoast-schema-graph\">{\"@context\":\"https:\\\/\\\/schema.org\",\"@graph\":[{\"@type\":\"WebPage\",\"@id\":\"https:\\\/\\\/roadbikerentaljapan.com\\\/tours\\\/kyoto-area-tours\\\/kyoto-cycling-tour-discover-the-stunning-northern-hills\\\/\",\"url\":\"https:\\\/\\\/roadbikerentaljapan.com\\\/tours\\\/kyoto-area-tours\\\/kyoto-cycling-tour-discover-the-stunning-northern-hills\\\/\",\"name\":\"Custom Kyoto Cycling Tour - Discover the Stunning Northern Hills - Road Bike Rental Japan\",\"isPartOf\":{\"@id\":\"https:\\\/\\\/roadbikerentaljapan.com\\\/#website\"},\"primaryImageOfPage\":{\"@id\":\"https:\\\/\\\/roadbikerentaljapan.com\\\/tours\\\/kyoto-area-tours\\\/kyoto-cycling-tour-discover-the-stunning-northern-hills\\\/#primaryimage\"},\"image\":{\"@id\":\"https:\\\/\\\/roadbikerentaljapan.com\\\/tours\\\/kyoto-area-tours\\\/kyoto-cycling-tour-discover-the-stunning-northern-hills\\\/#primaryimage\"},\"thumbnailUrl\":\"https:\\\/\\\/roadbikerentaljapan.com\\\/wp-content\\\/uploads\\\/2024\\\/07\\\/kyoto-northern-mountains-beautiful.webp\",\"datePublished\":\"2024-12-19T04:14:11+00:00\",\"dateModified\":\"2025-07-31T05:13:32+00:00\",\"description\":\"Explore more of Kyoto by on a bicycle. Road Bike Rental Japan will guide you on a custom Kyoto cycling tour of your dreams.\",\"breadcrumb\":{\"@id\":\"https:\\\/\\\/roadbikerentaljapan.com\\\/tours\\\/kyoto-area-tours\\\/kyoto-cycling-tour-discover-the-stunning-northern-hills\\\/#breadcrumb\"},\"inLanguage\":\"fr-FR\",\"potentialAction\":[{\"@type\":\"ReadAction\",\"target\":[\"https:\\\/\\\/roadbikerentaljapan.com\\\/tours\\\/kyoto-area-tours\\\/kyoto-cycling-tour-discover-the-stunning-northern-hills\\\/\"]}]},{\"@type\":\"ImageObject\",\"inLanguage\":\"fr-FR\",\"@id\":\"https:\\\/\\\/roadbikerentaljapan.com\\\/tours\\\/kyoto-area-tours\\\/kyoto-cycling-tour-discover-the-stunning-northern-hills\\\/#primaryimage\",\"url\":\"https:\\\/\\\/roadbikerentaljapan.com\\\/wp-content\\\/uploads\\\/2024\\\/07\\\/kyoto-northern-mountains-beautiful.webp\",\"contentUrl\":\"https:\\\/\\\/roadbikerentaljapan.com\\\/wp-content\\\/uploads\\\/2024\\\/07\\\/kyoto-northern-mountains-beautiful.webp\",\"width\":1800,\"height\":1012,\"caption\":\"Enjoy the scenery of Japan by bicycle with Road Bike Rental Japan\"},{\"@type\":\"BreadcrumbList\",\"@id\":\"https:\\\/\\\/roadbikerentaljapan.com\\\/tours\\\/kyoto-area-tours\\\/kyoto-cycling-tour-discover-the-stunning-northern-hills\\\/#breadcrumb\",\"itemListElement\":[{\"@type\":\"ListItem\",\"position\":1,\"name\":\"Home\",\"item\":\"https:\\\/\\\/roadbikerentaljapan.com\\\/\"},{\"@type\":\"ListItem\",\"position\":2,\"name\":\"Tours\",\"item\":\"https:\\\/\\\/roadbikerentaljapan.com\\\/tours\\\/\"},{\"@type\":\"ListItem\",\"position\":3,\"name\":\"Kyoto Cycling Tours\",\"item\":\"https:\\\/\\\/roadbikerentaljapan.com\\\/tours\\\/kyoto-area-tours\\\/\"},{\"@type\":\"ListItem\",\"position\":4,\"name\":\"Kyoto Cycling Tour &#8211; Discover the Stunning Northern Hills\"}]},{\"@type\":\"WebSite\",\"@id\":\"https:\\\/\\\/roadbikerentaljapan.com\\\/#website\",\"url\":\"https:\\\/\\\/roadbikerentaljapan.com\\\/\",\"name\":\"Road Bike Rental Japan\",\"description\":\"Cycling in Japan\",\"publisher\":{\"@id\":\"https:\\\/\\\/roadbikerentaljapan.com\\\/#organization\"},\"alternateName\":\"RBRJ\",\"potentialAction\":[{\"@type\":\"SearchAction\",\"target\":{\"@type\":\"EntryPoint\",\"urlTemplate\":\"https:\\\/\\\/roadbikerentaljapan.com\\\/?s={search_term_string}\"},\"query-input\":{\"@type\":\"PropertyValueSpecification\",\"valueRequired\":true,\"valueName\":\"search_term_string\"}}],\"inLanguage\":\"fr-FR\"},{\"@type\":\"Organization\",\"@id\":\"https:\\\/\\\/roadbikerentaljapan.com\\\/#organization\",\"name\":\"Road Bike Rental Japan LLC\",\"alternateName\":\"Road Bike Rental Japan LLC\",\"url\":\"https:\\\/\\\/roadbikerentaljapan.com\\\/\",\"logo\":{\"@type\":\"ImageObject\",\"inLanguage\":\"fr-FR\",\"@id\":\"https:\\\/\\\/roadbikerentaljapan.com\\\/#\\\/schema\\\/logo\\\/image\\\/\",\"url\":\"https:\\\/\\\/roadbikerentaljapan.com\\\/wp-content\\\/uploads\\\/2024\\\/08\\\/cropped-HiRez-Web-Banner-2024-300-x-100-px.png\",\"contentUrl\":\"https:\\\/\\\/roadbikerentaljapan.com\\\/wp-content\\\/uploads\\\/2024\\\/08\\\/cropped-HiRez-Web-Banner-2024-300-x-100-px.png\",\"width\":300,\"height\":100,\"caption\":\"Road Bike Rental Japan LLC\"},\"image\":{\"@id\":\"https:\\\/\\\/roadbikerentaljapan.com\\\/#\\\/schema\\\/logo\\\/image\\\/\"},\"sameAs\":[\"https:\\\/\\\/www.facebook.com\\\/roadbikerentalJPN\",\"https:\\\/\\\/x.com\\\/cyclinginjpn\",\"https:\\\/\\\/www.youtube.com\\\/@cyclinginjpn\"],\"email\":\"info@roadbikerentaljapan.com\",\"telephone\":\"+815017228801\",\"legalName\":\"\u5408\u540c\u4f1a\u793e\u30ed\u30fc\u30c9\u30d0\u30a4\u30af\u30ec\u30f3\u30bf\u30eb\u30b8\u30e3\u30d1\u30f3\",\"foundingDate\":\"2022-12-19\",\"numberOfEmployees\":{\"@type\":\"QuantitativeValue\",\"minValue\":\"1\",\"maxValue\":\"10\"}}]}<\/script>\n<!-- \/ Yoast SEO Premium plugin. -->","yoast_head_json":{"title":"Circuit cycliste personnalis\u00e9 \u00e0 Kyoto - D\u00e9couvrez les superbes collines du nord - Location de v\u00e9lo de route au Japon","description":"Explorez Kyoto \u00e0 v\u00e9lo. Road Bike Rental Japan vous guidera dans la visite personnalis\u00e9e de Kyoto \u00e0 v\u00e9lo dont vous r\u00eavez.","robots":{"index":"index","follow":"follow","max-snippet":"max-snippet:-1","max-image-preview":"max-image-preview:large","max-video-preview":"max-video-preview:-1"},"canonical":"https:\/\/roadbikerentaljapan.com\/fr\/tours\/kyoto-area-tours\/kyoto-cycling-tour-discover-the-stunning-northern-hills\/","og_locale":"fr_FR","og_type":"article","og_title":"Kyoto Cycling Tour - Discover the Stunning Northern Hills","og_description":"Explore more of Kyoto by on a bicycle. Road Bike Rental Japan will guide you on a custom Kyoto cycling tour of your dreams.","og_url":"https:\/\/roadbikerentaljapan.com\/fr\/tours\/kyoto-area-tours\/kyoto-cycling-tour-discover-the-stunning-northern-hills\/","og_site_name":"Road Bike Rental Japan","article_publisher":"https:\/\/www.facebook.com\/roadbikerentalJPN","article_modified_time":"2025-07-31T05:13:32+00:00","og_image":[{"width":1800,"height":1012,"url":"https:\/\/roadbikerentaljapan.com\/wp-content\/uploads\/2024\/07\/kyoto-northern-mountains-beautiful.webp","type":"image\/webp"}],"twitter_card":"summary_large_image","twitter_site":"@cyclinginjpn","twitter_misc":{"Dur\u00e9e de lecture estim\u00e9e":"1 minute"},"schema":{"@context":"https:\/\/schema.org","@graph":[{"@type":"WebPage","@id":"https:\/\/roadbikerentaljapan.com\/tours\/kyoto-area-tours\/kyoto-cycling-tour-discover-the-stunning-northern-hills\/","url":"https:\/\/roadbikerentaljapan.com\/tours\/kyoto-area-tours\/kyoto-cycling-tour-discover-the-stunning-northern-hills\/","name":"Circuit cycliste personnalis\u00e9 \u00e0 Kyoto - D\u00e9couvrez les superbes collines du nord - Location de v\u00e9lo de route au Japon","isPartOf":{"@id":"https:\/\/roadbikerentaljapan.com\/#website"},"primaryImageOfPage":{"@id":"https:\/\/roadbikerentaljapan.com\/tours\/kyoto-area-tours\/kyoto-cycling-tour-discover-the-stunning-northern-hills\/#primaryimage"},"image":{"@id":"https:\/\/roadbikerentaljapan.com\/tours\/kyoto-area-tours\/kyoto-cycling-tour-discover-the-stunning-northern-hills\/#primaryimage"},"thumbnailUrl":"https:\/\/roadbikerentaljapan.com\/wp-content\/uploads\/2024\/07\/kyoto-northern-mountains-beautiful.webp","datePublished":"2024-12-19T04:14:11+00:00","dateModified":"2025-07-31T05:13:32+00:00","description":"Explorez Kyoto \u00e0 v\u00e9lo. Road Bike Rental Japan vous guidera dans la visite personnalis\u00e9e de Kyoto \u00e0 v\u00e9lo dont vous r\u00eavez.","breadcrumb":{"@id":"https:\/\/roadbikerentaljapan.com\/tours\/kyoto-area-tours\/kyoto-cycling-tour-discover-the-stunning-northern-hills\/#breadcrumb"},"inLanguage":"fr-FR","potentialAction":[{"@type":"ReadAction","target":["https:\/\/roadbikerentaljapan.com\/tours\/kyoto-area-tours\/kyoto-cycling-tour-discover-the-stunning-northern-hills\/"]}]},{"@type":"ImageObject","inLanguage":"fr-FR","@id":"https:\/\/roadbikerentaljapan.com\/tours\/kyoto-area-tours\/kyoto-cycling-tour-discover-the-stunning-northern-hills\/#primaryimage","url":"https:\/\/roadbikerentaljapan.com\/wp-content\/uploads\/2024\/07\/kyoto-northern-mountains-beautiful.webp","contentUrl":"https:\/\/roadbikerentaljapan.com\/wp-content\/uploads\/2024\/07\/kyoto-northern-mountains-beautiful.webp","width":1800,"height":1012,"caption":"Enjoy the scenery of Japan by bicycle with Road Bike Rental Japan"},{"@type":"BreadcrumbList","@id":"https:\/\/roadbikerentaljapan.com\/tours\/kyoto-area-tours\/kyoto-cycling-tour-discover-the-stunning-northern-hills\/#breadcrumb","itemListElement":[{"@type":"ListItem","position":1,"name":"Home","item":"https:\/\/roadbikerentaljapan.com\/"},{"@type":"ListItem","position":2,"name":"Tours","item":"https:\/\/roadbikerentaljapan.com\/tours\/"},{"@type":"ListItem","position":3,"name":"Kyoto Cycling Tours","item":"https:\/\/roadbikerentaljapan.com\/tours\/kyoto-area-tours\/"},{"@type":"ListItem","position":4,"name":"Kyoto Cycling Tour &#8211; Discover the Stunning Northern Hills"}]},{"@type":"WebSite","@id":"https:\/\/roadbikerentaljapan.com\/#website","url":"https:\/\/roadbikerentaljapan.com\/","name":"Location de v\u00e9los de route Japon","description":"Cyclisme au Japon","publisher":{"@id":"https:\/\/roadbikerentaljapan.com\/#organization"},"alternateName":"RBRJ","potentialAction":[{"@type":"SearchAction","target":{"@type":"EntryPoint","urlTemplate":"https:\/\/roadbikerentaljapan.com\/?s={search_term_string}"},"query-input":{"@type":"PropertyValueSpecification","valueRequired":true,"valueName":"search_term_string"}}],"inLanguage":"fr-FR"},{"@type":"Organization","@id":"https:\/\/roadbikerentaljapan.com\/#organization","name":"Road Bike Rental Japan LLC","alternateName":"Road Bike Rental Japan LLC","url":"https:\/\/roadbikerentaljapan.com\/","logo":{"@type":"ImageObject","inLanguage":"fr-FR","@id":"https:\/\/roadbikerentaljapan.com\/#\/schema\/logo\/image\/","url":"https:\/\/roadbikerentaljapan.com\/wp-content\/uploads\/2024\/08\/cropped-HiRez-Web-Banner-2024-300-x-100-px.png","contentUrl":"https:\/\/roadbikerentaljapan.com\/wp-content\/uploads\/2024\/08\/cropped-HiRez-Web-Banner-2024-300-x-100-px.png","width":300,"height":100,"caption":"Road Bike Rental Japan LLC"},"image":{"@id":"https:\/\/roadbikerentaljapan.com\/#\/schema\/logo\/image\/"},"sameAs":["https:\/\/www.facebook.com\/roadbikerentalJPN","https:\/\/x.com\/cyclinginjpn","https:\/\/www.youtube.com\/@cyclinginjpn"],"email":"info@roadbikerentaljapan.com","telephone":"+815017228801","legalName":"\u5408\u540c\u4f1a\u793e\u30ed\u30fc\u30c9\u30d0\u30a4\u30af\u30ec\u30f3\u30bf\u30eb\u30b8\u30e3\u30d1\u30f3","foundingDate":"2022-12-19","numberOfEmployees":{"@type":"QuantitativeValue","minValue":"1","maxValue":"10"}}]}},"uagb_featured_image_src":{"full":["https:\/\/roadbikerentaljapan.com\/wp-content\/uploads\/2024\/07\/kyoto-northern-mountains-beautiful.webp",1800,1012,false],"thumbnail":["https:\/\/roadbikerentaljapan.com\/wp-content\/uploads\/2024\/07\/kyoto-northern-mountains-beautiful.webp",150,84,false],"medium":["https:\/\/roadbikerentaljapan.com\/wp-content\/uploads\/2024\/07\/kyoto-northern-mountains-beautiful.webp",300,169,false],"medium_large":["https:\/\/roadbikerentaljapan.com\/wp-content\/uploads\/2024\/07\/kyoto-northern-mountains-beautiful.webp",768,432,false],"large":["https:\/\/roadbikerentaljapan.com\/wp-content\/uploads\/2024\/07\/kyoto-northern-mountains-beautiful.webp",1024,576,false],"1536x1536":["https:\/\/roadbikerentaljapan.com\/wp-content\/uploads\/2024\/07\/kyoto-northern-mountains-beautiful.webp",1536,864,false],"2048x2048":["https:\/\/roadbikerentaljapan.com\/wp-content\/uploads\/2024\/07\/kyoto-northern-mountains-beautiful.webp",1800,1012,false],"trp-custom-language-flag":["https:\/\/roadbikerentaljapan.com\/wp-content\/uploads\/2024\/07\/kyoto-northern-mountains-beautiful.webp",18,10,false]},"uagb_author_info":{"display_name":"rbrj2024","author_link":"https:\/\/roadbikerentaljapan.com\/fr\/author\/rbrj2024\/"},"uagb_comment_info":0,"uagb_excerpt":"Please enable javascript in your browser to book","_links":{"self":[{"href":"https:\/\/roadbikerentaljapan.com\/fr\/wp-json\/wp\/v2\/pages\/2094","targetHints":{"allow":["GET"]}}],"collection":[{"href":"https:\/\/roadbikerentaljapan.com\/fr\/wp-json\/wp\/v2\/pages"}],"about":[{"href":"https:\/\/roadbikerentaljapan.com\/fr\/wp-json\/wp\/v2\/types\/page"}],"author":[{"embeddable":true,"href":"https:\/\/roadbikerentaljapan.com\/fr\/wp-json\/wp\/v2\/users\/1"}],"replies":[{"embeddable":true,"href":"https:\/\/roadbikerentaljapan.com\/fr\/wp-json\/wp\/v2\/comments?post=2094"}],"version-history":[{"count":0,"href":"https:\/\/roadbikerentaljapan.com\/fr\/wp-json\/wp\/v2\/pages\/2094\/revisions"}],"up":[{"embeddable":true,"href":"https:\/\/roadbikerentaljapan.com\/fr\/wp-json\/wp\/v2\/pages\/1462"}],"wp:featuredmedia":[{"embeddable":true,"href":"https:\/\/roadbikerentaljapan.com\/fr\/wp-json\/wp\/v2\/media\/1592"}],"wp:attachment":[{"href":"https:\/\/roadbikerentaljapan.com\/fr\/wp-json\/wp\/v2\/media?parent=2094"}],"curies":[{"name":"wp","href":"https:\/\/api.w.org\/{rel}","templated":true}]}}