{"id":2130,"date":"2025-01-23T09:30:05","date_gmt":"2025-01-23T00:30:05","guid":{"rendered":"https:\/\/roadbikerentaljapan.com\/?page_id=2130"},"modified":"2025-09-08T14:16:24","modified_gmt":"2025-09-08T05:16:24","slug":"triathlon-support-at-rbrj","status":"publish","type":"page","link":"https:\/\/roadbikerentaljapan.com\/fr\/other-services\/triathlon-support-at-rbrj\/","title":{"rendered":"Soutien au triathlon au RBRJ"},"content":{"rendered":"<p>Participer \u00e0 un triathlon requiert non seulement de l'endurance physique mais aussi un \u00e9quipement ad\u00e9quat. RBRJ propose divers services de soutien aux personnes souhaitant louer un v\u00e9lo de route pour aider les triathl\u00e8tes dans leur pr\u00e9paration au Japon.<\/p>\n\n\n\n<h4 class=\"wp-block-heading\" id=\"h-bike-rental\">Location de v\u00e9los<\/h4>\n\n\n\n<p>Pour ceux qui ne poss\u00e8dent pas de v\u00e9lo adapt\u00e9 ou qui voyagent de loin, la location d'un v\u00e9lo pour le triathlon est une solution pratique et commode. Voici quelques points cl\u00e9s sur les services de location de v\u00e9los pour le triathlon :<\/p>\n\n\n\n<h5 class=\"wp-block-heading\" id=\"h-benefits-of-bike-rental\">Avantages de la location de v\u00e9los<\/h5>\n\n\n\n<ol start=\"1\" class=\"wp-block-list\">\n<li><strong>Accessibilit\u00e9<\/strong>: Les services de location de v\u00e9los permettent d'acc\u00e9der \u00e0 des v\u00e9los de triathlon de haute qualit\u00e9 qui seraient autrement trop chers pour des comp\u00e9titeurs occasionnels.<\/li>\n\n\n\n<li><strong>Commodit\u00e9<\/strong>: La location permet d'\u00e9viter les tracas li\u00e9s au transport d'un v\u00e9lo personnel, en particulier pour les athl\u00e8tes qui voyagent par avion.<\/li>\n\n\n\n<li><strong>Personnalisation<\/strong>: Les magasins de location proposent souvent des v\u00e9los de diff\u00e9rentes tailles et configurations, ce qui permet aux athl\u00e8tes de trouver un v\u00e9lo parfaitement adapt\u00e9 \u00e0 leur corps et \u00e0 leur style de course.<\/li>\n\n\n\n<li><strong>Maintenance<\/strong>: Les v\u00e9los de location sont g\u00e9n\u00e9ralement bien entretenus et r\u00e9vis\u00e9s r\u00e9guli\u00e8rement, ce qui r\u00e9duit le risque de probl\u00e8mes m\u00e9caniques pendant la course.<\/li>\n\n\n\n<li><strong>Soutien<\/strong>: De nombreux services de location proposent un support technique et une assistance pendant l'\u00e9v\u00e9nement, ce qui permet de r\u00e9soudre rapidement tout probl\u00e8me.<\/li>\n<\/ol>\n\n\n\n<h5 class=\"wp-block-heading\" id=\"h-how-to-rent-a-bike\">Comment louer un v\u00e9lo<\/h5>\n\n\n\n<ul class=\"wp-block-list\">\n<li><strong>Recherche<\/strong>: Recherchez des magasins de v\u00e9los locaux ou des services de location sp\u00e9cifiques au triathlon dans la zone de l'\u00e9v\u00e9nement. Les recherches en ligne et les forums de triathlon peuvent fournir des recommandations.<\/li>\n\n\n\n<li><strong>R\u00e9servez t\u00f4t<\/strong>: Les triathlons sont des \u00e9v\u00e9nements tr\u00e8s populaires, il est donc judicieux de r\u00e9server un v\u00e9lo longtemps \u00e0 l'avance pour s'assurer de sa disponibilit\u00e9.<\/li>\n\n\n\n<li><strong>Fournir des mesures<\/strong>: Lors de la r\u00e9servation, indiquez votre taille et vos besoins sp\u00e9cifiques afin de vous assurer que le v\u00e9lo est bien adapt\u00e9 \u00e0 votre arriv\u00e9e.<\/li>\n\n\n\n<li><strong>Prise en charge et retour<\/strong>: Confirmez les lieux et heures de prise en charge et de retour. Certains services proposent une livraison sur le lieu de la course pour plus de commodit\u00e9.<\/li>\n\n\n\n<li><strong>Essai de conduite<\/strong>: Si possible, arrivez t\u00f4t pour tester le v\u00e9lo et faire les ajustements n\u00e9cessaires avant la course.<\/li>\n<\/ul>\n\n\n\n<p>En utilisant un service de location de v\u00e9los, les triathl\u00e8tes peuvent se concentrer sur leurs performances, sachant qu'ils disposent d'un \u00e9quipement fiable pour soutenir leurs efforts.<\/p>\n\n\n\n<p><\/p>\n\n\n\n<p><\/p>\n\n\n\n<h2 class=\"wp-block-heading\" id=\"h-triathlon-events-in-2024\"><strong>Les \u00e9preuves de triathlon en 2024<\/strong><\/h2>\n\n\n\n<p><\/p>\n\n\n\n<p><strong>1.<a href=\"https:\/\/eventdev.osaka-triathlon.com\/ja\/toppage\">Triathlon du ch\u00e2teau d'Osaka 2024<\/a><\/strong><\/p>\n\n\n\n<p>La distance entre le site du triathlon du ch\u00e2teau d'Osaka et notre succursale d'Osaka est d'environ 15 minutes \u00e0 v\u00e9lo. Le jour de l'\u00e9v\u00e9nement, de nombreux participants sont venus t\u00f4t le matin pour r\u00e9cup\u00e9rer leur v\u00e9lo de location. Apr\u00e8s avoir soigneusement ajust\u00e9 leurs selles et v\u00e9rifi\u00e9 leurs v\u00e9los, ils \u00e9taient pr\u00eats pour la course ! Apr\u00e8s la course, tout le monde est venu rendre son v\u00e9lo, le sourire aux l\u00e8vres.<\/p>\n\n\n\n<p><\/p>\n\n\n\n<div class=\"wp-block-uagb-image uagb-block-06efa00e wp-block-uagb-image--layout-default wp-block-uagb-image--effect-static wp-block-uagb-image--align-none\"><figure class=\"wp-block-uagb-image__figure\"><img decoding=\"async\" srcset=\"https:\/\/roadbikerentaljapan.com\/wp-content\/uploads\/2025\/01\/IMG_6093-3-min-1-768x1024.jpg ,https:\/\/roadbikerentaljapan.com\/wp-content\/uploads\/2025\/01\/IMG_6093-3-min-1-scaled.jpg 780w, https:\/\/roadbikerentaljapan.com\/wp-content\/uploads\/2025\/01\/IMG_6093-3-min-1-scaled.jpg 360w\" sizes=\"auto, (max-width: 480px) 150px\" src=\"https:\/\/roadbikerentaljapan.com\/wp-content\/uploads\/2025\/01\/IMG_6093-3-min-1-768x1024.jpg\" alt=\"\" class=\"uag-image-2152\" width=\"552\" height=\"736\" title=\"IMG_6093 3-min\" loading=\"lazy\" role=\"img\"\/><\/figure><\/div>\n\n\n\n<p><\/p>\n\n\n\n<p><br><strong>2. <a href=\"https:\/\/suita-triathlon.com\">Le 2e triathlon du parc EXPO'70 2024<\/a><\/strong><\/p>\n\n\n\n<p>Pour cet \u00e9v\u00e9nement, notre tente a \u00e9t\u00e9 install\u00e9e \u00e0 l'int\u00e9rieur du parc Expo afin de permettre le ramassage des v\u00e9los sur place. Nous avons re\u00e7u des commentaires positifs de la part des participants, qui nous ont dit que c'\u00e9tait tr\u00e8s pratique. D'autres participants se sont \u00e9galement arr\u00eat\u00e9s \u00e0 notre tente et ont d\u00e9clar\u00e9 avec plaisir qu'ils pourraient envisager d'en louer une l'ann\u00e9e prochaine.<\/p>\n\n\n\n<div class=\"wp-block-uagb-image uagb-block-f9b273d1 wp-block-uagb-image--layout-default wp-block-uagb-image--effect-static wp-block-uagb-image--align-none\"><figure class=\"wp-block-uagb-image__figure\"><img decoding=\"async\" srcset=\"https:\/\/roadbikerentaljapan.com\/wp-content\/uploads\/2025\/01\/IMG_9515-min-1-1024x576.jpg ,https:\/\/roadbikerentaljapan.com\/wp-content\/uploads\/2025\/01\/IMG_9515-min-1.jpg 780w, https:\/\/roadbikerentaljapan.com\/wp-content\/uploads\/2025\/01\/IMG_9515-min-1.jpg 360w\" sizes=\"auto, (max-width: 480px) 150px\" src=\"https:\/\/roadbikerentaljapan.com\/wp-content\/uploads\/2025\/01\/IMG_9515-min-1-1024x576.jpg\" alt=\"\" class=\"uag-image-2154\" width=\"536\" height=\"274\" title=\"IMG_9515-min\" loading=\"lazy\" role=\"img\"\/><\/figure><\/div>\n\n\n\n<p><br>*Les inscriptions pour la comp\u00e9tition de cette ann\u00e9e ont commenc\u00e9 ** Plus d'informations sur le Banpaku Triathlon 2025 <a href=\"https:\/\/suita-triathlon.com\/%e3%82%a8%e3%83%b3%e3%83%88%e3%83%aa%e3%83%bc\">ici<\/a>. <\/p>\n\n\n\n<p><br><strong>3. Livraison aux comp\u00e9titions de triathlon dans les r\u00e9gions \u00e9loign\u00e9es<\/strong><\/p>\n\n\n\n<p>En 2024, nous avons parrain\u00e9 et soutenu deux comp\u00e9titions dans le Kansai, et nous avons \u00e9galement r\u00e9pondu aux demandes des participants \u00e0 d'autres comp\u00e9titions organis\u00e9es dans les pr\u00e9fectures de Niigata et de Yamanashi, qui souhaitaient que des v\u00e9los de location soient livr\u00e9s sur leur site.<\/p>\n\n\n\n<p>-<strong>Comp\u00e9tition internationale de triathlon Murakami Sasagawa Nagare<\/strong><\/p>\n\n\n\n<p>-<strong>Triathlon du Mont Fuji<\/strong><\/p>\n\n\n\n<p><\/p>\n\n\n\n<p>Pour plus d'informations sur notre service de livraison et de collecte de v\u00e9los de route au Japon, veuillez consulter le site suivant <a href=\"https:\/\/roadbikerentaljapan.com\/fr\/other-services\/comment-fonctionne-la-livraison\/\">ici<\/a>.<\/p>\n\n\n\n<p><\/p>\n\n\n\n<div class=\"wp-block-uagb-advanced-heading uagb-block-cf0d95f8\"><h2 class=\"uagb-heading-text\">Liens utiles sur le triathlon au Japon<\/h2><\/div>\n\n\n\n<p><\/p>\n\n\n\n<p><a href=\"https:\/\/www.jtu.or.jp\/news\/?lang=ja\">Union japonaise de triathlon<\/a><\/p>\n\n\n\n<p><\/p>","protected":false},"excerpt":{"rendered":"<p>Participating in a triathlon requires not only physical endurance but also the right equipment. RBRJ provides various support services for [&hellip;]<\/p>\n","protected":false},"author":1,"featured_media":0,"parent":1186,"menu_order":6,"comment_status":"closed","ping_status":"closed","template":"","meta":{"content-type":"","_uag_custom_page_level_css":"","site-sidebar-layout":"default","site-content-layout":"","ast-site-content-layout":"default","site-content-style":"default","site-sidebar-style":"default","ast-global-header-display":"","ast-banner-title-visibility":"","ast-main-header-display":"","ast-hfb-above-header-display":"","ast-hfb-below-header-display":"","ast-hfb-mobile-header-display":"","site-post-title":"","ast-breadcrumbs-content":"","ast-featured-img":"","footer-sml-layout":"","ast-disable-related-posts":"","theme-transparent-header-meta":"","adv-header-id-meta":"","stick-header-meta":"","header-above-stick-meta":"","header-main-stick-meta":"","header-below-stick-meta":"","astra-migrate-meta-layouts":"default","ast-page-background-enabled":"default","ast-page-background-meta":{"desktop":{"background-color":"var(--ast-global-color-4)","background-image":"","background-repeat":"repeat","background-position":"center center","background-size":"auto","background-attachment":"scroll","background-type":"","background-media":"","overlay-type":"","overlay-color":"","overlay-opacity":"","overlay-gradient":""},"tablet":{"background-color":"","background-image":"","background-repeat":"repeat","background-position":"center center","background-size":"auto","background-attachment":"scroll","background-type":"","background-media":"","overlay-type":"","overlay-color":"","overlay-opacity":"","overlay-gradient":""},"mobile":{"background-color":"","background-image":"","background-repeat":"repeat","background-position":"center center","background-size":"auto","background-attachment":"scroll","background-type":"","background-media":"","overlay-type":"","overlay-color":"","overlay-opacity":"","overlay-gradient":""}},"ast-content-background-meta":{"desktop":{"background-color":"var(--ast-global-color-5)","background-image":"","background-repeat":"repeat","background-position":"center center","background-size":"auto","background-attachment":"scroll","background-type":"","background-media":"","overlay-type":"","overlay-color":"","overlay-opacity":"","overlay-gradient":""},"tablet":{"background-color":"var(--ast-global-color-5)","background-image":"","background-repeat":"repeat","background-position":"center center","background-size":"auto","background-attachment":"scroll","background-type":"","background-media":"","overlay-type":"","overlay-color":"","overlay-opacity":"","overlay-gradient":""},"mobile":{"background-color":"var(--ast-global-color-5)","background-image":"","background-repeat":"repeat","background-position":"center center","background-size":"auto","background-attachment":"scroll","background-type":"","background-media":"","overlay-type":"","overlay-color":"","overlay-opacity":"","overlay-gradient":""}},"footnotes":""},"class_list":["post-2130","page","type-page","status-publish","hentry"],"yoast_head":"<!-- This site is optimized with the Yoast SEO Premium plugin v27.2 (Yoast SEO v27.2) - https:\/\/yoast.com\/product\/yoast-seo-premium-wordpress\/ -->\n<title>Triathlon Support at RBRJ - Road Bike Rental Japan<\/title>\n<meta name=\"robots\" content=\"index, follow, max-snippet:-1, max-image-preview:large, max-video-preview:-1\" \/>\n<link rel=\"canonical\" href=\"https:\/\/roadbikerentaljapan.com\/fr\/other-services\/triathlon-support-at-rbrj\/\" \/>\n<meta property=\"og:locale\" content=\"fr_FR\" \/>\n<meta property=\"og:type\" content=\"article\" \/>\n<meta property=\"og:title\" content=\"Triathlon Support at RBRJ\" \/>\n<meta property=\"og:description\" content=\"Participating in a triathlon requires not only physical endurance but also the right equipment. RBRJ provides various support services for [&hellip;]\" \/>\n<meta property=\"og:url\" content=\"https:\/\/roadbikerentaljapan.com\/fr\/other-services\/triathlon-support-at-rbrj\/\" \/>\n<meta property=\"og:site_name\" content=\"Road Bike Rental Japan\" \/>\n<meta property=\"article:publisher\" content=\"https:\/\/www.facebook.com\/roadbikerentalJPN\" \/>\n<meta property=\"article:modified_time\" content=\"2025-09-08T05:16:24+00:00\" \/>\n<meta property=\"og:image\" content=\"https:\/\/roadbikerentaljapan.com\/wp-content\/uploads\/2025\/01\/IMG_6093-3-min-1-768x1024.jpg\" \/>\n<meta name=\"twitter:card\" content=\"summary_large_image\" \/>\n<meta name=\"twitter:site\" content=\"@cyclinginjpn\" \/>\n<script type=\"application\/ld+json\" class=\"yoast-schema-graph\">{\"@context\":\"https:\/\/schema.org\",\"@graph\":[{\"@type\":\"WebPage\",\"@id\":\"https:\/\/roadbikerentaljapan.com\/other-services\/triathlon-support-at-rbrj\/\",\"url\":\"https:\/\/roadbikerentaljapan.com\/other-services\/triathlon-support-at-rbrj\/\",\"name\":\"Triathlon Support at RBRJ - Road Bike Rental Japan\",\"isPartOf\":{\"@id\":\"https:\/\/roadbikerentaljapan.com\/#website\"},\"primaryImageOfPage\":{\"@id\":\"https:\/\/roadbikerentaljapan.com\/other-services\/triathlon-support-at-rbrj\/#primaryimage\"},\"image\":{\"@id\":\"https:\/\/roadbikerentaljapan.com\/other-services\/triathlon-support-at-rbrj\/#primaryimage\"},\"thumbnailUrl\":\"https:\/\/roadbikerentaljapan.com\/wp-content\/uploads\/2025\/01\/IMG_6093-3-min-1-768x1024.jpg\",\"datePublished\":\"2025-01-23T00:30:05+00:00\",\"dateModified\":\"2025-09-08T05:16:24+00:00\",\"breadcrumb\":{\"@id\":\"https:\/\/roadbikerentaljapan.com\/other-services\/triathlon-support-at-rbrj\/#breadcrumb\"},\"inLanguage\":\"fr-FR\",\"potentialAction\":[{\"@type\":\"ReadAction\",\"target\":[\"https:\/\/roadbikerentaljapan.com\/other-services\/triathlon-support-at-rbrj\/\"]}]},{\"@type\":\"ImageObject\",\"inLanguage\":\"fr-FR\",\"@id\":\"https:\/\/roadbikerentaljapan.com\/other-services\/triathlon-support-at-rbrj\/#primaryimage\",\"url\":\"https:\/\/roadbikerentaljapan.com\/wp-content\/uploads\/2025\/01\/IMG_6093-3-min-1-768x1024.jpg\",\"contentUrl\":\"https:\/\/roadbikerentaljapan.com\/wp-content\/uploads\/2025\/01\/IMG_6093-3-min-1-768x1024.jpg\"},{\"@type\":\"BreadcrumbList\",\"@id\":\"https:\/\/roadbikerentaljapan.com\/other-services\/triathlon-support-at-rbrj\/#breadcrumb\",\"itemListElement\":[{\"@type\":\"ListItem\",\"position\":1,\"name\":\"Home\",\"item\":\"https:\/\/roadbikerentaljapan.com\/\"},{\"@type\":\"ListItem\",\"position\":2,\"name\":\"Other Services\",\"item\":\"https:\/\/roadbikerentaljapan.com\/other-services\/\"},{\"@type\":\"ListItem\",\"position\":3,\"name\":\"Triathlon Support at RBRJ\"}]},{\"@type\":\"WebSite\",\"@id\":\"https:\/\/roadbikerentaljapan.com\/#website\",\"url\":\"https:\/\/roadbikerentaljapan.com\/\",\"name\":\"Road Bike Rental Japan\",\"description\":\"Cycling in Japan\",\"publisher\":{\"@id\":\"https:\/\/roadbikerentaljapan.com\/#organization\"},\"alternateName\":\"RBRJ\",\"potentialAction\":[{\"@type\":\"SearchAction\",\"target\":{\"@type\":\"EntryPoint\",\"urlTemplate\":\"https:\/\/roadbikerentaljapan.com\/?s={search_term_string}\"},\"query-input\":{\"@type\":\"PropertyValueSpecification\",\"valueRequired\":true,\"valueName\":\"search_term_string\"}}],\"inLanguage\":\"fr-FR\"},{\"@type\":\"Organization\",\"@id\":\"https:\/\/roadbikerentaljapan.com\/#organization\",\"name\":\"Road Bike Rental Japan LLC\",\"alternateName\":\"Road Bike Rental Japan LLC\",\"url\":\"https:\/\/roadbikerentaljapan.com\/\",\"logo\":{\"@type\":\"ImageObject\",\"inLanguage\":\"fr-FR\",\"@id\":\"https:\/\/roadbikerentaljapan.com\/#\/schema\/logo\/image\/\",\"url\":\"https:\/\/roadbikerentaljapan.com\/wp-content\/uploads\/2024\/08\/cropped-HiRez-Web-Banner-2024-300-x-100-px.png\",\"contentUrl\":\"https:\/\/roadbikerentaljapan.com\/wp-content\/uploads\/2024\/08\/cropped-HiRez-Web-Banner-2024-300-x-100-px.png\",\"width\":300,\"height\":100,\"caption\":\"Road Bike Rental Japan LLC\"},\"image\":{\"@id\":\"https:\/\/roadbikerentaljapan.com\/#\/schema\/logo\/image\/\"},\"sameAs\":[\"https:\/\/www.facebook.com\/roadbikerentalJPN\",\"https:\/\/x.com\/cyclinginjpn\",\"https:\/\/www.youtube.com\/@cyclinginjpn\"],\"email\":\"info@roadbikerentaljapan.com\",\"telephone\":\"+815017228801\",\"legalName\":\"\u5408\u540c\u4f1a\u793e\u30ed\u30fc\u30c9\u30d0\u30a4\u30af\u30ec\u30f3\u30bf\u30eb\u30b8\u30e3\u30d1\u30f3\",\"foundingDate\":\"2022-12-19\",\"numberOfEmployees\":{\"@type\":\"QuantitativeValue\",\"minValue\":\"1\",\"maxValue\":\"10\"}}]}<\/script>\n<!-- \/ Yoast SEO Premium plugin. -->","yoast_head_json":{"title":"Soutien au triathlon chez RBRJ - Road Bike Rental Japan","robots":{"index":"index","follow":"follow","max-snippet":"max-snippet:-1","max-image-preview":"max-image-preview:large","max-video-preview":"max-video-preview:-1"},"canonical":"https:\/\/roadbikerentaljapan.com\/fr\/other-services\/triathlon-support-at-rbrj\/","og_locale":"fr_FR","og_type":"article","og_title":"Triathlon Support at RBRJ","og_description":"Participating in a triathlon requires not only physical endurance but also the right equipment. RBRJ provides various support services for [&hellip;]","og_url":"https:\/\/roadbikerentaljapan.com\/fr\/other-services\/triathlon-support-at-rbrj\/","og_site_name":"Road Bike Rental Japan","article_publisher":"https:\/\/www.facebook.com\/roadbikerentalJPN","article_modified_time":"2025-09-08T05:16:24+00:00","og_image":[{"url":"https:\/\/roadbikerentaljapan.com\/wp-content\/uploads\/2025\/01\/IMG_6093-3-min-1-768x1024.jpg","type":"","width":"","height":""}],"twitter_card":"summary_large_image","twitter_site":"@cyclinginjpn","schema":{"@context":"https:\/\/schema.org","@graph":[{"@type":"WebPage","@id":"https:\/\/roadbikerentaljapan.com\/other-services\/triathlon-support-at-rbrj\/","url":"https:\/\/roadbikerentaljapan.com\/other-services\/triathlon-support-at-rbrj\/","name":"Soutien au triathlon chez RBRJ - Road Bike Rental Japan","isPartOf":{"@id":"https:\/\/roadbikerentaljapan.com\/#website"},"primaryImageOfPage":{"@id":"https:\/\/roadbikerentaljapan.com\/other-services\/triathlon-support-at-rbrj\/#primaryimage"},"image":{"@id":"https:\/\/roadbikerentaljapan.com\/other-services\/triathlon-support-at-rbrj\/#primaryimage"},"thumbnailUrl":"https:\/\/roadbikerentaljapan.com\/wp-content\/uploads\/2025\/01\/IMG_6093-3-min-1-768x1024.jpg","datePublished":"2025-01-23T00:30:05+00:00","dateModified":"2025-09-08T05:16:24+00:00","breadcrumb":{"@id":"https:\/\/roadbikerentaljapan.com\/other-services\/triathlon-support-at-rbrj\/#breadcrumb"},"inLanguage":"fr-FR","potentialAction":[{"@type":"ReadAction","target":["https:\/\/roadbikerentaljapan.com\/other-services\/triathlon-support-at-rbrj\/"]}]},{"@type":"ImageObject","inLanguage":"fr-FR","@id":"https:\/\/roadbikerentaljapan.com\/other-services\/triathlon-support-at-rbrj\/#primaryimage","url":"https:\/\/roadbikerentaljapan.com\/wp-content\/uploads\/2025\/01\/IMG_6093-3-min-1-768x1024.jpg","contentUrl":"https:\/\/roadbikerentaljapan.com\/wp-content\/uploads\/2025\/01\/IMG_6093-3-min-1-768x1024.jpg"},{"@type":"BreadcrumbList","@id":"https:\/\/roadbikerentaljapan.com\/other-services\/triathlon-support-at-rbrj\/#breadcrumb","itemListElement":[{"@type":"ListItem","position":1,"name":"Home","item":"https:\/\/roadbikerentaljapan.com\/"},{"@type":"ListItem","position":2,"name":"Other Services","item":"https:\/\/roadbikerentaljapan.com\/other-services\/"},{"@type":"ListItem","position":3,"name":"Triathlon Support at RBRJ"}]},{"@type":"WebSite","@id":"https:\/\/roadbikerentaljapan.com\/#website","url":"https:\/\/roadbikerentaljapan.com\/","name":"Location de v\u00e9los de route Japon","description":"Cyclisme au Japon","publisher":{"@id":"https:\/\/roadbikerentaljapan.com\/#organization"},"alternateName":"RBRJ","potentialAction":[{"@type":"SearchAction","target":{"@type":"EntryPoint","urlTemplate":"https:\/\/roadbikerentaljapan.com\/?s={search_term_string}"},"query-input":{"@type":"PropertyValueSpecification","valueRequired":true,"valueName":"search_term_string"}}],"inLanguage":"fr-FR"},{"@type":"Organization","@id":"https:\/\/roadbikerentaljapan.com\/#organization","name":"Road Bike Rental Japan LLC","alternateName":"Road Bike Rental Japan LLC","url":"https:\/\/roadbikerentaljapan.com\/","logo":{"@type":"ImageObject","inLanguage":"fr-FR","@id":"https:\/\/roadbikerentaljapan.com\/#\/schema\/logo\/image\/","url":"https:\/\/roadbikerentaljapan.com\/wp-content\/uploads\/2024\/08\/cropped-HiRez-Web-Banner-2024-300-x-100-px.png","contentUrl":"https:\/\/roadbikerentaljapan.com\/wp-content\/uploads\/2024\/08\/cropped-HiRez-Web-Banner-2024-300-x-100-px.png","width":300,"height":100,"caption":"Road Bike Rental Japan LLC"},"image":{"@id":"https:\/\/roadbikerentaljapan.com\/#\/schema\/logo\/image\/"},"sameAs":["https:\/\/www.facebook.com\/roadbikerentalJPN","https:\/\/x.com\/cyclinginjpn","https:\/\/www.youtube.com\/@cyclinginjpn"],"email":"info@roadbikerentaljapan.com","telephone":"+815017228801","legalName":"\u5408\u540c\u4f1a\u793e\u30ed\u30fc\u30c9\u30d0\u30a4\u30af\u30ec\u30f3\u30bf\u30eb\u30b8\u30e3\u30d1\u30f3","foundingDate":"2022-12-19","numberOfEmployees":{"@type":"QuantitativeValue","minValue":"1","maxValue":"10"}}]}},"uagb_featured_image_src":{"full":false,"thumbnail":false,"medium":false,"medium_large":false,"large":false,"1536x1536":false,"2048x2048":false,"trp-custom-language-flag":false},"uagb_author_info":{"display_name":"rbrj2024","author_link":"https:\/\/roadbikerentaljapan.com\/fr\/author\/rbrj2024\/"},"uagb_comment_info":0,"uagb_excerpt":"Participating in a triathlon requires not only physical endurance but also the right equipment. RBRJ provides various support services for [&hellip;]","_links":{"self":[{"href":"https:\/\/roadbikerentaljapan.com\/fr\/wp-json\/wp\/v2\/pages\/2130","targetHints":{"allow":["GET"]}}],"collection":[{"href":"https:\/\/roadbikerentaljapan.com\/fr\/wp-json\/wp\/v2\/pages"}],"about":[{"href":"https:\/\/roadbikerentaljapan.com\/fr\/wp-json\/wp\/v2\/types\/page"}],"author":[{"embeddable":true,"href":"https:\/\/roadbikerentaljapan.com\/fr\/wp-json\/wp\/v2\/users\/1"}],"replies":[{"embeddable":true,"href":"https:\/\/roadbikerentaljapan.com\/fr\/wp-json\/wp\/v2\/comments?post=2130"}],"version-history":[{"count":0,"href":"https:\/\/roadbikerentaljapan.com\/fr\/wp-json\/wp\/v2\/pages\/2130\/revisions"}],"up":[{"embeddable":true,"href":"https:\/\/roadbikerentaljapan.com\/fr\/wp-json\/wp\/v2\/pages\/1186"}],"wp:attachment":[{"href":"https:\/\/roadbikerentaljapan.com\/fr\/wp-json\/wp\/v2\/media?parent=2130"}],"curies":[{"name":"wp","href":"https:\/\/api.w.org\/{rel}","templated":true}]}}