{"id":2402,"date":"2025-07-18T15:09:04","date_gmt":"2025-07-18T06:09:04","guid":{"rendered":"https:\/\/roadbikerentaljapan.com\/?page_id=2402"},"modified":"2026-01-17T14:32:30","modified_gmt":"2026-01-17T05:32:30","slug":"osa-cannondale-caad-optimo-2-540mm","status":"publish","type":"page","link":"https:\/\/roadbikerentaljapan.com\/fr\/rentals\/osaka-bike-rental-options\/osa-cannondale-caad-optimo-2-540mm\/","title":{"rendered":"OSA Cannondale CAAD Optimo 2 (540mm)\u00a0"},"content":{"rendered":"<div class=\"wp-block-uagb-container uagb-block-d5fee780 alignfull uagb-is-root-container\"><div class=\"uagb-container-inner-blocks-wrap\"><div class=\"yoast-breadcrumbs\"><span><span><a href=\"https:\/\/roadbikerentaljapan.com\/fr\/\">Accueil<\/a><\/span> \" <span><a href=\"https:\/\/roadbikerentaljapan.com\/fr\/rentals\/\">Location<\/a><\/span> \" <span><a href=\"https:\/\/roadbikerentaljapan.com\/fr\/rentals\/osaka-bike-rental-options\/\">Options de location de v\u00e9los \u00e0 Osaka<\/a><\/span> \" <span class=\"breadcrumb_last\" aria-current=\"page\"><strong>OSA Cannondale CAAD Optimo 2 (540mm)\u00a0<\/strong><\/span><\/span><\/div>\n\n\n<p>Disponible \u00e0 la location dans notre RBRJ <a href=\"https:\/\/roadbikerentaljapan.com\/fr\/locations\/contact-access-road-bike-rental-japan-osaka\/\">Osaka<\/a> Le v\u00e9lo Cannondale CAAD Optimo 2 (540 mm) est un favori test\u00e9. Roulez sur le <a href=\"https:\/\/roadbikerentaljapan.com\/fr\/tours\/osaka-area-tours\/osaka-harbor-and-guided-sightseeing-bicycle-tour\/\">Visite du port d'Osaka<\/a> avec style, ou parcourez la campagne et les routes de montagne sur ce v\u00e9lo de route dot\u00e9 d'un syst\u00e8me de changement de vitesses 2\u00d710 Shimano Tiagra. Le cadre de 540 mm convient aux cyclistes mesurant de 170 \u00e0 180 cm.<\/p>\n\n\n\t\t\t\t\t<div\n\t\t\t\t\t\tclass=\"wp-block-uagb-image-gallery uagb-block-416e2b2e\"\n\t\t\t\t\t\tstyle=\"\"\n\t\t\t\t\t>\n\t\t\t\t\t\t\t\t\t\t\t<div data-aos= \"slide-up\" data-aos-duration=\"400\" data-aos-delay=\"0\" data-aos-easing=\"ease\" data-aos-once=\"true\" class=\"spectra-image-gallery spectra-image-gallery__layout--carousel\">\n\t\t\t\t\t\t\t\t<div class=\"uagb-slick-carousel uagb-block-416e2b2e\">\n\t\t\t\t\t\t\t\t\t\t\t\t<div class='spectra-image-gallery__media-wrapper' data-spectra-gallery-image-id='2329'>\n\t\t\t\t\t\t\t<div class=\"spectra-image-gallery__media spectra-image-gallery__media--carousel\">\n\t\t\t\t<picture>\n\t\t\t\t\t<source media=\"(min-width: 1024px)\" srcset=\"https:\/\/roadbikerentaljapan.com\/wp-content\/uploads\/2025\/02\/Private-Bike-Tour-in-Osaka-768x1024.jpeg\">\n\t\t\t\t\t<source media=\"(min-width: 768px)\" srcset=\"https:\/\/roadbikerentaljapan.com\/wp-content\/uploads\/2025\/02\/Private-Bike-Tour-in-Osaka-768x1024.jpeg\">\n\t\t\t\t\t<img decoding=\"async\" class=\"spectra-image-gallery__media-thumbnail spectra-image-gallery__media-thumbnail--carousel\" src=\"https:\/\/roadbikerentaljapan.com\/wp-content\/uploads\/2025\/02\/Private-Bike-Tour-in-Osaka-225x300.jpeg\" alt=\"\" loading=\"lazy\" \/>\n\t\t\t\t<\/picture>\n\t\t\t\t<div class=\"spectra-image-gallery__media-thumbnail-blurrer\"><\/div>\n\t\t\t\t\t\t\t\t\t\t\t<div class=\"spectra-image-gallery__media-thumbnail-caption-wrapper spectra-image-gallery__media-thumbnail-caption-wrapper--bar-inside\">\n\t\t\t\t\t\t\t\t\t\t\t<div class=\"spectra-image-gallery__media-thumbnail-caption spectra-image-gallery__media-thumbnail-caption--bar-inside\">\n\t\t\t\t\tAucune l\u00e9gende\t\t\t\t<\/div>\n\t\t\t\t\t\t\t\t\t\t<\/div>\n\t\t\t\t\t\t\t\t\t<\/div>\n\t\t\t\t\t\t<\/div>\n\t\t\t\t\t\t<div class='spectra-image-gallery__media-wrapper' data-spectra-gallery-image-id='2323'>\n\t\t\t\t\t\t\t<div class=\"spectra-image-gallery__media spectra-image-gallery__media--carousel\">\n\t\t\t\t<picture>\n\t\t\t\t\t<source media=\"(min-width: 1024px)\" srcset=\"https:\/\/roadbikerentaljapan.com\/wp-content\/uploads\/2025\/02\/Private-Cycle-Ride-with-guide-in-Kyoto-768x1024.jpeg\">\n\t\t\t\t\t<source media=\"(min-width: 768px)\" srcset=\"https:\/\/roadbikerentaljapan.com\/wp-content\/uploads\/2025\/02\/Private-Cycle-Ride-with-guide-in-Kyoto-768x1024.jpeg\">\n\t\t\t\t\t<img decoding=\"async\" class=\"spectra-image-gallery__media-thumbnail spectra-image-gallery__media-thumbnail--carousel\" src=\"https:\/\/roadbikerentaljapan.com\/wp-content\/uploads\/2025\/02\/Private-Cycle-Ride-with-guide-in-Kyoto-225x300.jpeg\" alt=\"\" loading=\"lazy\" \/>\n\t\t\t\t<\/picture>\n\t\t\t\t<div class=\"spectra-image-gallery__media-thumbnail-blurrer\"><\/div>\n\t\t\t\t\t\t\t\t\t\t\t<div class=\"spectra-image-gallery__media-thumbnail-caption-wrapper spectra-image-gallery__media-thumbnail-caption-wrapper--bar-inside\">\n\t\t\t\t\t\t\t\t\t\t\t<div class=\"spectra-image-gallery__media-thumbnail-caption spectra-image-gallery__media-thumbnail-caption--bar-inside\">\n\t\t\t\t\tAucune l\u00e9gende\t\t\t\t<\/div>\n\t\t\t\t\t\t\t\t\t\t<\/div>\n\t\t\t\t\t\t\t\t\t<\/div>\n\t\t\t\t\t\t<\/div>\n\t\t\t\t\t\t<div class='spectra-image-gallery__media-wrapper' data-spectra-gallery-image-id='2295'>\n\t\t\t\t\t\t\t<div class=\"spectra-image-gallery__media spectra-image-gallery__media--carousel\">\n\t\t\t\t<picture>\n\t\t\t\t\t<source media=\"(min-width: 1024px)\" srcset=\"https:\/\/roadbikerentaljapan.com\/wp-content\/uploads\/2025\/02\/Bike-Hire-Kyoto-1024x768.jpg\">\n\t\t\t\t\t<source media=\"(min-width: 768px)\" srcset=\"https:\/\/roadbikerentaljapan.com\/wp-content\/uploads\/2025\/02\/Bike-Hire-Kyoto-1024x768.jpg\">\n\t\t\t\t\t<img decoding=\"async\" class=\"spectra-image-gallery__media-thumbnail spectra-image-gallery__media-thumbnail--carousel\" src=\"https:\/\/roadbikerentaljapan.com\/wp-content\/uploads\/2025\/02\/Bike-Hire-Kyoto-300x225.jpg\" alt=\"\" loading=\"lazy\" \/>\n\t\t\t\t<\/picture>\n\t\t\t\t<div class=\"spectra-image-gallery__media-thumbnail-blurrer\"><\/div>\n\t\t\t\t\t\t\t\t\t\t\t<div class=\"spectra-image-gallery__media-thumbnail-caption-wrapper spectra-image-gallery__media-thumbnail-caption-wrapper--bar-inside\">\n\t\t\t\t\t\t\t\t\t\t\t<div class=\"spectra-image-gallery__media-thumbnail-caption spectra-image-gallery__media-thumbnail-caption--bar-inside\">\n\t\t\t\t\tAucune l\u00e9gende\t\t\t\t<\/div>\n\t\t\t\t\t\t\t\t\t\t<\/div>\n\t\t\t\t\t\t\t\t\t<\/div>\n\t\t\t\t\t\t<\/div>\n\t\t\t\t\t\t<div class='spectra-image-gallery__media-wrapper' data-spectra-gallery-image-id='2294'>\n\t\t\t\t\t\t\t<div class=\"spectra-image-gallery__media spectra-image-gallery__media--carousel\">\n\t\t\t\t<picture>\n\t\t\t\t\t<source media=\"(min-width: 1024px)\" srcset=\"https:\/\/roadbikerentaljapan.com\/wp-content\/uploads\/2025\/02\/Bike-Hire-in-Kyoto-768x1024.jpeg\">\n\t\t\t\t\t<source media=\"(min-width: 768px)\" srcset=\"https:\/\/roadbikerentaljapan.com\/wp-content\/uploads\/2025\/02\/Bike-Hire-in-Kyoto-768x1024.jpeg\">\n\t\t\t\t\t<img decoding=\"async\" class=\"spectra-image-gallery__media-thumbnail spectra-image-gallery__media-thumbnail--carousel\" src=\"https:\/\/roadbikerentaljapan.com\/wp-content\/uploads\/2025\/02\/Bike-Hire-in-Kyoto-225x300.jpeg\" alt=\"\" loading=\"lazy\" \/>\n\t\t\t\t<\/picture>\n\t\t\t\t<div class=\"spectra-image-gallery__media-thumbnail-blurrer\"><\/div>\n\t\t\t\t\t\t\t\t\t\t\t<div class=\"spectra-image-gallery__media-thumbnail-caption-wrapper spectra-image-gallery__media-thumbnail-caption-wrapper--bar-inside\">\n\t\t\t\t\t\t\t\t\t\t\t<div class=\"spectra-image-gallery__media-thumbnail-caption spectra-image-gallery__media-thumbnail-caption--bar-inside\">\n\t\t\t\t\tAucune l\u00e9gende\t\t\t\t<\/div>\n\t\t\t\t\t\t\t\t\t\t<\/div>\n\t\t\t\t\t\t\t\t\t<\/div>\n\t\t\t\t\t\t<\/div>\n\t\t\t\t\t\t\t\t\t\t\t<\/div>\n\t\t\t\t\t\t\t<\/div>\n\t\t\t\t\t\t\t\t\t\t\t<\/div>\n\t\t\t\t\t\t\t\t\t<\/div><\/div>","protected":false},"excerpt":{"rendered":"<p>Available for rent in at our RBRJ Osaka location, the Cannondale CAAD Optimo 2 (540 mm) bicycle is a tested [&hellip;]<\/p>\n","protected":false},"author":1,"featured_media":2396,"parent":1196,"menu_order":0,"comment_status":"closed","ping_status":"closed","template":"","meta":{"content-type":"","_uag_custom_page_level_css":"","site-sidebar-layout":"default","site-content-layout":"","ast-site-content-layout":"","site-content-style":"default","site-sidebar-style":"default","ast-global-header-display":"","ast-banner-title-visibility":"","ast-main-header-display":"","ast-hfb-above-header-display":"","ast-hfb-below-header-display":"","ast-hfb-mobile-header-display":"","site-post-title":"","ast-breadcrumbs-content":"","ast-featured-img":"disabled","footer-sml-layout":"","ast-disable-related-posts":"","theme-transparent-header-meta":"","adv-header-id-meta":"","stick-header-meta":"","header-above-stick-meta":"","header-main-stick-meta":"","header-below-stick-meta":"","astra-migrate-meta-layouts":"default","ast-page-background-enabled":"default","ast-page-background-meta":{"desktop":{"background-color":"var(--ast-global-color-4)","background-image":"","background-repeat":"repeat","background-position":"center center","background-size":"auto","background-attachment":"scroll","background-type":"","background-media":"","overlay-type":"","overlay-color":"","overlay-opacity":"","overlay-gradient":""},"tablet":{"background-color":"","background-image":"","background-repeat":"repeat","background-position":"center center","background-size":"auto","background-attachment":"scroll","background-type":"","background-media":"","overlay-type":"","overlay-color":"","overlay-opacity":"","overlay-gradient":""},"mobile":{"background-color":"","background-image":"","background-repeat":"repeat","background-position":"center center","background-size":"auto","background-attachment":"scroll","background-type":"","background-media":"","overlay-type":"","overlay-color":"","overlay-opacity":"","overlay-gradient":""}},"ast-content-background-meta":{"desktop":{"background-color":"var(--ast-global-color-5)","background-image":"","background-repeat":"repeat","background-position":"center center","background-size":"auto","background-attachment":"scroll","background-type":"","background-media":"","overlay-type":"","overlay-color":"","overlay-opacity":"","overlay-gradient":""},"tablet":{"background-color":"var(--ast-global-color-5)","background-image":"","background-repeat":"repeat","background-position":"center center","background-size":"auto","background-attachment":"scroll","background-type":"","background-media":"","overlay-type":"","overlay-color":"","overlay-opacity":"","overlay-gradient":""},"mobile":{"background-color":"var(--ast-global-color-5)","background-image":"","background-repeat":"repeat","background-position":"center center","background-size":"auto","background-attachment":"scroll","background-type":"","background-media":"","overlay-type":"","overlay-color":"","overlay-opacity":"","overlay-gradient":""}},"footnotes":""},"class_list":["post-2402","page","type-page","status-publish","has-post-thumbnail","hentry"],"yoast_head":"<!-- This site is optimized with the Yoast SEO Premium plugin v27.2 (Yoast SEO v27.2) - https:\/\/yoast.com\/product\/yoast-seo-premium-wordpress\/ -->\n<title>Osaka Cannondale Optimo 2 540 - Road Bike Rental Japan<\/title>\n<meta name=\"description\" content=\"Enjoy cycling Japan on the Cannondale CAAD Optimo 2 540 mm, available at RBRJ Osaka. Rent this zippy, responsive and comfortable road bike.\" \/>\n<meta name=\"robots\" content=\"index, follow, max-snippet:-1, max-image-preview:large, max-video-preview:-1\" \/>\n<link rel=\"canonical\" href=\"https:\/\/roadbikerentaljapan.com\/fr\/rentals\/osaka-bike-rental-options\/osa-cannondale-caad-optimo-2-540mm\/\" \/>\n<meta property=\"og:locale\" content=\"fr_FR\" \/>\n<meta property=\"og:type\" content=\"article\" \/>\n<meta property=\"og:title\" content=\"OSA Cannondale CAAD Optimo 2 (540mm)\u00a0\" \/>\n<meta property=\"og:description\" content=\"Enjoy cycling Japan on the Cannondale CAAD Optimo 2 540 mm, available at RBRJ Osaka. Rent this zippy, responsive and comfortable road bike.\" \/>\n<meta property=\"og:url\" content=\"https:\/\/roadbikerentaljapan.com\/fr\/rentals\/osaka-bike-rental-options\/osa-cannondale-caad-optimo-2-540mm\/\" \/>\n<meta property=\"og:site_name\" content=\"Road Bike Rental Japan\" \/>\n<meta property=\"article:publisher\" content=\"https:\/\/www.facebook.com\/roadbikerentalJPN\" \/>\n<meta property=\"article:modified_time\" content=\"2026-01-17T05:32:30+00:00\" \/>\n<meta property=\"og:image\" content=\"https:\/\/roadbikerentaljapan.com\/wp-content\/uploads\/2025\/02\/CannondaleCAADOptimo2.jpg\" \/>\n\t<meta property=\"og:image:width\" content=\"2000\" \/>\n\t<meta property=\"og:image:height\" content=\"2000\" \/>\n\t<meta property=\"og:image:type\" content=\"image\/jpeg\" \/>\n<meta name=\"twitter:card\" content=\"summary_large_image\" \/>\n<meta name=\"twitter:site\" content=\"@cyclinginjpn\" \/>\n<meta name=\"twitter:label1\" content=\"Dur\u00e9e de lecture estim\u00e9e\" \/>\n\t<meta name=\"twitter:data1\" content=\"1 minute\" \/>\n<script type=\"application\/ld+json\" class=\"yoast-schema-graph\">{\"@context\":\"https:\/\/schema.org\",\"@graph\":[{\"@type\":\"WebPage\",\"@id\":\"https:\/\/roadbikerentaljapan.com\/rentals\/osaka-bike-rental-options\/osa-cannondale-caad-optimo-2-540mm\/\",\"url\":\"https:\/\/roadbikerentaljapan.com\/rentals\/osaka-bike-rental-options\/osa-cannondale-caad-optimo-2-540mm\/\",\"name\":\"Osaka Cannondale Optimo 2 540 - Road Bike Rental Japan\",\"isPartOf\":{\"@id\":\"https:\/\/roadbikerentaljapan.com\/#website\"},\"primaryImageOfPage\":{\"@id\":\"https:\/\/roadbikerentaljapan.com\/rentals\/osaka-bike-rental-options\/osa-cannondale-caad-optimo-2-540mm\/#primaryimage\"},\"image\":{\"@id\":\"https:\/\/roadbikerentaljapan.com\/rentals\/osaka-bike-rental-options\/osa-cannondale-caad-optimo-2-540mm\/#primaryimage\"},\"thumbnailUrl\":\"https:\/\/roadbikerentaljapan.com\/wp-content\/uploads\/2025\/02\/CannondaleCAADOptimo2.jpg\",\"datePublished\":\"2025-07-18T06:09:04+00:00\",\"dateModified\":\"2026-01-17T05:32:30+00:00\",\"description\":\"Enjoy cycling Japan on the Cannondale CAAD Optimo 2 540 mm, available at RBRJ Osaka. Rent this zippy, responsive and comfortable road bike.\",\"breadcrumb\":{\"@id\":\"https:\/\/roadbikerentaljapan.com\/rentals\/osaka-bike-rental-options\/osa-cannondale-caad-optimo-2-540mm\/#breadcrumb\"},\"inLanguage\":\"fr-FR\",\"potentialAction\":[{\"@type\":\"ReadAction\",\"target\":[\"https:\/\/roadbikerentaljapan.com\/rentals\/osaka-bike-rental-options\/osa-cannondale-caad-optimo-2-540mm\/\"]}]},{\"@type\":\"ImageObject\",\"inLanguage\":\"fr-FR\",\"@id\":\"https:\/\/roadbikerentaljapan.com\/rentals\/osaka-bike-rental-options\/osa-cannondale-caad-optimo-2-540mm\/#primaryimage\",\"url\":\"https:\/\/roadbikerentaljapan.com\/wp-content\/uploads\/2025\/02\/CannondaleCAADOptimo2.jpg\",\"contentUrl\":\"https:\/\/roadbikerentaljapan.com\/wp-content\/uploads\/2025\/02\/CannondaleCAADOptimo2.jpg\",\"width\":2000,\"height\":2000,\"caption\":\"Cannondale CAAD Optimo 2 bicycle comes in 480, 510, 540, frame sizes and is available at multiple RBRJ locations\"},{\"@type\":\"BreadcrumbList\",\"@id\":\"https:\/\/roadbikerentaljapan.com\/rentals\/osaka-bike-rental-options\/osa-cannondale-caad-optimo-2-540mm\/#breadcrumb\",\"itemListElement\":[{\"@type\":\"ListItem\",\"position\":1,\"name\":\"Home\",\"item\":\"https:\/\/roadbikerentaljapan.com\/\"},{\"@type\":\"ListItem\",\"position\":2,\"name\":\"Rentals\",\"item\":\"https:\/\/roadbikerentaljapan.com\/rentals\/\"},{\"@type\":\"ListItem\",\"position\":3,\"name\":\"Osaka Bike Rental Options\",\"item\":\"https:\/\/roadbikerentaljapan.com\/rentals\/osaka-bike-rental-options\/\"},{\"@type\":\"ListItem\",\"position\":4,\"name\":\"OSA Cannondale CAAD Optimo 2 (540mm)\u00a0\"}]},{\"@type\":\"WebSite\",\"@id\":\"https:\/\/roadbikerentaljapan.com\/#website\",\"url\":\"https:\/\/roadbikerentaljapan.com\/\",\"name\":\"Road Bike Rental Japan\",\"description\":\"Cycling in Japan\",\"publisher\":{\"@id\":\"https:\/\/roadbikerentaljapan.com\/#organization\"},\"alternateName\":\"RBRJ\",\"potentialAction\":[{\"@type\":\"SearchAction\",\"target\":{\"@type\":\"EntryPoint\",\"urlTemplate\":\"https:\/\/roadbikerentaljapan.com\/?s={search_term_string}\"},\"query-input\":{\"@type\":\"PropertyValueSpecification\",\"valueRequired\":true,\"valueName\":\"search_term_string\"}}],\"inLanguage\":\"fr-FR\"},{\"@type\":\"Organization\",\"@id\":\"https:\/\/roadbikerentaljapan.com\/#organization\",\"name\":\"Road Bike Rental Japan LLC\",\"alternateName\":\"Road Bike Rental Japan LLC\",\"url\":\"https:\/\/roadbikerentaljapan.com\/\",\"logo\":{\"@type\":\"ImageObject\",\"inLanguage\":\"fr-FR\",\"@id\":\"https:\/\/roadbikerentaljapan.com\/#\/schema\/logo\/image\/\",\"url\":\"https:\/\/roadbikerentaljapan.com\/wp-content\/uploads\/2024\/08\/cropped-HiRez-Web-Banner-2024-300-x-100-px.png\",\"contentUrl\":\"https:\/\/roadbikerentaljapan.com\/wp-content\/uploads\/2024\/08\/cropped-HiRez-Web-Banner-2024-300-x-100-px.png\",\"width\":300,\"height\":100,\"caption\":\"Road Bike Rental Japan LLC\"},\"image\":{\"@id\":\"https:\/\/roadbikerentaljapan.com\/#\/schema\/logo\/image\/\"},\"sameAs\":[\"https:\/\/www.facebook.com\/roadbikerentalJPN\",\"https:\/\/x.com\/cyclinginjpn\",\"https:\/\/www.youtube.com\/@cyclinginjpn\"],\"email\":\"info@roadbikerentaljapan.com\",\"telephone\":\"+815017228801\",\"legalName\":\"\u5408\u540c\u4f1a\u793e\u30ed\u30fc\u30c9\u30d0\u30a4\u30af\u30ec\u30f3\u30bf\u30eb\u30b8\u30e3\u30d1\u30f3\",\"foundingDate\":\"2022-12-19\",\"numberOfEmployees\":{\"@type\":\"QuantitativeValue\",\"minValue\":\"1\",\"maxValue\":\"10\"}}]}<\/script>\n<!-- \/ Yoast SEO Premium plugin. -->","yoast_head_json":{"title":"Osaka Cannondale Optimo 2 540 - Location de v\u00e9lo de route Japon","description":"Appr\u00e9ciez le cyclisme au Japon sur le Cannondale CAAD Optimo 2 540 mm, disponible chez RBRJ Osaka. Louez ce v\u00e9lo de route rapide, r\u00e9actif et confortable.","robots":{"index":"index","follow":"follow","max-snippet":"max-snippet:-1","max-image-preview":"max-image-preview:large","max-video-preview":"max-video-preview:-1"},"canonical":"https:\/\/roadbikerentaljapan.com\/fr\/rentals\/osaka-bike-rental-options\/osa-cannondale-caad-optimo-2-540mm\/","og_locale":"fr_FR","og_type":"article","og_title":"OSA Cannondale CAAD Optimo 2 (540mm)\u00a0","og_description":"Enjoy cycling Japan on the Cannondale CAAD Optimo 2 540 mm, available at RBRJ Osaka. Rent this zippy, responsive and comfortable road bike.","og_url":"https:\/\/roadbikerentaljapan.com\/fr\/rentals\/osaka-bike-rental-options\/osa-cannondale-caad-optimo-2-540mm\/","og_site_name":"Road Bike Rental Japan","article_publisher":"https:\/\/www.facebook.com\/roadbikerentalJPN","article_modified_time":"2026-01-17T05:32:30+00:00","og_image":[{"width":2000,"height":2000,"url":"https:\/\/roadbikerentaljapan.com\/wp-content\/uploads\/2025\/02\/CannondaleCAADOptimo2.jpg","type":"image\/jpeg"}],"twitter_card":"summary_large_image","twitter_site":"@cyclinginjpn","twitter_misc":{"Dur\u00e9e de lecture estim\u00e9e":"1 minute"},"schema":{"@context":"https:\/\/schema.org","@graph":[{"@type":"WebPage","@id":"https:\/\/roadbikerentaljapan.com\/rentals\/osaka-bike-rental-options\/osa-cannondale-caad-optimo-2-540mm\/","url":"https:\/\/roadbikerentaljapan.com\/rentals\/osaka-bike-rental-options\/osa-cannondale-caad-optimo-2-540mm\/","name":"Osaka Cannondale Optimo 2 540 - Location de v\u00e9lo de route Japon","isPartOf":{"@id":"https:\/\/roadbikerentaljapan.com\/#website"},"primaryImageOfPage":{"@id":"https:\/\/roadbikerentaljapan.com\/rentals\/osaka-bike-rental-options\/osa-cannondale-caad-optimo-2-540mm\/#primaryimage"},"image":{"@id":"https:\/\/roadbikerentaljapan.com\/rentals\/osaka-bike-rental-options\/osa-cannondale-caad-optimo-2-540mm\/#primaryimage"},"thumbnailUrl":"https:\/\/roadbikerentaljapan.com\/wp-content\/uploads\/2025\/02\/CannondaleCAADOptimo2.jpg","datePublished":"2025-07-18T06:09:04+00:00","dateModified":"2026-01-17T05:32:30+00:00","description":"Appr\u00e9ciez le cyclisme au Japon sur le Cannondale CAAD Optimo 2 540 mm, disponible chez RBRJ Osaka. Louez ce v\u00e9lo de route rapide, r\u00e9actif et confortable.","breadcrumb":{"@id":"https:\/\/roadbikerentaljapan.com\/rentals\/osaka-bike-rental-options\/osa-cannondale-caad-optimo-2-540mm\/#breadcrumb"},"inLanguage":"fr-FR","potentialAction":[{"@type":"ReadAction","target":["https:\/\/roadbikerentaljapan.com\/rentals\/osaka-bike-rental-options\/osa-cannondale-caad-optimo-2-540mm\/"]}]},{"@type":"ImageObject","inLanguage":"fr-FR","@id":"https:\/\/roadbikerentaljapan.com\/rentals\/osaka-bike-rental-options\/osa-cannondale-caad-optimo-2-540mm\/#primaryimage","url":"https:\/\/roadbikerentaljapan.com\/wp-content\/uploads\/2025\/02\/CannondaleCAADOptimo2.jpg","contentUrl":"https:\/\/roadbikerentaljapan.com\/wp-content\/uploads\/2025\/02\/CannondaleCAADOptimo2.jpg","width":2000,"height":2000,"caption":"Cannondale CAAD Optimo 2 bicycle comes in 480, 510, 540, frame sizes and is available at multiple RBRJ locations"},{"@type":"BreadcrumbList","@id":"https:\/\/roadbikerentaljapan.com\/rentals\/osaka-bike-rental-options\/osa-cannondale-caad-optimo-2-540mm\/#breadcrumb","itemListElement":[{"@type":"ListItem","position":1,"name":"Home","item":"https:\/\/roadbikerentaljapan.com\/"},{"@type":"ListItem","position":2,"name":"Rentals","item":"https:\/\/roadbikerentaljapan.com\/rentals\/"},{"@type":"ListItem","position":3,"name":"Osaka Bike Rental Options","item":"https:\/\/roadbikerentaljapan.com\/rentals\/osaka-bike-rental-options\/"},{"@type":"ListItem","position":4,"name":"OSA Cannondale CAAD Optimo 2 (540mm)\u00a0"}]},{"@type":"WebSite","@id":"https:\/\/roadbikerentaljapan.com\/#website","url":"https:\/\/roadbikerentaljapan.com\/","name":"Location de v\u00e9los de route Japon","description":"Cyclisme au Japon","publisher":{"@id":"https:\/\/roadbikerentaljapan.com\/#organization"},"alternateName":"RBRJ","potentialAction":[{"@type":"SearchAction","target":{"@type":"EntryPoint","urlTemplate":"https:\/\/roadbikerentaljapan.com\/?s={search_term_string}"},"query-input":{"@type":"PropertyValueSpecification","valueRequired":true,"valueName":"search_term_string"}}],"inLanguage":"fr-FR"},{"@type":"Organization","@id":"https:\/\/roadbikerentaljapan.com\/#organization","name":"Road Bike Rental Japan LLC","alternateName":"Road Bike Rental Japan LLC","url":"https:\/\/roadbikerentaljapan.com\/","logo":{"@type":"ImageObject","inLanguage":"fr-FR","@id":"https:\/\/roadbikerentaljapan.com\/#\/schema\/logo\/image\/","url":"https:\/\/roadbikerentaljapan.com\/wp-content\/uploads\/2024\/08\/cropped-HiRez-Web-Banner-2024-300-x-100-px.png","contentUrl":"https:\/\/roadbikerentaljapan.com\/wp-content\/uploads\/2024\/08\/cropped-HiRez-Web-Banner-2024-300-x-100-px.png","width":300,"height":100,"caption":"Road Bike Rental Japan LLC"},"image":{"@id":"https:\/\/roadbikerentaljapan.com\/#\/schema\/logo\/image\/"},"sameAs":["https:\/\/www.facebook.com\/roadbikerentalJPN","https:\/\/x.com\/cyclinginjpn","https:\/\/www.youtube.com\/@cyclinginjpn"],"email":"info@roadbikerentaljapan.com","telephone":"+815017228801","legalName":"\u5408\u540c\u4f1a\u793e\u30ed\u30fc\u30c9\u30d0\u30a4\u30af\u30ec\u30f3\u30bf\u30eb\u30b8\u30e3\u30d1\u30f3","foundingDate":"2022-12-19","numberOfEmployees":{"@type":"QuantitativeValue","minValue":"1","maxValue":"10"}}]}},"uagb_featured_image_src":{"full":["https:\/\/roadbikerentaljapan.com\/wp-content\/uploads\/2025\/02\/CannondaleCAADOptimo2.jpg",2000,2000,false],"thumbnail":["https:\/\/roadbikerentaljapan.com\/wp-content\/uploads\/2025\/02\/CannondaleCAADOptimo2-150x150.jpg",150,150,true],"medium":["https:\/\/roadbikerentaljapan.com\/wp-content\/uploads\/2025\/02\/CannondaleCAADOptimo2-300x300.jpg",300,300,true],"medium_large":["https:\/\/roadbikerentaljapan.com\/wp-content\/uploads\/2025\/02\/CannondaleCAADOptimo2-768x768.jpg",768,768,true],"large":["https:\/\/roadbikerentaljapan.com\/wp-content\/uploads\/2025\/02\/CannondaleCAADOptimo2-1024x1024.jpg",1024,1024,true],"1536x1536":["https:\/\/roadbikerentaljapan.com\/wp-content\/uploads\/2025\/02\/CannondaleCAADOptimo2-1536x1536.jpg",1536,1536,true],"2048x2048":["https:\/\/roadbikerentaljapan.com\/wp-content\/uploads\/2025\/02\/CannondaleCAADOptimo2.jpg",2000,2000,false],"trp-custom-language-flag":["https:\/\/roadbikerentaljapan.com\/wp-content\/uploads\/2025\/02\/CannondaleCAADOptimo2-12x12.jpg",12,12,true]},"uagb_author_info":{"display_name":"rbrj2024","author_link":"https:\/\/roadbikerentaljapan.com\/fr\/author\/rbrj2024\/"},"uagb_comment_info":0,"uagb_excerpt":"Available for rent in at our RBRJ Osaka location, the Cannondale CAAD Optimo 2 (540 mm) bicycle is a tested [&hellip;]","_links":{"self":[{"href":"https:\/\/roadbikerentaljapan.com\/fr\/wp-json\/wp\/v2\/pages\/2402","targetHints":{"allow":["GET"]}}],"collection":[{"href":"https:\/\/roadbikerentaljapan.com\/fr\/wp-json\/wp\/v2\/pages"}],"about":[{"href":"https:\/\/roadbikerentaljapan.com\/fr\/wp-json\/wp\/v2\/types\/page"}],"author":[{"embeddable":true,"href":"https:\/\/roadbikerentaljapan.com\/fr\/wp-json\/wp\/v2\/users\/1"}],"replies":[{"embeddable":true,"href":"https:\/\/roadbikerentaljapan.com\/fr\/wp-json\/wp\/v2\/comments?post=2402"}],"version-history":[{"count":0,"href":"https:\/\/roadbikerentaljapan.com\/fr\/wp-json\/wp\/v2\/pages\/2402\/revisions"}],"up":[{"embeddable":true,"href":"https:\/\/roadbikerentaljapan.com\/fr\/wp-json\/wp\/v2\/pages\/1196"}],"wp:featuredmedia":[{"embeddable":true,"href":"https:\/\/roadbikerentaljapan.com\/fr\/wp-json\/wp\/v2\/media\/2396"}],"wp:attachment":[{"href":"https:\/\/roadbikerentaljapan.com\/fr\/wp-json\/wp\/v2\/media?parent=2402"}],"curies":[{"name":"wp","href":"https:\/\/api.w.org\/{rel}","templated":true}]}}