{"id":2643,"date":"2025-07-03T16:11:23","date_gmt":"2025-07-03T07:11:23","guid":{"rendered":"https:\/\/roadbikerentaljapan.com\/?page_id=2643"},"modified":"2025-07-03T16:43:28","modified_gmt":"2025-07-03T07:43:28","slug":"tours","status":"publish","type":"page","link":"https:\/\/roadbikerentaljapan.com\/fr\/tours\/","title":{"rendered":"Les visites guid\u00e9es"},"content":{"rendered":"<div class=\"wp-block-group alignfull has-text-color has-background is-layout-flow wp-block-group-is-layout-flow\" style=\"color:#000000;background-color:#ffffff\">\n<div class=\"wp-block-columns alignwide is-layout-flex wp-container-core-columns-is-layout-28f84493 wp-block-columns-is-layout-flex\">\n<div class=\"wp-block-column is-layout-flow wp-block-column-is-layout-flow\">\n<figure class=\"wp-block-image size-large\"><img loading=\"lazy\" decoding=\"async\" width=\"768\" height=\"1024\" src=\"https:\/\/roadbikerentaljapan.com\/wp-content\/uploads\/2025\/02\/Bike-Tour-Osaka-768x1024.jpeg\" alt=\"Cycliste profitant de la visite du port d&#039;Osaka par RBRJ. Circuits cyclistes \u00e0 Osaka\" class=\"wp-image-2303\" style=\"aspect-ratio:1;object-fit:cover\" srcset=\"https:\/\/roadbikerentaljapan.com\/wp-content\/uploads\/2025\/02\/Bike-Tour-Osaka-768x1024.jpeg 768w, https:\/\/roadbikerentaljapan.com\/wp-content\/uploads\/2025\/02\/Bike-Tour-Osaka-225x300.jpeg 225w, https:\/\/roadbikerentaljapan.com\/wp-content\/uploads\/2025\/02\/Bike-Tour-Osaka-1152x1536.jpeg 1152w, https:\/\/roadbikerentaljapan.com\/wp-content\/uploads\/2025\/02\/Bike-Tour-Osaka-1536x2048.jpeg 1536w, https:\/\/roadbikerentaljapan.com\/wp-content\/uploads\/2025\/02\/Bike-Tour-Osaka-9x12.jpeg 9w, https:\/\/roadbikerentaljapan.com\/wp-content\/uploads\/2025\/02\/Bike-Tour-Osaka-600x800.jpeg 600w, https:\/\/roadbikerentaljapan.com\/wp-content\/uploads\/2025\/02\/Bike-Tour-Osaka-scaled.jpeg 1920w\" sizes=\"auto, (max-width: 768px) 100vw, 768px\" \/><\/figure>\n\n\n\n<h3 class=\"wp-block-heading has-text-align-center margin-bottom-half\" id=\"flowers\" style=\"font-size:35px;line-height:1.26\">Cyclotourisme \u00e0 Osaka<\/h3>\n\n\n\n<p class=\"margin-top-half\" style=\"font-size:17px;line-height:1.65\">Vous souhaitez d\u00e9couvrir davantage Osaka ? Vous voulez sortir un peu plus de la ville ? Peut-\u00eatre voulez-vous simplement aller plus loin que les trains, les bus ou les voitures ne peuvent vous emmener. Consultez Road Bike Rental Japan Osaka Cycle tours !<\/p>\n\n\n\n<div class=\"wp-block-buttons is-content-justification-center is-layout-flex wp-container-core-buttons-is-layout-a89b3969 wp-block-buttons-is-layout-flex\">\n<div class=\"wp-block-button\"><a class=\"wp-block-button__link has-luminous-vivid-orange-background-color has-text-color has-background wp-element-button\" href=\"https:\/\/roadbikerentaljapan.com\/fr\/tours\/osaka-area-tours\/\" style=\"border-radius:2px;color:#000000\">Voir plus<\/a><\/div>\n<\/div>\n<\/div>\n\n\n\n<div class=\"wp-block-column is-layout-flow wp-block-column-is-layout-flow\">\n<figure class=\"wp-block-image size-large\"><img loading=\"lazy\" decoding=\"async\" width=\"768\" height=\"1024\" src=\"https:\/\/roadbikerentaljapan.com\/wp-content\/uploads\/2025\/02\/Private-and-Customized-Bike-Tour-in-Kyoto-768x1024.jpeg\" alt=\"Explorez Kyoto \u00e0 v\u00e9lo, y compris les collines du Nord et au-del\u00e0. Excursions \u00e0 v\u00e9lo \u00e0 Kyoto.\" class=\"wp-image-2328\" style=\"aspect-ratio:1;object-fit:cover\" srcset=\"https:\/\/roadbikerentaljapan.com\/wp-content\/uploads\/2025\/02\/Private-and-Customized-Bike-Tour-in-Kyoto-768x1024.jpeg 768w, https:\/\/roadbikerentaljapan.com\/wp-content\/uploads\/2025\/02\/Private-and-Customized-Bike-Tour-in-Kyoto-225x300.jpeg 225w, https:\/\/roadbikerentaljapan.com\/wp-content\/uploads\/2025\/02\/Private-and-Customized-Bike-Tour-in-Kyoto-1152x1536.jpeg 1152w, https:\/\/roadbikerentaljapan.com\/wp-content\/uploads\/2025\/02\/Private-and-Customized-Bike-Tour-in-Kyoto-1536x2048.jpeg 1536w, https:\/\/roadbikerentaljapan.com\/wp-content\/uploads\/2025\/02\/Private-and-Customized-Bike-Tour-in-Kyoto-9x12.jpeg 9w, https:\/\/roadbikerentaljapan.com\/wp-content\/uploads\/2025\/02\/Private-and-Customized-Bike-Tour-in-Kyoto-600x800.jpeg 600w, https:\/\/roadbikerentaljapan.com\/wp-content\/uploads\/2025\/02\/Private-and-Customized-Bike-Tour-in-Kyoto-scaled.jpeg 1920w\" sizes=\"auto, (max-width: 768px) 100vw, 768px\" \/><\/figure>\n\n\n\n<h3 class=\"wp-block-heading has-text-align-center margin-bottom-half\" id=\"insects\" style=\"font-size:35px;line-height:1.26\">Kyoto Cyclotourisme<\/h3>\n\n\n\n<p class=\"margin-top-half\" style=\"font-size:17px;line-height:1.65\">Kyoto regorge de jours et de jours de visites et de merveilles. Et ce n'est qu'\u00e0 l'int\u00e9rieur de la ville. Rejoignez RBRJ pour un tour \u00e0 v\u00e9lo qui vous permettra d'\u00e9largir vos possibilit\u00e9s et d'exp\u00e9rimenter la puret\u00e9 de Kyoto. <\/p>\n\n\n\n<div class=\"wp-block-buttons is-content-justification-center is-layout-flex wp-container-core-buttons-is-layout-a89b3969 wp-block-buttons-is-layout-flex\">\n<div class=\"wp-block-button\"><a class=\"wp-block-button__link has-luminous-vivid-orange-background-color has-text-color has-background wp-element-button\" href=\"https:\/\/roadbikerentaljapan.com\/fr\/tours\/kyoto-area-tours\/\" style=\"border-radius:2px;color:#000000\">Voir plus<\/a><\/div>\n<\/div>\n<\/div>\n<\/div>\n<\/div>","protected":false},"excerpt":{"rendered":"<p>Osaka Cycle Tours Interested in seeing more of Osaka? Trying to get a bit more outside of the city? Maybe [&hellip;]<\/p>\n","protected":false},"author":1,"featured_media":0,"parent":0,"menu_order":3,"comment_status":"closed","ping_status":"closed","template":"","meta":{"content-type":"","_uag_custom_page_level_css":"","site-sidebar-layout":"default","site-content-layout":"","ast-site-content-layout":"default","site-content-style":"default","site-sidebar-style":"default","ast-global-header-display":"","ast-banner-title-visibility":"","ast-main-header-display":"","ast-hfb-above-header-display":"","ast-hfb-below-header-display":"","ast-hfb-mobile-header-display":"","site-post-title":"","ast-breadcrumbs-content":"","ast-featured-img":"","footer-sml-layout":"","ast-disable-related-posts":"","theme-transparent-header-meta":"","adv-header-id-meta":"","stick-header-meta":"","header-above-stick-meta":"","header-main-stick-meta":"","header-below-stick-meta":"","astra-migrate-meta-layouts":"default","ast-page-background-enabled":"default","ast-page-background-meta":{"desktop":{"background-color":"var(--ast-global-color-4)","background-image":"","background-repeat":"repeat","background-position":"center center","background-size":"auto","background-attachment":"scroll","background-type":"","background-media":"","overlay-type":"","overlay-color":"","overlay-opacity":"","overlay-gradient":""},"tablet":{"background-color":"","background-image":"","background-repeat":"repeat","background-position":"center center","background-size":"auto","background-attachment":"scroll","background-type":"","background-media":"","overlay-type":"","overlay-color":"","overlay-opacity":"","overlay-gradient":""},"mobile":{"background-color":"","background-image":"","background-repeat":"repeat","background-position":"center center","background-size":"auto","background-attachment":"scroll","background-type":"","background-media":"","overlay-type":"","overlay-color":"","overlay-opacity":"","overlay-gradient":""}},"ast-content-background-meta":{"desktop":{"background-color":"var(--ast-global-color-5)","background-image":"","background-repeat":"repeat","background-position":"center center","background-size":"auto","background-attachment":"scroll","background-type":"","background-media":"","overlay-type":"","overlay-color":"","overlay-opacity":"","overlay-gradient":""},"tablet":{"background-color":"var(--ast-global-color-5)","background-image":"","background-repeat":"repeat","background-position":"center center","background-size":"auto","background-attachment":"scroll","background-type":"","background-media":"","overlay-type":"","overlay-color":"","overlay-opacity":"","overlay-gradient":""},"mobile":{"background-color":"var(--ast-global-color-5)","background-image":"","background-repeat":"repeat","background-position":"center center","background-size":"auto","background-attachment":"scroll","background-type":"","background-media":"","overlay-type":"","overlay-color":"","overlay-opacity":"","overlay-gradient":""}},"footnotes":""},"class_list":["post-2643","page","type-page","status-publish","hentry"],"yoast_head":"<!-- This site is optimized with the Yoast SEO Premium plugin v27.5 (Yoast SEO v27.5) - https:\/\/yoast.com\/product\/yoast-seo-premium-wordpress\/ -->\n<title>Kansai Cycle Tours - Road Bike Rental Japan<\/title>\n<meta name=\"description\" content=\"Kansai cycle tours. Looking to explore more of Osaka, Kyoto, Lake Biwa and the surrounding area? Do it on a road or tour bike with RBRJ.\" \/>\n<meta name=\"robots\" content=\"index, follow, max-snippet:-1, max-image-preview:large, max-video-preview:-1\" \/>\n<link rel=\"canonical\" href=\"https:\/\/roadbikerentaljapan.com\/fr\/tours\/\" \/>\n<meta property=\"og:locale\" content=\"fr_FR\" \/>\n<meta property=\"og:type\" content=\"article\" \/>\n<meta property=\"og:title\" content=\"Tours\" \/>\n<meta property=\"og:description\" content=\"Kansai cycle tours. Looking to explore more of Osaka, Kyoto, Lake Biwa and the surrounding area? Do it on a road or tour bike with RBRJ.\" \/>\n<meta property=\"og:url\" content=\"https:\/\/roadbikerentaljapan.com\/fr\/tours\/\" \/>\n<meta property=\"og:site_name\" content=\"Road Bike Rental Japan\" \/>\n<meta property=\"article:publisher\" content=\"https:\/\/www.facebook.com\/roadbikerentalJPN\" \/>\n<meta property=\"article:modified_time\" content=\"2025-07-03T07:43:28+00:00\" \/>\n<meta property=\"og:image\" content=\"https:\/\/roadbikerentaljapan.com\/wp-content\/uploads\/2025\/02\/Bike-Tour-Osaka-scaled.jpeg\" \/>\n\t<meta property=\"og:image:width\" content=\"1920\" \/>\n\t<meta property=\"og:image:height\" content=\"2560\" \/>\n\t<meta property=\"og:image:type\" content=\"image\/jpeg\" \/>\n<meta name=\"twitter:card\" content=\"summary_large_image\" \/>\n<meta name=\"twitter:site\" content=\"@cyclinginjpn\" \/>\n<meta name=\"twitter:label1\" content=\"Dur\u00e9e de lecture estim\u00e9e\" \/>\n\t<meta name=\"twitter:data1\" content=\"1 minute\" \/>\n<script type=\"application\/ld+json\" class=\"yoast-schema-graph\">{\"@context\":\"https:\\\/\\\/schema.org\",\"@graph\":[{\"@type\":\"WebPage\",\"@id\":\"https:\\\/\\\/roadbikerentaljapan.com\\\/tours\\\/\",\"url\":\"https:\\\/\\\/roadbikerentaljapan.com\\\/tours\\\/\",\"name\":\"Kansai Cycle Tours - Road Bike Rental Japan\",\"isPartOf\":{\"@id\":\"https:\\\/\\\/roadbikerentaljapan.com\\\/#website\"},\"primaryImageOfPage\":{\"@id\":\"https:\\\/\\\/roadbikerentaljapan.com\\\/tours\\\/#primaryimage\"},\"image\":{\"@id\":\"https:\\\/\\\/roadbikerentaljapan.com\\\/tours\\\/#primaryimage\"},\"thumbnailUrl\":\"https:\\\/\\\/roadbikerentaljapan.com\\\/wp-content\\\/uploads\\\/2025\\\/02\\\/Bike-Tour-Osaka-768x1024.jpeg\",\"datePublished\":\"2025-07-03T07:11:23+00:00\",\"dateModified\":\"2025-07-03T07:43:28+00:00\",\"description\":\"Kansai cycle tours. Looking to explore more of Osaka, Kyoto, Lake Biwa and the surrounding area? Do it on a road or tour bike with RBRJ.\",\"breadcrumb\":{\"@id\":\"https:\\\/\\\/roadbikerentaljapan.com\\\/tours\\\/#breadcrumb\"},\"inLanguage\":\"fr-FR\",\"potentialAction\":[{\"@type\":\"ReadAction\",\"target\":[\"https:\\\/\\\/roadbikerentaljapan.com\\\/tours\\\/\"]}]},{\"@type\":\"ImageObject\",\"inLanguage\":\"fr-FR\",\"@id\":\"https:\\\/\\\/roadbikerentaljapan.com\\\/tours\\\/#primaryimage\",\"url\":\"https:\\\/\\\/roadbikerentaljapan.com\\\/wp-content\\\/uploads\\\/2025\\\/02\\\/Bike-Tour-Osaka-768x1024.jpeg\",\"contentUrl\":\"https:\\\/\\\/roadbikerentaljapan.com\\\/wp-content\\\/uploads\\\/2025\\\/02\\\/Bike-Tour-Osaka-768x1024.jpeg\"},{\"@type\":\"BreadcrumbList\",\"@id\":\"https:\\\/\\\/roadbikerentaljapan.com\\\/tours\\\/#breadcrumb\",\"itemListElement\":[{\"@type\":\"ListItem\",\"position\":1,\"name\":\"Home\",\"item\":\"https:\\\/\\\/roadbikerentaljapan.com\\\/\"},{\"@type\":\"ListItem\",\"position\":2,\"name\":\"Tours\"}]},{\"@type\":\"WebSite\",\"@id\":\"https:\\\/\\\/roadbikerentaljapan.com\\\/#website\",\"url\":\"https:\\\/\\\/roadbikerentaljapan.com\\\/\",\"name\":\"Road Bike Rental Japan\",\"description\":\"Cycling in Japan\",\"publisher\":{\"@id\":\"https:\\\/\\\/roadbikerentaljapan.com\\\/#organization\"},\"alternateName\":\"RBRJ\",\"potentialAction\":[{\"@type\":\"SearchAction\",\"target\":{\"@type\":\"EntryPoint\",\"urlTemplate\":\"https:\\\/\\\/roadbikerentaljapan.com\\\/?s={search_term_string}\"},\"query-input\":{\"@type\":\"PropertyValueSpecification\",\"valueRequired\":true,\"valueName\":\"search_term_string\"}}],\"inLanguage\":\"fr-FR\"},{\"@type\":\"Organization\",\"@id\":\"https:\\\/\\\/roadbikerentaljapan.com\\\/#organization\",\"name\":\"Road Bike Rental Japan LLC\",\"alternateName\":\"Road Bike Rental Japan LLC\",\"url\":\"https:\\\/\\\/roadbikerentaljapan.com\\\/\",\"logo\":{\"@type\":\"ImageObject\",\"inLanguage\":\"fr-FR\",\"@id\":\"https:\\\/\\\/roadbikerentaljapan.com\\\/#\\\/schema\\\/logo\\\/image\\\/\",\"url\":\"https:\\\/\\\/roadbikerentaljapan.com\\\/wp-content\\\/uploads\\\/2024\\\/08\\\/cropped-HiRez-Web-Banner-2024-300-x-100-px.png\",\"contentUrl\":\"https:\\\/\\\/roadbikerentaljapan.com\\\/wp-content\\\/uploads\\\/2024\\\/08\\\/cropped-HiRez-Web-Banner-2024-300-x-100-px.png\",\"width\":300,\"height\":100,\"caption\":\"Road Bike Rental Japan LLC\"},\"image\":{\"@id\":\"https:\\\/\\\/roadbikerentaljapan.com\\\/#\\\/schema\\\/logo\\\/image\\\/\"},\"sameAs\":[\"https:\\\/\\\/www.facebook.com\\\/roadbikerentalJPN\",\"https:\\\/\\\/x.com\\\/cyclinginjpn\",\"https:\\\/\\\/www.youtube.com\\\/@cyclinginjpn\"],\"email\":\"info@roadbikerentaljapan.com\",\"telephone\":\"+815017228801\",\"legalName\":\"\u5408\u540c\u4f1a\u793e\u30ed\u30fc\u30c9\u30d0\u30a4\u30af\u30ec\u30f3\u30bf\u30eb\u30b8\u30e3\u30d1\u30f3\",\"foundingDate\":\"2022-12-19\",\"numberOfEmployees\":{\"@type\":\"QuantitativeValue\",\"minValue\":\"1\",\"maxValue\":\"10\"}}]}<\/script>\n<!-- \/ Yoast SEO Premium plugin. -->","yoast_head_json":{"title":"Kansai Cycle Tours - Location de v\u00e9los de route Japon","description":"Excursions \u00e0 v\u00e9lo dans le Kansai. Vous souhaitez explorer davantage Osaka, Kyoto, le lac Biwa et les environs ? Faites-le sur un v\u00e9lo de route ou de randonn\u00e9e avec RBRJ.","robots":{"index":"index","follow":"follow","max-snippet":"max-snippet:-1","max-image-preview":"max-image-preview:large","max-video-preview":"max-video-preview:-1"},"canonical":"https:\/\/roadbikerentaljapan.com\/fr\/tours\/","og_locale":"fr_FR","og_type":"article","og_title":"Tours","og_description":"Kansai cycle tours. Looking to explore more of Osaka, Kyoto, Lake Biwa and the surrounding area? Do it on a road or tour bike with RBRJ.","og_url":"https:\/\/roadbikerentaljapan.com\/fr\/tours\/","og_site_name":"Road Bike Rental Japan","article_publisher":"https:\/\/www.facebook.com\/roadbikerentalJPN","article_modified_time":"2025-07-03T07:43:28+00:00","og_image":[{"width":1920,"height":2560,"url":"https:\/\/roadbikerentaljapan.com\/wp-content\/uploads\/2025\/02\/Bike-Tour-Osaka-scaled.jpeg","type":"image\/jpeg"}],"twitter_card":"summary_large_image","twitter_site":"@cyclinginjpn","twitter_misc":{"Dur\u00e9e de lecture estim\u00e9e":"1 minute"},"schema":{"@context":"https:\/\/schema.org","@graph":[{"@type":"WebPage","@id":"https:\/\/roadbikerentaljapan.com\/tours\/","url":"https:\/\/roadbikerentaljapan.com\/tours\/","name":"Kansai Cycle Tours - Location de v\u00e9los de route Japon","isPartOf":{"@id":"https:\/\/roadbikerentaljapan.com\/#website"},"primaryImageOfPage":{"@id":"https:\/\/roadbikerentaljapan.com\/tours\/#primaryimage"},"image":{"@id":"https:\/\/roadbikerentaljapan.com\/tours\/#primaryimage"},"thumbnailUrl":"https:\/\/roadbikerentaljapan.com\/wp-content\/uploads\/2025\/02\/Bike-Tour-Osaka-768x1024.jpeg","datePublished":"2025-07-03T07:11:23+00:00","dateModified":"2025-07-03T07:43:28+00:00","description":"Excursions \u00e0 v\u00e9lo dans le Kansai. Vous souhaitez explorer davantage Osaka, Kyoto, le lac Biwa et les environs ? Faites-le sur un v\u00e9lo de route ou de randonn\u00e9e avec RBRJ.","breadcrumb":{"@id":"https:\/\/roadbikerentaljapan.com\/tours\/#breadcrumb"},"inLanguage":"fr-FR","potentialAction":[{"@type":"ReadAction","target":["https:\/\/roadbikerentaljapan.com\/tours\/"]}]},{"@type":"ImageObject","inLanguage":"fr-FR","@id":"https:\/\/roadbikerentaljapan.com\/tours\/#primaryimage","url":"https:\/\/roadbikerentaljapan.com\/wp-content\/uploads\/2025\/02\/Bike-Tour-Osaka-768x1024.jpeg","contentUrl":"https:\/\/roadbikerentaljapan.com\/wp-content\/uploads\/2025\/02\/Bike-Tour-Osaka-768x1024.jpeg"},{"@type":"BreadcrumbList","@id":"https:\/\/roadbikerentaljapan.com\/tours\/#breadcrumb","itemListElement":[{"@type":"ListItem","position":1,"name":"Home","item":"https:\/\/roadbikerentaljapan.com\/"},{"@type":"ListItem","position":2,"name":"Tours"}]},{"@type":"WebSite","@id":"https:\/\/roadbikerentaljapan.com\/#website","url":"https:\/\/roadbikerentaljapan.com\/","name":"Location de v\u00e9los de route Japon","description":"Cyclisme au Japon","publisher":{"@id":"https:\/\/roadbikerentaljapan.com\/#organization"},"alternateName":"RBRJ","potentialAction":[{"@type":"SearchAction","target":{"@type":"EntryPoint","urlTemplate":"https:\/\/roadbikerentaljapan.com\/?s={search_term_string}"},"query-input":{"@type":"PropertyValueSpecification","valueRequired":true,"valueName":"search_term_string"}}],"inLanguage":"fr-FR"},{"@type":"Organization","@id":"https:\/\/roadbikerentaljapan.com\/#organization","name":"Road Bike Rental Japan LLC","alternateName":"Road Bike Rental Japan LLC","url":"https:\/\/roadbikerentaljapan.com\/","logo":{"@type":"ImageObject","inLanguage":"fr-FR","@id":"https:\/\/roadbikerentaljapan.com\/#\/schema\/logo\/image\/","url":"https:\/\/roadbikerentaljapan.com\/wp-content\/uploads\/2024\/08\/cropped-HiRez-Web-Banner-2024-300-x-100-px.png","contentUrl":"https:\/\/roadbikerentaljapan.com\/wp-content\/uploads\/2024\/08\/cropped-HiRez-Web-Banner-2024-300-x-100-px.png","width":300,"height":100,"caption":"Road Bike Rental Japan LLC"},"image":{"@id":"https:\/\/roadbikerentaljapan.com\/#\/schema\/logo\/image\/"},"sameAs":["https:\/\/www.facebook.com\/roadbikerentalJPN","https:\/\/x.com\/cyclinginjpn","https:\/\/www.youtube.com\/@cyclinginjpn"],"email":"info@roadbikerentaljapan.com","telephone":"+815017228801","legalName":"\u5408\u540c\u4f1a\u793e\u30ed\u30fc\u30c9\u30d0\u30a4\u30af\u30ec\u30f3\u30bf\u30eb\u30b8\u30e3\u30d1\u30f3","foundingDate":"2022-12-19","numberOfEmployees":{"@type":"QuantitativeValue","minValue":"1","maxValue":"10"}}]}},"uagb_featured_image_src":{"full":false,"thumbnail":false,"medium":false,"medium_large":false,"large":false,"1536x1536":false,"2048x2048":false,"trp-custom-language-flag":false},"uagb_author_info":{"display_name":"rbrj2024","author_link":"https:\/\/roadbikerentaljapan.com\/fr\/author\/rbrj2024\/"},"uagb_comment_info":0,"uagb_excerpt":"Osaka Cycle Tours Interested in seeing more of Osaka? Trying to get a bit more outside of the city? Maybe [&hellip;]","_links":{"self":[{"href":"https:\/\/roadbikerentaljapan.com\/fr\/wp-json\/wp\/v2\/pages\/2643","targetHints":{"allow":["GET"]}}],"collection":[{"href":"https:\/\/roadbikerentaljapan.com\/fr\/wp-json\/wp\/v2\/pages"}],"about":[{"href":"https:\/\/roadbikerentaljapan.com\/fr\/wp-json\/wp\/v2\/types\/page"}],"author":[{"embeddable":true,"href":"https:\/\/roadbikerentaljapan.com\/fr\/wp-json\/wp\/v2\/users\/1"}],"replies":[{"embeddable":true,"href":"https:\/\/roadbikerentaljapan.com\/fr\/wp-json\/wp\/v2\/comments?post=2643"}],"version-history":[{"count":0,"href":"https:\/\/roadbikerentaljapan.com\/fr\/wp-json\/wp\/v2\/pages\/2643\/revisions"}],"wp:attachment":[{"href":"https:\/\/roadbikerentaljapan.com\/fr\/wp-json\/wp\/v2\/media?parent=2643"}],"curies":[{"name":"wp","href":"https:\/\/api.w.org\/{rel}","templated":true}]}}