{"id":2657,"date":"2025-07-06T14:13:28","date_gmt":"2025-07-06T05:13:28","guid":{"rendered":"https:\/\/roadbikerentaljapan.com\/?page_id=2657"},"modified":"2025-09-20T11:00:19","modified_gmt":"2025-09-20T02:00:19","slug":"circuit-cycliste-de-kyoto-explorer-higashiyama-circuit-cycliste-de-yamashina","status":"publish","type":"page","link":"https:\/\/roadbikerentaljapan.com\/fr\/kyoto-cycle-tour-explore-higashiyama-yamashina-cycle-tour\/","title":{"rendered":"Kyoto Cycle Tour - Promenade pittoresque sur la rivi\u00e8re \u00e0 l'est de Kyoto"},"content":{"rendered":"<div class=\"wp-block-group alignfull is-content-justification-center is-layout-constrained wp-container-core-group-is-layout-df757ecc wp-block-group-is-layout-constrained\" style=\"margin-top:0;margin-bottom:0;padding-top:calc( 0.5 * var(--wp--style--root--padding-right, var(--wp--custom--gap--horizontal)));padding-right:var(--wp--style--root--padding-right, var(--wp--custom--gap--horizontal));padding-bottom:calc( 0.5 * var(--wp--style--root--padding-right, var(--wp--custom--gap--horizontal)));padding-left:var(--wp--style--root--padding-left, var(--wp--custom--gap--horizontal))\">\n<div style=\"height:calc( 0.25 * var(--wp--style--root--padding-right, var(--wp--custom--gap--horizontal)))\" aria-hidden=\"true\" class=\"wp-block-spacer\"><\/div>\n\n\n\n<div class=\"wp-block-cover alignfull is-light wp-duotone-grayscale\" style=\"margin-top:0;margin-bottom:0;padding-top:3%;padding-right:0%;padding-bottom:10%;padding-left:5%;min-height:600px;aspect-ratio:unset;\"><img loading=\"lazy\" decoding=\"async\" width=\"1024\" height=\"768\" class=\"wp-block-cover__image-background wp-image-2017 size-large\" alt=\"Profitez des paysages et des sites touristiques \u00e0 v\u00e9lo \u00e0 Kyoto.\" src=\"https:\/\/roadbikerentaljapan.com\/wp-content\/uploads\/2024\/11\/Kyoto-Tour-Heian-Jingu-1024x768.jpeg\" data-object-fit=\"cover\" srcset=\"https:\/\/roadbikerentaljapan.com\/wp-content\/uploads\/2024\/11\/Kyoto-Tour-Heian-Jingu-1024x768.jpeg 1024w, https:\/\/roadbikerentaljapan.com\/wp-content\/uploads\/2024\/11\/Kyoto-Tour-Heian-Jingu-300x225.jpeg 300w, https:\/\/roadbikerentaljapan.com\/wp-content\/uploads\/2024\/11\/Kyoto-Tour-Heian-Jingu-768x576.jpeg 768w, https:\/\/roadbikerentaljapan.com\/wp-content\/uploads\/2024\/11\/Kyoto-Tour-Heian-Jingu-16x12.jpeg 16w, https:\/\/roadbikerentaljapan.com\/wp-content\/uploads\/2024\/11\/Kyoto-Tour-Heian-Jingu-600x450.jpeg 600w, https:\/\/roadbikerentaljapan.com\/wp-content\/uploads\/2024\/11\/Kyoto-Tour-Heian-Jingu.jpeg 1280w\" sizes=\"auto, (max-width: 1024px) 100vw, 1024px\" \/><span aria-hidden=\"true\" class=\"wp-block-cover__background has-background-dim\" style=\"background-color:#7e8595\"><\/span><div class=\"wp-block-cover__inner-container is-layout-flow wp-container-core-cover-is-layout-afcb1702 wp-block-cover-is-layout-flow\">\n<h1 class=\"wp-block-heading has-ast-global-color-5-color has-text-color has-link-color wp-elements-40793b5765c22f5dae2a0dc9eda50358\" id=\"h-kyoto-cycle-tour-scenic-riverside-ride-in-east-kyoto\">Kyoto Cycle Tour - Promenade pittoresque sur la rivi\u00e8re \u00e0 l'est de Kyoto<\/h1>\n\n\n\n<p class=\"has-ast-global-color-5-color has-text-color has-link-color wp-elements-637919b5a496867d3e7d05e514e82ddf\">D\u00e9couvrez le c\u00f4t\u00e9 paisible de Kyoto et perdez-vous dans certains des quartiers les plus anciens en vous aventurant \u00e0 bicyclette sur le circuit Higashiyama et Yamashina de RBRJ.<\/p>\n\n\n\n<div class=\"wp-block-buttons is-content-justification-left is-layout-flex wp-container-core-buttons-is-layout-f85521c7 wp-block-buttons-is-layout-flex\" style=\"margin-top:var(--wp--preset--spacing--30);margin-bottom:var(--wp--preset--spacing--30)\">\n<div class=\"wp-block-button\"><a class=\"wp-block-button__link wp-element-button\" href=\"https:\/\/widgets.bokun.io\/online-sales\/fbbfae9c-c197-4114-842e-b0f251c6fa43\/experience\/921019\" target=\"_blank\" rel=\"noreferrer noopener\">Participer \u00e0 une randonn\u00e9e en groupe (public)<\/a><\/div>\n\n\n\n<div class=\"wp-block-button\"><a class=\"wp-block-button__link wp-element-button\" href=\"https:\/\/widgets.bokun.io\/online-sales\/fbbfae9c-c197-4114-842e-b0f251c6fa43\/experience\/1078118\" target=\"_blank\" rel=\"noreferrer noopener\">R\u00e9servez une balade en solo ou en groupe<\/a><\/div>\n<\/div>\n<\/div><\/div>\n\n\n\n<div style=\"height:calc( 0.25 * var(--wp--style--root--padding-right, var(--wp--custom--gap--horizontal)))\" aria-hidden=\"true\" class=\"wp-block-spacer\"><\/div>\n<\/div>\n\n\n\n<p><strong>Description de la visite<\/strong><\/p>\n\n\n\n<p>Au d\u00e9part de RBRJ Kyoto, nous nous rendons \u00e0 Fushimi Inari pour un arr\u00eat facultatif le long de la route vers Tofuku-ji. \u00c0 Tofuku-ji, nous avons la possibilit\u00e9 de nous promener dans le parc ou de faire du v\u00e9lo autour des murs impressionnants avant de rejoindre l'embl\u00e9matique et bien-aim\u00e9e rivi\u00e8re Kamo. En p\u00e9dalant vers le nord le long de la rivi\u00e8re, vous serez absorb\u00e9 par l'atmosph\u00e8re de Kyoto.<\/p>\n\n\n\n<p>Nous quitterons le sentier de la rivi\u00e8re Kamo pr\u00e8s de Reisen Dori et passerons devant le sanctuaire Heian-Jingu Shinto, visuellement saisissant, pour nous rendre au majestueux et serein Nanzen-ji, nich\u00e9 dans les contreforts bois\u00e9s de la montagne Higashiyama. Nous garerons les v\u00e9los et nous nous prom\u00e8nerons dans le complexe spirituel du Nanzen-ji. <\/p>\n\n\n\n<p>Apr\u00e8s Nanzen-ji, il y a une petite mont\u00e9e avant de descendre dans le quartier souvent n\u00e9glig\u00e9 de Yamashina. \u00c0 Yamashina, nous remontons la rivi\u00e8re Yamashina pour nous diriger vers le sud et revenir \u00e0 RRBJ Kyoto en passant par le quartier atmosph\u00e9rique de Chushojima, r\u00e9put\u00e9 pour son brassage de sak\u00e9 et son charmant canal.<\/p>\n\n\n\n<p><br> <\/p>\n\n\n\t\t\t\t\t<div\n\t\t\t\t\t\tclass=\"wp-block-uagb-image-gallery uagb-block-b9416090\"\n\t\t\t\t\t\tstyle=\"\"\n\t\t\t\t\t>\n\t\t\t\t\t\t\t\t\t\t\t<div class=\"spectra-image-gallery spectra-image-gallery__layout--grid spectra-image-gallery__layout--grid-col-3 spectra-image-gallery__layout--grid-col-tab-3 spectra-image-gallery__layout--grid-col-mob-2\">\n\t\t\t\t\t\t\t\t\t\t\t<div class='spectra-image-gallery__media-wrapper' data-spectra-gallery-image-id='2316' tabindex=\"0\">\n\t\t\t\t\t\t\t<div class=\"spectra-image-gallery__media spectra-image-gallery__media--grid\">\n\t\t\t\t<picture>\n\t\t\t\t\t<source media=\"(min-width: 1024px)\" srcset=\"https:\/\/roadbikerentaljapan.com\/wp-content\/uploads\/2025\/02\/Group-Bike-Tour-Kyoto-1024x768.jpeg\">\n\t\t\t\t\t<source media=\"(min-width: 768px)\" srcset=\"https:\/\/roadbikerentaljapan.com\/wp-content\/uploads\/2025\/02\/Group-Bike-Tour-Kyoto-1024x768.jpeg\">\n\t\t\t\t\t<img decoding=\"async\" class=\"spectra-image-gallery__media-thumbnail spectra-image-gallery__media-thumbnail--grid\" src=\"https:\/\/roadbikerentaljapan.com\/wp-content\/uploads\/2025\/02\/Group-Bike-Tour-Kyoto-300x225.jpeg\" alt=\"\" loading=\"lazy\" \/>\n\t\t\t\t<\/picture>\n\t\t\t\t<div class=\"spectra-image-gallery__media-thumbnail-blurrer\"><\/div>\n\t\t\t\t\t\t\t\t\t\t\t<div class=\"spectra-image-gallery__media-thumbnail-caption-wrapper spectra-image-gallery__media-thumbnail-caption-wrapper--overlay\">\n\t\t\t\t\t\t\t\t\t\t\t<div class=\"spectra-image-gallery__media-thumbnail-caption spectra-image-gallery__media-thumbnail-caption--overlay\">\n\t\t\t\t\tPromenade pittoresque sur la rivi\u00e8re \u00e0 l'est de Kyoto\t\t\t\t<\/div>\n\t\t\t\t\t\t\t\t\t\t<\/div>\n\t\t\t\t\t\t\t\t\t<\/div>\n\t\t\t\t\t\t<\/div>\n\t\t\t\t\t\t<div class='spectra-image-gallery__media-wrapper' data-spectra-gallery-image-id='2314' tabindex=\"0\">\n\t\t\t\t\t\t\t<div class=\"spectra-image-gallery__media spectra-image-gallery__media--grid\">\n\t\t\t\t<picture>\n\t\t\t\t\t<source media=\"(min-width: 1024px)\" srcset=\"https:\/\/roadbikerentaljapan.com\/wp-content\/uploads\/2025\/02\/Exploring-Temples-by-bike-in-Kyoto-1024x768.jpeg\">\n\t\t\t\t\t<source media=\"(min-width: 768px)\" srcset=\"https:\/\/roadbikerentaljapan.com\/wp-content\/uploads\/2025\/02\/Exploring-Temples-by-bike-in-Kyoto-1024x768.jpeg\">\n\t\t\t\t\t<img decoding=\"async\" class=\"spectra-image-gallery__media-thumbnail spectra-image-gallery__media-thumbnail--grid\" src=\"https:\/\/roadbikerentaljapan.com\/wp-content\/uploads\/2025\/02\/Exploring-Temples-by-bike-in-Kyoto-300x225.jpeg\" alt=\"\" loading=\"lazy\" \/>\n\t\t\t\t<\/picture>\n\t\t\t\t<div class=\"spectra-image-gallery__media-thumbnail-blurrer\"><\/div>\n\t\t\t\t\t\t\t\t\t\t\t<div class=\"spectra-image-gallery__media-thumbnail-caption-wrapper spectra-image-gallery__media-thumbnail-caption-wrapper--overlay\">\n\t\t\t\t\t\t\t\t\t\t\t<div class=\"spectra-image-gallery__media-thumbnail-caption spectra-image-gallery__media-thumbnail-caption--overlay\">\n\t\t\t\t\tPromenade pittoresque sur la rivi\u00e8re \u00e0 l'est de Kyoto\t\t\t\t<\/div>\n\t\t\t\t\t\t\t\t\t\t<\/div>\n\t\t\t\t\t\t\t\t\t<\/div>\n\t\t\t\t\t\t<\/div>\n\t\t\t\t\t\t<div class='spectra-image-gallery__media-wrapper' data-spectra-gallery-image-id='2068' tabindex=\"0\">\n\t\t\t\t\t\t\t<div class=\"spectra-image-gallery__media spectra-image-gallery__media--grid\">\n\t\t\t\t<picture>\n\t\t\t\t\t<source media=\"(min-width: 1024px)\" srcset=\"https:\/\/roadbikerentaljapan.com\/wp-content\/uploads\/2024\/12\/FushimiCanal-1024x768.jpeg\">\n\t\t\t\t\t<source media=\"(min-width: 768px)\" srcset=\"https:\/\/roadbikerentaljapan.com\/wp-content\/uploads\/2024\/12\/FushimiCanal-1024x768.jpeg\">\n\t\t\t\t\t<img decoding=\"async\" class=\"spectra-image-gallery__media-thumbnail spectra-image-gallery__media-thumbnail--grid\" src=\"https:\/\/roadbikerentaljapan.com\/wp-content\/uploads\/2024\/12\/FushimiCanal-300x225.jpeg\" alt=\"\" loading=\"lazy\" \/>\n\t\t\t\t<\/picture>\n\t\t\t\t<div class=\"spectra-image-gallery__media-thumbnail-blurrer\"><\/div>\n\t\t\t\t\t\t\t\t\t\t\t<div class=\"spectra-image-gallery__media-thumbnail-caption-wrapper spectra-image-gallery__media-thumbnail-caption-wrapper--overlay\">\n\t\t\t\t\t\t\t\t\t\t\t<div class=\"spectra-image-gallery__media-thumbnail-caption spectra-image-gallery__media-thumbnail-caption--overlay\">\n\t\t\t\t\tPromenade pittoresque sur la rivi\u00e8re \u00e0 l'est de Kyoto\t\t\t\t<\/div>\n\t\t\t\t\t\t\t\t\t\t<\/div>\n\t\t\t\t\t\t\t\t\t<\/div>\n\t\t\t\t\t\t<\/div>\n\t\t\t\t\t\t\t\t\t\t<\/div>\n\t\t\t\t\t\t\t\t\t\t\t\t\t\t\t\t\t\t<\/div>\n\t\t\t\t\t\t\t\t\t\n\n\n<p><\/p>\n\n\n\n<p><strong>Dates et heures de la tourn\u00e9e<\/strong>:<\/p>\n\n\n\n<p>Le matin : Rendez-vous \u00e0 9h15 et d\u00e9part \u00e0 v\u00e9lo \u00e0 9h30.<\/p>\n\n\n\n<p>D\u00e9part et arriv\u00e9e \u00e0&nbsp;<a href=\"https:\/\/roadbikerentaljapan.com\/fr\/locations\/contact-access-road-bike-rental-japan-kyoto\/\">Location de v\u00e9los de route Japon (Kyoto)<\/a><\/p>\n\n\n\n<p><strong>La visite comprend<\/strong><\/p>\n\n\n\n<ul class=\"wp-block-list\">\n<li>Guide touristique (parlant anglais et japonais)<\/li>\n\n\n\n<li>Itin\u00e9raire pr\u00e9\u00e9tabli<\/li>\n\n\n\n<li>Boissons - Caf\u00e9 et eau avant la course<\/li>\n\n\n\n<li>Casque (livr\u00e9 avec la r\u00e9servation du v\u00e9lo)<\/li>\n<\/ul>\n\n\n\n<p><\/p>\n\n\n\n<p><\/p>","protected":false},"excerpt":{"rendered":"<p>Tour Description Starting from RBRJ Kyoto, we make our way over to Fushimi Inari for an optional stop along the [&hellip;]<\/p>\n","protected":false},"author":1,"featured_media":0,"parent":0,"menu_order":0,"comment_status":"closed","ping_status":"closed","template":"","meta":{"content-type":"","_uag_custom_page_level_css":"","site-sidebar-layout":"default","site-content-layout":"","ast-site-content-layout":"default","site-content-style":"default","site-sidebar-style":"default","ast-global-header-display":"","ast-banner-title-visibility":"","ast-main-header-display":"","ast-hfb-above-header-display":"","ast-hfb-below-header-display":"","ast-hfb-mobile-header-display":"","site-post-title":"disabled","ast-breadcrumbs-content":"","ast-featured-img":"","footer-sml-layout":"","ast-disable-related-posts":"","theme-transparent-header-meta":"","adv-header-id-meta":"","stick-header-meta":"","header-above-stick-meta":"","header-main-stick-meta":"","header-below-stick-meta":"","astra-migrate-meta-layouts":"default","ast-page-background-enabled":"default","ast-page-background-meta":{"desktop":{"background-color":"var(--ast-global-color-4)","background-image":"","background-repeat":"repeat","background-position":"center center","background-size":"auto","background-attachment":"scroll","background-type":"","background-media":"","overlay-type":"","overlay-color":"","overlay-opacity":"","overlay-gradient":""},"tablet":{"background-color":"","background-image":"","background-repeat":"repeat","background-position":"center center","background-size":"auto","background-attachment":"scroll","background-type":"","background-media":"","overlay-type":"","overlay-color":"","overlay-opacity":"","overlay-gradient":""},"mobile":{"background-color":"","background-image":"","background-repeat":"repeat","background-position":"center center","background-size":"auto","background-attachment":"scroll","background-type":"","background-media":"","overlay-type":"","overlay-color":"","overlay-opacity":"","overlay-gradient":""}},"ast-content-background-meta":{"desktop":{"background-color":"var(--ast-global-color-5)","background-image":"","background-repeat":"repeat","background-position":"center center","background-size":"auto","background-attachment":"scroll","background-type":"","background-media":"","overlay-type":"","overlay-color":"","overlay-opacity":"","overlay-gradient":""},"tablet":{"background-color":"var(--ast-global-color-5)","background-image":"","background-repeat":"repeat","background-position":"center center","background-size":"auto","background-attachment":"scroll","background-type":"","background-media":"","overlay-type":"","overlay-color":"","overlay-opacity":"","overlay-gradient":""},"mobile":{"background-color":"var(--ast-global-color-5)","background-image":"","background-repeat":"repeat","background-position":"center center","background-size":"auto","background-attachment":"scroll","background-type":"","background-media":"","overlay-type":"","overlay-color":"","overlay-opacity":"","overlay-gradient":""}},"footnotes":""},"class_list":["post-2657","page","type-page","status-publish","hentry"],"yoast_head":"<!-- This site is optimized with the Yoast SEO Premium plugin v27.4 (Yoast SEO v27.4) - https:\/\/yoast.com\/product\/yoast-seo-premium-wordpress\/ -->\n<title>Kyoto Cycle Tour - Scenic Riverside Ride in East Kyoto<\/title>\n<meta name=\"description\" content=\"Cycle through Kyoto&#039;s rich culture and nature on this Kyoto Cycle Tour, visiting stunning places like the Heian-Jingu Shrine and Nanzen-ji.\" \/>\n<meta name=\"robots\" content=\"index, follow, max-snippet:-1, max-image-preview:large, max-video-preview:-1\" \/>\n<link rel=\"canonical\" href=\"https:\/\/roadbikerentaljapan.com\/fr\/circuit-cycliste-de-kyoto-explorer-higashiyama-circuit-cycliste-de-yamashina\/\" \/>\n<meta property=\"og:locale\" content=\"fr_FR\" \/>\n<meta property=\"og:type\" content=\"article\" \/>\n<meta property=\"og:title\" content=\"Kyoto Cycle Tour - Scenic Riverside Ride in East Kyoto\" \/>\n<meta property=\"og:description\" content=\"Cycle through Kyoto&#039;s rich culture and nature on this Kyoto Cycle Tour, visiting stunning places like the Heian-Jingu Shrine and Nanzen-ji.\" \/>\n<meta property=\"og:url\" content=\"https:\/\/roadbikerentaljapan.com\/fr\/circuit-cycliste-de-kyoto-explorer-higashiyama-circuit-cycliste-de-yamashina\/\" \/>\n<meta property=\"og:site_name\" content=\"Road Bike Rental Japan\" \/>\n<meta property=\"article:publisher\" content=\"https:\/\/www.facebook.com\/roadbikerentalJPN\" \/>\n<meta property=\"article:modified_time\" content=\"2025-09-20T02:00:19+00:00\" \/>\n<meta property=\"og:image\" content=\"https:\/\/roadbikerentaljapan.com\/wp-content\/uploads\/2024\/11\/Kyoto-Tour-Heian-Jingu.jpeg\" \/>\n\t<meta property=\"og:image:width\" content=\"1280\" \/>\n\t<meta property=\"og:image:height\" content=\"960\" \/>\n\t<meta property=\"og:image:type\" content=\"image\/jpeg\" \/>\n<meta name=\"twitter:card\" content=\"summary_large_image\" \/>\n<meta name=\"twitter:site\" content=\"@cyclinginjpn\" \/>\n<meta name=\"twitter:label1\" content=\"Dur\u00e9e de lecture estim\u00e9e\" \/>\n\t<meta name=\"twitter:data1\" content=\"2 minutes\" \/>\n<script type=\"application\/ld+json\" class=\"yoast-schema-graph\">{\"@context\":\"https:\\\/\\\/schema.org\",\"@graph\":[{\"@type\":\"WebPage\",\"@id\":\"https:\\\/\\\/roadbikerentaljapan.com\\\/kyoto-cycle-tour-explore-higashiyama-yamashina-cycle-tour\\\/\",\"url\":\"https:\\\/\\\/roadbikerentaljapan.com\\\/kyoto-cycle-tour-explore-higashiyama-yamashina-cycle-tour\\\/\",\"name\":\"Kyoto Cycle Tour - Scenic Riverside Ride in East Kyoto\",\"isPartOf\":{\"@id\":\"https:\\\/\\\/roadbikerentaljapan.com\\\/#website\"},\"primaryImageOfPage\":{\"@id\":\"https:\\\/\\\/roadbikerentaljapan.com\\\/kyoto-cycle-tour-explore-higashiyama-yamashina-cycle-tour\\\/#primaryimage\"},\"image\":{\"@id\":\"https:\\\/\\\/roadbikerentaljapan.com\\\/kyoto-cycle-tour-explore-higashiyama-yamashina-cycle-tour\\\/#primaryimage\"},\"thumbnailUrl\":\"https:\\\/\\\/roadbikerentaljapan.com\\\/wp-content\\\/uploads\\\/2024\\\/11\\\/Kyoto-Tour-Heian-Jingu-1024x768.jpeg\",\"datePublished\":\"2025-07-06T05:13:28+00:00\",\"dateModified\":\"2025-09-20T02:00:19+00:00\",\"description\":\"Cycle through Kyoto's rich culture and nature on this Kyoto Cycle Tour, visiting stunning places like the Heian-Jingu Shrine and Nanzen-ji.\",\"breadcrumb\":{\"@id\":\"https:\\\/\\\/roadbikerentaljapan.com\\\/kyoto-cycle-tour-explore-higashiyama-yamashina-cycle-tour\\\/#breadcrumb\"},\"inLanguage\":\"fr-FR\",\"potentialAction\":[{\"@type\":\"ReadAction\",\"target\":[\"https:\\\/\\\/roadbikerentaljapan.com\\\/kyoto-cycle-tour-explore-higashiyama-yamashina-cycle-tour\\\/\"]}]},{\"@type\":\"ImageObject\",\"inLanguage\":\"fr-FR\",\"@id\":\"https:\\\/\\\/roadbikerentaljapan.com\\\/kyoto-cycle-tour-explore-higashiyama-yamashina-cycle-tour\\\/#primaryimage\",\"url\":\"https:\\\/\\\/roadbikerentaljapan.com\\\/wp-content\\\/uploads\\\/2024\\\/11\\\/Kyoto-Tour-Heian-Jingu-1024x768.jpeg\",\"contentUrl\":\"https:\\\/\\\/roadbikerentaljapan.com\\\/wp-content\\\/uploads\\\/2024\\\/11\\\/Kyoto-Tour-Heian-Jingu-1024x768.jpeg\"},{\"@type\":\"BreadcrumbList\",\"@id\":\"https:\\\/\\\/roadbikerentaljapan.com\\\/kyoto-cycle-tour-explore-higashiyama-yamashina-cycle-tour\\\/#breadcrumb\",\"itemListElement\":[{\"@type\":\"ListItem\",\"position\":1,\"name\":\"Home\",\"item\":\"https:\\\/\\\/roadbikerentaljapan.com\\\/\"},{\"@type\":\"ListItem\",\"position\":2,\"name\":\"Kyoto Cycle Tour &#8211; Scenic Riverside Ride in East Kyoto\"}]},{\"@type\":\"WebSite\",\"@id\":\"https:\\\/\\\/roadbikerentaljapan.com\\\/#website\",\"url\":\"https:\\\/\\\/roadbikerentaljapan.com\\\/\",\"name\":\"Road Bike Rental Japan\",\"description\":\"Cycling in Japan\",\"publisher\":{\"@id\":\"https:\\\/\\\/roadbikerentaljapan.com\\\/#organization\"},\"alternateName\":\"RBRJ\",\"potentialAction\":[{\"@type\":\"SearchAction\",\"target\":{\"@type\":\"EntryPoint\",\"urlTemplate\":\"https:\\\/\\\/roadbikerentaljapan.com\\\/?s={search_term_string}\"},\"query-input\":{\"@type\":\"PropertyValueSpecification\",\"valueRequired\":true,\"valueName\":\"search_term_string\"}}],\"inLanguage\":\"fr-FR\"},{\"@type\":\"Organization\",\"@id\":\"https:\\\/\\\/roadbikerentaljapan.com\\\/#organization\",\"name\":\"Road Bike Rental Japan LLC\",\"alternateName\":\"Road Bike Rental Japan LLC\",\"url\":\"https:\\\/\\\/roadbikerentaljapan.com\\\/\",\"logo\":{\"@type\":\"ImageObject\",\"inLanguage\":\"fr-FR\",\"@id\":\"https:\\\/\\\/roadbikerentaljapan.com\\\/#\\\/schema\\\/logo\\\/image\\\/\",\"url\":\"https:\\\/\\\/roadbikerentaljapan.com\\\/wp-content\\\/uploads\\\/2024\\\/08\\\/cropped-HiRez-Web-Banner-2024-300-x-100-px.png\",\"contentUrl\":\"https:\\\/\\\/roadbikerentaljapan.com\\\/wp-content\\\/uploads\\\/2024\\\/08\\\/cropped-HiRez-Web-Banner-2024-300-x-100-px.png\",\"width\":300,\"height\":100,\"caption\":\"Road Bike Rental Japan LLC\"},\"image\":{\"@id\":\"https:\\\/\\\/roadbikerentaljapan.com\\\/#\\\/schema\\\/logo\\\/image\\\/\"},\"sameAs\":[\"https:\\\/\\\/www.facebook.com\\\/roadbikerentalJPN\",\"https:\\\/\\\/x.com\\\/cyclinginjpn\",\"https:\\\/\\\/www.youtube.com\\\/@cyclinginjpn\"],\"email\":\"info@roadbikerentaljapan.com\",\"telephone\":\"+815017228801\",\"legalName\":\"\u5408\u540c\u4f1a\u793e\u30ed\u30fc\u30c9\u30d0\u30a4\u30af\u30ec\u30f3\u30bf\u30eb\u30b8\u30e3\u30d1\u30f3\",\"foundingDate\":\"2022-12-19\",\"numberOfEmployees\":{\"@type\":\"QuantitativeValue\",\"minValue\":\"1\",\"maxValue\":\"10\"}}]}<\/script>\n<!-- \/ Yoast SEO Premium plugin. -->","yoast_head_json":{"title":"Kyoto Cycle Tour - Promenade pittoresque sur la rivi\u00e8re \u00e0 l'est de Kyoto","description":"Cette excursion \u00e0 v\u00e9lo permet de d\u00e9couvrir la richesse de la culture et de la nature de Kyoto, en visitant des lieux \u00e9tonnants tels que le sanctuaire Heian-Jingu et le Nanzen-ji.","robots":{"index":"index","follow":"follow","max-snippet":"max-snippet:-1","max-image-preview":"max-image-preview:large","max-video-preview":"max-video-preview:-1"},"canonical":"https:\/\/roadbikerentaljapan.com\/fr\/circuit-cycliste-de-kyoto-explorer-higashiyama-circuit-cycliste-de-yamashina\/","og_locale":"fr_FR","og_type":"article","og_title":"Kyoto Cycle Tour - Scenic Riverside Ride in East Kyoto","og_description":"Cycle through Kyoto's rich culture and nature on this Kyoto Cycle Tour, visiting stunning places like the Heian-Jingu Shrine and Nanzen-ji.","og_url":"https:\/\/roadbikerentaljapan.com\/fr\/circuit-cycliste-de-kyoto-explorer-higashiyama-circuit-cycliste-de-yamashina\/","og_site_name":"Road Bike Rental Japan","article_publisher":"https:\/\/www.facebook.com\/roadbikerentalJPN","article_modified_time":"2025-09-20T02:00:19+00:00","og_image":[{"width":1280,"height":960,"url":"https:\/\/roadbikerentaljapan.com\/wp-content\/uploads\/2024\/11\/Kyoto-Tour-Heian-Jingu.jpeg","type":"image\/jpeg"}],"twitter_card":"summary_large_image","twitter_site":"@cyclinginjpn","twitter_misc":{"Dur\u00e9e de lecture estim\u00e9e":"2 minutes"},"schema":{"@context":"https:\/\/schema.org","@graph":[{"@type":"WebPage","@id":"https:\/\/roadbikerentaljapan.com\/kyoto-cycle-tour-explore-higashiyama-yamashina-cycle-tour\/","url":"https:\/\/roadbikerentaljapan.com\/kyoto-cycle-tour-explore-higashiyama-yamashina-cycle-tour\/","name":"Kyoto Cycle Tour - Promenade pittoresque sur la rivi\u00e8re \u00e0 l'est de Kyoto","isPartOf":{"@id":"https:\/\/roadbikerentaljapan.com\/#website"},"primaryImageOfPage":{"@id":"https:\/\/roadbikerentaljapan.com\/kyoto-cycle-tour-explore-higashiyama-yamashina-cycle-tour\/#primaryimage"},"image":{"@id":"https:\/\/roadbikerentaljapan.com\/kyoto-cycle-tour-explore-higashiyama-yamashina-cycle-tour\/#primaryimage"},"thumbnailUrl":"https:\/\/roadbikerentaljapan.com\/wp-content\/uploads\/2024\/11\/Kyoto-Tour-Heian-Jingu-1024x768.jpeg","datePublished":"2025-07-06T05:13:28+00:00","dateModified":"2025-09-20T02:00:19+00:00","description":"Cette excursion \u00e0 v\u00e9lo permet de d\u00e9couvrir la richesse de la culture et de la nature de Kyoto, en visitant des lieux \u00e9tonnants tels que le sanctuaire Heian-Jingu et le Nanzen-ji.","breadcrumb":{"@id":"https:\/\/roadbikerentaljapan.com\/kyoto-cycle-tour-explore-higashiyama-yamashina-cycle-tour\/#breadcrumb"},"inLanguage":"fr-FR","potentialAction":[{"@type":"ReadAction","target":["https:\/\/roadbikerentaljapan.com\/kyoto-cycle-tour-explore-higashiyama-yamashina-cycle-tour\/"]}]},{"@type":"ImageObject","inLanguage":"fr-FR","@id":"https:\/\/roadbikerentaljapan.com\/kyoto-cycle-tour-explore-higashiyama-yamashina-cycle-tour\/#primaryimage","url":"https:\/\/roadbikerentaljapan.com\/wp-content\/uploads\/2024\/11\/Kyoto-Tour-Heian-Jingu-1024x768.jpeg","contentUrl":"https:\/\/roadbikerentaljapan.com\/wp-content\/uploads\/2024\/11\/Kyoto-Tour-Heian-Jingu-1024x768.jpeg"},{"@type":"BreadcrumbList","@id":"https:\/\/roadbikerentaljapan.com\/kyoto-cycle-tour-explore-higashiyama-yamashina-cycle-tour\/#breadcrumb","itemListElement":[{"@type":"ListItem","position":1,"name":"Home","item":"https:\/\/roadbikerentaljapan.com\/"},{"@type":"ListItem","position":2,"name":"Kyoto Cycle Tour &#8211; Scenic Riverside Ride in East Kyoto"}]},{"@type":"WebSite","@id":"https:\/\/roadbikerentaljapan.com\/#website","url":"https:\/\/roadbikerentaljapan.com\/","name":"Location de v\u00e9los de route Japon","description":"Cyclisme au Japon","publisher":{"@id":"https:\/\/roadbikerentaljapan.com\/#organization"},"alternateName":"RBRJ","potentialAction":[{"@type":"SearchAction","target":{"@type":"EntryPoint","urlTemplate":"https:\/\/roadbikerentaljapan.com\/?s={search_term_string}"},"query-input":{"@type":"PropertyValueSpecification","valueRequired":true,"valueName":"search_term_string"}}],"inLanguage":"fr-FR"},{"@type":"Organization","@id":"https:\/\/roadbikerentaljapan.com\/#organization","name":"Road Bike Rental Japan LLC","alternateName":"Road Bike Rental Japan LLC","url":"https:\/\/roadbikerentaljapan.com\/","logo":{"@type":"ImageObject","inLanguage":"fr-FR","@id":"https:\/\/roadbikerentaljapan.com\/#\/schema\/logo\/image\/","url":"https:\/\/roadbikerentaljapan.com\/wp-content\/uploads\/2024\/08\/cropped-HiRez-Web-Banner-2024-300-x-100-px.png","contentUrl":"https:\/\/roadbikerentaljapan.com\/wp-content\/uploads\/2024\/08\/cropped-HiRez-Web-Banner-2024-300-x-100-px.png","width":300,"height":100,"caption":"Road Bike Rental Japan LLC"},"image":{"@id":"https:\/\/roadbikerentaljapan.com\/#\/schema\/logo\/image\/"},"sameAs":["https:\/\/www.facebook.com\/roadbikerentalJPN","https:\/\/x.com\/cyclinginjpn","https:\/\/www.youtube.com\/@cyclinginjpn"],"email":"info@roadbikerentaljapan.com","telephone":"+815017228801","legalName":"\u5408\u540c\u4f1a\u793e\u30ed\u30fc\u30c9\u30d0\u30a4\u30af\u30ec\u30f3\u30bf\u30eb\u30b8\u30e3\u30d1\u30f3","foundingDate":"2022-12-19","numberOfEmployees":{"@type":"QuantitativeValue","minValue":"1","maxValue":"10"}}]}},"uagb_featured_image_src":{"full":false,"thumbnail":false,"medium":false,"medium_large":false,"large":false,"1536x1536":false,"2048x2048":false,"trp-custom-language-flag":false},"uagb_author_info":{"display_name":"rbrj2024","author_link":"https:\/\/roadbikerentaljapan.com\/fr\/author\/rbrj2024\/"},"uagb_comment_info":0,"uagb_excerpt":"Tour Description Starting from RBRJ Kyoto, we make our way over to Fushimi Inari for an optional stop along the [&hellip;]","_links":{"self":[{"href":"https:\/\/roadbikerentaljapan.com\/fr\/wp-json\/wp\/v2\/pages\/2657","targetHints":{"allow":["GET"]}}],"collection":[{"href":"https:\/\/roadbikerentaljapan.com\/fr\/wp-json\/wp\/v2\/pages"}],"about":[{"href":"https:\/\/roadbikerentaljapan.com\/fr\/wp-json\/wp\/v2\/types\/page"}],"author":[{"embeddable":true,"href":"https:\/\/roadbikerentaljapan.com\/fr\/wp-json\/wp\/v2\/users\/1"}],"replies":[{"embeddable":true,"href":"https:\/\/roadbikerentaljapan.com\/fr\/wp-json\/wp\/v2\/comments?post=2657"}],"version-history":[{"count":0,"href":"https:\/\/roadbikerentaljapan.com\/fr\/wp-json\/wp\/v2\/pages\/2657\/revisions"}],"wp:attachment":[{"href":"https:\/\/roadbikerentaljapan.com\/fr\/wp-json\/wp\/v2\/media?parent=2657"}],"curies":[{"name":"wp","href":"https:\/\/api.w.org\/{rel}","templated":true}]}}