{"id":2744,"date":"2025-07-23T15:32:59","date_gmt":"2025-07-23T06:32:59","guid":{"rendered":"https:\/\/roadbikerentaljapan.com\/?page_id=2744"},"modified":"2026-01-30T16:22:42","modified_gmt":"2026-01-30T07:22:42","slug":"osa-cannondale-quick-3-small","status":"publish","type":"page","link":"https:\/\/roadbikerentaljapan.com\/fr\/rentals\/osaka-bike-rental-options\/osa-cannondale-quick-3-small\/","title":{"rendered":"OSA Cannondale Quick 3 (Petit)"},"content":{"rendered":"<div class=\"wp-block-uagb-container uagb-block-0d512260 alignfull uagb-is-root-container\"><div class=\"uagb-container-inner-blocks-wrap\"><div class=\"yoast-breadcrumbs\"><span><span><a href=\"https:\/\/roadbikerentaljapan.com\/fr\/\">Accueil<\/a><\/span> \" <span><a href=\"https:\/\/roadbikerentaljapan.com\/fr\/rentals\/\">Location<\/a><\/span> \" <span><a href=\"https:\/\/roadbikerentaljapan.com\/fr\/rentals\/osaka-bike-rental-options\/\">Options de location de v\u00e9los \u00e0 Osaka<\/a><\/span> \" <span class=\"breadcrumb_last\" aria-current=\"page\"><strong>OSA Cannondale Quick 3 (Petit)<\/strong><\/span><\/span><\/div>\n\n\n<p>Location de v\u00e9los de route Japon <a href=\"https:\/\/roadbikerentaljapan.com\/fr\/locations\/contact-access-road-bike-rental-japan-osaka\/\">Osaka<\/a> stocke le v\u00e9lo Cannondale Quick 3 Small Tour\/Hybrid. Le v\u00e9lo de randonn\u00e9e est dot\u00e9 d'un guidon plat et d'une g\u00e9om\u00e9trie qui permet au cycliste d'avoir une posture plus droite, offrant polyvalence et confort sur des kilom\u00e8tres de randonn\u00e9e. Appr\u00e9ciez les randonn\u00e9es de tous types, qu'il s'agisse de la <a href=\"https:\/\/roadbikerentaljapan.com\/fr\/tours\/osaka-area-tours\/osaka-harbor-and-guided-sightseeing-bicycle-tour\/\">Visite du port d'Osaka<\/a>, a <a href=\"https:\/\/roadbikerentaljapan.com\/fr\/tours\/osaka-area-tours\/customized-kansai-cycle-tour\/\">Circuit personnalis\u00e9 dans le Kansai<\/a>, ou l'itin\u00e9raire de votre choix.<br><br>Le cadre Small convient aux cyclistes mesurant de 157 \u00e0 170 cm.<\/p>\n\n\n\t\t\t\t\t<div\n\t\t\t\t\t\tclass=\"wp-block-uagb-image-gallery uagb-block-b5c22474\"\n\t\t\t\t\t\tstyle=\"\"\n\t\t\t\t\t>\n\t\t\t\t\t\t\t\t\t\t\t<div class=\"spectra-image-gallery spectra-image-gallery__layout--carousel\">\n\t\t\t\t\t\t\t\t<div class=\"uagb-slick-carousel uagb-block-b5c22474\">\n\t\t\t\t\t\t\t\t\t\t\t\t<div class='spectra-image-gallery__media-wrapper' data-spectra-gallery-image-id='2745'>\n\t\t\t\t\t\t\t<div class=\"spectra-image-gallery__media spectra-image-gallery__media--carousel\">\n\t\t\t\t<picture>\n\t\t\t\t\t<source media=\"(min-width: 1024px)\" srcset=\"https:\/\/roadbikerentaljapan.com\/wp-content\/uploads\/2025\/07\/IMG_9047-1024x1024.jpg\">\n\t\t\t\t\t<source media=\"(min-width: 768px)\" srcset=\"https:\/\/roadbikerentaljapan.com\/wp-content\/uploads\/2025\/07\/IMG_9047-1024x1024.jpg\">\n\t\t\t\t\t<img decoding=\"async\" class=\"spectra-image-gallery__media-thumbnail spectra-image-gallery__media-thumbnail--carousel\" src=\"https:\/\/roadbikerentaljapan.com\/wp-content\/uploads\/2025\/07\/IMG_9047-300x300.jpg\" alt=\"Cyclistes posant \u00e0 Shinsekai pr\u00e8s de Tsutenkaku avec des v\u00e9los Cannondale Quick 3 Tour\" loading=\"lazy\" \/>\n\t\t\t\t<\/picture>\n\t\t\t\t<div class=\"spectra-image-gallery__media-thumbnail-blurrer\"><\/div>\n\t\t\t\t\t\t\t\t\t\t\t<div class=\"spectra-image-gallery__media-thumbnail-caption-wrapper spectra-image-gallery__media-thumbnail-caption-wrapper--overlay\">\n\t\t\t\t\t\t\t\t\t\t\t<div class=\"spectra-image-gallery__media-thumbnail-caption spectra-image-gallery__media-thumbnail-caption--overlay\">\n\t\t\t\t\tCyclistes posant \u00e0 Shinsekai pr\u00e8s de Tsutenkaku avec des v\u00e9los Cannondale Quick 3 Tour\t\t\t\t<\/div>\n\t\t\t\t\t\t\t\t\t\t<\/div>\n\t\t\t\t\t\t\t\t\t<\/div>\n\t\t\t\t\t\t<\/div>\n\t\t\t\t\t\t<div class='spectra-image-gallery__media-wrapper' data-spectra-gallery-image-id='2746'>\n\t\t\t\t\t\t\t<div class=\"spectra-image-gallery__media spectra-image-gallery__media--carousel\">\n\t\t\t\t<picture>\n\t\t\t\t\t<source media=\"(min-width: 1024px)\" srcset=\"https:\/\/roadbikerentaljapan.com\/wp-content\/uploads\/2025\/07\/IMG_9193-1024x684.jpg\">\n\t\t\t\t\t<source media=\"(min-width: 768px)\" srcset=\"https:\/\/roadbikerentaljapan.com\/wp-content\/uploads\/2025\/07\/IMG_9193-1024x684.jpg\">\n\t\t\t\t\t<img decoding=\"async\" class=\"spectra-image-gallery__media-thumbnail spectra-image-gallery__media-thumbnail--carousel\" src=\"https:\/\/roadbikerentaljapan.com\/wp-content\/uploads\/2025\/07\/IMG_9193-300x200.jpg\" alt=\"Le propri\u00e9taire de RBRJ montre un v\u00e9lo Cannondale Quick 3 Tour devant le magasin d&#039;Osaka.\" loading=\"lazy\" \/>\n\t\t\t\t<\/picture>\n\t\t\t\t<div class=\"spectra-image-gallery__media-thumbnail-blurrer\"><\/div>\n\t\t\t\t\t\t\t\t\t\t\t<div class=\"spectra-image-gallery__media-thumbnail-caption-wrapper spectra-image-gallery__media-thumbnail-caption-wrapper--overlay\">\n\t\t\t\t\t\t\t\t\t\t\t<div class=\"spectra-image-gallery__media-thumbnail-caption spectra-image-gallery__media-thumbnail-caption--overlay\">\n\t\t\t\t\tLe propri\u00e9taire de RBRJ montre un v\u00e9lo Cannondale Quick 3 Tour devant le magasin d'Osaka.\t\t\t\t<\/div>\n\t\t\t\t\t\t\t\t\t\t<\/div>\n\t\t\t\t\t\t\t\t\t<\/div>\n\t\t\t\t\t\t<\/div>\n\t\t\t\t\t\t<div class='spectra-image-gallery__media-wrapper' data-spectra-gallery-image-id='2748'>\n\t\t\t\t\t\t\t<div class=\"spectra-image-gallery__media spectra-image-gallery__media--carousel\">\n\t\t\t\t<picture>\n\t\t\t\t\t<source media=\"(min-width: 1024px)\" srcset=\"https:\/\/roadbikerentaljapan.com\/wp-content\/uploads\/2025\/07\/IMG_5129-1-768x1024.jpeg\">\n\t\t\t\t\t<source media=\"(min-width: 768px)\" srcset=\"https:\/\/roadbikerentaljapan.com\/wp-content\/uploads\/2025\/07\/IMG_5129-1-768x1024.jpeg\">\n\t\t\t\t\t<img decoding=\"async\" class=\"spectra-image-gallery__media-thumbnail spectra-image-gallery__media-thumbnail--carousel\" src=\"https:\/\/roadbikerentaljapan.com\/wp-content\/uploads\/2025\/07\/IMG_5129-1-225x300.jpeg\" alt=\"\" loading=\"lazy\" \/>\n\t\t\t\t<\/picture>\n\t\t\t\t<div class=\"spectra-image-gallery__media-thumbnail-blurrer\"><\/div>\n\t\t\t\t\t\t\t\t\t\t\t<div class=\"spectra-image-gallery__media-thumbnail-caption-wrapper spectra-image-gallery__media-thumbnail-caption-wrapper--overlay\">\n\t\t\t\t\t\t\t\t\t\t\t<div class=\"spectra-image-gallery__media-thumbnail-caption spectra-image-gallery__media-thumbnail-caption--overlay\">\n\t\t\t\t\tAucune l\u00e9gende\t\t\t\t<\/div>\n\t\t\t\t\t\t\t\t\t\t<\/div>\n\t\t\t\t\t\t\t\t\t<\/div>\n\t\t\t\t\t\t<\/div>\n\t\t\t\t\t\t<div class='spectra-image-gallery__media-wrapper' data-spectra-gallery-image-id='2749'>\n\t\t\t\t\t\t\t<div class=\"spectra-image-gallery__media spectra-image-gallery__media--carousel\">\n\t\t\t\t<picture>\n\t\t\t\t\t<source media=\"(min-width: 1024px)\" srcset=\"https:\/\/roadbikerentaljapan.com\/wp-content\/uploads\/2025\/07\/IMG_4819-768x1024.jpeg\">\n\t\t\t\t\t<source media=\"(min-width: 768px)\" srcset=\"https:\/\/roadbikerentaljapan.com\/wp-content\/uploads\/2025\/07\/IMG_4819-768x1024.jpeg\">\n\t\t\t\t\t<img decoding=\"async\" class=\"spectra-image-gallery__media-thumbnail spectra-image-gallery__media-thumbnail--carousel\" src=\"https:\/\/roadbikerentaljapan.com\/wp-content\/uploads\/2025\/07\/IMG_4819-225x300.jpeg\" alt=\"\" loading=\"lazy\" \/>\n\t\t\t\t<\/picture>\n\t\t\t\t<div class=\"spectra-image-gallery__media-thumbnail-blurrer\"><\/div>\n\t\t\t\t\t\t\t\t\t\t\t<div class=\"spectra-image-gallery__media-thumbnail-caption-wrapper spectra-image-gallery__media-thumbnail-caption-wrapper--overlay\">\n\t\t\t\t\t\t\t\t\t\t\t<div class=\"spectra-image-gallery__media-thumbnail-caption spectra-image-gallery__media-thumbnail-caption--overlay\">\n\t\t\t\t\tAucune l\u00e9gende\t\t\t\t<\/div>\n\t\t\t\t\t\t\t\t\t\t<\/div>\n\t\t\t\t\t\t\t\t\t<\/div>\n\t\t\t\t\t\t<\/div>\n\t\t\t\t\t\t<div class='spectra-image-gallery__media-wrapper' data-spectra-gallery-image-id='2750'>\n\t\t\t\t\t\t\t<div class=\"spectra-image-gallery__media spectra-image-gallery__media--carousel\">\n\t\t\t\t<picture>\n\t\t\t\t\t<source media=\"(min-width: 1024px)\" srcset=\"https:\/\/roadbikerentaljapan.com\/wp-content\/uploads\/2025\/07\/IMG_0153-1024x768.jpeg\">\n\t\t\t\t\t<source media=\"(min-width: 768px)\" srcset=\"https:\/\/roadbikerentaljapan.com\/wp-content\/uploads\/2025\/07\/IMG_0153-1024x768.jpeg\">\n\t\t\t\t\t<img decoding=\"async\" class=\"spectra-image-gallery__media-thumbnail spectra-image-gallery__media-thumbnail--carousel\" src=\"https:\/\/roadbikerentaljapan.com\/wp-content\/uploads\/2025\/07\/IMG_0153-300x225.jpeg\" alt=\"\" loading=\"lazy\" \/>\n\t\t\t\t<\/picture>\n\t\t\t\t<div class=\"spectra-image-gallery__media-thumbnail-blurrer\"><\/div>\n\t\t\t\t\t\t\t\t\t\t\t<div class=\"spectra-image-gallery__media-thumbnail-caption-wrapper spectra-image-gallery__media-thumbnail-caption-wrapper--overlay\">\n\t\t\t\t\t\t\t\t\t\t\t<div class=\"spectra-image-gallery__media-thumbnail-caption spectra-image-gallery__media-thumbnail-caption--overlay\">\n\t\t\t\t\tAucune l\u00e9gende\t\t\t\t<\/div>\n\t\t\t\t\t\t\t\t\t\t<\/div>\n\t\t\t\t\t\t\t\t\t<\/div>\n\t\t\t\t\t\t<\/div>\n\t\t\t\t\t\t\t\t\t\t\t<\/div>\n\t\t\t\t\t\t\t<\/div>\n\t\t\t\t\t\t\t\t\t\t\t<\/div>\n\t\t\t\t\t\t\t\t\t\n\n\t\t\t\t\t<!-- Configure your Spectra Image Gallery -->\n\t\t\t\t\t<\/div><\/div>","protected":false},"excerpt":{"rendered":"<p>Road Bike Rental Japan Osaka stocks the Cannondale Quick 3 Small Tour\/Hybrid Bicycle. The tour bike features flat handle bars [&hellip;]<\/p>\n","protected":false},"author":1,"featured_media":2733,"parent":1196,"menu_order":0,"comment_status":"closed","ping_status":"closed","template":"","meta":{"content-type":"","_uag_custom_page_level_css":"","site-sidebar-layout":"default","site-content-layout":"","ast-site-content-layout":"default","site-content-style":"default","site-sidebar-style":"default","ast-global-header-display":"","ast-banner-title-visibility":"","ast-main-header-display":"","ast-hfb-above-header-display":"","ast-hfb-below-header-display":"","ast-hfb-mobile-header-display":"","site-post-title":"","ast-breadcrumbs-content":"","ast-featured-img":"disabled","footer-sml-layout":"","ast-disable-related-posts":"","theme-transparent-header-meta":"","adv-header-id-meta":"","stick-header-meta":"","header-above-stick-meta":"","header-main-stick-meta":"","header-below-stick-meta":"","astra-migrate-meta-layouts":"default","ast-page-background-enabled":"default","ast-page-background-meta":{"desktop":{"background-color":"var(--ast-global-color-4)","background-image":"","background-repeat":"repeat","background-position":"center center","background-size":"auto","background-attachment":"scroll","background-type":"","background-media":"","overlay-type":"","overlay-color":"","overlay-opacity":"","overlay-gradient":""},"tablet":{"background-color":"","background-image":"","background-repeat":"repeat","background-position":"center center","background-size":"auto","background-attachment":"scroll","background-type":"","background-media":"","overlay-type":"","overlay-color":"","overlay-opacity":"","overlay-gradient":""},"mobile":{"background-color":"","background-image":"","background-repeat":"repeat","background-position":"center center","background-size":"auto","background-attachment":"scroll","background-type":"","background-media":"","overlay-type":"","overlay-color":"","overlay-opacity":"","overlay-gradient":""}},"ast-content-background-meta":{"desktop":{"background-color":"var(--ast-global-color-5)","background-image":"","background-repeat":"repeat","background-position":"center center","background-size":"auto","background-attachment":"scroll","background-type":"","background-media":"","overlay-type":"","overlay-color":"","overlay-opacity":"","overlay-gradient":""},"tablet":{"background-color":"var(--ast-global-color-5)","background-image":"","background-repeat":"repeat","background-position":"center center","background-size":"auto","background-attachment":"scroll","background-type":"","background-media":"","overlay-type":"","overlay-color":"","overlay-opacity":"","overlay-gradient":""},"mobile":{"background-color":"var(--ast-global-color-5)","background-image":"","background-repeat":"repeat","background-position":"center center","background-size":"auto","background-attachment":"scroll","background-type":"","background-media":"","overlay-type":"","overlay-color":"","overlay-opacity":"","overlay-gradient":""}},"footnotes":""},"class_list":["post-2744","page","type-page","status-publish","has-post-thumbnail","hentry"],"yoast_head":"<!-- This site is optimized with the Yoast SEO Premium plugin v27.5 (Yoast SEO v27.5) - https:\/\/yoast.com\/product\/yoast-seo-premium-wordpress\/ -->\n<title>Osaka Cannondale Quick 3 Small - Road Bike Rental Japan<\/title>\n<meta name=\"description\" content=\"Cannondale Quick 3 Small tour bicycle is available for rental at RBRJ Osaka. A versatile tour\/hybrid bike great for day rides or long tours.\" \/>\n<meta name=\"robots\" content=\"index, follow, max-snippet:-1, max-image-preview:large, max-video-preview:-1\" \/>\n<link rel=\"canonical\" href=\"https:\/\/roadbikerentaljapan.com\/fr\/rentals\/osaka-bike-rental-options\/osa-cannondale-quick-3-small\/\" \/>\n<meta property=\"og:locale\" content=\"fr_FR\" \/>\n<meta property=\"og:type\" content=\"article\" \/>\n<meta property=\"og:title\" content=\"OSA Cannondale Quick 3 (Small)\" \/>\n<meta property=\"og:description\" content=\"Cannondale Quick 3 Small tour bicycle is available for rental at RBRJ Osaka. A versatile tour\/hybrid bike great for day rides or long tours.\" \/>\n<meta property=\"og:url\" content=\"https:\/\/roadbikerentaljapan.com\/fr\/rentals\/osaka-bike-rental-options\/osa-cannondale-quick-3-small\/\" \/>\n<meta property=\"og:site_name\" content=\"Road Bike Rental Japan\" \/>\n<meta property=\"article:publisher\" content=\"https:\/\/www.facebook.com\/roadbikerentalJPN\" \/>\n<meta property=\"article:modified_time\" content=\"2026-01-30T07:22:42+00:00\" \/>\n<meta property=\"og:image\" content=\"https:\/\/roadbikerentaljapan.com\/wp-content\/uploads\/2025\/07\/Cannondale_Quick_3.jpg\" \/>\n\t<meta property=\"og:image:width\" content=\"1100\" \/>\n\t<meta property=\"og:image:height\" content=\"631\" \/>\n\t<meta property=\"og:image:type\" content=\"image\/jpeg\" \/>\n<meta name=\"twitter:card\" content=\"summary_large_image\" \/>\n<meta name=\"twitter:site\" content=\"@cyclinginjpn\" \/>\n<meta name=\"twitter:label1\" content=\"Dur\u00e9e de lecture estim\u00e9e\" \/>\n\t<meta name=\"twitter:data1\" content=\"1 minute\" \/>\n<script type=\"application\/ld+json\" class=\"yoast-schema-graph\">{\"@context\":\"https:\\\/\\\/schema.org\",\"@graph\":[{\"@type\":\"WebPage\",\"@id\":\"https:\\\/\\\/roadbikerentaljapan.com\\\/rentals\\\/osaka-bike-rental-options\\\/osa-cannondale-quick-3-small\\\/\",\"url\":\"https:\\\/\\\/roadbikerentaljapan.com\\\/rentals\\\/osaka-bike-rental-options\\\/osa-cannondale-quick-3-small\\\/\",\"name\":\"Osaka Cannondale Quick 3 Small - Road Bike Rental Japan\",\"isPartOf\":{\"@id\":\"https:\\\/\\\/roadbikerentaljapan.com\\\/#website\"},\"primaryImageOfPage\":{\"@id\":\"https:\\\/\\\/roadbikerentaljapan.com\\\/rentals\\\/osaka-bike-rental-options\\\/osa-cannondale-quick-3-small\\\/#primaryimage\"},\"image\":{\"@id\":\"https:\\\/\\\/roadbikerentaljapan.com\\\/rentals\\\/osaka-bike-rental-options\\\/osa-cannondale-quick-3-small\\\/#primaryimage\"},\"thumbnailUrl\":\"https:\\\/\\\/roadbikerentaljapan.com\\\/wp-content\\\/uploads\\\/2025\\\/07\\\/Cannondale_Quick_3.jpg\",\"datePublished\":\"2025-07-23T06:32:59+00:00\",\"dateModified\":\"2026-01-30T07:22:42+00:00\",\"description\":\"Cannondale Quick 3 Small tour bicycle is available for rental at RBRJ Osaka. A versatile tour\\\/hybrid bike great for day rides or long tours.\",\"breadcrumb\":{\"@id\":\"https:\\\/\\\/roadbikerentaljapan.com\\\/rentals\\\/osaka-bike-rental-options\\\/osa-cannondale-quick-3-small\\\/#breadcrumb\"},\"inLanguage\":\"fr-FR\",\"potentialAction\":[{\"@type\":\"ReadAction\",\"target\":[\"https:\\\/\\\/roadbikerentaljapan.com\\\/rentals\\\/osaka-bike-rental-options\\\/osa-cannondale-quick-3-small\\\/\"]}]},{\"@type\":\"ImageObject\",\"inLanguage\":\"fr-FR\",\"@id\":\"https:\\\/\\\/roadbikerentaljapan.com\\\/rentals\\\/osaka-bike-rental-options\\\/osa-cannondale-quick-3-small\\\/#primaryimage\",\"url\":\"https:\\\/\\\/roadbikerentaljapan.com\\\/wp-content\\\/uploads\\\/2025\\\/07\\\/Cannondale_Quick_3.jpg\",\"contentUrl\":\"https:\\\/\\\/roadbikerentaljapan.com\\\/wp-content\\\/uploads\\\/2025\\\/07\\\/Cannondale_Quick_3.jpg\",\"width\":1100,\"height\":631,\"caption\":\"The Cannondale Quick 3 Tour Bicycle comes in Small, Medium, Large, X Large and Jumbo sizes.\"},{\"@type\":\"BreadcrumbList\",\"@id\":\"https:\\\/\\\/roadbikerentaljapan.com\\\/rentals\\\/osaka-bike-rental-options\\\/osa-cannondale-quick-3-small\\\/#breadcrumb\",\"itemListElement\":[{\"@type\":\"ListItem\",\"position\":1,\"name\":\"Home\",\"item\":\"https:\\\/\\\/roadbikerentaljapan.com\\\/\"},{\"@type\":\"ListItem\",\"position\":2,\"name\":\"Rentals\",\"item\":\"https:\\\/\\\/roadbikerentaljapan.com\\\/rentals\\\/\"},{\"@type\":\"ListItem\",\"position\":3,\"name\":\"Osaka Bike Rental Options\",\"item\":\"https:\\\/\\\/roadbikerentaljapan.com\\\/rentals\\\/osaka-bike-rental-options\\\/\"},{\"@type\":\"ListItem\",\"position\":4,\"name\":\"OSA Cannondale Quick 3 (Small)\"}]},{\"@type\":\"WebSite\",\"@id\":\"https:\\\/\\\/roadbikerentaljapan.com\\\/#website\",\"url\":\"https:\\\/\\\/roadbikerentaljapan.com\\\/\",\"name\":\"Road Bike Rental Japan\",\"description\":\"Cycling in Japan\",\"publisher\":{\"@id\":\"https:\\\/\\\/roadbikerentaljapan.com\\\/#organization\"},\"alternateName\":\"RBRJ\",\"potentialAction\":[{\"@type\":\"SearchAction\",\"target\":{\"@type\":\"EntryPoint\",\"urlTemplate\":\"https:\\\/\\\/roadbikerentaljapan.com\\\/?s={search_term_string}\"},\"query-input\":{\"@type\":\"PropertyValueSpecification\",\"valueRequired\":true,\"valueName\":\"search_term_string\"}}],\"inLanguage\":\"fr-FR\"},{\"@type\":\"Organization\",\"@id\":\"https:\\\/\\\/roadbikerentaljapan.com\\\/#organization\",\"name\":\"Road Bike Rental Japan LLC\",\"alternateName\":\"Road Bike Rental Japan LLC\",\"url\":\"https:\\\/\\\/roadbikerentaljapan.com\\\/\",\"logo\":{\"@type\":\"ImageObject\",\"inLanguage\":\"fr-FR\",\"@id\":\"https:\\\/\\\/roadbikerentaljapan.com\\\/#\\\/schema\\\/logo\\\/image\\\/\",\"url\":\"https:\\\/\\\/roadbikerentaljapan.com\\\/wp-content\\\/uploads\\\/2024\\\/08\\\/cropped-HiRez-Web-Banner-2024-300-x-100-px.png\",\"contentUrl\":\"https:\\\/\\\/roadbikerentaljapan.com\\\/wp-content\\\/uploads\\\/2024\\\/08\\\/cropped-HiRez-Web-Banner-2024-300-x-100-px.png\",\"width\":300,\"height\":100,\"caption\":\"Road Bike Rental Japan LLC\"},\"image\":{\"@id\":\"https:\\\/\\\/roadbikerentaljapan.com\\\/#\\\/schema\\\/logo\\\/image\\\/\"},\"sameAs\":[\"https:\\\/\\\/www.facebook.com\\\/roadbikerentalJPN\",\"https:\\\/\\\/x.com\\\/cyclinginjpn\",\"https:\\\/\\\/www.youtube.com\\\/@cyclinginjpn\"],\"email\":\"info@roadbikerentaljapan.com\",\"telephone\":\"+815017228801\",\"legalName\":\"\u5408\u540c\u4f1a\u793e\u30ed\u30fc\u30c9\u30d0\u30a4\u30af\u30ec\u30f3\u30bf\u30eb\u30b8\u30e3\u30d1\u30f3\",\"foundingDate\":\"2022-12-19\",\"numberOfEmployees\":{\"@type\":\"QuantitativeValue\",\"minValue\":\"1\",\"maxValue\":\"10\"}}]}<\/script>\n<!-- \/ Yoast SEO Premium plugin. -->","yoast_head_json":{"title":"Osaka Cannondale Quick 3 Small - Location de v\u00e9lo de route Japon","description":"Le v\u00e9lo de randonn\u00e9e Cannondale Quick 3 Small est disponible \u00e0 la location \u00e0 RBRJ Osaka. Il s'agit d'un v\u00e9lo hybride polyvalent, id\u00e9al pour les randonn\u00e9es d'une journ\u00e9e ou les longues excursions.","robots":{"index":"index","follow":"follow","max-snippet":"max-snippet:-1","max-image-preview":"max-image-preview:large","max-video-preview":"max-video-preview:-1"},"canonical":"https:\/\/roadbikerentaljapan.com\/fr\/rentals\/osaka-bike-rental-options\/osa-cannondale-quick-3-small\/","og_locale":"fr_FR","og_type":"article","og_title":"OSA Cannondale Quick 3 (Small)","og_description":"Cannondale Quick 3 Small tour bicycle is available for rental at RBRJ Osaka. A versatile tour\/hybrid bike great for day rides or long tours.","og_url":"https:\/\/roadbikerentaljapan.com\/fr\/rentals\/osaka-bike-rental-options\/osa-cannondale-quick-3-small\/","og_site_name":"Road Bike Rental Japan","article_publisher":"https:\/\/www.facebook.com\/roadbikerentalJPN","article_modified_time":"2026-01-30T07:22:42+00:00","og_image":[{"width":1100,"height":631,"url":"https:\/\/roadbikerentaljapan.com\/wp-content\/uploads\/2025\/07\/Cannondale_Quick_3.jpg","type":"image\/jpeg"}],"twitter_card":"summary_large_image","twitter_site":"@cyclinginjpn","twitter_misc":{"Dur\u00e9e de lecture estim\u00e9e":"1 minute"},"schema":{"@context":"https:\/\/schema.org","@graph":[{"@type":"WebPage","@id":"https:\/\/roadbikerentaljapan.com\/rentals\/osaka-bike-rental-options\/osa-cannondale-quick-3-small\/","url":"https:\/\/roadbikerentaljapan.com\/rentals\/osaka-bike-rental-options\/osa-cannondale-quick-3-small\/","name":"Osaka Cannondale Quick 3 Small - Location de v\u00e9lo de route Japon","isPartOf":{"@id":"https:\/\/roadbikerentaljapan.com\/#website"},"primaryImageOfPage":{"@id":"https:\/\/roadbikerentaljapan.com\/rentals\/osaka-bike-rental-options\/osa-cannondale-quick-3-small\/#primaryimage"},"image":{"@id":"https:\/\/roadbikerentaljapan.com\/rentals\/osaka-bike-rental-options\/osa-cannondale-quick-3-small\/#primaryimage"},"thumbnailUrl":"https:\/\/roadbikerentaljapan.com\/wp-content\/uploads\/2025\/07\/Cannondale_Quick_3.jpg","datePublished":"2025-07-23T06:32:59+00:00","dateModified":"2026-01-30T07:22:42+00:00","description":"Le v\u00e9lo de randonn\u00e9e Cannondale Quick 3 Small est disponible \u00e0 la location \u00e0 RBRJ Osaka. Il s'agit d'un v\u00e9lo hybride polyvalent, id\u00e9al pour les randonn\u00e9es d'une journ\u00e9e ou les longues excursions.","breadcrumb":{"@id":"https:\/\/roadbikerentaljapan.com\/rentals\/osaka-bike-rental-options\/osa-cannondale-quick-3-small\/#breadcrumb"},"inLanguage":"fr-FR","potentialAction":[{"@type":"ReadAction","target":["https:\/\/roadbikerentaljapan.com\/rentals\/osaka-bike-rental-options\/osa-cannondale-quick-3-small\/"]}]},{"@type":"ImageObject","inLanguage":"fr-FR","@id":"https:\/\/roadbikerentaljapan.com\/rentals\/osaka-bike-rental-options\/osa-cannondale-quick-3-small\/#primaryimage","url":"https:\/\/roadbikerentaljapan.com\/wp-content\/uploads\/2025\/07\/Cannondale_Quick_3.jpg","contentUrl":"https:\/\/roadbikerentaljapan.com\/wp-content\/uploads\/2025\/07\/Cannondale_Quick_3.jpg","width":1100,"height":631,"caption":"The Cannondale Quick 3 Tour Bicycle comes in Small, Medium, Large, X Large and Jumbo sizes."},{"@type":"BreadcrumbList","@id":"https:\/\/roadbikerentaljapan.com\/rentals\/osaka-bike-rental-options\/osa-cannondale-quick-3-small\/#breadcrumb","itemListElement":[{"@type":"ListItem","position":1,"name":"Home","item":"https:\/\/roadbikerentaljapan.com\/"},{"@type":"ListItem","position":2,"name":"Rentals","item":"https:\/\/roadbikerentaljapan.com\/rentals\/"},{"@type":"ListItem","position":3,"name":"Osaka Bike Rental Options","item":"https:\/\/roadbikerentaljapan.com\/rentals\/osaka-bike-rental-options\/"},{"@type":"ListItem","position":4,"name":"OSA Cannondale Quick 3 (Small)"}]},{"@type":"WebSite","@id":"https:\/\/roadbikerentaljapan.com\/#website","url":"https:\/\/roadbikerentaljapan.com\/","name":"Location de v\u00e9los de route Japon","description":"Cyclisme au Japon","publisher":{"@id":"https:\/\/roadbikerentaljapan.com\/#organization"},"alternateName":"RBRJ","potentialAction":[{"@type":"SearchAction","target":{"@type":"EntryPoint","urlTemplate":"https:\/\/roadbikerentaljapan.com\/?s={search_term_string}"},"query-input":{"@type":"PropertyValueSpecification","valueRequired":true,"valueName":"search_term_string"}}],"inLanguage":"fr-FR"},{"@type":"Organization","@id":"https:\/\/roadbikerentaljapan.com\/#organization","name":"Road Bike Rental Japan LLC","alternateName":"Road Bike Rental Japan LLC","url":"https:\/\/roadbikerentaljapan.com\/","logo":{"@type":"ImageObject","inLanguage":"fr-FR","@id":"https:\/\/roadbikerentaljapan.com\/#\/schema\/logo\/image\/","url":"https:\/\/roadbikerentaljapan.com\/wp-content\/uploads\/2024\/08\/cropped-HiRez-Web-Banner-2024-300-x-100-px.png","contentUrl":"https:\/\/roadbikerentaljapan.com\/wp-content\/uploads\/2024\/08\/cropped-HiRez-Web-Banner-2024-300-x-100-px.png","width":300,"height":100,"caption":"Road Bike Rental Japan LLC"},"image":{"@id":"https:\/\/roadbikerentaljapan.com\/#\/schema\/logo\/image\/"},"sameAs":["https:\/\/www.facebook.com\/roadbikerentalJPN","https:\/\/x.com\/cyclinginjpn","https:\/\/www.youtube.com\/@cyclinginjpn"],"email":"info@roadbikerentaljapan.com","telephone":"+815017228801","legalName":"\u5408\u540c\u4f1a\u793e\u30ed\u30fc\u30c9\u30d0\u30a4\u30af\u30ec\u30f3\u30bf\u30eb\u30b8\u30e3\u30d1\u30f3","foundingDate":"2022-12-19","numberOfEmployees":{"@type":"QuantitativeValue","minValue":"1","maxValue":"10"}}]}},"uagb_featured_image_src":{"full":["https:\/\/roadbikerentaljapan.com\/wp-content\/uploads\/2025\/07\/Cannondale_Quick_3.jpg",1100,631,false],"thumbnail":["https:\/\/roadbikerentaljapan.com\/wp-content\/uploads\/2025\/07\/Cannondale_Quick_3-150x150.jpg",150,150,true],"medium":["https:\/\/roadbikerentaljapan.com\/wp-content\/uploads\/2025\/07\/Cannondale_Quick_3-300x172.jpg",300,172,true],"medium_large":["https:\/\/roadbikerentaljapan.com\/wp-content\/uploads\/2025\/07\/Cannondale_Quick_3-768x441.jpg",768,441,true],"large":["https:\/\/roadbikerentaljapan.com\/wp-content\/uploads\/2025\/07\/Cannondale_Quick_3-1024x587.jpg",1024,587,true],"1536x1536":["https:\/\/roadbikerentaljapan.com\/wp-content\/uploads\/2025\/07\/Cannondale_Quick_3.jpg",1100,631,false],"2048x2048":["https:\/\/roadbikerentaljapan.com\/wp-content\/uploads\/2025\/07\/Cannondale_Quick_3.jpg",1100,631,false],"trp-custom-language-flag":["https:\/\/roadbikerentaljapan.com\/wp-content\/uploads\/2025\/07\/Cannondale_Quick_3-18x10.jpg",18,10,true]},"uagb_author_info":{"display_name":"rbrj2024","author_link":"https:\/\/roadbikerentaljapan.com\/fr\/author\/rbrj2024\/"},"uagb_comment_info":0,"uagb_excerpt":"Road Bike Rental Japan Osaka stocks the Cannondale Quick 3 Small Tour\/Hybrid Bicycle. The tour bike features flat handle bars [&hellip;]","_links":{"self":[{"href":"https:\/\/roadbikerentaljapan.com\/fr\/wp-json\/wp\/v2\/pages\/2744","targetHints":{"allow":["GET"]}}],"collection":[{"href":"https:\/\/roadbikerentaljapan.com\/fr\/wp-json\/wp\/v2\/pages"}],"about":[{"href":"https:\/\/roadbikerentaljapan.com\/fr\/wp-json\/wp\/v2\/types\/page"}],"author":[{"embeddable":true,"href":"https:\/\/roadbikerentaljapan.com\/fr\/wp-json\/wp\/v2\/users\/1"}],"replies":[{"embeddable":true,"href":"https:\/\/roadbikerentaljapan.com\/fr\/wp-json\/wp\/v2\/comments?post=2744"}],"version-history":[{"count":0,"href":"https:\/\/roadbikerentaljapan.com\/fr\/wp-json\/wp\/v2\/pages\/2744\/revisions"}],"up":[{"embeddable":true,"href":"https:\/\/roadbikerentaljapan.com\/fr\/wp-json\/wp\/v2\/pages\/1196"}],"wp:featuredmedia":[{"embeddable":true,"href":"https:\/\/roadbikerentaljapan.com\/fr\/wp-json\/wp\/v2\/media\/2733"}],"wp:attachment":[{"href":"https:\/\/roadbikerentaljapan.com\/fr\/wp-json\/wp\/v2\/media?parent=2744"}],"curies":[{"name":"wp","href":"https:\/\/api.w.org\/{rel}","templated":true}]}}