{"id":2779,"date":"2025-07-30T16:54:45","date_gmt":"2025-07-30T07:54:45","guid":{"rendered":"https:\/\/roadbikerentaljapan.com\/?page_id=2779"},"modified":"2025-09-08T14:08:58","modified_gmt":"2025-09-08T05:08:58","slug":"lac-biwa-shiga-cyclotourisme","status":"publish","type":"page","link":"https:\/\/roadbikerentaljapan.com\/fr\/tours\/lake-biwa-shiga-cycle-tours\/","title":{"rendered":"Circuits cyclistes \u00e0 Shiga"},"content":{"rendered":"<div class=\"wp-block-group alignfull is-content-justification-center is-layout-constrained wp-container-core-group-is-layout-df757ecc wp-block-group-is-layout-constrained\" style=\"margin-top:0;margin-bottom:0;padding-top:calc( 0.5 * var(--wp--style--root--padding-right, var(--wp--custom--gap--horizontal)));padding-right:var(--wp--style--root--padding-right, var(--wp--custom--gap--horizontal));padding-bottom:calc( 0.5 * var(--wp--style--root--padding-right, var(--wp--custom--gap--horizontal)));padding-left:var(--wp--style--root--padding-left, var(--wp--custom--gap--horizontal))\">\n<div style=\"height:calc( 0.25 * var(--wp--style--root--padding-right, var(--wp--custom--gap--horizontal)))\" aria-hidden=\"true\" class=\"wp-block-spacer\"><\/div>\n\n\n\n<div class=\"wp-block-cover alignfull is-light wp-duotone-grayscale\" style=\"margin-top:0;margin-bottom:0;padding-top:3%;padding-right:0%;padding-bottom:10%;padding-left:5%;min-height:600px;aspect-ratio:unset;\"><img loading=\"lazy\" decoding=\"async\" width=\"1024\" height=\"1024\" class=\"wp-block-cover__image-background wp-image-2701 size-large\" alt=\"Tour cycliste du lac Biwa\" src=\"https:\/\/roadbikerentaljapan.com\/wp-content\/uploads\/2025\/07\/IMG_3022-1024x1024.jpg\" style=\"object-position:50% 80%\" data-object-fit=\"cover\" data-object-position=\"50% 80%\" srcset=\"https:\/\/roadbikerentaljapan.com\/wp-content\/uploads\/2025\/07\/IMG_3022-1024x1024.jpg 1024w, https:\/\/roadbikerentaljapan.com\/wp-content\/uploads\/2025\/07\/IMG_3022-300x300.jpg 300w, https:\/\/roadbikerentaljapan.com\/wp-content\/uploads\/2025\/07\/IMG_3022-150x150.jpg 150w, https:\/\/roadbikerentaljapan.com\/wp-content\/uploads\/2025\/07\/IMG_3022-768x768.jpg 768w, https:\/\/roadbikerentaljapan.com\/wp-content\/uploads\/2025\/07\/IMG_3022-1536x1536.jpg 1536w, https:\/\/roadbikerentaljapan.com\/wp-content\/uploads\/2025\/07\/IMG_3022-2048x2048.jpg 2048w, https:\/\/roadbikerentaljapan.com\/wp-content\/uploads\/2025\/07\/IMG_3022-12x12.jpg 12w, https:\/\/roadbikerentaljapan.com\/wp-content\/uploads\/2025\/07\/IMG_3022-600x600.jpg 600w, https:\/\/roadbikerentaljapan.com\/wp-content\/uploads\/2025\/07\/IMG_3022-100x100.jpg 100w\" sizes=\"auto, (max-width: 1024px) 100vw, 1024px\" \/><span aria-hidden=\"true\" class=\"wp-block-cover__background has-background-dim\" style=\"background-color:#909ea6\"><\/span><div class=\"wp-block-cover__inner-container is-layout-flow wp-container-core-cover-is-layout-afcb1702 wp-block-cover-is-layout-flow\">\n<h1 class=\"wp-block-heading has-ast-global-color-5-color has-text-color has-link-color wp-elements-29cdf06b6cb3a2572f1c5cf988a7e7fe\" id=\"h-lake-biwa-amp-shiga-cycling-tours-with-rbrj\">Circuit cycliste au lac Biwa et \u00e0 Shiga avec RBRJ<\/h1>\n\n\n\n<p class=\"has-ast-global-color-5-color has-text-color has-link-color wp-elements-8fa36fdec45a9dd135f76a21fe893db5\">D\u00e9couvrez les meilleurs itin\u00e9raires cyclables de Shiga au-del\u00e0 de Biwaichi avec Road Bike Rental Japan. Explorez les routes secondaires pittoresques, les joyaux cach\u00e9s et la culture locale authentique lors d'une aventure cycliste guid\u00e9e \u00e0 travers l'une des pr\u00e9fectures les plus m\u00e9connues du Japon.<\/p>\n<\/div><\/div>\n\n\n\n<h3 class=\"wp-block-heading\" id=\"h-shiga-cycling-tour-southern-biwa-loop\">Shiga Cycling Tour - Boucle du sud de Biwa<\/h3>\n\n\n\n<hr class=\"wp-block-separator has-text-color has-luminous-vivid-orange-color has-alpha-channel-opacity has-luminous-vivid-orange-background-color has-background is-style-wide\"\/>\n<\/div>\n\n\n\n<figure class=\"wp-block-gallery has-nested-images columns-default is-cropped wp-block-gallery-1 is-layout-flex wp-block-gallery-is-layout-flex\">\n<figure class=\"wp-block-image size-large\"><img loading=\"lazy\" decoding=\"async\" width=\"1024\" height=\"768\" data-id=\"2737\" src=\"https:\/\/roadbikerentaljapan.com\/wp-content\/uploads\/2025\/07\/Biwaichi-View-from-Bridge-1024x768.jpg\" alt=\"Biwaichi Vue du pont\" class=\"wp-image-2737\" srcset=\"https:\/\/roadbikerentaljapan.com\/wp-content\/uploads\/2025\/07\/Biwaichi-View-from-Bridge-1024x768.jpg 1024w, https:\/\/roadbikerentaljapan.com\/wp-content\/uploads\/2025\/07\/Biwaichi-View-from-Bridge-300x225.jpg 300w, https:\/\/roadbikerentaljapan.com\/wp-content\/uploads\/2025\/07\/Biwaichi-View-from-Bridge-768x576.jpg 768w, https:\/\/roadbikerentaljapan.com\/wp-content\/uploads\/2025\/07\/Biwaichi-View-from-Bridge-1536x1152.jpg 1536w, https:\/\/roadbikerentaljapan.com\/wp-content\/uploads\/2025\/07\/Biwaichi-View-from-Bridge-2048x1536.jpg 2048w, https:\/\/roadbikerentaljapan.com\/wp-content\/uploads\/2025\/07\/Biwaichi-View-from-Bridge-16x12.jpg 16w, https:\/\/roadbikerentaljapan.com\/wp-content\/uploads\/2025\/07\/Biwaichi-View-from-Bridge-600x450.jpg 600w\" sizes=\"auto, (max-width: 1024px) 100vw, 1024px\" \/><\/figure>\n\n\n\n<figure class=\"wp-block-image size-large\"><img loading=\"lazy\" decoding=\"async\" width=\"1024\" height=\"768\" data-id=\"2738\" src=\"https:\/\/roadbikerentaljapan.com\/wp-content\/uploads\/2025\/07\/Shiga-Cycle-Route-sign-1024x768.jpg\" alt=\"Panneau de signalisation de l&#039;itin\u00e9raire cyclable national du Japon \u00e0 Biwaichi\" class=\"wp-image-2738\" srcset=\"https:\/\/roadbikerentaljapan.com\/wp-content\/uploads\/2025\/07\/Shiga-Cycle-Route-sign-1024x768.jpg 1024w, https:\/\/roadbikerentaljapan.com\/wp-content\/uploads\/2025\/07\/Shiga-Cycle-Route-sign-300x225.jpg 300w, https:\/\/roadbikerentaljapan.com\/wp-content\/uploads\/2025\/07\/Shiga-Cycle-Route-sign-768x576.jpg 768w, https:\/\/roadbikerentaljapan.com\/wp-content\/uploads\/2025\/07\/Shiga-Cycle-Route-sign-1536x1152.jpg 1536w, https:\/\/roadbikerentaljapan.com\/wp-content\/uploads\/2025\/07\/Shiga-Cycle-Route-sign-2048x1536.jpg 2048w, https:\/\/roadbikerentaljapan.com\/wp-content\/uploads\/2025\/07\/Shiga-Cycle-Route-sign-16x12.jpg 16w, https:\/\/roadbikerentaljapan.com\/wp-content\/uploads\/2025\/07\/Shiga-Cycle-Route-sign-600x450.jpg 600w\" sizes=\"auto, (max-width: 1024px) 100vw, 1024px\" \/><\/figure>\n<\/figure>\n\n\n\n<p><\/p>\n\n\n\n<p>Explorez davantage le charme de Shiga en quittant la ligne bleue Biwaichi et en vous enfon\u00e7ant dans les collines au-dessus de Sakamoto et dans les terres agricoles sur le Melon Kaido.<\/p>\n\n\n\n<p>En parcourant la partie sud du lac Biwa, vous d\u00e9couvrirez un \u00e9tonnant jeu d'eau et de montagnes, qui capture l'essence m\u00eame de la beaut\u00e9 naturelle du Japon. Commen\u00e7ant et se terminant \u00e0 RBRJ (lac Biwa), cette boucle de 55 km m\u00e9lange des sections de la piste cyclable officielle de Biwaichi avec des d\u00e9tours dans les terres agricoles tranquilles et les collines ondulantes de Shiga. Il s'agit d'une randonn\u00e9e enrichissante d'une demi-journ\u00e9e qui convient mieux aux cyclistes exp\u00e9riment\u00e9s d\u00e9sireux de sortir des sentiers battus.<\/p>\n\n\n\n<p>Encore en construction - Veuillez nous contacter pour r\u00e9server votre place. <\/p>\n\n\n\n<p>Description compl\u00e8te de l'itin\u00e9raire <a href=\"https:\/\/roadbikerentaljapan.com\/fr\/route-cyclable-de-shiga-boucle-sud-du-lac-biwa\/\">ici<\/a>.<\/p>","protected":false},"excerpt":{"rendered":"<p>Shiga Cycling Tour &#8211; Southern Biwa Loop Explore more of Shiga\u2019s charm by getting off the Biwaichi blue line and [&hellip;]<\/p>\n","protected":false},"author":1,"featured_media":0,"parent":2643,"menu_order":3,"comment_status":"closed","ping_status":"closed","template":"","meta":{"content-type":"","_uag_custom_page_level_css":"","site-sidebar-layout":"default","site-content-layout":"","ast-site-content-layout":"default","site-content-style":"default","site-sidebar-style":"default","ast-global-header-display":"","ast-banner-title-visibility":"","ast-main-header-display":"","ast-hfb-above-header-display":"","ast-hfb-below-header-display":"","ast-hfb-mobile-header-display":"","site-post-title":"disabled","ast-breadcrumbs-content":"","ast-featured-img":"","footer-sml-layout":"","ast-disable-related-posts":"","theme-transparent-header-meta":"","adv-header-id-meta":"","stick-header-meta":"","header-above-stick-meta":"","header-main-stick-meta":"","header-below-stick-meta":"","astra-migrate-meta-layouts":"default","ast-page-background-enabled":"default","ast-page-background-meta":{"desktop":{"background-color":"var(--ast-global-color-4)","background-image":"","background-repeat":"repeat","background-position":"center center","background-size":"auto","background-attachment":"scroll","background-type":"","background-media":"","overlay-type":"","overlay-color":"","overlay-opacity":"","overlay-gradient":""},"tablet":{"background-color":"","background-image":"","background-repeat":"repeat","background-position":"center center","background-size":"auto","background-attachment":"scroll","background-type":"","background-media":"","overlay-type":"","overlay-color":"","overlay-opacity":"","overlay-gradient":""},"mobile":{"background-color":"","background-image":"","background-repeat":"repeat","background-position":"center center","background-size":"auto","background-attachment":"scroll","background-type":"","background-media":"","overlay-type":"","overlay-color":"","overlay-opacity":"","overlay-gradient":""}},"ast-content-background-meta":{"desktop":{"background-color":"var(--ast-global-color-5)","background-image":"","background-repeat":"repeat","background-position":"center center","background-size":"auto","background-attachment":"scroll","background-type":"","background-media":"","overlay-type":"","overlay-color":"","overlay-opacity":"","overlay-gradient":""},"tablet":{"background-color":"var(--ast-global-color-5)","background-image":"","background-repeat":"repeat","background-position":"center center","background-size":"auto","background-attachment":"scroll","background-type":"","background-media":"","overlay-type":"","overlay-color":"","overlay-opacity":"","overlay-gradient":""},"mobile":{"background-color":"var(--ast-global-color-5)","background-image":"","background-repeat":"repeat","background-position":"center center","background-size":"auto","background-attachment":"scroll","background-type":"","background-media":"","overlay-type":"","overlay-color":"","overlay-opacity":"","overlay-gradient":""}},"footnotes":""},"class_list":["post-2779","page","type-page","status-publish","hentry"],"yoast_head":"<!-- This site is optimized with the Yoast SEO Premium plugin v27.2 (Yoast SEO v27.2) - https:\/\/yoast.com\/product\/yoast-seo-premium-wordpress\/ -->\n<title>Shiga Cycling Tours - Road Bike Rental Japan<\/title>\n<meta name=\"description\" content=\"Explore Shiga with an RBRJ Cycling Tour for an unforgettable adventure through scenic routes and authentic local culture.\" \/>\n<meta name=\"robots\" content=\"index, follow, max-snippet:-1, max-image-preview:large, max-video-preview:-1\" \/>\n<link rel=\"canonical\" href=\"https:\/\/roadbikerentaljapan.com\/fr\/tours\/lac-biwa-shiga-cyclotourisme\/\" \/>\n<meta property=\"og:locale\" content=\"fr_FR\" \/>\n<meta property=\"og:type\" content=\"article\" \/>\n<meta property=\"og:title\" content=\"Shiga Cycling Tours\" \/>\n<meta property=\"og:description\" content=\"Explore Shiga with an RBRJ Cycling Tour for an unforgettable adventure through scenic routes and authentic local culture.\" \/>\n<meta property=\"og:url\" content=\"https:\/\/roadbikerentaljapan.com\/fr\/tours\/lac-biwa-shiga-cyclotourisme\/\" \/>\n<meta property=\"og:site_name\" content=\"Road Bike Rental Japan\" \/>\n<meta property=\"article:publisher\" content=\"https:\/\/www.facebook.com\/roadbikerentalJPN\" \/>\n<meta property=\"article:modified_time\" content=\"2025-09-08T05:08:58+00:00\" \/>\n<meta property=\"og:image\" content=\"https:\/\/roadbikerentaljapan.com\/wp-content\/uploads\/2025\/07\/IMG_3022.jpg\" \/>\n\t<meta property=\"og:image:width\" content=\"2202\" \/>\n\t<meta property=\"og:image:height\" content=\"2202\" \/>\n\t<meta property=\"og:image:type\" content=\"image\/jpeg\" \/>\n<meta name=\"twitter:card\" content=\"summary_large_image\" \/>\n<meta name=\"twitter:site\" content=\"@cyclinginjpn\" \/>\n<meta name=\"twitter:label1\" content=\"Dur\u00e9e de lecture estim\u00e9e\" \/>\n\t<meta name=\"twitter:data1\" content=\"2 minutes\" \/>\n<script type=\"application\/ld+json\" class=\"yoast-schema-graph\">{\"@context\":\"https:\/\/schema.org\",\"@graph\":[{\"@type\":\"WebPage\",\"@id\":\"https:\/\/roadbikerentaljapan.com\/tours\/lake-biwa-shiga-cycle-tours\/\",\"url\":\"https:\/\/roadbikerentaljapan.com\/tours\/lake-biwa-shiga-cycle-tours\/\",\"name\":\"Shiga Cycling Tours - Road Bike Rental Japan\",\"isPartOf\":{\"@id\":\"https:\/\/roadbikerentaljapan.com\/#website\"},\"primaryImageOfPage\":{\"@id\":\"https:\/\/roadbikerentaljapan.com\/tours\/lake-biwa-shiga-cycle-tours\/#primaryimage\"},\"image\":{\"@id\":\"https:\/\/roadbikerentaljapan.com\/tours\/lake-biwa-shiga-cycle-tours\/#primaryimage\"},\"thumbnailUrl\":\"https:\/\/roadbikerentaljapan.com\/wp-content\/uploads\/2025\/07\/IMG_3022-1024x1024.jpg\",\"datePublished\":\"2025-07-30T07:54:45+00:00\",\"dateModified\":\"2025-09-08T05:08:58+00:00\",\"description\":\"Explore Shiga with an RBRJ Cycling Tour for an unforgettable adventure through scenic routes and authentic local culture.\",\"breadcrumb\":{\"@id\":\"https:\/\/roadbikerentaljapan.com\/tours\/lake-biwa-shiga-cycle-tours\/#breadcrumb\"},\"inLanguage\":\"fr-FR\",\"potentialAction\":[{\"@type\":\"ReadAction\",\"target\":[\"https:\/\/roadbikerentaljapan.com\/tours\/lake-biwa-shiga-cycle-tours\/\"]}]},{\"@type\":\"ImageObject\",\"inLanguage\":\"fr-FR\",\"@id\":\"https:\/\/roadbikerentaljapan.com\/tours\/lake-biwa-shiga-cycle-tours\/#primaryimage\",\"url\":\"https:\/\/roadbikerentaljapan.com\/wp-content\/uploads\/2025\/07\/IMG_3022-1024x1024.jpg\",\"contentUrl\":\"https:\/\/roadbikerentaljapan.com\/wp-content\/uploads\/2025\/07\/IMG_3022-1024x1024.jpg\"},{\"@type\":\"BreadcrumbList\",\"@id\":\"https:\/\/roadbikerentaljapan.com\/tours\/lake-biwa-shiga-cycle-tours\/#breadcrumb\",\"itemListElement\":[{\"@type\":\"ListItem\",\"position\":1,\"name\":\"Home\",\"item\":\"https:\/\/roadbikerentaljapan.com\/\"},{\"@type\":\"ListItem\",\"position\":2,\"name\":\"Tours\",\"item\":\"https:\/\/roadbikerentaljapan.com\/tours\/\"},{\"@type\":\"ListItem\",\"position\":3,\"name\":\"Shiga Cycling Tours\"}]},{\"@type\":\"WebSite\",\"@id\":\"https:\/\/roadbikerentaljapan.com\/#website\",\"url\":\"https:\/\/roadbikerentaljapan.com\/\",\"name\":\"Road Bike Rental Japan\",\"description\":\"Cycling in Japan\",\"publisher\":{\"@id\":\"https:\/\/roadbikerentaljapan.com\/#organization\"},\"alternateName\":\"RBRJ\",\"potentialAction\":[{\"@type\":\"SearchAction\",\"target\":{\"@type\":\"EntryPoint\",\"urlTemplate\":\"https:\/\/roadbikerentaljapan.com\/?s={search_term_string}\"},\"query-input\":{\"@type\":\"PropertyValueSpecification\",\"valueRequired\":true,\"valueName\":\"search_term_string\"}}],\"inLanguage\":\"fr-FR\"},{\"@type\":\"Organization\",\"@id\":\"https:\/\/roadbikerentaljapan.com\/#organization\",\"name\":\"Road Bike Rental Japan LLC\",\"alternateName\":\"Road Bike Rental Japan LLC\",\"url\":\"https:\/\/roadbikerentaljapan.com\/\",\"logo\":{\"@type\":\"ImageObject\",\"inLanguage\":\"fr-FR\",\"@id\":\"https:\/\/roadbikerentaljapan.com\/#\/schema\/logo\/image\/\",\"url\":\"https:\/\/roadbikerentaljapan.com\/wp-content\/uploads\/2024\/08\/cropped-HiRez-Web-Banner-2024-300-x-100-px.png\",\"contentUrl\":\"https:\/\/roadbikerentaljapan.com\/wp-content\/uploads\/2024\/08\/cropped-HiRez-Web-Banner-2024-300-x-100-px.png\",\"width\":300,\"height\":100,\"caption\":\"Road Bike Rental Japan LLC\"},\"image\":{\"@id\":\"https:\/\/roadbikerentaljapan.com\/#\/schema\/logo\/image\/\"},\"sameAs\":[\"https:\/\/www.facebook.com\/roadbikerentalJPN\",\"https:\/\/x.com\/cyclinginjpn\",\"https:\/\/www.youtube.com\/@cyclinginjpn\"],\"email\":\"info@roadbikerentaljapan.com\",\"telephone\":\"+815017228801\",\"legalName\":\"\u5408\u540c\u4f1a\u793e\u30ed\u30fc\u30c9\u30d0\u30a4\u30af\u30ec\u30f3\u30bf\u30eb\u30b8\u30e3\u30d1\u30f3\",\"foundingDate\":\"2022-12-19\",\"numberOfEmployees\":{\"@type\":\"QuantitativeValue\",\"minValue\":\"1\",\"maxValue\":\"10\"}}]}<\/script>\n<!-- \/ Yoast SEO Premium plugin. -->","yoast_head_json":{"title":"Shiga Cycling Tours - Location de v\u00e9los de route au Japon","description":"Explorez Shiga avec un tour cycliste RBRJ pour une aventure inoubliable \u00e0 travers des routes pittoresques et une culture locale authentique.","robots":{"index":"index","follow":"follow","max-snippet":"max-snippet:-1","max-image-preview":"max-image-preview:large","max-video-preview":"max-video-preview:-1"},"canonical":"https:\/\/roadbikerentaljapan.com\/fr\/tours\/lac-biwa-shiga-cyclotourisme\/","og_locale":"fr_FR","og_type":"article","og_title":"Shiga Cycling Tours","og_description":"Explore Shiga with an RBRJ Cycling Tour for an unforgettable adventure through scenic routes and authentic local culture.","og_url":"https:\/\/roadbikerentaljapan.com\/fr\/tours\/lac-biwa-shiga-cyclotourisme\/","og_site_name":"Road Bike Rental Japan","article_publisher":"https:\/\/www.facebook.com\/roadbikerentalJPN","article_modified_time":"2025-09-08T05:08:58+00:00","og_image":[{"width":2202,"height":2202,"url":"https:\/\/roadbikerentaljapan.com\/wp-content\/uploads\/2025\/07\/IMG_3022.jpg","type":"image\/jpeg"}],"twitter_card":"summary_large_image","twitter_site":"@cyclinginjpn","twitter_misc":{"Dur\u00e9e de lecture estim\u00e9e":"2 minutes"},"schema":{"@context":"https:\/\/schema.org","@graph":[{"@type":"WebPage","@id":"https:\/\/roadbikerentaljapan.com\/tours\/lake-biwa-shiga-cycle-tours\/","url":"https:\/\/roadbikerentaljapan.com\/tours\/lake-biwa-shiga-cycle-tours\/","name":"Shiga Cycling Tours - Location de v\u00e9los de route au Japon","isPartOf":{"@id":"https:\/\/roadbikerentaljapan.com\/#website"},"primaryImageOfPage":{"@id":"https:\/\/roadbikerentaljapan.com\/tours\/lake-biwa-shiga-cycle-tours\/#primaryimage"},"image":{"@id":"https:\/\/roadbikerentaljapan.com\/tours\/lake-biwa-shiga-cycle-tours\/#primaryimage"},"thumbnailUrl":"https:\/\/roadbikerentaljapan.com\/wp-content\/uploads\/2025\/07\/IMG_3022-1024x1024.jpg","datePublished":"2025-07-30T07:54:45+00:00","dateModified":"2025-09-08T05:08:58+00:00","description":"Explorez Shiga avec un tour cycliste RBRJ pour une aventure inoubliable \u00e0 travers des routes pittoresques et une culture locale authentique.","breadcrumb":{"@id":"https:\/\/roadbikerentaljapan.com\/tours\/lake-biwa-shiga-cycle-tours\/#breadcrumb"},"inLanguage":"fr-FR","potentialAction":[{"@type":"ReadAction","target":["https:\/\/roadbikerentaljapan.com\/tours\/lake-biwa-shiga-cycle-tours\/"]}]},{"@type":"ImageObject","inLanguage":"fr-FR","@id":"https:\/\/roadbikerentaljapan.com\/tours\/lake-biwa-shiga-cycle-tours\/#primaryimage","url":"https:\/\/roadbikerentaljapan.com\/wp-content\/uploads\/2025\/07\/IMG_3022-1024x1024.jpg","contentUrl":"https:\/\/roadbikerentaljapan.com\/wp-content\/uploads\/2025\/07\/IMG_3022-1024x1024.jpg"},{"@type":"BreadcrumbList","@id":"https:\/\/roadbikerentaljapan.com\/tours\/lake-biwa-shiga-cycle-tours\/#breadcrumb","itemListElement":[{"@type":"ListItem","position":1,"name":"Home","item":"https:\/\/roadbikerentaljapan.com\/"},{"@type":"ListItem","position":2,"name":"Tours","item":"https:\/\/roadbikerentaljapan.com\/tours\/"},{"@type":"ListItem","position":3,"name":"Shiga Cycling Tours"}]},{"@type":"WebSite","@id":"https:\/\/roadbikerentaljapan.com\/#website","url":"https:\/\/roadbikerentaljapan.com\/","name":"Location de v\u00e9los de route Japon","description":"Cyclisme au Japon","publisher":{"@id":"https:\/\/roadbikerentaljapan.com\/#organization"},"alternateName":"RBRJ","potentialAction":[{"@type":"SearchAction","target":{"@type":"EntryPoint","urlTemplate":"https:\/\/roadbikerentaljapan.com\/?s={search_term_string}"},"query-input":{"@type":"PropertyValueSpecification","valueRequired":true,"valueName":"search_term_string"}}],"inLanguage":"fr-FR"},{"@type":"Organization","@id":"https:\/\/roadbikerentaljapan.com\/#organization","name":"Road Bike Rental Japan LLC","alternateName":"Road Bike Rental Japan LLC","url":"https:\/\/roadbikerentaljapan.com\/","logo":{"@type":"ImageObject","inLanguage":"fr-FR","@id":"https:\/\/roadbikerentaljapan.com\/#\/schema\/logo\/image\/","url":"https:\/\/roadbikerentaljapan.com\/wp-content\/uploads\/2024\/08\/cropped-HiRez-Web-Banner-2024-300-x-100-px.png","contentUrl":"https:\/\/roadbikerentaljapan.com\/wp-content\/uploads\/2024\/08\/cropped-HiRez-Web-Banner-2024-300-x-100-px.png","width":300,"height":100,"caption":"Road Bike Rental Japan LLC"},"image":{"@id":"https:\/\/roadbikerentaljapan.com\/#\/schema\/logo\/image\/"},"sameAs":["https:\/\/www.facebook.com\/roadbikerentalJPN","https:\/\/x.com\/cyclinginjpn","https:\/\/www.youtube.com\/@cyclinginjpn"],"email":"info@roadbikerentaljapan.com","telephone":"+815017228801","legalName":"\u5408\u540c\u4f1a\u793e\u30ed\u30fc\u30c9\u30d0\u30a4\u30af\u30ec\u30f3\u30bf\u30eb\u30b8\u30e3\u30d1\u30f3","foundingDate":"2022-12-19","numberOfEmployees":{"@type":"QuantitativeValue","minValue":"1","maxValue":"10"}}]}},"uagb_featured_image_src":{"full":false,"thumbnail":false,"medium":false,"medium_large":false,"large":false,"1536x1536":false,"2048x2048":false,"trp-custom-language-flag":false},"uagb_author_info":{"display_name":"rbrj2024","author_link":"https:\/\/roadbikerentaljapan.com\/fr\/author\/rbrj2024\/"},"uagb_comment_info":0,"uagb_excerpt":"Shiga Cycling Tour &#8211; Southern Biwa Loop Explore more of Shiga\u2019s charm by getting off the Biwaichi blue line and [&hellip;]","_links":{"self":[{"href":"https:\/\/roadbikerentaljapan.com\/fr\/wp-json\/wp\/v2\/pages\/2779","targetHints":{"allow":["GET"]}}],"collection":[{"href":"https:\/\/roadbikerentaljapan.com\/fr\/wp-json\/wp\/v2\/pages"}],"about":[{"href":"https:\/\/roadbikerentaljapan.com\/fr\/wp-json\/wp\/v2\/types\/page"}],"author":[{"embeddable":true,"href":"https:\/\/roadbikerentaljapan.com\/fr\/wp-json\/wp\/v2\/users\/1"}],"replies":[{"embeddable":true,"href":"https:\/\/roadbikerentaljapan.com\/fr\/wp-json\/wp\/v2\/comments?post=2779"}],"version-history":[{"count":0,"href":"https:\/\/roadbikerentaljapan.com\/fr\/wp-json\/wp\/v2\/pages\/2779\/revisions"}],"up":[{"embeddable":true,"href":"https:\/\/roadbikerentaljapan.com\/fr\/wp-json\/wp\/v2\/pages\/2643"}],"wp:attachment":[{"href":"https:\/\/roadbikerentaljapan.com\/fr\/wp-json\/wp\/v2\/media?parent=2779"}],"curies":[{"name":"wp","href":"https:\/\/api.w.org\/{rel}","templated":true}]}}