{"id":901,"date":"2024-07-04T06:17:30","date_gmt":"2024-07-04T06:17:30","guid":{"rendered":"http:\/\/road-bike-rental-japan.local\/?page_id=901"},"modified":"2026-04-24T16:50:49","modified_gmt":"2026-04-24T07:50:49","slug":"comment-fonctionne-la-livraison-2","status":"publish","type":"page","link":"https:\/\/roadbikerentaljapan.com\/fr\/other-services\/how-delivery-works-2\/","title":{"rendered":"Comment fonctionne la livraison"},"content":{"rendered":"<h2 class=\"wp-block-heading\" id=\"h-introduction-to-the-service\">Pr\u00e9sentation du service<\/h2>\n\n\n\n<p><em><mark style=\"background-color:rgba(0, 0, 0, 0);color:#abb8c3\" class=\"has-inline-color\">(Nous mettons actuellement \u00e0 jour nos politiques de livraison, et cette page : derni\u00e8re mise \u00e0 jour avril 2026)<\/mark><\/em><\/p>\n\n\n\n<p>Le service de livraison et de collecte de Road Bike Rental Japan est une option int\u00e9ressante pour les cyclistes qui souhaitent explorer des r\u00e9gions recul\u00e9es du Japon o\u00f9 aucun service de location local n'est disponible, et pour les cyclistes qui souhaitent commencer un circuit \u00e0 un endroit et le terminer \u00e0 un autre. Nous avons cr\u00e9\u00e9 cette page pour vous aider \u00e0 comprendre le processus et la logistique impliqu\u00e9s et vous aider \u00e0 d\u00e9terminer si le service de livraison\/collecte correspond \u00e0 vos besoins et \u00e0 votre budget.<\/p>\n\n\n\n<p>Tout d'abord, le RBRJ Hub est situ\u00e9 \u00e0 Osaka mais nous pouvons faire livrer des v\u00e9los dans tout le Japon en utilisant soit un v\u00e9hicule, soit un service de messagerie tiers. De nombreux facteurs influencent le choix de la m\u00e9thode, par exemple la distance, le nombre de cyclistes, le type de v\u00e9lo, la disponibilit\u00e9 de la bo\u00eete et la disponibilit\u00e9 du personnel, il n'est donc pas possible de demander quelle option nous utiliserons. Dans la mesure du possible, nous pr\u00e9f\u00e9rons livrer les v\u00e9los en personne (principalement sur Honshu et Shikoku), mais nous \u00e9valuerons la faisabilit\u00e9 de cette option en fonction des facteurs \u00e9num\u00e9r\u00e9s et du calendrier de location.<\/p>\n\n\n\n<p>Deuxi\u00e8mement, comme le RBRJ Hub est situ\u00e9 \u00e0 Osaka, les frais de livraison et de retour sont suppl\u00e9mentaires. Ces frais seront bas\u00e9s sur le co\u00fbt de la prestation pour nous, qu'il s'agisse du co\u00fbt du coursier tiers ou des frais d'essence et de p\u00e9age lorsque nous livrons personnellement. Si votre budget est limit\u00e9, vous pourriez envisager de r\u00e9cup\u00e9rer et de retourner directement pour r\u00e9duire les frais de livraison. Nous avons des sacs Tioga Cocoon de notre <a href=\"https:\/\/roadbikerentaljapan.com\/fr\/shop\/\" type=\"link\" id=\"https:\/\/roadbikerentaljapan.com\/shop\/\">boutique<\/a> et consultez notre blog sur \u2018<a href=\"https:\/\/roadbikerentaljapan.com\/fr\/how-to-take-a-bike-on-a-train-in-japan\/\">Prendre le v\u00e9lo dans le train<\/a>\u2018.<\/p>\n\n\n\n<h2 class=\"wp-block-heading\" id=\"h-minimum-rental-period\">P\u00e9riode minimale de location<\/h2>\n\n\n\n<p>En r\u00e8gle g\u00e9n\u00e9rale, la dur\u00e9e minimale de location pour l'utilisation du service de livraison est de 4 jours. Toutefois, nous pouvons envisager des p\u00e9riodes de 3 jours pour des groupes de 4 cyclistes ou plus, et des p\u00e9riodes de location de 2 jours pour des groupes de 6 cyclistes ou plus dans un rayon de 200 km autour d'Osaka.<a><\/a><\/p>\n\n\n\n<h3 class=\"wp-block-heading\" id=\"h-bike-box\">Bo\u00eete \u00e0 v\u00e9lo<\/h3>\n\n\n\n<p>Voir l'image de la bo\u00eete \u00e0 v\u00e9los typique que nous utilisons chez RBRJ.<a><\/a><\/p>\n\n\n\n<figure class=\"wp-block-image aligncenter size-full\"><img loading=\"lazy\" decoding=\"async\" width=\"540\" height=\"463\" src=\"https:\/\/roadbikerentaljapan.com\/wp-content\/uploads\/2024\/05\/Delivery_box_540x463_d417b579-5878-487f-aed7-6e713aeec2a5.jpg\" alt=\"RBRJ exp\u00e9die un v\u00e9lo emball\u00e9 dans une bo\u00eete r\u00e9utilisable. Nous offrons \u00e9galement la possibilit\u00e9 d&#039;utiliser des bo\u00eetes jetables.\" class=\"wp-image-713\" srcset=\"https:\/\/roadbikerentaljapan.com\/wp-content\/uploads\/2024\/05\/Delivery_box_540x463_d417b579-5878-487f-aed7-6e713aeec2a5.jpg 540w, https:\/\/roadbikerentaljapan.com\/wp-content\/uploads\/2024\/05\/Delivery_box_540x463_d417b579-5878-487f-aed7-6e713aeec2a5-300x257.jpg 300w\" sizes=\"auto, (max-width: 540px) 100vw, 540px\" \/><\/figure>\n\n\n\n<h2 class=\"wp-block-heading\" id=\"h-delivery-scenarios\">Sc\u00e9narios de livraison<\/h2>\n\n\n\n<p>MISE \u00c0 JOUR Avril 2026 : Nous acceptons actuellement les demandes de livraisons \u00e0 sens unique uniquement. Nous vous remercions de votre compr\u00e9hension et n'h\u00e9sitez pas \u00e0 nous contacter directement pour toute question.<\/p>\n\n\n\n<h3 class=\"wp-block-heading\" id=\"h-one-way\">Unidirectionnel<\/h3>\n\n\n\n<p>Un sc\u00e9nario 'aller simple' est lorsque le service de livraison\/collecte est utilis\u00e9 pour une \u00e9tape du processus et que le v\u00e9lo est r\u00e9cup\u00e9r\u00e9 ou retourn\u00e9 directement \u00e0 un magasin RBRJ (Osaka).<\/p>\n\n\n\n<h2 class=\"wp-block-heading\" id=\"h-cost\">Co\u00fbt<\/h2>\n\n\n\n<p>Les frais pour un trajet simple sont :<\/p>\n\n\n\n<figure class=\"wp-block-image aligncenter size-full\"><img loading=\"lazy\" decoding=\"async\" width=\"915\" height=\"320\" src=\"https:\/\/roadbikerentaljapan.com\/wp-content\/uploads\/2024\/05\/Delivery_costs.png\" alt=\"Ce tableau indique les frais d&#039;exp\u00e9dition sur la base des co\u00fbts des transporteurs tiers.\" class=\"wp-image-151\" srcset=\"https:\/\/roadbikerentaljapan.com\/wp-content\/uploads\/2024\/05\/Delivery_costs.png 915w, https:\/\/roadbikerentaljapan.com\/wp-content\/uploads\/2024\/05\/Delivery_costs-600x210.png 600w, https:\/\/roadbikerentaljapan.com\/wp-content\/uploads\/2024\/05\/Delivery_costs-300x105.png 300w, https:\/\/roadbikerentaljapan.com\/wp-content\/uploads\/2024\/05\/Delivery_costs-768x269.png 768w\" sizes=\"auto, (max-width: 915px) 100vw, 915px\" \/><\/figure>\n\n\n\n<h2 class=\"wp-block-heading\" id=\"h-accommodation-consideration\">Consid\u00e9rations relatives \u00e0 l'h\u00e9bergement<\/h2>\n\n\n\n<p>R\u00e9fl\u00e9chissez bien \u00e0 votre h\u00e9bergement. Le niveau d'assistance peut varier d'un h\u00f4tel \u00e0 l'autre. En g\u00e9n\u00e9ral, nous trouvons que les grands h\u00f4tels avec concierge sont plus r\u00e9ceptifs \u00e0 la r\u00e9ception et au stockage des v\u00e9los et de nos bo\u00eetes \u00e0 v\u00e9los surdimensionn\u00e9es (L1150mm x P300mm x H840mm).<\/p>\n\n\n\n<p>Avant de r\u00e9server votre h\u00f4tel, nous vous recommandons de confirmer qu'il est pr\u00eat \u00e0 recevoir les grands cartons de v\u00e9los et \u00e0 aider \u00e0 contacter le coursier lorsque les cartons et les v\u00e9los sont renvoy\u00e9s.<\/p>\n\n\n\n<p>Veuillez utiliser le mod\u00e8le suivant pour contacter votre logement.<\/p>\n\n\n\n<p><a href=\"https:\/\/cdn.shopify.com\/s\/files\/1\/0027\/0909\/4464\/files\/Email_template_for_hotel_1.pdf?v=1648691894\">Mod\u00e8le de courrier \u00e9lectronique &gt;<\/a><\/p>\n\n\n\n<h2 class=\"wp-block-heading\" id=\"h-things-to-note\">\u00c0 noter<\/h2>\n\n\n\n<ul class=\"wp-block-list\">\n<li>G\u00e9n\u00e9ralement, <strong>option de livraison disponible pour une p\u00e9riode de location minimale de 4 jours<\/strong><\/li>\n\n\n\n<li>La r\u00e9servation et le paiement doivent \u00eatre effectu\u00e9s 7 jours avant la date de d\u00e9but.<\/li>\n\n\n\n<li>Livraison \u00e0 l'h\u00f4tel de pr\u00e9f\u00e9rence. En cas d'utilisation d'AirBnB, l'h\u00f4te ou le locataire doit \u00eatre disponible pour recevoir ou remettre le colis \u00e0 un coursier.<\/li>\n\n\n\n<li><strong>Nous demandons \u00e0 tous les cyclistes de contacter d'abord leur h\u00f4tel et de v\u00e9rifier qu'ils sont d'accord pour recevoir et conserver la bo\u00eete jusqu'\u00e0 l'enregistrement.<\/strong><\/li>\n\n\n\n<li>Les roues, les p\u00e9dales et, dans certains cas, le guidon et le d\u00e9railleur arri\u00e8re seront retir\u00e9s pour emballer le v\u00e9lo en vue de sa livraison.<\/li>\n\n\n\n<li>Pour plus d'informations sur le processus de livraison, veuillez lire nos instructions de livraison ci-dessous.<\/li>\n<\/ul>\n\n\n\n<h3 class=\"wp-block-heading\" id=\"h-download\">T\u00e9l\u00e9charger<\/h3>\n\n\n\n<p><a href=\"https:\/\/cdn.shopify.com\/s\/files\/1\/0027\/0909\/4464\/files\/Set_up_instructions_new.pdf?2090\">Instructions d'installation PDF &gt;<\/a><\/p>\n\n\n\n<h3 class=\"wp-block-heading\" id=\"h-video-support\">Soutien vid\u00e9o<\/h3>\n\n\n\n<p><a href=\"https:\/\/youtu.be\/raCPYPYBvEE?si=wDdgixG0l7M-Ou9J\">D\u00e9baller et assembler un v\u00e9lo de randonn\u00e9e<\/a><\/p>\n\n\n\n<p><a href=\"https:\/\/youtu.be\/p7HAjAv_f68?si=eg5Yqc7Rho8nAVd0\">Retourner\/emballer un v\u00e9lo de tourisme<\/a><\/p>\n\n\n\n<h3 class=\"wp-block-heading\" id=\"h-need-a-quote\">Besoin d'un devis ?<\/h3>\n\n\n\n<p><a href=\"https:\/\/forms.gle\/J6AixqF2EFYjkPwBA\">Demander un devis pour la livraison ou la collecte de v\u00e9los &gt;<\/a><\/p>","protected":false},"excerpt":{"rendered":"<p>Introduction to the Service (We are currently updating our Delivery policies, and this page: latest update April 2026) The Road [&hellip;]<\/p>\n","protected":false},"author":1,"featured_media":0,"parent":1186,"menu_order":1,"comment_status":"closed","ping_status":"closed","template":"","meta":{"content-type":"","_uag_custom_page_level_css":"","site-sidebar-layout":"default","site-content-layout":"","ast-site-content-layout":"default","site-content-style":"default","site-sidebar-style":"default","ast-global-header-display":"","ast-banner-title-visibility":"","ast-main-header-display":"","ast-hfb-above-header-display":"","ast-hfb-below-header-display":"","ast-hfb-mobile-header-display":"","site-post-title":"","ast-breadcrumbs-content":"","ast-featured-img":"","footer-sml-layout":"","ast-disable-related-posts":"","theme-transparent-header-meta":"","adv-header-id-meta":"","stick-header-meta":"","header-above-stick-meta":"","header-main-stick-meta":"","header-below-stick-meta":"","astra-migrate-meta-layouts":"default","ast-page-background-enabled":"default","ast-page-background-meta":{"desktop":{"background-color":"var(--ast-global-color-4)","background-image":"","background-repeat":"repeat","background-position":"center center","background-size":"auto","background-attachment":"scroll","background-type":"","background-media":"","overlay-type":"","overlay-color":"","overlay-opacity":"","overlay-gradient":""},"tablet":{"background-color":"","background-image":"","background-repeat":"repeat","background-position":"center center","background-size":"auto","background-attachment":"scroll","background-type":"","background-media":"","overlay-type":"","overlay-color":"","overlay-opacity":"","overlay-gradient":""},"mobile":{"background-color":"","background-image":"","background-repeat":"repeat","background-position":"center center","background-size":"auto","background-attachment":"scroll","background-type":"","background-media":"","overlay-type":"","overlay-color":"","overlay-opacity":"","overlay-gradient":""}},"ast-content-background-meta":{"desktop":{"background-color":"var(--ast-global-color-5)","background-image":"","background-repeat":"repeat","background-position":"center center","background-size":"auto","background-attachment":"scroll","background-type":"","background-media":"","overlay-type":"","overlay-color":"","overlay-opacity":"","overlay-gradient":""},"tablet":{"background-color":"var(--ast-global-color-5)","background-image":"","background-repeat":"repeat","background-position":"center center","background-size":"auto","background-attachment":"scroll","background-type":"","background-media":"","overlay-type":"","overlay-color":"","overlay-opacity":"","overlay-gradient":""},"mobile":{"background-color":"var(--ast-global-color-5)","background-image":"","background-repeat":"repeat","background-position":"center center","background-size":"auto","background-attachment":"scroll","background-type":"","background-media":"","overlay-type":"","overlay-color":"","overlay-opacity":"","overlay-gradient":""}},"footnotes":""},"class_list":["post-901","page","type-page","status-publish","hentry"],"yoast_head":"<!-- This site is optimized with the Yoast SEO Premium plugin v27.5 (Yoast SEO v27.5) - https:\/\/yoast.com\/product\/yoast-seo-premium-wordpress\/ -->\n<title>How Delivery Works - Road Bike Rental Japan<\/title>\n<meta name=\"description\" content=\"Road bike rental Japan offers delivery services around Japan if you would prefer to start\/end your cycle adventure outside of our shop areas.\" \/>\n<meta name=\"robots\" content=\"index, follow, max-snippet:-1, max-image-preview:large, max-video-preview:-1\" \/>\n<link rel=\"canonical\" href=\"https:\/\/roadbikerentaljapan.com\/fr\/other-services\/comment-fonctionne-la-livraison-2\/\" \/>\n<meta property=\"og:locale\" content=\"fr_FR\" \/>\n<meta property=\"og:type\" content=\"article\" \/>\n<meta property=\"og:title\" content=\"How Delivery Works\" \/>\n<meta property=\"og:description\" content=\"Road bike rental Japan offers delivery services around Japan if you would prefer to start\/end your cycle adventure outside of our shop areas.\" \/>\n<meta property=\"og:url\" content=\"https:\/\/roadbikerentaljapan.com\/fr\/other-services\/comment-fonctionne-la-livraison-2\/\" \/>\n<meta property=\"og:site_name\" content=\"Road Bike Rental Japan\" \/>\n<meta property=\"article:publisher\" content=\"https:\/\/www.facebook.com\/roadbikerentalJPN\" \/>\n<meta property=\"article:modified_time\" content=\"2026-04-24T07:50:49+00:00\" \/>\n<meta property=\"og:image\" content=\"https:\/\/roadbikerentaljapan.com\/wp-content\/uploads\/2024\/05\/Delivery_box_540x463_d417b579-5878-487f-aed7-6e713aeec2a5.jpg\" \/>\n\t<meta property=\"og:image:width\" content=\"540\" \/>\n\t<meta property=\"og:image:height\" content=\"463\" \/>\n\t<meta property=\"og:image:type\" content=\"image\/jpeg\" \/>\n<meta name=\"twitter:card\" content=\"summary_large_image\" \/>\n<meta name=\"twitter:site\" content=\"@cyclinginjpn\" \/>\n<meta name=\"twitter:label1\" content=\"Dur\u00e9e de lecture estim\u00e9e\" \/>\n\t<meta name=\"twitter:data1\" content=\"4 minutes\" \/>\n<script type=\"application\/ld+json\" class=\"yoast-schema-graph\">{\"@context\":\"https:\\\/\\\/schema.org\",\"@graph\":[{\"@type\":\"WebPage\",\"@id\":\"https:\\\/\\\/roadbikerentaljapan.com\\\/other-services\\\/how-delivery-works-2\\\/\",\"url\":\"https:\\\/\\\/roadbikerentaljapan.com\\\/other-services\\\/how-delivery-works-2\\\/\",\"name\":\"How Delivery Works - Road Bike Rental Japan\",\"isPartOf\":{\"@id\":\"https:\\\/\\\/roadbikerentaljapan.com\\\/#website\"},\"primaryImageOfPage\":{\"@id\":\"https:\\\/\\\/roadbikerentaljapan.com\\\/other-services\\\/how-delivery-works-2\\\/#primaryimage\"},\"image\":{\"@id\":\"https:\\\/\\\/roadbikerentaljapan.com\\\/other-services\\\/how-delivery-works-2\\\/#primaryimage\"},\"thumbnailUrl\":\"https:\\\/\\\/roadbikerentaljapan.com\\\/wp-content\\\/uploads\\\/2024\\\/05\\\/Delivery_box_540x463_d417b579-5878-487f-aed7-6e713aeec2a5.jpg\",\"datePublished\":\"2024-07-04T06:17:30+00:00\",\"dateModified\":\"2026-04-24T07:50:49+00:00\",\"description\":\"Road bike rental Japan offers delivery services around Japan if you would prefer to start\\\/end your cycle adventure outside of our shop areas.\",\"breadcrumb\":{\"@id\":\"https:\\\/\\\/roadbikerentaljapan.com\\\/other-services\\\/how-delivery-works-2\\\/#breadcrumb\"},\"inLanguage\":\"fr-FR\",\"potentialAction\":[{\"@type\":\"ReadAction\",\"target\":[\"https:\\\/\\\/roadbikerentaljapan.com\\\/other-services\\\/how-delivery-works-2\\\/\"]}]},{\"@type\":\"ImageObject\",\"inLanguage\":\"fr-FR\",\"@id\":\"https:\\\/\\\/roadbikerentaljapan.com\\\/other-services\\\/how-delivery-works-2\\\/#primaryimage\",\"url\":\"https:\\\/\\\/roadbikerentaljapan.com\\\/wp-content\\\/uploads\\\/2024\\\/05\\\/Delivery_box_540x463_d417b579-5878-487f-aed7-6e713aeec2a5.jpg\",\"contentUrl\":\"https:\\\/\\\/roadbikerentaljapan.com\\\/wp-content\\\/uploads\\\/2024\\\/05\\\/Delivery_box_540x463_d417b579-5878-487f-aed7-6e713aeec2a5.jpg\"},{\"@type\":\"BreadcrumbList\",\"@id\":\"https:\\\/\\\/roadbikerentaljapan.com\\\/other-services\\\/how-delivery-works-2\\\/#breadcrumb\",\"itemListElement\":[{\"@type\":\"ListItem\",\"position\":1,\"name\":\"Home\",\"item\":\"https:\\\/\\\/roadbikerentaljapan.com\\\/\"},{\"@type\":\"ListItem\",\"position\":2,\"name\":\"Other Services\",\"item\":\"https:\\\/\\\/roadbikerentaljapan.com\\\/other-services\\\/\"},{\"@type\":\"ListItem\",\"position\":3,\"name\":\"How Delivery Works\"}]},{\"@type\":\"WebSite\",\"@id\":\"https:\\\/\\\/roadbikerentaljapan.com\\\/#website\",\"url\":\"https:\\\/\\\/roadbikerentaljapan.com\\\/\",\"name\":\"Road Bike Rental Japan\",\"description\":\"Cycling in Japan\",\"publisher\":{\"@id\":\"https:\\\/\\\/roadbikerentaljapan.com\\\/#organization\"},\"alternateName\":\"RBRJ\",\"potentialAction\":[{\"@type\":\"SearchAction\",\"target\":{\"@type\":\"EntryPoint\",\"urlTemplate\":\"https:\\\/\\\/roadbikerentaljapan.com\\\/?s={search_term_string}\"},\"query-input\":{\"@type\":\"PropertyValueSpecification\",\"valueRequired\":true,\"valueName\":\"search_term_string\"}}],\"inLanguage\":\"fr-FR\"},{\"@type\":\"Organization\",\"@id\":\"https:\\\/\\\/roadbikerentaljapan.com\\\/#organization\",\"name\":\"Road Bike Rental Japan LLC\",\"alternateName\":\"Road Bike Rental Japan LLC\",\"url\":\"https:\\\/\\\/roadbikerentaljapan.com\\\/\",\"logo\":{\"@type\":\"ImageObject\",\"inLanguage\":\"fr-FR\",\"@id\":\"https:\\\/\\\/roadbikerentaljapan.com\\\/#\\\/schema\\\/logo\\\/image\\\/\",\"url\":\"https:\\\/\\\/roadbikerentaljapan.com\\\/wp-content\\\/uploads\\\/2024\\\/08\\\/cropped-HiRez-Web-Banner-2024-300-x-100-px.png\",\"contentUrl\":\"https:\\\/\\\/roadbikerentaljapan.com\\\/wp-content\\\/uploads\\\/2024\\\/08\\\/cropped-HiRez-Web-Banner-2024-300-x-100-px.png\",\"width\":300,\"height\":100,\"caption\":\"Road Bike Rental Japan LLC\"},\"image\":{\"@id\":\"https:\\\/\\\/roadbikerentaljapan.com\\\/#\\\/schema\\\/logo\\\/image\\\/\"},\"sameAs\":[\"https:\\\/\\\/www.facebook.com\\\/roadbikerentalJPN\",\"https:\\\/\\\/x.com\\\/cyclinginjpn\",\"https:\\\/\\\/www.youtube.com\\\/@cyclinginjpn\"],\"email\":\"info@roadbikerentaljapan.com\",\"telephone\":\"+815017228801\",\"legalName\":\"\u5408\u540c\u4f1a\u793e\u30ed\u30fc\u30c9\u30d0\u30a4\u30af\u30ec\u30f3\u30bf\u30eb\u30b8\u30e3\u30d1\u30f3\",\"foundingDate\":\"2022-12-19\",\"numberOfEmployees\":{\"@type\":\"QuantitativeValue\",\"minValue\":\"1\",\"maxValue\":\"10\"}}]}<\/script>\n<!-- \/ Yoast SEO Premium plugin. -->","yoast_head_json":{"title":"Comment fonctionne la livraison - Road Bike Rental Japan","description":"Road bike rental Japan propose des services de livraison dans tout le Japon si vous pr\u00e9f\u00e9rez commencer\/terminer votre aventure \u00e0 v\u00e9lo en dehors de la zone de nos magasins.","robots":{"index":"index","follow":"follow","max-snippet":"max-snippet:-1","max-image-preview":"max-image-preview:large","max-video-preview":"max-video-preview:-1"},"canonical":"https:\/\/roadbikerentaljapan.com\/fr\/other-services\/comment-fonctionne-la-livraison-2\/","og_locale":"fr_FR","og_type":"article","og_title":"How Delivery Works","og_description":"Road bike rental Japan offers delivery services around Japan if you would prefer to start\/end your cycle adventure outside of our shop areas.","og_url":"https:\/\/roadbikerentaljapan.com\/fr\/other-services\/comment-fonctionne-la-livraison-2\/","og_site_name":"Road Bike Rental Japan","article_publisher":"https:\/\/www.facebook.com\/roadbikerentalJPN","article_modified_time":"2026-04-24T07:50:49+00:00","og_image":[{"width":540,"height":463,"url":"https:\/\/roadbikerentaljapan.com\/wp-content\/uploads\/2024\/05\/Delivery_box_540x463_d417b579-5878-487f-aed7-6e713aeec2a5.jpg","type":"image\/jpeg"}],"twitter_card":"summary_large_image","twitter_site":"@cyclinginjpn","twitter_misc":{"Dur\u00e9e de lecture estim\u00e9e":"4 minutes"},"schema":{"@context":"https:\/\/schema.org","@graph":[{"@type":"WebPage","@id":"https:\/\/roadbikerentaljapan.com\/other-services\/how-delivery-works-2\/","url":"https:\/\/roadbikerentaljapan.com\/other-services\/how-delivery-works-2\/","name":"Comment fonctionne la livraison - Road Bike Rental Japan","isPartOf":{"@id":"https:\/\/roadbikerentaljapan.com\/#website"},"primaryImageOfPage":{"@id":"https:\/\/roadbikerentaljapan.com\/other-services\/how-delivery-works-2\/#primaryimage"},"image":{"@id":"https:\/\/roadbikerentaljapan.com\/other-services\/how-delivery-works-2\/#primaryimage"},"thumbnailUrl":"https:\/\/roadbikerentaljapan.com\/wp-content\/uploads\/2024\/05\/Delivery_box_540x463_d417b579-5878-487f-aed7-6e713aeec2a5.jpg","datePublished":"2024-07-04T06:17:30+00:00","dateModified":"2026-04-24T07:50:49+00:00","description":"Road bike rental Japan propose des services de livraison dans tout le Japon si vous pr\u00e9f\u00e9rez commencer\/terminer votre aventure \u00e0 v\u00e9lo en dehors de la zone de nos magasins.","breadcrumb":{"@id":"https:\/\/roadbikerentaljapan.com\/other-services\/how-delivery-works-2\/#breadcrumb"},"inLanguage":"fr-FR","potentialAction":[{"@type":"ReadAction","target":["https:\/\/roadbikerentaljapan.com\/other-services\/how-delivery-works-2\/"]}]},{"@type":"ImageObject","inLanguage":"fr-FR","@id":"https:\/\/roadbikerentaljapan.com\/other-services\/how-delivery-works-2\/#primaryimage","url":"https:\/\/roadbikerentaljapan.com\/wp-content\/uploads\/2024\/05\/Delivery_box_540x463_d417b579-5878-487f-aed7-6e713aeec2a5.jpg","contentUrl":"https:\/\/roadbikerentaljapan.com\/wp-content\/uploads\/2024\/05\/Delivery_box_540x463_d417b579-5878-487f-aed7-6e713aeec2a5.jpg"},{"@type":"BreadcrumbList","@id":"https:\/\/roadbikerentaljapan.com\/other-services\/how-delivery-works-2\/#breadcrumb","itemListElement":[{"@type":"ListItem","position":1,"name":"Home","item":"https:\/\/roadbikerentaljapan.com\/"},{"@type":"ListItem","position":2,"name":"Other Services","item":"https:\/\/roadbikerentaljapan.com\/other-services\/"},{"@type":"ListItem","position":3,"name":"How Delivery Works"}]},{"@type":"WebSite","@id":"https:\/\/roadbikerentaljapan.com\/#website","url":"https:\/\/roadbikerentaljapan.com\/","name":"Location de v\u00e9los de route Japon","description":"Cyclisme au Japon","publisher":{"@id":"https:\/\/roadbikerentaljapan.com\/#organization"},"alternateName":"RBRJ","potentialAction":[{"@type":"SearchAction","target":{"@type":"EntryPoint","urlTemplate":"https:\/\/roadbikerentaljapan.com\/?s={search_term_string}"},"query-input":{"@type":"PropertyValueSpecification","valueRequired":true,"valueName":"search_term_string"}}],"inLanguage":"fr-FR"},{"@type":"Organization","@id":"https:\/\/roadbikerentaljapan.com\/#organization","name":"Road Bike Rental Japan LLC","alternateName":"Road Bike Rental Japan LLC","url":"https:\/\/roadbikerentaljapan.com\/","logo":{"@type":"ImageObject","inLanguage":"fr-FR","@id":"https:\/\/roadbikerentaljapan.com\/#\/schema\/logo\/image\/","url":"https:\/\/roadbikerentaljapan.com\/wp-content\/uploads\/2024\/08\/cropped-HiRez-Web-Banner-2024-300-x-100-px.png","contentUrl":"https:\/\/roadbikerentaljapan.com\/wp-content\/uploads\/2024\/08\/cropped-HiRez-Web-Banner-2024-300-x-100-px.png","width":300,"height":100,"caption":"Road Bike Rental Japan LLC"},"image":{"@id":"https:\/\/roadbikerentaljapan.com\/#\/schema\/logo\/image\/"},"sameAs":["https:\/\/www.facebook.com\/roadbikerentalJPN","https:\/\/x.com\/cyclinginjpn","https:\/\/www.youtube.com\/@cyclinginjpn"],"email":"info@roadbikerentaljapan.com","telephone":"+815017228801","legalName":"\u5408\u540c\u4f1a\u793e\u30ed\u30fc\u30c9\u30d0\u30a4\u30af\u30ec\u30f3\u30bf\u30eb\u30b8\u30e3\u30d1\u30f3","foundingDate":"2022-12-19","numberOfEmployees":{"@type":"QuantitativeValue","minValue":"1","maxValue":"10"}}]}},"uagb_featured_image_src":{"full":false,"thumbnail":false,"medium":false,"medium_large":false,"large":false,"1536x1536":false,"2048x2048":false,"trp-custom-language-flag":false},"uagb_author_info":{"display_name":"rbrj2024","author_link":"https:\/\/roadbikerentaljapan.com\/fr\/author\/rbrj2024\/"},"uagb_comment_info":0,"uagb_excerpt":"Introduction to the Service (We are currently updating our Delivery policies, and this page: latest update April 2026) The Road [&hellip;]","_links":{"self":[{"href":"https:\/\/roadbikerentaljapan.com\/fr\/wp-json\/wp\/v2\/pages\/901","targetHints":{"allow":["GET"]}}],"collection":[{"href":"https:\/\/roadbikerentaljapan.com\/fr\/wp-json\/wp\/v2\/pages"}],"about":[{"href":"https:\/\/roadbikerentaljapan.com\/fr\/wp-json\/wp\/v2\/types\/page"}],"author":[{"embeddable":true,"href":"https:\/\/roadbikerentaljapan.com\/fr\/wp-json\/wp\/v2\/users\/1"}],"replies":[{"embeddable":true,"href":"https:\/\/roadbikerentaljapan.com\/fr\/wp-json\/wp\/v2\/comments?post=901"}],"version-history":[{"count":0,"href":"https:\/\/roadbikerentaljapan.com\/fr\/wp-json\/wp\/v2\/pages\/901\/revisions"}],"up":[{"embeddable":true,"href":"https:\/\/roadbikerentaljapan.com\/fr\/wp-json\/wp\/v2\/pages\/1186"}],"wp:attachment":[{"href":"https:\/\/roadbikerentaljapan.com\/fr\/wp-json\/wp\/v2\/media?parent=901"}],"curies":[{"name":"wp","href":"https:\/\/api.w.org\/{rel}","templated":true}]}}